{"id":18854,"date":"2026-01-29T09:34:03","date_gmt":"2026-01-29T02:34:03","guid":{"rendered":"https:\/\/taylormade-golf.vn\/?post_type=product&#038;p=18854"},"modified":"2026-01-29T09:34:04","modified_gmt":"2026-01-29T02:34:04","slug":"qi4d-max-lite-fairway","status":"publish","type":"product","link":"https:\/\/taylormade-golf.vn\/en\/product\/qi4d-max-lite-fairway\/","title":{"rendered":"Qi4D Max Lite Fairway"},"content":{"rendered":"<h3 data-start=\"115\" data-end=\"151\">\u0110\u01af\u1edcNG B\u00d3NG CAO, KHO\u1ea2NG C\u00c1CH XA<\/h3>\n<p data-start=\"152\" data-end=\"352\">G\u1eady fairway <strong data-start=\"164\" data-end=\"181\">Qi4D Max Lite<\/strong> l\u00e0 phi\u00ean b\u1ea3n <strong data-start=\"195\" data-end=\"207\">nh\u1eb9 nh\u1ea5t<\/strong> trong d\u00f2ng Qi4D. V\u1edbi <strong data-start=\"229\" data-end=\"264\">\u0111\u1ea7u g\u1eady, shaft v\u00e0 grip si\u00eau nh\u1eb9<\/strong>, g\u1eady gi\u00fap golfer <strong data-start=\"282\" data-end=\"303\">t\u0103ng t\u1ed1c \u0111\u1ed9 swing<\/strong>, \u0111\u01b0a b\u00f3ng <strong data-start=\"314\" data-end=\"351\">bay cao v\u00e0 \u0111\u1ea1t kho\u1ea3ng c\u00e1ch xa h\u01a1n<\/strong>.<\/p>\n<hr data-start=\"354\" data-end=\"357\" \/>\n<h3 data-start=\"359\" data-end=\"398\">K\u00cdCH TH\u01af\u1edaC L\u1edaN, \u0110\u1ed8 \u1ed4N \u0110\u1ecaNH T\u1ed0I \u0110A<\/h3>\n<p data-start=\"399\" data-end=\"584\">Qi4D Max Lite s\u1edf h\u1eefu <strong data-start=\"420\" data-end=\"437\">\u0111\u1ea7u g\u1eady 200cc<\/strong>, m\u1edf r\u1ed9ng gi\u1edbi h\u1ea1n v\u1ec1 k\u00edch th\u01b0\u1edbc. Tr\u1ecdng l\u01b0\u1ee3ng \u0111\u01b0\u1ee3c ph\u00e2n b\u1ed5 ra vi\u1ec1n gi\u00fap t\u0103ng \u0111\u1ed9 v\u1eefng ch\u1eafc, h\u1ed7 tr\u1ee3 c\u00e1c c\u00fa \u0111\u00e1nh l\u1ec7ch t\u00e2m <strong data-start=\"556\" data-end=\"583\">bay xa h\u01a1n v\u00e0 th\u1eb3ng h\u01a1n<\/strong>.<\/p>\n<p data-start=\"586\" data-end=\"696\">Ngo\u00e0i ra, tr\u1ecdng l\u01b0\u1ee3ng \u0111\u01b0\u1ee3c t\u1eadp trung v\u1ec1 ph\u00eda sau \u0111\u1ea7u g\u1eady, t\u1ea1o <strong data-start=\"648\" data-end=\"659\">MOI cao<\/strong>, gia t\u0103ng <strong data-start=\"670\" data-end=\"695\">\u0111\u1ed9 \u1ed5n \u0111\u1ecbnh v\u00e0 d\u1ec5 \u0111\u00e1nh<\/strong>.<\/p>\n<hr data-start=\"698\" data-end=\"701\" \/>\n<h3 data-start=\"703\" data-end=\"734\">PH\u00d9 H\u1ee2P V\u1edaI T\u1eeaNG C\u00da SWING<\/h3>\n<p data-start=\"735\" data-end=\"855\">Tr\u1ecdng l\u01b0\u1ee3ng \u0111i\u1ec1u ch\u1ec9nh qu\u1ef9 \u0111\u1ea1o <strong data-start=\"766\" data-end=\"772\">4g<\/strong> cho ph\u00e9p tinh ch\u1ec9nh <strong data-start=\"793\" data-end=\"828\">\u0111\u01b0\u1eddng bay, spin v\u00e0 swing weight<\/strong> theo t\u1eebng phong c\u00e1ch ch\u01a1i.<\/p>\n<p data-start=\"857\" data-end=\"1011\">\u1ed0ng ch\u1ec9nh <strong data-start=\"867\" data-end=\"880\">loft 4 \u0111\u1ed9<\/strong> tr\u00ean g\u1eady <strong data-start=\"890\" data-end=\"910\">3-wood v\u00e0 5-wood<\/strong> gi\u00fap \u0111i\u1ec1u ch\u1ec9nh <strong data-start=\"927\" data-end=\"959\">loft, g\u00f3c lie v\u00e0 g\u00f3c m\u1eb7t g\u1eady<\/strong>, t\u1ed1i \u01b0u qu\u1ef9 \u0111\u1ea1o b\u00f3ng theo c\u00fa swing c\u1ee7a t\u1eebng golfer.<\/p>\n<hr data-start=\"1013\" data-end=\"1016\" \/>\n<h3 data-start=\"1018\" data-end=\"1059\">C\u00d4NG NGH\u1ec6 \u0110\u01af\u1ee2C KI\u1ec2M CH\u1ee8NG TR\u00caN TOUR<\/h3>\n<p data-start=\"1060\" data-end=\"1128\">G\u1eady fairway Qi4D Max Lite \u1ee9ng d\u1ee5ng c\u00e1c c\u00f4ng ngh\u1ec7 \u0111\u00e3 \u0111\u01b0\u1ee3c ki\u1ec3m ch\u1ee9ng:<\/p>\n<ul data-start=\"1130\" data-end=\"1429\">\n<li data-start=\"1130\" data-end=\"1236\">\n<p data-start=\"1132\" data-end=\"1236\"><strong data-start=\"1132\" data-end=\"1157\">Speed Pocket c\u1ea3i ti\u1ebfn<\/strong> gi\u00fap gi\u1ea3m spin v\u00e0 duy tr\u00ec t\u1ed1c \u0111\u1ed9 b\u00f3ng \u1edf c\u00e1c c\u00fa \u0111\u00e1nh tr\u00fang th\u1ea5p tr\u00ean m\u1eb7t g\u1eady.<\/p>\n<\/li>\n<li data-start=\"1237\" data-end=\"1332\">\n<p data-start=\"1239\" data-end=\"1332\"><strong data-start=\"1239\" data-end=\"1253\">Twist Face<\/strong> v\u1edbi \u0111\u1ed9 cong hi\u1ec7u ch\u1ec9nh m\u1eb7t g\u1eady gi\u00fap gi\u1ea3m \u0111\u1ed9 ph\u00e2n t\u00e1n b\u00f3ng khi \u0111\u00e1nh l\u1ec7ch t\u00e2m.<\/p>\n<\/li>\n<li data-start=\"1333\" data-end=\"1429\">\n<p data-start=\"1335\" data-end=\"1429\"><strong data-start=\"1335\" data-end=\"1359\">C\u1ea5u tr\u00fac \u0111a v\u1eadt li\u1ec7u<\/strong> cho ph\u00e9p ph\u00e2n b\u1ed5 tr\u1ecdng l\u01b0\u1ee3ng hi\u1ec7u qu\u1ea3 h\u01a1n, t\u1ed1i \u01b0u hi\u1ec7u su\u1ea5t t\u1ed5ng th\u1ec3.<\/p>\n<\/li>\n<\/ul>","protected":false},"excerpt":{"rendered":"<p>G\u1eady fairway Qi4D Max Lite l\u00e0 phi\u00ean b\u1ea3n nh\u1eb9 nh\u1ea5t trong d\u00f2ng Qi4D. V\u1edbi \u0111\u1ea7u g\u1eady, shaft v\u00e0 grip si\u00eau nh\u1eb9, Qi4D Max Lite gi\u00fap golfer t\u0103ng t\u1ed1c \u0111\u1ed9 swing, \u0111\u01b0a b\u00f3ng l\u00ean cao v\u00e0 \u0111\u1ea1t kho\u1ea3ng c\u00e1ch xa h\u01a1n.<\/p>","protected":false},"featured_media":18855,"comment_status":"open","ping_status":"closed","template":"","meta":{"_acf_changed":false,"site-sidebar-layout":"default","site-content-layout":"","ast-site-content-layout":"default","site-content-style":"default","site-sidebar-style":"default","ast-global-header-display":"","ast-banner-title-visibility":"","ast-main-header-display":"","ast-hfb-above-header-display":"","ast-hfb-below-header-display":"","ast-hfb-mobile-header-display":"","site-post-title":"","ast-breadcrumbs-content":"","ast-featured-img":"","footer-sml-layout":"","theme-transparent-header-meta":"default","adv-header-id-meta":"","stick-header-meta":"default","header-above-stick-meta":"","header-main-stick-meta":"","header-below-stick-meta":"","astra-migrate-meta-layouts":"set","ast-page-background-enabled":"default","ast-page-background-meta":{"desktop":{"background-color":"","background-image":"","background-repeat":"repeat","background-position":"center center","background-size":"auto","background-attachment":"scroll","background-type":"","background-media":"","overlay-type":"","overlay-color":"","overlay-opacity":"","overlay-gradient":""},"tablet":{"background-color":"","background-image":"","background-repeat":"repeat","background-position":"center center","background-size":"auto","background-attachment":"scroll","background-type":"","background-media":"","overlay-type":"","overlay-color":"","overlay-opacity":"","overlay-gradient":""},"mobile":{"background-color":"","background-image":"","background-repeat":"repeat","background-position":"center center","background-size":"auto","background-attachment":"scroll","background-type":"","background-media":"","overlay-type":"","overlay-color":"","overlay-opacity":"","overlay-gradient":""}},"ast-content-background-meta":{"desktop":{"background-color":"var(--ast-global-color-5)","background-image":"","background-repeat":"repeat","background-position":"center center","background-size":"auto","background-attachment":"scroll","background-type":"","background-media":"","overlay-type":"","overlay-color":"","overlay-opacity":"","overlay-gradient":""},"tablet":{"background-color":"var(--ast-global-color-5)","background-image":"","background-repeat":"repeat","background-position":"center center","background-size":"auto","background-attachment":"scroll","background-type":"","background-media":"","overlay-type":"","overlay-color":"","overlay-opacity":"","overlay-gradient":""},"mobile":{"background-color":"var(--ast-global-color-5)","background-image":"","background-repeat":"repeat","background-position":"center center","background-size":"auto","background-attachment":"scroll","background-type":"","background-media":"","overlay-type":"","overlay-color":"","overlay-opacity":"","overlay-gradient":""}}},"product_brand":[],"product_cat":[71,73,554],"product_tag":[],"class_list":{"0":"post-18854","1":"product","2":"type-product","3":"status-publish","4":"has-post-thumbnail","6":"product_cat-gay-gon","7":"product_cat-fairway-wood","8":"product_cat-qi4d","9":"desktop-align-center","10":"tablet-align-center","11":"mobile-align-center","12":"ast-product-gallery-layout-first-image-large","13":"ast-product-single-variable","14":"ast-product-tabs-layout-distributed","16":"first","17":"instock","18":"shipping-taxable","19":"purchasable","20":"product-type-variable"},"acf":[],"_links":{"self":[{"href":"https:\/\/taylormade-golf.vn\/en\/wp-json\/wp\/v2\/product\/18854","targetHints":{"allow":["GET"]}}],"collection":[{"href":"https:\/\/taylormade-golf.vn\/en\/wp-json\/wp\/v2\/product"}],"about":[{"href":"https:\/\/taylormade-golf.vn\/en\/wp-json\/wp\/v2\/types\/product"}],"replies":[{"embeddable":true,"href":"https:\/\/taylormade-golf.vn\/en\/wp-json\/wp\/v2\/comments?post=18854"}],"wp:featuredmedia":[{"embeddable":true,"href":"https:\/\/taylormade-golf.vn\/en\/wp-json\/wp\/v2\/media\/18855"}],"wp:attachment":[{"href":"https:\/\/taylormade-golf.vn\/en\/wp-json\/wp\/v2\/media?parent=18854"}],"wp:term":[{"taxonomy":"product_brand","embeddable":true,"href":"https:\/\/taylormade-golf.vn\/en\/wp-json\/wp\/v2\/product_brand?post=18854"},{"taxonomy":"product_cat","embeddable":true,"href":"https:\/\/taylormade-golf.vn\/en\/wp-json\/wp\/v2\/product_cat?post=18854"},{"taxonomy":"product_tag","embeddable":true,"href":"https:\/\/taylormade-golf.vn\/en\/wp-json\/wp\/v2\/product_tag?post=18854"}],"curies":[{"name":"wp","href":"https:\/\/api.w.org\/{rel}","templated":true}]}}