{"id":18845,"date":"2026-01-29T09:26:01","date_gmt":"2026-01-29T02:26:01","guid":{"rendered":"https:\/\/taylormade-golf.vn\/?post_type=product&#038;p=18845"},"modified":"2026-01-29T10:56:09","modified_gmt":"2026-01-29T03:56:09","slug":"qi4d-max-fairway","status":"publish","type":"product","link":"https:\/\/taylormade-golf.vn\/en\/product\/qi4d-max-fairway\/","title":{"rendered":"Qi4D Max Fairway"},"content":{"rendered":"<h3 data-start=\"118\" data-end=\"157\">K\u00cdCH TH\u01af\u1edaC L\u1edaN, \u0110\u1ed8 \u1ed4N \u0110\u1ecaNH T\u1ed0I \u0110A<\/h3>\n<p data-start=\"158\" data-end=\"358\">G\u1eady fairway <strong data-start=\"170\" data-end=\"182\">Qi4D Max<\/strong> \u0111\u01b0\u1ee3c thi\u1ebft k\u1ebf h\u01b0\u1edbng \u0111\u1ebfn <strong data-start=\"207\" data-end=\"225\">\u0111\u1ed9 \u1ed5n \u0111\u1ecbnh cao<\/strong> v\u1edbi \u0111\u1ea7u g\u1eady <strong data-start=\"238\" data-end=\"247\">200cc<\/strong>. Tr\u1ecdng l\u01b0\u1ee3ng \u0111\u01b0\u1ee3c \u0111\u1ea9y ra vi\u1ec1n gi\u00fap t\u0103ng \u0111\u1ed9 v\u1eefng ch\u1eafc, h\u1ed7 tr\u1ee3 c\u00e1c c\u00fa \u0111\u00e1nh l\u1ec7ch t\u00e2m bay <strong data-start=\"334\" data-end=\"357\">xa h\u01a1n v\u00e0 th\u1eb3ng h\u01a1n<\/strong>.<\/p>\n<p data-start=\"360\" data-end=\"485\">Ngo\u00e0i ra, tr\u1ecdng l\u01b0\u1ee3ng c\u00f2n \u0111\u01b0\u1ee3c t\u1eadp trung v\u1ec1 ph\u00eda sau \u0111\u1ea7u g\u1eady, t\u1ea1o <strong data-start=\"426\" data-end=\"437\">MOI cao<\/strong>, mang l\u1ea1i <strong data-start=\"448\" data-end=\"469\">\u0111\u1ed9 \u1ed5n \u0111\u1ecbnh t\u1ed1i \u0111a<\/strong> cho ng\u01b0\u1eddi ch\u01a1i.<\/p>\n<hr data-start=\"487\" data-end=\"490\" \/>\n<h3 data-start=\"492\" data-end=\"523\">PH\u00d9 H\u1ee2P V\u1edaI T\u1eeaNG C\u00da SWING<\/h3>\n<p data-start=\"524\" data-end=\"635\">Tr\u1ecdng l\u01b0\u1ee3ng \u0111i\u1ec1u ch\u1ec9nh qu\u1ef9 \u0111\u1ea1o <strong data-start=\"555\" data-end=\"561\">8g<\/strong> cho ph\u00e9p t\u1ed1i \u01b0u <strong data-start=\"578\" data-end=\"613\">\u0111\u01b0\u1eddng bay, spin v\u00e0 swing weight<\/strong> theo t\u1eebng ki\u1ec3u swing.<\/p>\n<p data-start=\"637\" data-end=\"779\">\u1ed0ng ch\u1ec9nh <strong data-start=\"647\" data-end=\"660\">loft 4 \u0111\u1ed9<\/strong> tr\u00ean g\u1eady <strong data-start=\"670\" data-end=\"690\">3-wood v\u00e0 5-wood<\/strong> gi\u00fap tinh ch\u1ec9nh <strong data-start=\"707\" data-end=\"739\">loft, g\u00f3c lie v\u00e0 g\u00f3c m\u1eb7t g\u1eady<\/strong>, mang l\u1ea1i kh\u1ea3 n\u0103ng c\u00e1 nh\u00e2n h\u00f3a cao h\u01a1n.<\/p>\n<hr data-start=\"781\" data-end=\"784\" \/>\n<h3 data-start=\"786\" data-end=\"827\">C\u00d4NG NGH\u1ec6 \u0110\u01af\u1ee2C KI\u1ec2M CH\u1ee8NG TR\u00caN TOUR<\/h3>\n<p data-start=\"828\" data-end=\"891\">G\u1eady fairway Qi4D Max \u1ee9ng d\u1ee5ng c\u00e1c c\u00f4ng ngh\u1ec7 \u0111\u00e3 \u0111\u01b0\u1ee3c ki\u1ec3m ch\u1ee9ng:<\/p>\n<ul data-start=\"893\" data-end=\"1183\">\n<li data-start=\"893\" data-end=\"990\">\n<p data-start=\"895\" data-end=\"990\"><strong data-start=\"895\" data-end=\"911\">Speed Pocket<\/strong> gi\u00fap gi\u1ea3m spin v\u00e0 duy tr\u00ec t\u1ed1c \u0111\u1ed9 b\u00f3ng \u1edf c\u00e1c c\u00fa \u0111\u00e1nh tr\u00fang th\u1ea5p tr\u00ean m\u1eb7t g\u1eady.<\/p>\n<\/li>\n<li data-start=\"991\" data-end=\"1086\">\n<p data-start=\"993\" data-end=\"1086\"><strong data-start=\"993\" data-end=\"1007\">Twist Face<\/strong> v\u1edbi \u0111\u1ed9 cong hi\u1ec7u ch\u1ec9nh m\u1eb7t g\u1eady gi\u00fap gi\u1ea3m \u0111\u1ed9 ph\u00e2n t\u00e1n b\u00f3ng khi \u0111\u00e1nh l\u1ec7ch t\u00e2m.<\/p>\n<\/li>\n<li data-start=\"1087\" data-end=\"1183\">\n<p data-start=\"1089\" data-end=\"1183\"><strong data-start=\"1089\" data-end=\"1113\">C\u1ea5u tr\u00fac \u0111a v\u1eadt li\u1ec7u<\/strong> cho ph\u00e9p ph\u00e2n b\u1ed5 tr\u1ecdng l\u01b0\u1ee3ng hi\u1ec7u qu\u1ea3 h\u01a1n, t\u1ed1i \u01b0u hi\u1ec7u su\u1ea5t t\u1ed5ng th\u1ec3.<\/p>\n<\/li>\n<\/ul>","protected":false},"excerpt":{"rendered":"<p>G\u1eady fairway Qi4D Max \u0111\u01b0\u1ee3c thi\u1ebft k\u1ebf h\u01b0\u1edbng \u0111\u1ebfn \u0111\u1ed9 \u1ed5n \u0111\u1ecbnh cao v\u1edbi \u0111\u1ea7u g\u1eady 200cc. Tr\u1ecdng l\u01b0\u1ee3ng \u0111\u01b0\u1ee3c ph\u00e2n b\u1ed5 ra vi\u1ec1n gi\u00fap t\u0103ng \u0111\u1ed9 v\u1eefng ch\u1eafc, h\u1ed7 tr\u1ee3 c\u00e1c c\u00fa \u0111\u00e1nh l\u1ec7ch t\u00e2m bay xa h\u01a1n v\u00e0 th\u1eb3ng h\u01a1n.<\/p>","protected":false},"featured_media":18846,"comment_status":"open","ping_status":"closed","template":"","meta":{"_acf_changed":false,"site-sidebar-layout":"default","site-content-layout":"","ast-site-content-layout":"default","site-content-style":"default","site-sidebar-style":"default","ast-global-header-display":"","ast-banner-title-visibility":"","ast-main-header-display":"","ast-hfb-above-header-display":"","ast-hfb-below-header-display":"","ast-hfb-mobile-header-display":"","site-post-title":"","ast-breadcrumbs-content":"","ast-featured-img":"","footer-sml-layout":"","theme-transparent-header-meta":"default","adv-header-id-meta":"","stick-header-meta":"default","header-above-stick-meta":"","header-main-stick-meta":"","header-below-stick-meta":"","astra-migrate-meta-layouts":"set","ast-page-background-enabled":"default","ast-page-background-meta":{"desktop":{"background-color":"","background-image":"","background-repeat":"repeat","background-position":"center center","background-size":"auto","background-attachment":"scroll","background-type":"","background-media":"","overlay-type":"","overlay-color":"","overlay-opacity":"","overlay-gradient":""},"tablet":{"background-color":"","background-image":"","background-repeat":"repeat","background-position":"center center","background-size":"auto","background-attachment":"scroll","background-type":"","background-media":"","overlay-type":"","overlay-color":"","overlay-opacity":"","overlay-gradient":""},"mobile":{"background-color":"","background-image":"","background-repeat":"repeat","background-position":"center center","background-size":"auto","background-attachment":"scroll","background-type":"","background-media":"","overlay-type":"","overlay-color":"","overlay-opacity":"","overlay-gradient":""}},"ast-content-background-meta":{"desktop":{"background-color":"var(--ast-global-color-5)","background-image":"","background-repeat":"repeat","background-position":"center center","background-size":"auto","background-attachment":"scroll","background-type":"","background-media":"","overlay-type":"","overlay-color":"","overlay-opacity":"","overlay-gradient":""},"tablet":{"background-color":"var(--ast-global-color-5)","background-image":"","background-repeat":"repeat","background-position":"center center","background-size":"auto","background-attachment":"scroll","background-type":"","background-media":"","overlay-type":"","overlay-color":"","overlay-opacity":"","overlay-gradient":""},"mobile":{"background-color":"var(--ast-global-color-5)","background-image":"","background-repeat":"repeat","background-position":"center center","background-size":"auto","background-attachment":"scroll","background-type":"","background-media":"","overlay-type":"","overlay-color":"","overlay-opacity":"","overlay-gradient":""}}},"product_brand":[],"product_cat":[71,73,554],"product_tag":[],"class_list":{"0":"post-18845","1":"product","2":"type-product","3":"status-publish","4":"has-post-thumbnail","6":"product_cat-gay-gon","7":"product_cat-fairway-wood","8":"product_cat-qi4d","9":"desktop-align-center","10":"tablet-align-center","11":"mobile-align-center","12":"ast-product-gallery-layout-first-image-large","13":"ast-product-single-variable","14":"ast-product-tabs-layout-distributed","16":"first","17":"instock","18":"shipping-taxable","19":"purchasable","20":"product-type-variable"},"acf":[],"_links":{"self":[{"href":"https:\/\/taylormade-golf.vn\/en\/wp-json\/wp\/v2\/product\/18845","targetHints":{"allow":["GET"]}}],"collection":[{"href":"https:\/\/taylormade-golf.vn\/en\/wp-json\/wp\/v2\/product"}],"about":[{"href":"https:\/\/taylormade-golf.vn\/en\/wp-json\/wp\/v2\/types\/product"}],"replies":[{"embeddable":true,"href":"https:\/\/taylormade-golf.vn\/en\/wp-json\/wp\/v2\/comments?post=18845"}],"wp:featuredmedia":[{"embeddable":true,"href":"https:\/\/taylormade-golf.vn\/en\/wp-json\/wp\/v2\/media\/18846"}],"wp:attachment":[{"href":"https:\/\/taylormade-golf.vn\/en\/wp-json\/wp\/v2\/media?parent=18845"}],"wp:term":[{"taxonomy":"product_brand","embeddable":true,"href":"https:\/\/taylormade-golf.vn\/en\/wp-json\/wp\/v2\/product_brand?post=18845"},{"taxonomy":"product_cat","embeddable":true,"href":"https:\/\/taylormade-golf.vn\/en\/wp-json\/wp\/v2\/product_cat?post=18845"},{"taxonomy":"product_tag","embeddable":true,"href":"https:\/\/taylormade-golf.vn\/en\/wp-json\/wp\/v2\/product_tag?post=18845"}],"curies":[{"name":"wp","href":"https:\/\/api.w.org\/{rel}","templated":true}]}}