{"id":18836,"date":"2026-01-29T09:19:59","date_gmt":"2026-01-29T02:19:59","guid":{"rendered":"https:\/\/taylormade-golf.vn\/?post_type=product&#038;p=18836"},"modified":"2026-01-29T09:19:59","modified_gmt":"2026-01-29T02:19:59","slug":"qi4d-tour-fairway","status":"publish","type":"product","link":"https:\/\/taylormade-golf.vn\/en\/product\/qi4d-tour-fairway\/","title":{"rendered":"Qi4D Tour Fairway"},"content":{"rendered":"<h3 data-start=\"139\" data-end=\"172\">G\u1eacY FAIRWAY QI4D NHANH NH\u1ea4T<\/h3>\n<p data-start=\"173\" data-end=\"514\">G\u1eady fairway <strong data-start=\"185\" data-end=\"198\">Qi4D Tour<\/strong> \u0111\u01b0\u1ee3c thi\u1ebft k\u1ebf d\u00e0nh cho golfer c\u00f3 <strong data-start=\"232\" data-end=\"254\">t\u1ed1c \u0111\u1ed9 swing nhanh<\/strong>, t\u00ecm ki\u1ebfm <strong data-start=\"265\" data-end=\"289\">hi\u1ec7u su\u1ea5t chu\u1ea9n Tour<\/strong> trong m\u1ed9t thi\u1ebft k\u1ebf g\u1ecdn g\u00e0ng. L\u00fd t\u01b0\u1edfng \u0111\u1ec3 t\u1ea5n c\u00f4ng c\u00e1c h\u1ed1 par 5 ch\u1ec9 v\u1edbi hai g\u1eady ho\u1eb7c \u0111\u01b0a b\u00f3ng v\u00e0o fairway \u1edf nh\u1eefng h\u1ed1 par 4 h\u1eb9p, Qi4D Tour mang \u0111\u1ebfn s\u1ef1 k\u1ebft h\u1ee3p t\u1ed1i \u01b0u gi\u1eefa <strong data-start=\"459\" data-end=\"513\">kho\u1ea3ng c\u00e1ch, kh\u1ea3 n\u0103ng \u0111i\u1ec1u ch\u1ec9nh v\u00e0 t\u00ednh linh ho\u1ea1t<\/strong>.<\/p>\n<hr data-start=\"516\" data-end=\"519\" \/>\n<h3 data-start=\"521\" data-end=\"555\">HI\u1ec6U SU\u1ea4T \u0110\u00c3 \u0110\u01af\u1ee2C KI\u1ec2M CH\u1ee8NG<\/h3>\n<p data-start=\"556\" data-end=\"833\">Trong h\u01a1n m\u1ed9t th\u1eadp k\u1ef7, TaylorMade lu\u00f4n d\u1eabn \u0111\u1ea7u v\u1ec1 g\u1eady fairway tr\u00ean c\u00e1c gi\u1ea3i \u0111\u1ea5u chuy\u00ean nghi\u1ec7p. L\u1ea5y c\u1ea3m h\u1ee9ng t\u1eeb ph\u1ea3n h\u1ed3i c\u1ee7a nh\u1eefng golfer h\u00e0ng \u0111\u1ea7u th\u1ebf gi\u1edbi, g\u1eady fairway Qi4D Tour v\u1edbi thi\u1ebft k\u1ebf c\u00f4ng ngh\u1ec7 cao mang l\u1ea1i <strong data-start=\"770\" data-end=\"793\">hi\u1ec7u su\u1ea5t v\u01b0\u1ee3t tr\u1ed9i<\/strong>, \u0111\u00e1p \u1ee9ng y\u00eau c\u1ea7u thi \u0111\u1ea5u kh\u1eaft khe nh\u1ea5t.<\/p>\n<hr data-start=\"835\" data-end=\"838\" \/>\n<h3 data-start=\"840\" data-end=\"873\">\u01afU TH\u1ebe T\u1eea C\u1ea4U TR\u00daC V\u1eacT LI\u1ec6U<\/h3>\n<p data-start=\"874\" data-end=\"1151\">Qi4D Tour s\u1edf h\u1eefu <strong data-start=\"891\" data-end=\"919\">c\u1ea5u tr\u00fac \u0111a v\u1eadt li\u1ec7u m\u1edbi<\/strong>, cho ph\u00e9p t\u00edch h\u1ee3p <strong data-start=\"939\" data-end=\"968\">ba tr\u1ecdng l\u01b0\u1ee3ng \u0111i\u1ec1u ch\u1ec9nh<\/strong>, tr\u1edf th\u00e0nh d\u00f2ng g\u1eady fairway titanium c\u00f3 <strong data-start=\"1009\" data-end=\"1040\">kh\u1ea3 n\u0103ng t\u00f9y ch\u1ec9nh cao nh\u1ea5t<\/strong> c\u1ee7a TaylorMade t\u1eeb tr\u01b0\u1edbc \u0111\u1ebfn nay. D\u00f9 l\u00e0 t\u1ea5n c\u00f4ng par 5 hay \u0111\u00e1nh an to\u00e0n t\u1eeb tee, Qi4D Tour \u0111\u1ec1u \u0111\u00e1p \u1ee9ng hi\u1ec7u qu\u1ea3.<\/p>\n<hr data-start=\"1153\" data-end=\"1156\" \/>\n<h3 data-start=\"1158\" data-end=\"1189\">PH\u00d9 H\u1ee2P V\u1edaI T\u1eeaNG C\u00da SWING<\/h3>\n<p data-start=\"1190\" data-end=\"1359\">Ba tr\u1ecdng l\u01b0\u1ee3ng \u0111i\u1ec1u ch\u1ec9nh qu\u1ef9 \u0111\u1ea1o g\u1ed3m <strong data-start=\"1228\" data-end=\"1269\">1 tr\u1ecdng l\u01b0\u1ee3ng 15g v\u00e0 2 tr\u1ecdng l\u01b0\u1ee3ng 4g<\/strong> cho ph\u00e9p tinh ch\u1ec9nh ch\u00ednh x\u00e1c <strong data-start=\"1300\" data-end=\"1321\">d\u00e1ng b\u00f3ng v\u00e0 spin<\/strong> theo phong c\u00e1ch ch\u01a1i c\u1ee7a t\u1eebng golfer.<\/p>\n<p data-start=\"1361\" data-end=\"1504\">\u1ed0ng ch\u1ec9nh <strong data-start=\"1371\" data-end=\"1384\">loft 4 \u0111\u1ed9<\/strong> mang l\u1ea1i th\u00eam kh\u1ea3 n\u0103ng \u0111i\u1ec1u ch\u1ec9nh <strong data-start=\"1419\" data-end=\"1451\">loft, g\u00f3c lie v\u00e0 g\u00f3c m\u1eb7t g\u1eady<\/strong>, gi\u00fap t\u1ed1i \u01b0u qu\u1ef9 \u0111\u1ea1o b\u00f3ng ph\u00f9 h\u1ee3p v\u1edbi t\u1eebng c\u00fa swing.<\/p>","protected":false},"excerpt":{"rendered":"<p>Trong h\u01a1n m\u1ed9t th\u1eadp k\u1ef7 qua, TaylorMade lu\u00f4n d\u1eabn \u0111\u1ea7u v\u1ec1 g\u1eady fairway tr\u00ean c\u00e1c gi\u1ea3i \u0111\u1ea5u chuy\u00ean nghi\u1ec7p. L\u1ea5y c\u1ea3m h\u1ee9ng t\u1eeb ph\u1ea3n h\u1ed3i c\u1ee7a nh\u1eefng golfer h\u00e0ng \u0111\u1ea7u th\u1ebf gi\u1edbi, g\u1eady fairway Qi4D Tour v\u1edbi thi\u1ebft k\u1ebf c\u00f4ng ngh\u1ec7 cao mang \u0111\u1ebfn s\u1ef1 k\u1ebft h\u1ee3p t\u1ed1i \u01b0u gi\u1eefa kho\u1ea3ng c\u00e1ch, kh\u1ea3 n\u0103ng \u0111i\u1ec1u ch\u1ec9nh v\u00e0 t\u00ednh linh ho\u1ea1t.<\/p>","protected":false},"featured_media":18837,"comment_status":"open","ping_status":"closed","template":"","meta":{"_acf_changed":false,"site-sidebar-layout":"default","site-content-layout":"","ast-site-content-layout":"default","site-content-style":"default","site-sidebar-style":"default","ast-global-header-display":"","ast-banner-title-visibility":"","ast-main-header-display":"","ast-hfb-above-header-display":"","ast-hfb-below-header-display":"","ast-hfb-mobile-header-display":"","site-post-title":"","ast-breadcrumbs-content":"","ast-featured-img":"","footer-sml-layout":"","theme-transparent-header-meta":"default","adv-header-id-meta":"","stick-header-meta":"default","header-above-stick-meta":"","header-main-stick-meta":"","header-below-stick-meta":"","astra-migrate-meta-layouts":"set","ast-page-background-enabled":"default","ast-page-background-meta":{"desktop":{"background-color":"","background-image":"","background-repeat":"repeat","background-position":"center center","background-size":"auto","background-attachment":"scroll","background-type":"","background-media":"","overlay-type":"","overlay-color":"","overlay-opacity":"","overlay-gradient":""},"tablet":{"background-color":"","background-image":"","background-repeat":"repeat","background-position":"center center","background-size":"auto","background-attachment":"scroll","background-type":"","background-media":"","overlay-type":"","overlay-color":"","overlay-opacity":"","overlay-gradient":""},"mobile":{"background-color":"","background-image":"","background-repeat":"repeat","background-position":"center center","background-size":"auto","background-attachment":"scroll","background-type":"","background-media":"","overlay-type":"","overlay-color":"","overlay-opacity":"","overlay-gradient":""}},"ast-content-background-meta":{"desktop":{"background-color":"var(--ast-global-color-5)","background-image":"","background-repeat":"repeat","background-position":"center center","background-size":"auto","background-attachment":"scroll","background-type":"","background-media":"","overlay-type":"","overlay-color":"","overlay-opacity":"","overlay-gradient":""},"tablet":{"background-color":"var(--ast-global-color-5)","background-image":"","background-repeat":"repeat","background-position":"center center","background-size":"auto","background-attachment":"scroll","background-type":"","background-media":"","overlay-type":"","overlay-color":"","overlay-opacity":"","overlay-gradient":""},"mobile":{"background-color":"var(--ast-global-color-5)","background-image":"","background-repeat":"repeat","background-position":"center center","background-size":"auto","background-attachment":"scroll","background-type":"","background-media":"","overlay-type":"","overlay-color":"","overlay-opacity":"","overlay-gradient":""}}},"product_brand":[],"product_cat":[71,73,554],"product_tag":[],"class_list":{"0":"post-18836","1":"product","2":"type-product","3":"status-publish","4":"has-post-thumbnail","6":"product_cat-gay-gon","7":"product_cat-fairway-wood","8":"product_cat-qi4d","9":"desktop-align-center","10":"tablet-align-center","11":"mobile-align-center","12":"ast-product-gallery-layout-first-image-large","13":"ast-product-single-variable","14":"ast-product-tabs-layout-distributed","16":"first","17":"instock","18":"shipping-taxable","19":"purchasable","20":"product-type-variable"},"acf":[],"_links":{"self":[{"href":"https:\/\/taylormade-golf.vn\/en\/wp-json\/wp\/v2\/product\/18836","targetHints":{"allow":["GET"]}}],"collection":[{"href":"https:\/\/taylormade-golf.vn\/en\/wp-json\/wp\/v2\/product"}],"about":[{"href":"https:\/\/taylormade-golf.vn\/en\/wp-json\/wp\/v2\/types\/product"}],"replies":[{"embeddable":true,"href":"https:\/\/taylormade-golf.vn\/en\/wp-json\/wp\/v2\/comments?post=18836"}],"wp:featuredmedia":[{"embeddable":true,"href":"https:\/\/taylormade-golf.vn\/en\/wp-json\/wp\/v2\/media\/18837"}],"wp:attachment":[{"href":"https:\/\/taylormade-golf.vn\/en\/wp-json\/wp\/v2\/media?parent=18836"}],"wp:term":[{"taxonomy":"product_brand","embeddable":true,"href":"https:\/\/taylormade-golf.vn\/en\/wp-json\/wp\/v2\/product_brand?post=18836"},{"taxonomy":"product_cat","embeddable":true,"href":"https:\/\/taylormade-golf.vn\/en\/wp-json\/wp\/v2\/product_cat?post=18836"},{"taxonomy":"product_tag","embeddable":true,"href":"https:\/\/taylormade-golf.vn\/en\/wp-json\/wp\/v2\/product_tag?post=18836"}],"curies":[{"name":"wp","href":"https:\/\/api.w.org\/{rel}","templated":true}]}}