{"id":18809,"date":"2026-01-29T09:12:54","date_gmt":"2026-01-29T02:12:54","guid":{"rendered":"https:\/\/taylormade-golf.vn\/?post_type=product&#038;p=18809"},"modified":"2026-01-29T09:12:55","modified_gmt":"2026-01-29T02:12:55","slug":"qi4d-fairway","status":"publish","type":"product","link":"https:\/\/taylormade-golf.vn\/en\/product\/qi4d-fairway\/","title":{"rendered":"Qi4D Fairway"},"content":{"rendered":"<h3 data-start=\"115\" data-end=\"150\">\u0110I\u1ec0U T\u1ed0T NH\u1ea4T NAY C\u00d2N T\u1ed0T H\u01a0N<\/h3>\n<p data-start=\"151\" data-end=\"463\">D\u00f2ng g\u1eady fairway <strong data-start=\"168\" data-end=\"181\">Qi4D Core<\/strong> mang \u0111\u1ebfn cho golfer \u1edf m\u1ecdi tr\u00ecnh \u0111\u1ed9 s\u1ef1 c\u00e2n b\u1eb1ng ho\u00e0n h\u1ea3o gi\u1eefa <strong data-start=\"243\" data-end=\"292\">kho\u1ea3ng c\u00e1ch, \u0111\u1ed9 \u1ed5n \u0111\u1ecbnh v\u00e0 kh\u1ea3 n\u0103ng ki\u1ec3m so\u00e1t<\/strong>. M\u1ecdi chi ti\u1ebft \u0111\u1ec1u \u0111\u01b0\u1ee3c t\u00e1i thi\u1ebft k\u1ebf \u0111\u1ec3 t\u1ea1o n\u00ean m\u1ed9t t\u1ed5ng th\u1ec3 d\u1ec5 \u0111\u00e1nh, truy\u1ec1n c\u1ea3m h\u1ee9ng t\u1ef1 tin v\u00e0 mang l\u1ea1i hi\u1ec7u su\u1ea5t \u1ed5n \u0111\u1ecbnh c\u1ea3 khi ph\u00e1t b\u00f3ng t\u1eeb tee l\u1eabn khi \u0111\u00e1nh t\u1eeb fairway.<\/p>\n<hr data-start=\"465\" data-end=\"468\" \/>\n<h3 data-start=\"470\" data-end=\"504\">HI\u1ec6U SU\u1ea4T \u0110\u00c3 \u0110\u01af\u1ee2C KI\u1ec2M CH\u1ee8NG<\/h3>\n<p data-start=\"505\" data-end=\"773\">Trong h\u01a1n m\u1ed9t th\u1eadp k\u1ef7, TaylorMade lu\u00f4n d\u1eabn \u0111\u1ea7u v\u1ec1 g\u1eady fairway tr\u00ean Tour PGA. L\u1ea5y c\u1ea3m h\u1ee9ng t\u1eeb ph\u1ea3n h\u1ed3i c\u1ee7a nh\u1eefng golfer h\u00e0ng \u0111\u1ea7u th\u1ebf gi\u1edbi, g\u1eady fairway Qi4D v\u1edbi thi\u1ebft k\u1ebf c\u00f4ng ngh\u1ec7 cao mang \u0111\u1ebfn <strong data-start=\"696\" data-end=\"762\">kho\u1ea3ng c\u00e1ch, \u0111\u1ed9 \u1ed5n \u0111\u1ecbnh, kh\u1ea3 n\u0103ng \u0111i\u1ec1u ch\u1ec9nh v\u00e0 t\u00ednh linh ho\u1ea1t<\/strong> v\u01b0\u1ee3t tr\u1ed9i.<\/p>\n<hr data-start=\"775\" data-end=\"778\" \/>\n<h3 data-start=\"780\" data-end=\"811\">PH\u00d9 H\u1ee2P V\u1edaI T\u1eeaNG C\u00da SWING<\/h3>\n<p data-start=\"812\" data-end=\"1052\">Tr\u1ecdng l\u01b0\u1ee3ng \u0111i\u1ec1u ch\u1ec9nh qu\u1ef9 \u0111\u1ea1o <strong data-start=\"843\" data-end=\"849\">8g<\/strong> cho ph\u00e9p t\u1ed1i \u01b0u <strong data-start=\"866\" data-end=\"901\">\u0111\u01b0\u1eddng bay, spin v\u00e0 swing weight<\/strong> theo t\u1eebng ki\u1ec3u swing.<br data-start=\"923\" data-end=\"926\" \/>\u1ed0ng ch\u1ec9nh <strong data-start=\"936\" data-end=\"949\">loft 4 \u0111\u1ed9<\/strong> tr\u00ean m\u1ecdi phi\u00ean b\u1ea3n gi\u00fap tinh ch\u1ec9nh <strong data-start=\"985\" data-end=\"1017\">loft, g\u00f3c lie v\u00e0 g\u00f3c m\u1eb7t g\u1eady<\/strong>, ph\u00f9 h\u1ee3p ch\u00ednh x\u00e1c v\u1edbi ng\u01b0\u1eddi ch\u01a1i.<\/p>\n<hr data-start=\"1054\" data-end=\"1057\" \/>\n<h3 data-start=\"1059\" data-end=\"1090\">THI\u1ebeT K\u1ebe T\u1ed0I \u01afU HI\u1ec6U SU\u1ea4T<\/h3>\n<p data-start=\"1091\" data-end=\"1273\">C\u00e1c y\u1ebfu t\u1ed1 nh\u01b0 <strong data-start=\"1106\" data-end=\"1174\">\u0111i\u1ec3m \u0111\u1eb7t g\u1eady, g\u00f3c lie, g\u00f3c nh\u00ecn khi v\u00e0o b\u00f3ng v\u00e0 v\u1ecb tr\u00ed tr\u1ecdng t\u00e2m<\/strong> \u0111\u01b0\u1ee3c tinh ch\u1ec9nh k\u1ef9 l\u01b0\u1ee1ng, gi\u00fap t\u1ed1i \u01b0u hi\u1ec7u su\u1ea5t cho nh\u1eefng g\u1eady \u0111\u1ea7u t\u00fai, b\u1ea5t k\u1ec3 tr\u00ecnh \u0111\u1ed9 c\u1ee7a golfer.<\/p>\n<hr data-start=\"1275\" data-end=\"1278\" \/>\n<h3 data-start=\"1280\" data-end=\"1321\">C\u00d4NG NGH\u1ec6 \u0110\u01af\u1ee2C KI\u1ec2M CH\u1ee8NG TR\u00caN TOUR<\/h3>\n<p data-start=\"1322\" data-end=\"1381\">G\u1eady fairway Qi4D \u1ee9ng d\u1ee5ng c\u00e1c c\u00f4ng ngh\u1ec7 \u0111\u00e3 \u0111\u01b0\u1ee3c ki\u1ec3m ch\u1ee9ng:<\/p>\n<ul data-start=\"1383\" data-end=\"1677\">\n<li data-start=\"1383\" data-end=\"1480\">\n<p data-start=\"1385\" data-end=\"1480\"><strong data-start=\"1385\" data-end=\"1401\">Speed Pocket<\/strong> gi\u00fap gi\u1ea3m spin v\u00e0 duy tr\u00ec t\u1ed1c \u0111\u1ed9 b\u00f3ng \u1edf c\u00e1c c\u00fa \u0111\u00e1nh tr\u00fang th\u1ea5p tr\u00ean m\u1eb7t g\u1eady.<\/p>\n<\/li>\n<li data-start=\"1481\" data-end=\"1576\">\n<p data-start=\"1483\" data-end=\"1576\"><strong data-start=\"1483\" data-end=\"1497\">Twist Face<\/strong> v\u1edbi \u0111\u1ed9 cong hi\u1ec7u ch\u1ec9nh m\u1eb7t g\u1eady gi\u00fap gi\u1ea3m \u0111\u1ed9 ph\u00e2n t\u00e1n b\u00f3ng khi \u0111\u00e1nh l\u1ec7ch t\u00e2m.<\/p>\n<\/li>\n<li data-start=\"1577\" data-end=\"1677\">\n<p data-start=\"1579\" data-end=\"1677\"><strong data-start=\"1579\" data-end=\"1603\">C\u1ea5u tr\u00fac \u0111a v\u1eadt li\u1ec7u<\/strong> cho ph\u00e9p ph\u00e2n b\u1ed5 tr\u1ecdng l\u01b0\u1ee3ng hi\u1ec7u qu\u1ea3 h\u01a1n, t\u1ed1i \u0111a h\u00f3a hi\u1ec7u su\u1ea5t t\u1ed5ng th\u1ec3.<\/p>\n<\/li>\n<\/ul>","protected":false},"excerpt":{"rendered":"<p>D\u00f2ng g\u1eady fairway Qi4D Core mang \u0111\u1ebfn cho golfer \u1edf m\u1ecdi tr\u00ecnh \u0111\u1ed9 s\u1ef1 c\u00e2n b\u1eb1ng ho\u00e0n h\u1ea3o gi\u1eefa kho\u1ea3ng c\u00e1ch, \u0111\u1ed9 \u1ed5n \u0111\u1ecbnh v\u00e0 kh\u1ea3 n\u0103ng ki\u1ec3m so\u00e1t. T\u1eebng chi ti\u1ebft \u0111\u00e3 \u0111\u01b0\u1ee3c t\u00e1i thi\u1ebft k\u1ebf nh\u1eb1m t\u1ea1o n\u00ean m\u1ed9t t\u1ed5ng th\u1ec3 d\u1ec5 \u0111\u00e1nh, mang l\u1ea1i s\u1ef1 t\u1ef1 tin v\u00e0 hi\u1ec7u su\u1ea5t \u1ed5n \u0111\u1ecbnh c\u1ea3 khi ph\u00e1t b\u00f3ng t\u1eeb tee l\u1eabn khi \u0111\u00e1nh t\u1eeb fairway.<\/p>","protected":false},"featured_media":18810,"comment_status":"open","ping_status":"closed","template":"","meta":{"_acf_changed":false,"site-sidebar-layout":"default","site-content-layout":"","ast-site-content-layout":"default","site-content-style":"default","site-sidebar-style":"default","ast-global-header-display":"","ast-banner-title-visibility":"","ast-main-header-display":"","ast-hfb-above-header-display":"","ast-hfb-below-header-display":"","ast-hfb-mobile-header-display":"","site-post-title":"","ast-breadcrumbs-content":"","ast-featured-img":"","footer-sml-layout":"","theme-transparent-header-meta":"default","adv-header-id-meta":"","stick-header-meta":"default","header-above-stick-meta":"","header-main-stick-meta":"","header-below-stick-meta":"","astra-migrate-meta-layouts":"set","ast-page-background-enabled":"default","ast-page-background-meta":{"desktop":{"background-color":"","background-image":"","background-repeat":"repeat","background-position":"center center","background-size":"auto","background-attachment":"scroll","background-type":"","background-media":"","overlay-type":"","overlay-color":"","overlay-opacity":"","overlay-gradient":""},"tablet":{"background-color":"","background-image":"","background-repeat":"repeat","background-position":"center center","background-size":"auto","background-attachment":"scroll","background-type":"","background-media":"","overlay-type":"","overlay-color":"","overlay-opacity":"","overlay-gradient":""},"mobile":{"background-color":"","background-image":"","background-repeat":"repeat","background-position":"center center","background-size":"auto","background-attachment":"scroll","background-type":"","background-media":"","overlay-type":"","overlay-color":"","overlay-opacity":"","overlay-gradient":""}},"ast-content-background-meta":{"desktop":{"background-color":"var(--ast-global-color-5)","background-image":"","background-repeat":"repeat","background-position":"center center","background-size":"auto","background-attachment":"scroll","background-type":"","background-media":"","overlay-type":"","overlay-color":"","overlay-opacity":"","overlay-gradient":""},"tablet":{"background-color":"var(--ast-global-color-5)","background-image":"","background-repeat":"repeat","background-position":"center center","background-size":"auto","background-attachment":"scroll","background-type":"","background-media":"","overlay-type":"","overlay-color":"","overlay-opacity":"","overlay-gradient":""},"mobile":{"background-color":"var(--ast-global-color-5)","background-image":"","background-repeat":"repeat","background-position":"center center","background-size":"auto","background-attachment":"scroll","background-type":"","background-media":"","overlay-type":"","overlay-color":"","overlay-opacity":"","overlay-gradient":""}}},"product_brand":[],"product_cat":[71,73,554],"product_tag":[],"class_list":{"0":"post-18809","1":"product","2":"type-product","3":"status-publish","4":"has-post-thumbnail","6":"product_cat-gay-gon","7":"product_cat-fairway-wood","8":"product_cat-qi4d","9":"desktop-align-center","10":"tablet-align-center","11":"mobile-align-center","12":"ast-product-gallery-layout-first-image-large","13":"ast-product-single-variable","14":"ast-product-tabs-layout-distributed","16":"first","17":"instock","18":"shipping-taxable","19":"purchasable","20":"product-type-variable"},"acf":[],"_links":{"self":[{"href":"https:\/\/taylormade-golf.vn\/en\/wp-json\/wp\/v2\/product\/18809","targetHints":{"allow":["GET"]}}],"collection":[{"href":"https:\/\/taylormade-golf.vn\/en\/wp-json\/wp\/v2\/product"}],"about":[{"href":"https:\/\/taylormade-golf.vn\/en\/wp-json\/wp\/v2\/types\/product"}],"replies":[{"embeddable":true,"href":"https:\/\/taylormade-golf.vn\/en\/wp-json\/wp\/v2\/comments?post=18809"}],"wp:featuredmedia":[{"embeddable":true,"href":"https:\/\/taylormade-golf.vn\/en\/wp-json\/wp\/v2\/media\/18810"}],"wp:attachment":[{"href":"https:\/\/taylormade-golf.vn\/en\/wp-json\/wp\/v2\/media?parent=18809"}],"wp:term":[{"taxonomy":"product_brand","embeddable":true,"href":"https:\/\/taylormade-golf.vn\/en\/wp-json\/wp\/v2\/product_brand?post=18809"},{"taxonomy":"product_cat","embeddable":true,"href":"https:\/\/taylormade-golf.vn\/en\/wp-json\/wp\/v2\/product_cat?post=18809"},{"taxonomy":"product_tag","embeddable":true,"href":"https:\/\/taylormade-golf.vn\/en\/wp-json\/wp\/v2\/product_tag?post=18809"}],"curies":[{"name":"wp","href":"https:\/\/api.w.org\/{rel}","templated":true}]}}