{"id":18783,"date":"2026-01-29T08:53:49","date_gmt":"2026-01-29T01:53:49","guid":{"rendered":"https:\/\/taylormade-golf.vn\/?post_type=product&#038;p=18783"},"modified":"2026-01-29T08:53:50","modified_gmt":"2026-01-29T01:53:50","slug":"qi4d-max-driver","status":"publish","type":"product","link":"https:\/\/taylormade-golf.vn\/en\/product\/qi4d-max-driver\/","title":{"rendered":"Qi4D Max Driver"},"content":{"rendered":"<h3 data-start=\"159\" data-end=\"190\">THI\u1ebeT K\u1ebe H\u01af\u1edaNG \u0110\u1ebeN T\u1ed0C \u0110\u1ed8<\/h3>\n<p data-start=\"191\" data-end=\"441\">Qi4D Max l\u00e0 m\u1eabu driver Max \u0111i\u1ec1u ch\u1ec9nh hi\u1ec7n \u0111\u1ea1i \u0111\u1ea7u ti\u00ean c\u1ee7a TaylorMade. Ph\u1ea7n c\u1ed5 g\u1eady b\u1eb1ng nh\u00f4m r\u00e8n 7075 \u0111\u01b0\u1ee3c gia c\u00f4ng ch\u00ednh x\u00e1c, cho ph\u00e9p t\u00edch h\u1ee3p kh\u1ea3 n\u0103ng \u0111i\u1ec1u ch\u1ec9nh linh ho\u1ea1t trong m\u1ed9t \u0111\u1ea7u g\u1eady c\u00f3 \u0111\u1ed9 \u1ed5n \u0111\u1ecbnh cao m\u00e0 v\u1eabn kh\u00f4ng l\u00e0m \u1ea3nh h\u01b0\u1edfng \u0111\u1ebfn t\u1ed1c \u0111\u1ed9.<\/p>\n<p data-start=\"443\" data-end=\"610\">Thi\u1ebft k\u1ebf d\u00e1ng \u0111\u1ee9ng v\u00e0o b\u00f3ng hi\u1ec7n \u0111\u1ea1i, \u0111\u01b0\u1ee3c tinh ch\u1ec9nh l\u1ea1i, mang \u0111\u1ebfn s\u1ef1 c\u00e2n b\u1eb1ng l\u00fd t\u01b0\u1edfng gi\u1eefa t\u1ed1c \u0111\u1ed9 v\u00e0 \u0111\u1ed9 \u1ed5n \u0111\u1ecbnh, \u0111\u1ed3ng th\u1eddi t\u1ea1o c\u1ea3m gi\u00e1c t\u1ef1 tin ngay t\u1eeb khi v\u00e0o b\u00f3ng.<\/p>\n<hr data-start=\"612\" data-end=\"615\" \/>\n<h3 data-start=\"617\" data-end=\"655\">T\u1ed0I \u01afU KHO\u1ea2NG C\u00c1CH V\u00c0 \u0110\u1ed8 \u1ed4N \u0110\u1ecaNH<\/h3>\n<p data-start=\"656\" data-end=\"901\">Qi4D Max \u0111\u01b0\u1ee3c trang b\u1ecb b\u00e1n k\u00ednh roll m\u1edbi v\u00e0 c\u1ea3i ti\u1ebfn, gi\u00fap ki\u1ec3m so\u00e1t spin hi\u1ec7u qu\u1ea3 h\u01a1n t\u1ea1i c\u00e1c \u0111i\u1ec3m ti\u1ebfp x\u00fac kh\u00e1c nhau theo chi\u1ec1u d\u1ecdc c\u1ee7a m\u1eb7t g\u1eady. Nh\u1edd \u0111\u00f3, c\u00e1c c\u00fa \u0111\u00e1nh tr\u00fang cao ho\u1eb7c th\u1ea5p tr\u00ean m\u1eb7t g\u1eady v\u1eabn duy tr\u00ec \u0111\u1ed9 \u1ed5n \u0111\u1ecbnh v\u00e0 t\u00ednh nh\u1ea5t qu\u00e1n cao.<\/p>\n<p data-start=\"903\" data-end=\"1100\">B\u00ean c\u1ea1nh \u0111\u00f3, m\u1eb7t g\u1eady carbon Twist Face gi\u00fap c\u00e1c c\u00fa \u0111\u00e1nh l\u1ec7ch t\u00e2m \u1edf m\u0169i v\u00e0 g\u00f3t g\u1eady \u0111i th\u1eb3ng h\u01a1n, gi\u1ea3m \u0111\u1ed9 ph\u00e2n t\u00e1n b\u00f3ng. C\u1ea5u tr\u00fac carbon c\u00f2n gi\u00fap ti\u1ebft ki\u1ec7m tr\u1ecdng l\u01b0\u1ee3ng, g\u00f3p ph\u1ea7n gia t\u0103ng t\u1ed1c \u0111\u1ed9 b\u00f3ng.<\/p>\n<hr data-start=\"1102\" data-end=\"1105\" \/>\n<h3 data-start=\"1107\" data-end=\"1142\">KH\u1ea2 N\u0102NG \u0110I\u1ec0U CH\u1ec8NH LINH HO\u1ea0T<\/h3>\n<p data-start=\"1143\" data-end=\"1275\">Qi4D Max s\u1eed d\u1ee5ng hai tr\u1ecdng l\u01b0\u1ee3ng \u0111i\u1ec1u ch\u1ec9nh qu\u1ef9 \u0111\u1ea1o v\u1edbi kh\u1ed1i l\u01b0\u1ee3ng 13g v\u00e0 4g, cho ph\u00e9p tinh ch\u1ec9nh qu\u1ef9 \u0111\u1ea1o v\u00e0 spin m\u1ed9t c\u00e1ch hi\u1ec7u qu\u1ea3.<\/p>\n<p data-start=\"1277\" data-end=\"1515\">Ngo\u00e0i ra, \u1ed1ng ch\u1ec9nh loft 4 \u0111\u1ed9 mang \u0111\u1ebfn kh\u1ea3 n\u0103ng \u0111i\u1ec1u ch\u1ec9nh loft, lie v\u00e0 g\u00f3c m\u1eb7t g\u1eady, gi\u00fap t\u1ed1i \u01b0u qu\u1ef9 \u0111\u1ea1o b\u00f3ng theo t\u1eebng golfer. \u0110\u1ed1i v\u1edbi nhu c\u1ea7u fitting ch\u00ednh x\u00e1c cao, golfer c\u00f3 th\u1ec3 l\u1ef1a ch\u1ecdn \u0111\u1ea7u g\u1eady LME t\u01b0\u01a1ng th\u00edch v\u1edbi h\u1ec7 th\u1ed1ng \u0111o GC Quad.<\/p>\n<hr data-start=\"1517\" data-end=\"1520\" \/>\n<h3 data-start=\"1522\" data-end=\"1560\">SHAFT PH\u00d9 H\u1ee2P CHO M\u1eccI KI\u1ec2U SWING<\/h3>\n<p data-start=\"1561\" data-end=\"1773\">D\u1ef1a tr\u00ean vi\u1ec7c thu th\u1eadp v\u00e0 ph\u00e2n t\u00edch h\u01a1n 11 tri\u1ec7u c\u00fa \u0111\u00e1nh trong su\u1ed1t 20 n\u0103m, TaylorMade ph\u00e1t tri\u1ec3n c\u00f4ng ngh\u1ec7 gi\u00fap x\u00e1c \u0111\u1ecbnh \u0111\u1ed9 xoay c\u1ee7a swing t\u1ea1i th\u1eddi \u0111i\u1ec3m impact, t\u1eeb \u0111\u00f3 l\u1ef1a ch\u1ecdn shaft ph\u00f9 h\u1ee3p v\u1edbi t\u1eebng h\u1ed3 s\u01a1 swing.<\/p>\n<p data-start=\"1775\" data-end=\"1982\">Shaft REAX l\u00e0 k\u1ebft qu\u1ea3 h\u1ee3p t\u00e1c gi\u1eefa \u0111\u1ed9i ng\u0169 k\u1ef9 s\u01b0 TaylorMade v\u00e0 Mitsubishi Chemical, s\u1eed d\u1ee5ng v\u1eadt li\u1ec7u v\u00e0 quy tr\u00ecnh s\u1ea3n xu\u1ea5t h\u00e0ng \u0111\u1ea7u \u0111\u1ec3 t\u1ea1o ra c\u00e1c shaft ch\u1ea5t l\u01b0\u1ee3ng cao, ph\u00f9 h\u1ee3p v\u1edbi nhi\u1ec1u ki\u1ec3u swing kh\u00e1c nhau.<\/p>\n<hr data-start=\"1984\" data-end=\"1987\" \/>\n<h3 data-start=\"1989\" data-end=\"2033\">C\u00d4NG NGH\u1ec6 \u0110\u00c3 \u0110\u01af\u1ee2C KI\u1ec2M CH\u1ee8NG TR\u00caN TOUR<\/h3>\n<p data-start=\"2034\" data-end=\"2247\">Qi4D Max \u1ee9ng d\u1ee5ng c\u00e1c c\u00f4ng ngh\u1ec7 \u0111\u00e3 \u0111\u01b0\u1ee3c ki\u1ec3m ch\u1ee9ng tr\u00ean Tour. Speed Pocket d\u1ea1ng cut-through \u0111\u01b0\u1ee3c thi\u1ebft k\u1ebf l\u1ea1i gi\u00fap gi\u1ea3m spin v\u00e0 duy tr\u00ec t\u1ed1c \u0111\u1ed9 b\u00f3ng \u1edf c\u00e1c c\u00fa \u0111\u00e1nh tr\u00fang th\u1ea5p tr\u00ean m\u1eb7t g\u1eady, ngay c\u1ea3 khi \u0111\u00e1nh l\u1ec7ch t\u00e2m.<\/p>\n<p data-start=\"2249\" data-end=\"2376\">C\u1ea5u tr\u00fac \u0111a v\u1eadt li\u1ec7u cho ph\u00e9p ph\u00e2n b\u1ed5 tr\u1ecdng l\u01b0\u1ee3ng m\u1ed9t c\u00e1ch chi\u1ebfn l\u01b0\u1ee3c, t\u1ed1i \u01b0u t\u1ed1c \u0111\u1ed9, \u0111\u1ed9 \u1ed5n \u0111\u1ecbnh v\u00e0 hi\u1ec7u su\u1ea5t t\u1ed5ng th\u1ec3 c\u1ee7a g\u1eady.<\/p>","protected":false},"excerpt":{"rendered":"<p data-start=\"97\" data-end=\"498\">Qi4D Max l\u00e0 m\u1eabu driver kh\u00f4ng s\u1eed d\u1ee5ng titanium \u0111\u1ea7u ti\u00ean c\u1ee7a TaylorMade \u0111\u01b0\u1ee3c trang b\u1ecb kh\u1ea3 n\u0103ng \u0111i\u1ec1u ch\u1ec9nh hi\u1ec7n \u0111\u1ea1i. Ph\u1ea7n c\u1ed5 g\u1eady b\u1eb1ng nh\u00f4m r\u00e8n 7075 cho ph\u00e9p c\u00e1c k\u1ef9 s\u01b0 t\u00edch h\u1ee3p kh\u1ea3 n\u0103ng \u0111i\u1ec1u ch\u1ec9nh linh ho\u1ea1t c\u00f9ng \u0111\u1ed9 \u1ed5n \u0111\u1ecbnh t\u1ed1i \u0111a m\u00e0 kh\u00f4ng l\u00e0m gi\u1ea3m t\u1ed1c \u0111\u1ed9. Thi\u1ebft k\u1ebf \u0111\u1ea7u g\u1eady kh\u00ed \u0111\u1ed9ng h\u1ecdc hi\u1ec7n \u0111\u1ea1i m\u1edbi ti\u1ebfp t\u1ee5c g\u00f3p ph\u1ea7n gia t\u0103ng t\u1ed1c \u0111\u1ed9, \u0111\u1ed3ng th\u1eddi mang l\u1ea1i d\u00e1ng \u0111\u1ee9ng v\u00e0o b\u00f3ng t\u1ef1 tin v\u00e0 d\u1ec5 \u0111\u00e1nh cho golfer.<\/p>","protected":false},"featured_media":18784,"comment_status":"open","ping_status":"closed","template":"","meta":{"_acf_changed":false,"site-sidebar-layout":"default","site-content-layout":"","ast-site-content-layout":"default","site-content-style":"default","site-sidebar-style":"default","ast-global-header-display":"","ast-banner-title-visibility":"","ast-main-header-display":"","ast-hfb-above-header-display":"","ast-hfb-below-header-display":"","ast-hfb-mobile-header-display":"","site-post-title":"","ast-breadcrumbs-content":"","ast-featured-img":"","footer-sml-layout":"","theme-transparent-header-meta":"default","adv-header-id-meta":"","stick-header-meta":"default","header-above-stick-meta":"","header-main-stick-meta":"","header-below-stick-meta":"","astra-migrate-meta-layouts":"set","ast-page-background-enabled":"default","ast-page-background-meta":{"desktop":{"background-color":"","background-image":"","background-repeat":"repeat","background-position":"center center","background-size":"auto","background-attachment":"scroll","background-type":"","background-media":"","overlay-type":"","overlay-color":"","overlay-opacity":"","overlay-gradient":""},"tablet":{"background-color":"","background-image":"","background-repeat":"repeat","background-position":"center center","background-size":"auto","background-attachment":"scroll","background-type":"","background-media":"","overlay-type":"","overlay-color":"","overlay-opacity":"","overlay-gradient":""},"mobile":{"background-color":"","background-image":"","background-repeat":"repeat","background-position":"center center","background-size":"auto","background-attachment":"scroll","background-type":"","background-media":"","overlay-type":"","overlay-color":"","overlay-opacity":"","overlay-gradient":""}},"ast-content-background-meta":{"desktop":{"background-color":"var(--ast-global-color-5)","background-image":"","background-repeat":"repeat","background-position":"center center","background-size":"auto","background-attachment":"scroll","background-type":"","background-media":"","overlay-type":"","overlay-color":"","overlay-opacity":"","overlay-gradient":""},"tablet":{"background-color":"var(--ast-global-color-5)","background-image":"","background-repeat":"repeat","background-position":"center center","background-size":"auto","background-attachment":"scroll","background-type":"","background-media":"","overlay-type":"","overlay-color":"","overlay-opacity":"","overlay-gradient":""},"mobile":{"background-color":"var(--ast-global-color-5)","background-image":"","background-repeat":"repeat","background-position":"center center","background-size":"auto","background-attachment":"scroll","background-type":"","background-media":"","overlay-type":"","overlay-color":"","overlay-opacity":"","overlay-gradient":""}}},"product_brand":[],"product_cat":[71,72,554],"product_tag":[],"class_list":{"0":"post-18783","1":"product","2":"type-product","3":"status-publish","4":"has-post-thumbnail","6":"product_cat-gay-gon","7":"product_cat-driver","8":"product_cat-qi4d","9":"desktop-align-center","10":"tablet-align-center","11":"mobile-align-center","12":"ast-product-gallery-layout-first-image-large","13":"ast-product-single-variable","14":"ast-product-tabs-layout-distributed","16":"first","17":"instock","18":"shipping-taxable","19":"purchasable","20":"product-type-variable"},"acf":[],"_links":{"self":[{"href":"https:\/\/taylormade-golf.vn\/en\/wp-json\/wp\/v2\/product\/18783","targetHints":{"allow":["GET"]}}],"collection":[{"href":"https:\/\/taylormade-golf.vn\/en\/wp-json\/wp\/v2\/product"}],"about":[{"href":"https:\/\/taylormade-golf.vn\/en\/wp-json\/wp\/v2\/types\/product"}],"replies":[{"embeddable":true,"href":"https:\/\/taylormade-golf.vn\/en\/wp-json\/wp\/v2\/comments?post=18783"}],"wp:featuredmedia":[{"embeddable":true,"href":"https:\/\/taylormade-golf.vn\/en\/wp-json\/wp\/v2\/media\/18784"}],"wp:attachment":[{"href":"https:\/\/taylormade-golf.vn\/en\/wp-json\/wp\/v2\/media?parent=18783"}],"wp:term":[{"taxonomy":"product_brand","embeddable":true,"href":"https:\/\/taylormade-golf.vn\/en\/wp-json\/wp\/v2\/product_brand?post=18783"},{"taxonomy":"product_cat","embeddable":true,"href":"https:\/\/taylormade-golf.vn\/en\/wp-json\/wp\/v2\/product_cat?post=18783"},{"taxonomy":"product_tag","embeddable":true,"href":"https:\/\/taylormade-golf.vn\/en\/wp-json\/wp\/v2\/product_tag?post=18783"}],"curies":[{"name":"wp","href":"https:\/\/api.w.org\/{rel}","templated":true}]}}