{"id":18769,"date":"2026-01-29T08:43:33","date_gmt":"2026-01-29T01:43:33","guid":{"rendered":"https:\/\/taylormade-golf.vn\/?post_type=product&#038;p=18769"},"modified":"2026-01-29T10:50:42","modified_gmt":"2026-01-29T03:50:42","slug":"qi4d-ls-driver","status":"publish","type":"product","link":"https:\/\/taylormade-golf.vn\/en\/product\/qi4d-ls-driver\/","title":{"rendered":"Qi4D LS Driver"},"content":{"rendered":"<h2 data-start=\"153\" data-end=\"203\"><strong data-start=\"156\" data-end=\"201\">THI\u1ebeT K\u1ebe T\u1ed0I \u01afU T\u1ed0C \u0110\u1ed8\u00a0<\/strong><\/h2>\n<p data-start=\"204\" data-end=\"476\">Qi4D LS \u0111\u01b0\u1ee3c ph\u00e1t tri\u1ec3n d\u1ef1a tr\u00ean ph\u1ea3n h\u1ed3i chuy\u00ean s\u00e2u t\u1eeb c\u00e1c golfer Tour k\u1ebft h\u1ee3p v\u1edbi ph\u00e2n t\u00edch kh\u00ed \u0111\u1ed9ng h\u1ecdc b\u1eb1ng m\u00f4 ph\u1ecfng CFD, t\u1ea1o n\u00ean <strong data-start=\"338\" data-end=\"388\">\u0111\u1ea7u g\u1eady si\u00eau kh\u00ed \u0111\u1ed9ng h\u1ecdc v\u1edbi t\u1ed1c \u0111\u1ed9 v\u01b0\u1ee3t tr\u1ed9i<\/strong>.<br data-start=\"389\" data-end=\"392\" \/>Qi4D LS l\u00e0 <strong data-start=\"403\" data-end=\"451\">phi\u00ean b\u1ea3n nhanh nh\u1ea5t v\u00e0 c\u00f3 \u0111\u1ed9 spin th\u1ea5p nh\u1ea5t<\/strong> trong to\u00e0n b\u1ed9 d\u00f2ng Qi4D.<\/p>\n<p data-start=\"478\" data-end=\"635\">V\u1edbi nh\u1eefng golfer \u0111\u1ec1 cao kh\u1ea3 n\u0103ng ki\u1ec3m so\u00e1t v\u00e0 c\u1ea3m gi\u00e1c \u0111\u00e1nh, <strong data-start=\"539\" data-end=\"594\">thi\u1ebft k\u1ebf \u0111\u1ea7u g\u1eady mang d\u00e1ng truy\u1ec1n th\u1ed1ng c\u1ee7a Qi4D LS<\/strong> mang l\u1ea1i s\u1ef1 t\u1ef1 tin ngay t\u1eeb khi v\u00e0o b\u00f3ng.<\/p>\n<hr data-start=\"637\" data-end=\"640\" \/>\n<h2 data-start=\"642\" data-end=\"681\">T\u1ed0I \u01afU KHO\u1ea2NG C\u00c1CH V\u00c0 \u0110\u1ed8 \u1ed4N \u0110\u1ecaNH<\/h2>\n<p data-start=\"682\" data-end=\"966\"><br data-start=\"725\" data-end=\"728\" \/>Qi4D LS \u0111\u01b0\u1ee3c trang b\u1ecb <strong data-start=\"750\" data-end=\"783\">b\u00e1n k\u00ednh roll m\u1edbi v\u00e0 c\u1ea3i ti\u1ebfn<\/strong>, gi\u00fap ki\u1ec3m so\u00e1t spin t\u1ed1t h\u01a1n t\u1ea1i c\u00e1c \u0111i\u1ec3m ti\u1ebfp x\u00fac kh\u00e1c nhau theo chi\u1ec1u d\u1ecdc c\u1ee7a m\u1eb7t g\u1eady. Nh\u1edd \u0111\u00f3, c\u00e1c c\u00fa \u0111\u00e1nh tr\u00fang cao ho\u1eb7c th\u1ea5p tr\u00ean m\u1eb7t g\u1eady v\u1eabn duy tr\u00ec <strong data-start=\"938\" data-end=\"965\">\u0111\u1ed9 \u1ed5n \u0111\u1ecbnh v\u00e0 nh\u1ea5t qu\u00e1n<\/strong>.<\/p>\n<p data-start=\"968\" data-end=\"1166\">B\u00ean c\u1ea1nh \u0111\u00f3, <strong data-start=\"981\" data-end=\"1011\">m\u1eb7t g\u1eady carbon Twist Face\u2122<\/strong> gi\u00fap c\u00e1c c\u00fa \u0111\u00e1nh l\u1ec7ch t\u00e2m (heel v\u00e0 toe) \u0111i th\u1eb3ng h\u01a1n, gi\u1ea3m \u0111\u1ed9 ph\u00e2n t\u00e1n. C\u1ea5u tr\u00fac carbon c\u00f2n gi\u00fap ti\u1ebft ki\u1ec7m tr\u1ecdng l\u01b0\u1ee3ng, g\u00f3p ph\u1ea7n gia t\u0103ng <strong data-start=\"1150\" data-end=\"1165\">t\u1ed1c \u0111\u1ed9 b\u00f3ng<\/strong>.<\/p>\n<hr data-start=\"1168\" data-end=\"1171\" \/>\n<h2 data-start=\"1173\" data-end=\"1212\">SHAFT PH\u00d9 H\u1ee2P CHO M\u1eccI KI\u1ec2U SWING<\/h2>\n<p data-start=\"1213\" data-end=\"1490\"><br data-start=\"1240\" data-end=\"1243\" \/>D\u1ef1a tr\u00ean vi\u1ec7c thu th\u1eadp v\u00e0 ph\u00e2n t\u00edch h\u01a1n <strong data-start=\"1283\" data-end=\"1321\">11 tri\u1ec7u c\u00fa \u0111\u00e1nh trong su\u1ed1t 20 n\u0103m<\/strong>, TaylorMade \u0111\u00e3 ph\u00e1t tri\u1ec3n c\u00f4ng ngh\u1ec7 gi\u00fap golfer v\u00e0 fitter x\u00e1c \u0111\u1ecbnh <strong data-start=\"1389\" data-end=\"1431\">\u0111\u1ed9 xoay c\u1ee7a swing t\u1ea1i th\u1eddi \u0111i\u1ec3m impact<\/strong>, t\u1eeb \u0111\u00f3 l\u1ef1a ch\u1ecdn shaft ph\u00f9 h\u1ee3p v\u1edbi t\u1eebng ki\u1ec3u swing c\u00e1 nh\u00e2n.<\/p>\n<p data-start=\"1492\" data-end=\"1688\"><strong data-start=\"1492\" data-end=\"1507\">REAX\u2122 shaft<\/strong> l\u00e0 k\u1ebft qu\u1ea3 t\u1eeb s\u1ef1 k\u1ebft h\u1ee3p gi\u1eefa k\u1ef9 s\u01b0 TaylorMade v\u00e0 chuy\u00ean m\u00f4n v\u1eadt li\u1ec7u h\u00e0ng \u0111\u1ea7u c\u1ee7a <strong data-start=\"1591\" data-end=\"1614\">Mitsubishi Chemical<\/strong>, t\u1ea1o ra c\u00e1c shaft ch\u1ea5t l\u01b0\u1ee3ng cao, ph\u00f9 h\u1ee3p v\u1edbi nhi\u1ec1u ki\u1ec3u swing kh\u00e1c nhau.<\/p>\n<hr data-start=\"1690\" data-end=\"1693\" \/>\n<h2 data-start=\"1695\" data-end=\"1740\">C\u00d4NG NGH\u1ec6 \u0110\u00c3 \u0110\u01af\u1ee2C KI\u1ec2M CH\u1ee8NG TR\u00caN TOUR<\/h2>\n<p data-start=\"1741\" data-end=\"1839\"><br data-start=\"1769\" data-end=\"1772\" \/>Driver Qi4D LS \u1ee9ng d\u1ee5ng c\u00e1c c\u00f4ng ngh\u1ec7 \u0111\u00e3 \u0111\u01b0\u1ee3c ki\u1ec3m ch\u1ee9ng tr\u00ean Tour:<\/p>\n<ul data-start=\"1841\" data-end=\"2132\">\n<li data-start=\"1841\" data-end=\"2002\">\n<p data-start=\"1843\" data-end=\"2002\"><strong data-start=\"1843\" data-end=\"1877\">Speed Pocket\u2122 d\u1ea1ng cut-through<\/strong> \u0111\u01b0\u1ee3c thi\u1ebft k\u1ebf l\u1ea1i, gi\u00fap gi\u1ea3m spin v\u00e0 duy tr\u00ec t\u1ed1c \u0111\u1ed9 b\u00f3ng \u1edf c\u00e1c c\u00fa \u0111\u00e1nh tr\u00fang th\u1ea5p tr\u00ean m\u1eb7t g\u1eady, ngay c\u1ea3 khi \u0111\u00e1nh l\u1ec7ch t\u00e2m.<\/p>\n<\/li>\n<li data-start=\"2003\" data-end=\"2132\">\n<p data-start=\"2005\" data-end=\"2132\"><strong data-start=\"2005\" data-end=\"2029\">C\u1ea5u tr\u00fac \u0111a v\u1eadt li\u1ec7u<\/strong> cho ph\u00e9p ph\u00e2n b\u1ed5 tr\u1ecdng l\u01b0\u1ee3ng m\u1ed9t c\u00e1ch chi\u1ebfn l\u01b0\u1ee3c, t\u1ed1i \u01b0u <strong data-start=\"2087\" data-end=\"2131\">t\u1ed1c \u0111\u1ed9, \u0111\u1ed9 \u1ed5n \u0111\u1ecbnh v\u00e0 hi\u1ec7u su\u1ea5t t\u1ed5ng th\u1ec3<\/strong>.<\/p>\n<\/li>\n<\/ul>","protected":false},"excerpt":{"rendered":"<p>Qi4D LS l\u00e0 phi\u00ean b\u1ea3n \u0111\u1ea7u g\u1eady nhanh nh\u1ea5t v\u00e0 c\u00f3 \u0111\u1ed9 spin th\u1ea5p nh\u1ea5t trong to\u00e0n b\u1ed9 d\u00f2ng s\u1ea3n ph\u1ea9m. Thi\u1ebft k\u1ebf \u0111\u1ea7u g\u1eady \u0111\u01b0\u1ee3c t\u00e1i c\u1ea5u tr\u00fac nh\u1eb1m gi\u1ea3m l\u1ef1c c\u1ea3n kh\u00f4ng kh\u00ed, gi\u00fap t\u1ed1i \u01b0u t\u1ed1c \u0111\u1ed9 \u0111\u1ea7u g\u1eady v\u00e0 gia t\u0103ng kho\u1ea3ng c\u00e1ch. Ki\u1ec3u d\u00e1ng \u0111\u1ea7u g\u1eady truy\u1ec1n th\u1ed1ng ph\u00f9 h\u1ee3p v\u1edbi nh\u1eefng golfer c\u00f3 tr\u00ecnh \u0111\u1ed9 t\u1ed1t, mong mu\u1ed1n khai th\u00e1c t\u1ed1i \u0111a kh\u1ea3 n\u0103ng ki\u1ec3m so\u00e1t v\u00e0 hi\u1ec7u su\u1ea5t thi \u0111\u1ea5u.<\/p>","protected":false},"featured_media":18770,"comment_status":"open","ping_status":"closed","template":"","meta":{"_acf_changed":false,"site-sidebar-layout":"default","site-content-layout":"","ast-site-content-layout":"default","site-content-style":"default","site-sidebar-style":"default","ast-global-header-display":"","ast-banner-title-visibility":"","ast-main-header-display":"","ast-hfb-above-header-display":"","ast-hfb-below-header-display":"","ast-hfb-mobile-header-display":"","site-post-title":"","ast-breadcrumbs-content":"","ast-featured-img":"","footer-sml-layout":"","theme-transparent-header-meta":"default","adv-header-id-meta":"","stick-header-meta":"default","header-above-stick-meta":"","header-main-stick-meta":"","header-below-stick-meta":"","astra-migrate-meta-layouts":"set","ast-page-background-enabled":"default","ast-page-background-meta":{"desktop":{"background-color":"","background-image":"","background-repeat":"repeat","background-position":"center center","background-size":"auto","background-attachment":"scroll","background-type":"","background-media":"","overlay-type":"","overlay-color":"","overlay-opacity":"","overlay-gradient":""},"tablet":{"background-color":"","background-image":"","background-repeat":"repeat","background-position":"center center","background-size":"auto","background-attachment":"scroll","background-type":"","background-media":"","overlay-type":"","overlay-color":"","overlay-opacity":"","overlay-gradient":""},"mobile":{"background-color":"","background-image":"","background-repeat":"repeat","background-position":"center center","background-size":"auto","background-attachment":"scroll","background-type":"","background-media":"","overlay-type":"","overlay-color":"","overlay-opacity":"","overlay-gradient":""}},"ast-content-background-meta":{"desktop":{"background-color":"var(--ast-global-color-5)","background-image":"","background-repeat":"repeat","background-position":"center center","background-size":"auto","background-attachment":"scroll","background-type":"","background-media":"","overlay-type":"","overlay-color":"","overlay-opacity":"","overlay-gradient":""},"tablet":{"background-color":"var(--ast-global-color-5)","background-image":"","background-repeat":"repeat","background-position":"center center","background-size":"auto","background-attachment":"scroll","background-type":"","background-media":"","overlay-type":"","overlay-color":"","overlay-opacity":"","overlay-gradient":""},"mobile":{"background-color":"var(--ast-global-color-5)","background-image":"","background-repeat":"repeat","background-position":"center center","background-size":"auto","background-attachment":"scroll","background-type":"","background-media":"","overlay-type":"","overlay-color":"","overlay-opacity":"","overlay-gradient":""}}},"product_brand":[],"product_cat":[71,72,554],"product_tag":[],"class_list":{"0":"post-18769","1":"product","2":"type-product","3":"status-publish","4":"has-post-thumbnail","6":"product_cat-gay-gon","7":"product_cat-driver","8":"product_cat-qi4d","9":"desktop-align-center","10":"tablet-align-center","11":"mobile-align-center","12":"ast-product-gallery-layout-first-image-large","13":"ast-product-single-variable","14":"ast-product-tabs-layout-distributed","16":"first","17":"instock","18":"shipping-taxable","19":"purchasable","20":"product-type-variable"},"acf":[],"_links":{"self":[{"href":"https:\/\/taylormade-golf.vn\/en\/wp-json\/wp\/v2\/product\/18769","targetHints":{"allow":["GET"]}}],"collection":[{"href":"https:\/\/taylormade-golf.vn\/en\/wp-json\/wp\/v2\/product"}],"about":[{"href":"https:\/\/taylormade-golf.vn\/en\/wp-json\/wp\/v2\/types\/product"}],"replies":[{"embeddable":true,"href":"https:\/\/taylormade-golf.vn\/en\/wp-json\/wp\/v2\/comments?post=18769"}],"wp:featuredmedia":[{"embeddable":true,"href":"https:\/\/taylormade-golf.vn\/en\/wp-json\/wp\/v2\/media\/18770"}],"wp:attachment":[{"href":"https:\/\/taylormade-golf.vn\/en\/wp-json\/wp\/v2\/media?parent=18769"}],"wp:term":[{"taxonomy":"product_brand","embeddable":true,"href":"https:\/\/taylormade-golf.vn\/en\/wp-json\/wp\/v2\/product_brand?post=18769"},{"taxonomy":"product_cat","embeddable":true,"href":"https:\/\/taylormade-golf.vn\/en\/wp-json\/wp\/v2\/product_cat?post=18769"},{"taxonomy":"product_tag","embeddable":true,"href":"https:\/\/taylormade-golf.vn\/en\/wp-json\/wp\/v2\/product_tag?post=18769"}],"curies":[{"name":"wp","href":"https:\/\/api.w.org\/{rel}","templated":true}]}}