{"id":18753,"date":"2026-01-29T08:33:43","date_gmt":"2026-01-29T01:33:43","guid":{"rendered":"https:\/\/taylormade-golf.vn\/?post_type=product&#038;p=18753"},"modified":"2026-01-29T08:33:44","modified_gmt":"2026-01-29T01:33:44","slug":"qi4d-driver","status":"publish","type":"product","link":"https:\/\/taylormade-golf.vn\/en\/product\/qi4d-driver\/","title":{"rendered":"Qi4D Driver"},"content":{"rendered":"<h2 data-start=\"147\" data-end=\"197\"><strong data-start=\"150\" data-end=\"195\">THI\u1ebeT K\u1ebe T\u1ed0I \u01afU T\u1ed0C \u0110\u1ed8 (SHAPED FOR SPEED)<\/strong><\/h2>\n<p data-start=\"198\" data-end=\"552\">H\u00e0ng lo\u1ea1t m\u00f4 ph\u1ecfng v\u00e0 ph\u1ea3n h\u1ed3i t\u1eeb nh\u1eefng golfer h\u00e0ng \u0111\u1ea7u th\u1ebf gi\u1edbi \u0111\u00e3 t\u1ea1o n\u00ean <strong data-start=\"274\" data-end=\"316\">thi\u1ebft k\u1ebf ho\u00e0n to\u00e0n m\u1edbi c\u1ee7a driver Qi4D<\/strong>. \u0110\u1ea7u g\u1eady \u0111\u01b0\u1ee3c t\u00e1i c\u1ea5u tr\u00fac v\u1edbi c\u00e1c \u0111\u1eb7c t\u00ednh kh\u00ed \u0111\u1ed9ng h\u1ecdc ti\u00ean ti\u1ebfn, gi\u00fap <strong data-start=\"390\" data-end=\"426\">gi\u1ea3m l\u1ef1c c\u1ea3n v\u00e0 t\u0103ng t\u1ed1c \u0111\u1ed9 b\u00f3ng<\/strong>.<br data-start=\"427\" data-end=\"430\" \/>Thi\u1ebft k\u1ebf n\u00e0y mang l\u1ea1i s\u1ef1 c\u00e2n b\u1eb1ng l\u00fd t\u01b0\u1edfng gi\u1eefa <strong data-start=\"478\" data-end=\"502\">\u0111\u1ed9 \u1ed5n \u0111\u1ecbnh v\u00e0 t\u1ed1c \u0111\u1ed9<\/strong>, gi\u00fap golfer swing nhanh h\u01a1n v\u00e0 \u0111\u00e1nh b\u00f3ng xa h\u01a1n.<\/p>\n<hr data-start=\"554\" data-end=\"557\" \/>\n<h2 data-start=\"559\" data-end=\"598\">T\u1ed0I \u01afU KHO\u1ea2NG C\u00c1CH V\u00c0 \u0110\u1ed8 \u1ed4N \u0110\u1ecaNH<\/h2>\n<p data-start=\"599\" data-end=\"880\"><br data-start=\"642\" data-end=\"645\" \/>Qi4D \u0111\u01b0\u1ee3c trang b\u1ecb <strong data-start=\"664\" data-end=\"697\">b\u00e1n k\u00ednh roll m\u1edbi v\u00e0 c\u1ea3i ti\u1ebfn<\/strong>, gi\u00fap ki\u1ec3m so\u00e1t spin t\u1ed1t h\u01a1n t\u1ea1i c\u00e1c \u0111i\u1ec3m ti\u1ebfp x\u00fac kh\u00e1c nhau theo chi\u1ec1u d\u1ecdc c\u1ee7a m\u1eb7t g\u1eady. Nh\u1edd \u0111\u00f3, c\u00e1c c\u00fa \u0111\u00e1nh tr\u00fang cao ho\u1eb7c th\u1ea5p tr\u00ean m\u1eb7t g\u1eady v\u1eabn duy tr\u00ec <strong data-start=\"852\" data-end=\"879\">\u0111\u1ed9 \u1ed5n \u0111\u1ecbnh v\u00e0 nh\u1ea5t qu\u00e1n<\/strong>.<\/p>\n<p data-start=\"882\" data-end=\"1080\">B\u00ean c\u1ea1nh \u0111\u00f3, <strong data-start=\"895\" data-end=\"925\">m\u1eb7t g\u1eady carbon Twist Face\u2122<\/strong> gi\u00fap c\u00e1c c\u00fa \u0111\u00e1nh l\u1ec7ch t\u00e2m (heel v\u00e0 toe) \u0111i th\u1eb3ng h\u01a1n, gi\u1ea3m \u0111\u1ed9 ph\u00e2n t\u00e1n. C\u1ea5u tr\u00fac carbon c\u00f2n gi\u00fap ti\u1ebft ki\u1ec7m tr\u1ecdng l\u01b0\u1ee3ng, g\u00f3p ph\u1ea7n gia t\u0103ng <strong data-start=\"1064\" data-end=\"1079\">t\u1ed1c \u0111\u1ed9 b\u00f3ng<\/strong>.<\/p>\n<hr data-start=\"1082\" data-end=\"1085\" \/>\n<h2 data-start=\"1087\" data-end=\"1148\"><strong data-start=\"1090\" data-end=\"1146\">KH\u1ea2 N\u0102NG \u0110I\u1ec0U CH\u1ec8NH T\u1ed0I \u01afU\u00a0<\/strong><\/h2>\n<p data-start=\"1149\" data-end=\"1359\">Driver Qi4D \u0111\u01b0\u1ee3c trang b\u1ecb <strong data-start=\"1175\" data-end=\"1248\">4 tr\u1ecdng l\u01b0\u1ee3ng \u0111i\u1ec1u ch\u1ec9nh qu\u1ef9 \u0111\u1ea1o (Trajectory Adjustment System \u2013 TAS)<\/strong> g\u1ed3m <strong data-start=\"1253\" data-end=\"1293\">2 tr\u1ecdng l\u01b0\u1ee3ng 9g v\u00e0 2 tr\u1ecdng l\u01b0\u1ee3ng 4g<\/strong>, cho ph\u00e9p \u0111i\u1ec1u ch\u1ec9nh qu\u1ef9 \u0111\u1ea1o b\u00f3ng v\u00e0 spin m\u1ed9t c\u00e1ch hi\u1ec7u qu\u1ea3 nh\u1ea5t.<\/p>\n<p data-start=\"1361\" data-end=\"1476\">Ngo\u00e0i ra, <strong data-start=\"1371\" data-end=\"1392\">\u1ed1ng ch\u1ec9nh loft 4\u00b0<\/strong> gi\u00fap tinh ch\u1ec9nh <strong data-start=\"1409\" data-end=\"1437\">loft, lie v\u00e0 g\u00f3c m\u1eb7t g\u1eady<\/strong>, t\u1ed1i \u01b0u qu\u1ef9 \u0111\u1ea1o b\u00f3ng theo t\u1eebng golfer.<\/p>\n<p data-start=\"1478\" data-end=\"1617\">\u0110\u1ed1i v\u1edbi nhu c\u1ea7u fitting ch\u00ednh x\u00e1c cao, golfer c\u00f3 th\u1ec3 n\u00e2ng c\u1ea5p <strong data-start=\"1540\" data-end=\"1555\">\u0111\u1ea7u g\u1eady LME<\/strong> v\u1edbi c\u00e1c \u0111i\u1ec3m ph\u1ea3n quang, t\u01b0\u01a1ng th\u00edch v\u1edbi h\u1ec7 th\u1ed1ng \u0111o GC Quad.<\/p>\n<hr data-start=\"1619\" data-end=\"1622\" \/>\n<h2 data-start=\"1624\" data-end=\"1677\"><strong data-start=\"1627\" data-end=\"1675\">GIA T\u0102NG KHO\u1ea2NG C\u00c1CH\u00a0<\/strong><\/h2>\n<p data-start=\"1678\" data-end=\"1803\">Khi \u0111\u1eb7t <strong data-start=\"1686\" data-end=\"1723\">hai tr\u1ecdng l\u01b0\u1ee3ng n\u1eb7ng \u1edf ph\u00eda tr\u01b0\u1edbc<\/strong>, Qi4D gi\u00fap <strong data-start=\"1735\" data-end=\"1768\">gi\u1ea3m spin v\u00e0 t\u0103ng kho\u1ea3ng c\u00e1ch<\/strong>, mang l\u1ea1i hi\u1ec7u su\u1ea5t t\u1ed1i \u0111a t\u1eeb tee.<\/p>\n<hr data-start=\"1805\" data-end=\"1808\" \/>\n<h2 data-start=\"1810\" data-end=\"1877\"><strong data-start=\"1813\" data-end=\"1875\">SHAFT PH\u00d9 H\u1ee2P CHO M\u1eccI KI\u1ec2U SWING\u00a0<\/strong><\/h2>\n<p data-start=\"1878\" data-end=\"2192\">D\u1ef1a tr\u00ean vi\u1ec7c thu th\u1eadp v\u00e0 ph\u00e2n t\u00edch h\u01a1n <strong data-start=\"1918\" data-end=\"1951\">11 tri\u1ec7u c\u00fa \u0111\u00e1nh trong 20 n\u0103m<\/strong>, TaylorMade ph\u00e1t tri\u1ec3n c\u00f4ng ngh\u1ec7 gi\u00fap x\u00e1c \u0111\u1ecbnh <strong data-start=\"1999\" data-end=\"2042\">\u0111\u1ed9 xoay c\u1ee7a golfer t\u1ea1i th\u1eddi \u0111i\u1ec3m impact<\/strong>, t\u1eeb \u0111\u00f3 l\u1ef1a ch\u1ecdn shaft ph\u00f9 h\u1ee3p v\u1edbi t\u1eebng ki\u1ec3u swing.<br data-start=\"2093\" data-end=\"2096\" \/>Nghi\u00ean c\u1ee9u cho th\u1ea5y ph\u1ea7n l\u1edbn golfer thu\u1ed9c m\u1ed9t trong ba nh\u00f3m: <strong data-start=\"2157\" data-end=\"2191\">xoay cao, trung b\u00ecnh ho\u1eb7c th\u1ea5p<\/strong>.<\/p>\n<p data-start=\"2194\" data-end=\"2398\"><strong data-start=\"2194\" data-end=\"2209\">REAX\u2122 shaft<\/strong> l\u00e0 k\u1ebft qu\u1ea3 h\u1ee3p t\u00e1c gi\u1eefa k\u1ef9 s\u01b0 TaylorMade v\u00e0 <strong data-start=\"2254\" data-end=\"2277\">Mitsubishi Chemical<\/strong>, s\u1eed d\u1ee5ng v\u1eadt li\u1ec7u v\u00e0 quy tr\u00ecnh s\u1ea3n xu\u1ea5t h\u00e0ng \u0111\u1ea7u \u0111\u1ec3 t\u1ea1o ra shaft ch\u1ea5t l\u01b0\u1ee3ng cao, ph\u00f9 h\u1ee3p v\u1edbi nhi\u1ec1u ki\u1ec3u swing kh\u00e1c nhau.<\/p>\n<hr data-start=\"2400\" data-end=\"2403\" \/>\n<h2 data-start=\"2405\" data-end=\"2447\">C\u00d4NG NGH\u1ec6 \u0110\u01af\u1ee2C KI\u1ec2M CH\u1ee8NG TR\u00caN TOUR<\/h2>\n<p data-start=\"2448\" data-end=\"2536\"><br data-start=\"2476\" data-end=\"2479\" \/>Qi4D \u1ee9ng d\u1ee5ng c\u00e1c c\u00f4ng ngh\u1ec7 \u0111\u00e3 \u0111\u01b0\u1ee3c ki\u1ec3m ch\u1ee9ng tr\u00ean Tour:<\/p>\n<ul data-start=\"2538\" data-end=\"2829\">\n<li data-start=\"2538\" data-end=\"2672\">\n<p data-start=\"2540\" data-end=\"2672\"><strong data-start=\"2540\" data-end=\"2574\">Speed Pocket\u2122 d\u1ea1ng cut-through<\/strong> \u0111\u01b0\u1ee3c thi\u1ebft k\u1ebf l\u1ea1i, gi\u00fap gi\u1ea3m spin v\u00e0 duy tr\u00ec t\u1ed1c \u0111\u1ed9 b\u00f3ng \u1edf c\u00e1c c\u00fa \u0111\u00e1nh tr\u00fang th\u1ea5p tr\u00ean m\u1eb7t g\u1eady.<\/p>\n<\/li>\n<li data-start=\"2673\" data-end=\"2829\">\n<p data-start=\"2675\" data-end=\"2829\"><strong data-start=\"2675\" data-end=\"2699\">C\u1ea5u tr\u00fac \u0111a v\u1eadt li\u1ec7u<\/strong> cho ph\u00e9p ph\u00e2n b\u1ed5 tr\u1ecdng l\u01b0\u1ee3ng chi\u1ebfn l\u01b0\u1ee3c, t\u1ed1i \u01b0u <strong data-start=\"2748\" data-end=\"2792\">t\u1ed1c \u0111\u1ed9, \u0111\u1ed9 \u1ed5n \u0111\u1ecbnh v\u00e0 hi\u1ec7u su\u1ea5t t\u1ed5ng th\u1ec3<\/strong>, k\u1ec3 c\u1ea3 trong nh\u1eefng c\u00fa \u0111\u00e1nh l\u1ec7ch t\u00e2m.<\/p>\n<\/li>\n<\/ul>\n<p>&nbsp;<\/p>","protected":false},"excerpt":{"rendered":"<p>G\u1eady driver Qi4D s\u1edf h\u1eefu thi\u1ebft k\u1ebf h\u00ecnh d\u00e1ng \u0111\u01b0\u1ee3c tinh ch\u1ec9nh, c\u1ea5u tr\u00fac \u0111a v\u1eadt li\u1ec7u, m\u1eb7t g\u1eady nhanh h\u01a1n v\u1edbi b\u00e1n k\u00ednh roll \u0111\u01b0\u1ee3c c\u1ea3i ti\u1ebfn, c\u00f9ng h\u1ec7 th\u1ed1ng 4 tr\u1ecdng l\u01b0\u1ee3ng \u0111i\u1ec1u ch\u1ec9nh qu\u1ef9 \u0111\u1ea1o (TAS), mang \u0111\u1ebfn s\u1ef1 c\u00e2n b\u1eb1ng ho\u00e0n h\u1ea3o gi\u1eefa t\u1ed1c \u0111\u1ed9 v\u00e0 \u0111\u1ed9 \u1ed5n \u0111\u1ecbnh ngay t\u1eeb c\u00fa ph\u00e1t b\u00f3ng<\/p>","protected":false},"featured_media":18754,"comment_status":"open","ping_status":"closed","template":"","meta":{"_acf_changed":false,"site-sidebar-layout":"default","site-content-layout":"","ast-site-content-layout":"default","site-content-style":"default","site-sidebar-style":"default","ast-global-header-display":"","ast-banner-title-visibility":"","ast-main-header-display":"","ast-hfb-above-header-display":"","ast-hfb-below-header-display":"","ast-hfb-mobile-header-display":"","site-post-title":"","ast-breadcrumbs-content":"","ast-featured-img":"","footer-sml-layout":"","theme-transparent-header-meta":"default","adv-header-id-meta":"","stick-header-meta":"default","header-above-stick-meta":"","header-main-stick-meta":"","header-below-stick-meta":"","astra-migrate-meta-layouts":"set","ast-page-background-enabled":"default","ast-page-background-meta":{"desktop":{"background-color":"","background-image":"","background-repeat":"repeat","background-position":"center center","background-size":"auto","background-attachment":"scroll","background-type":"","background-media":"","overlay-type":"","overlay-color":"","overlay-opacity":"","overlay-gradient":""},"tablet":{"background-color":"","background-image":"","background-repeat":"repeat","background-position":"center center","background-size":"auto","background-attachment":"scroll","background-type":"","background-media":"","overlay-type":"","overlay-color":"","overlay-opacity":"","overlay-gradient":""},"mobile":{"background-color":"","background-image":"","background-repeat":"repeat","background-position":"center center","background-size":"auto","background-attachment":"scroll","background-type":"","background-media":"","overlay-type":"","overlay-color":"","overlay-opacity":"","overlay-gradient":""}},"ast-content-background-meta":{"desktop":{"background-color":"var(--ast-global-color-5)","background-image":"","background-repeat":"repeat","background-position":"center center","background-size":"auto","background-attachment":"scroll","background-type":"","background-media":"","overlay-type":"","overlay-color":"","overlay-opacity":"","overlay-gradient":""},"tablet":{"background-color":"var(--ast-global-color-5)","background-image":"","background-repeat":"repeat","background-position":"center center","background-size":"auto","background-attachment":"scroll","background-type":"","background-media":"","overlay-type":"","overlay-color":"","overlay-opacity":"","overlay-gradient":""},"mobile":{"background-color":"var(--ast-global-color-5)","background-image":"","background-repeat":"repeat","background-position":"center center","background-size":"auto","background-attachment":"scroll","background-type":"","background-media":"","overlay-type":"","overlay-color":"","overlay-opacity":"","overlay-gradient":""}}},"product_brand":[],"product_cat":[71,72,554],"product_tag":[],"class_list":{"0":"post-18753","1":"product","2":"type-product","3":"status-publish","4":"has-post-thumbnail","6":"product_cat-gay-gon","7":"product_cat-driver","8":"product_cat-qi4d","9":"desktop-align-center","10":"tablet-align-center","11":"mobile-align-center","12":"ast-product-gallery-layout-first-image-large","13":"ast-product-single-variable","14":"ast-product-tabs-layout-distributed","16":"first","17":"instock","18":"shipping-taxable","19":"purchasable","20":"product-type-variable"},"acf":[],"_links":{"self":[{"href":"https:\/\/taylormade-golf.vn\/en\/wp-json\/wp\/v2\/product\/18753","targetHints":{"allow":["GET"]}}],"collection":[{"href":"https:\/\/taylormade-golf.vn\/en\/wp-json\/wp\/v2\/product"}],"about":[{"href":"https:\/\/taylormade-golf.vn\/en\/wp-json\/wp\/v2\/types\/product"}],"replies":[{"embeddable":true,"href":"https:\/\/taylormade-golf.vn\/en\/wp-json\/wp\/v2\/comments?post=18753"}],"wp:featuredmedia":[{"embeddable":true,"href":"https:\/\/taylormade-golf.vn\/en\/wp-json\/wp\/v2\/media\/18754"}],"wp:attachment":[{"href":"https:\/\/taylormade-golf.vn\/en\/wp-json\/wp\/v2\/media?parent=18753"}],"wp:term":[{"taxonomy":"product_brand","embeddable":true,"href":"https:\/\/taylormade-golf.vn\/en\/wp-json\/wp\/v2\/product_brand?post=18753"},{"taxonomy":"product_cat","embeddable":true,"href":"https:\/\/taylormade-golf.vn\/en\/wp-json\/wp\/v2\/product_cat?post=18753"},{"taxonomy":"product_tag","embeddable":true,"href":"https:\/\/taylormade-golf.vn\/en\/wp-json\/wp\/v2\/product_tag?post=18753"}],"curies":[{"name":"wp","href":"https:\/\/api.w.org\/{rel}","templated":true}]}}