{"id":18746,"date":"2026-01-27T11:53:03","date_gmt":"2026-01-27T04:53:03","guid":{"rendered":"https:\/\/taylormade-golf.vn\/?post_type=product&#038;p=18746"},"modified":"2026-01-27T11:53:05","modified_gmt":"2026-01-27T04:53:05","slug":"binh-nuoc-the-thao","status":"publish","type":"product","link":"https:\/\/taylormade-golf.vn\/en\/product\/binh-nuoc-the-thao\/","title":{"rendered":"B\u00ecnh N\u01b0\u1edbc Th\u1ec3 Thao"},"content":{"rendered":"<p data-start=\"87\" data-end=\"379\">Gi\u1eef th\u1ee9c u\u1ed1ng c\u1ee7a b\u1ea1n \u1edf nhi\u1ec7t \u0111\u1ed9 l\u00fd t\u01b0\u1edfng su\u1ed1t m\u1ecdi v\u00f2ng ch\u01a1i v\u1edbi b\u00ecnh n\u01b0\u1edbc th\u1ec3 thao TaylorMade \u2014 b\u1ec1n b\u1ec9, tinh t\u1ebf v\u00e0 \u0111\u1ea7y phong c\u00e1ch. Thi\u1ebft k\u1ebf d\u00e0nh ri\u00eang cho golfer, b\u00ecnh gi\u00fap gi\u1eef n\u00f3ng ho\u1eb7c l\u1ea1nh hi\u1ec7u qu\u1ea3 v\u00e0 v\u1eeba kh\u00edt v\u1edbi h\u1ea7u h\u1ebft khay \u0111\u1ec3 c\u1ed1c ho\u1eb7c khe \u0111\u1ef1ng \u0111\u1ed3 tr\u00ean xe golf.<\/p>\n<p data-start=\"381\" data-end=\"399\"><strong data-start=\"381\" data-end=\"399\">Th\u00f4ng s\u1ed1 ch\u00ednh<\/strong><\/p>\n<ul data-start=\"401\" data-end=\"701\">\n<li data-start=\"401\" data-end=\"446\">\n<p data-start=\"403\" data-end=\"446\"><strong data-start=\"403\" data-end=\"417\">Dung t\u00edch:<\/strong>\u00a020 fl. oz. (kho\u1ea3ng 590 ml)<\/p>\n<\/li>\n<li data-start=\"447\" data-end=\"480\">\n<p data-start=\"449\" data-end=\"480\"><strong data-start=\"449\" data-end=\"460\">B\u1ec1 m\u1eb7t:<\/strong>\u00a0Ph\u1ee7 m\u1edd sang tr\u1ecdng<\/p>\n<\/li>\n<li data-start=\"481\" data-end=\"519\">\n<p data-start=\"483\" data-end=\"519\"><strong data-start=\"483\" data-end=\"497\">Ki\u1ec3u d\u00e1ng:<\/strong>\u00a0H\u00ecnh tr\u00f2n, g\u1ecdn g\u00e0ng<\/p>\n<\/li>\n<li data-start=\"520\" data-end=\"622\">\n<p data-start=\"522\" data-end=\"622\"><strong data-start=\"522\" data-end=\"536\">Material:<\/strong>\u00a0Th\u00e9p kh\u00f4ng g\u1ec9 cao c\u1ea5p, kh\u00f4ng ch\u1ee9a BPA, BPS, PVC, BPF v\u00e0 DEHP \u2014 an to\u00e0n cho s\u1ee9c kh\u1ecfe<\/p>\n<\/li>\n<li data-start=\"623\" data-end=\"701\">\n<p data-start=\"625\" data-end=\"701\"><strong data-start=\"625\" data-end=\"647\">H\u01b0\u1edbng d\u1eabn v\u1ec7 sinh:<\/strong>\u00a0Ch\u1ec9 r\u1eeda b\u1eb1ng tay \u0111\u1ec3 gi\u1eef \u0111\u1ed9 b\u1ec1n v\u00e0 ch\u1ea5t l\u01b0\u1ee3ng t\u1ed1t nh\u1ea5t<\/p>\n<\/li>\n<\/ul>","protected":false},"excerpt":{"rendered":"<p>Gi\u1eef th\u1ee9c u\u1ed1ng c\u1ee7a b\u1ea1n \u1edf nhi\u1ec7t \u0111\u1ed9 l\u00fd t\u01b0\u1edfng su\u1ed1t m\u1ecdi v\u00f2ng ch\u01a1i v\u1edbi b\u00ecnh n\u01b0\u1edbc th\u1ec3 thao TaylorMade \u2014 b\u1ec1n b\u1ec9, tinh t\u1ebf v\u00e0 \u0111\u1ea7y phong c\u00e1ch. Thi\u1ebft k\u1ebf d\u00e0nh ri\u00eang cho golfer, b\u00ecnh gi\u00fap gi\u1eef n\u00f3ng ho\u1eb7c l\u1ea1nh hi\u1ec7u qu\u1ea3 v\u00e0 v\u1eeba kh\u00edt v\u1edbi h\u1ea7u h\u1ebft khay \u0111\u1ec3 c\u1ed1c ho\u1eb7c khe \u0111\u1ef1ng [&hellip;]<\/p>","protected":false},"featured_media":18747,"comment_status":"open","ping_status":"closed","template":"","meta":{"_acf_changed":false,"site-sidebar-layout":"default","site-content-layout":"","ast-site-content-layout":"default","site-content-style":"default","site-sidebar-style":"default","ast-global-header-display":"","ast-banner-title-visibility":"","ast-main-header-display":"","ast-hfb-above-header-display":"","ast-hfb-below-header-display":"","ast-hfb-mobile-header-display":"","site-post-title":"","ast-breadcrumbs-content":"","ast-featured-img":"","footer-sml-layout":"","theme-transparent-header-meta":"default","adv-header-id-meta":"","stick-header-meta":"default","header-above-stick-meta":"","header-main-stick-meta":"","header-below-stick-meta":"","astra-migrate-meta-layouts":"set","ast-page-background-enabled":"default","ast-page-background-meta":{"desktop":{"background-color":"","background-image":"","background-repeat":"repeat","background-position":"center center","background-size":"auto","background-attachment":"scroll","background-type":"","background-media":"","overlay-type":"","overlay-color":"","overlay-opacity":"","overlay-gradient":""},"tablet":{"background-color":"","background-image":"","background-repeat":"repeat","background-position":"center center","background-size":"auto","background-attachment":"scroll","background-type":"","background-media":"","overlay-type":"","overlay-color":"","overlay-opacity":"","overlay-gradient":""},"mobile":{"background-color":"","background-image":"","background-repeat":"repeat","background-position":"center center","background-size":"auto","background-attachment":"scroll","background-type":"","background-media":"","overlay-type":"","overlay-color":"","overlay-opacity":"","overlay-gradient":""}},"ast-content-background-meta":{"desktop":{"background-color":"var(--ast-global-color-5)","background-image":"","background-repeat":"repeat","background-position":"center center","background-size":"auto","background-attachment":"scroll","background-type":"","background-media":"","overlay-type":"","overlay-color":"","overlay-opacity":"","overlay-gradient":""},"tablet":{"background-color":"var(--ast-global-color-5)","background-image":"","background-repeat":"repeat","background-position":"center center","background-size":"auto","background-attachment":"scroll","background-type":"","background-media":"","overlay-type":"","overlay-color":"","overlay-opacity":"","overlay-gradient":""},"mobile":{"background-color":"var(--ast-global-color-5)","background-image":"","background-repeat":"repeat","background-position":"center center","background-size":"auto","background-attachment":"scroll","background-type":"","background-media":"","overlay-type":"","overlay-color":"","overlay-opacity":"","overlay-gradient":""}}},"product_brand":[],"product_cat":[91],"product_tag":[],"class_list":{"0":"post-18746","1":"product","2":"type-product","3":"status-publish","4":"has-post-thumbnail","6":"product_cat-phu-kien","7":"desktop-align-center","8":"tablet-align-center","9":"mobile-align-center","10":"ast-product-gallery-layout-first-image-large","11":"ast-product-tabs-layout-distributed","13":"first","14":"instock","15":"shipping-taxable","16":"purchasable","17":"product-type-simple"},"acf":[],"_links":{"self":[{"href":"https:\/\/taylormade-golf.vn\/en\/wp-json\/wp\/v2\/product\/18746","targetHints":{"allow":["GET"]}}],"collection":[{"href":"https:\/\/taylormade-golf.vn\/en\/wp-json\/wp\/v2\/product"}],"about":[{"href":"https:\/\/taylormade-golf.vn\/en\/wp-json\/wp\/v2\/types\/product"}],"replies":[{"embeddable":true,"href":"https:\/\/taylormade-golf.vn\/en\/wp-json\/wp\/v2\/comments?post=18746"}],"wp:featuredmedia":[{"embeddable":true,"href":"https:\/\/taylormade-golf.vn\/en\/wp-json\/wp\/v2\/media\/18747"}],"wp:attachment":[{"href":"https:\/\/taylormade-golf.vn\/en\/wp-json\/wp\/v2\/media?parent=18746"}],"wp:term":[{"taxonomy":"product_brand","embeddable":true,"href":"https:\/\/taylormade-golf.vn\/en\/wp-json\/wp\/v2\/product_brand?post=18746"},{"taxonomy":"product_cat","embeddable":true,"href":"https:\/\/taylormade-golf.vn\/en\/wp-json\/wp\/v2\/product_cat?post=18746"},{"taxonomy":"product_tag","embeddable":true,"href":"https:\/\/taylormade-golf.vn\/en\/wp-json\/wp\/v2\/product_tag?post=18746"}],"curies":[{"name":"wp","href":"https:\/\/api.w.org\/{rel}","templated":true}]}}