{"id":18645,"date":"2025-12-18T11:22:07","date_gmt":"2025-12-18T04:22:07","guid":{"rendered":"https:\/\/taylormade-golf.vn\/?post_type=product&#038;p=18645"},"modified":"2025-12-18T11:22:07","modified_gmt":"2025-12-18T04:22:07","slug":"bo-gay-wedge-tm25-tmxorbr","status":"publish","type":"product","link":"https:\/\/taylormade-golf.vn\/en\/product\/bo-gay-wedge-tm25-tmxorbr\/","title":{"rendered":"B\u1ed9 G\u1eady Wedge TM25 TM\u00d7ORBR"},"content":{"rendered":"<p><strong><span data-markdown-start-index=\"1226\">WEDGE \u2018TM25 TMxORBR MG5\u2019: DNA \u0110\u01af\u1edcNG \u0110UA, KI\u1ec2M SO\u00c1T T\u1ed0I TH\u01af\u1ee2NG<\/span><\/strong><\/p>\n<p><span data-markdown-start-index=\"453\">Khi m\u1ef9 h\u1ecdc c\u1ee7a t\u1ed1c \u0111\u1ed9 \u0111\u01b0\u1ee3c kh\u1eafc h\u1ecda tr\u00ean ki\u1ec7t t\u00e1c wedge MG5. \u0110\u1ea7u g\u1eady r\u00e8n nguy\u00ean kh\u1ed1i t\u1ecfa s\u00e1ng v\u1edbi s\u1eafc xanh Racing Blue bi\u1ec3u t\u01b0\u1ee3ng, trong khi logo MG5 v\u1edbi hai m\u00e0u \u0111\u1ecf v\u00e0 tr\u1eafng t\u01b0\u01a1ng ph\u1ea3n, ph\u1ea3n chi\u1ebfu ni\u1ec1m \u0111am m\u00ea t\u1ed1c \u0111\u1ed9 v\u00e0 kh\u00e1t khao s\u1ef1 ch\u00ednh x\u00e1c c\u1ee7a m\u1ed7i golfer.<\/span><\/p>\n<p><span data-markdown-start-index=\"711\">L\u1ea5y c\u1ea3m h\u1ee9ng t\u1eeb h\u1ec7 th\u1ed1ng ph\u00e2n lo\u1ea1i h\u1ee3p ch\u1ea5t l\u1ed1p xe \u0111ua, c\u00e1c chi ti\u1ebft m\u00e0u s\u1eafc \u0111\u01b0\u1ee3c \u0111i\u1ec3m xuy\u1ebft tinh t\u1ebf tr\u00ean c\u1ed5 g\u1eady (hosel) v\u00e0 ch\u1ec9 s\u1ed1 \u0111\u1ed9 m\u1edf:<\/span><\/p>\n<ul>\n<li><strong><span data-markdown-start-index=\"854\">52\u00b0 (Tr\u1eafng):<\/span><\/strong><span data-markdown-start-index=\"871\">\u00a0T\u01b0\u1ee3ng tr\u01b0ng cho h\u1ee3p ch\u1ea5t l\u1ed1p C\u1ee9ng (Hard).<\/span><\/li>\n<li><strong><span data-markdown-start-index=\"916\">56\u00b0 (V\u00e0ng):<\/span><\/strong><span data-markdown-start-index=\"931\">\u00a0T\u01b0\u1ee3ng tr\u01b0ng cho h\u1ee3p ch\u1ea5t Trung b\u00ecnh (Medium).<\/span><\/li>\n<li><strong><span data-markdown-start-index=\"981\">60\u00b0 (\u0110\u1ecf):<\/span><\/strong><span data-markdown-start-index=\"996\">\u00a0T\u01b0\u1ee3ng tr\u01b0ng cho h\u1ee3p ch\u1ea5t M\u1ec1m (Soft).<\/span><\/li>\n<\/ul>\n<p><span data-markdown-start-index=\"1030\">M\u1ed9t thi\u1ebft k\u1ebf \u0111\u1ed9c quy\u1ec1n, sinh ra t\u1eeb cu\u1ed9c \u0111ua \u0111\u1ebfn s\u1ef1 ho\u00e0n h\u1ea3o v\u1ec1 t\u1ed1c \u0111\u1ed9 v\u00e0 \u0111\u1ed9 ch\u00ednh x\u00e1c \u2013 x\u1ee9ng t\u1ea7m v\u1edbi m\u1ed9t b\u1ed9 s\u01b0u t\u1eadp huy\u1ec1n tho\u1ea1i.<\/p>\n<p><\/span><\/p>\n<p><strong><span data-markdown-start-index=\"325\">B\u1ea2N GIAO H\u01af\u1edeNG C\u1ee6A HAI HUY\u1ec0N THO\u1ea0I<\/span><\/strong><\/p>\n<p><span data-markdown-start-index=\"362\">Bi\u1ec3u t\u01b0\u1ee3ng \u201cORBR\u201d \u0111\u01b0\u1ee3c kh\u1eafc ghi \u0111\u1ea7y ki\u00eau h\u00e3nh tr\u00ean m\u1eb7t sau g\u1eady, trong khi di s\u1ea3n \u201cTaylorMade\u201d kh\u1eb3ng \u0111\u1ecbnh v\u1ecb th\u1ebf tr\u00ean ph\u1ea7n c\u1ed5 g\u1eady.<\/span><\/p>\n<p><span data-markdown-start-index=\"492\">B\u1edfi ch\u00fang t\u00f4i tin r\u1eb1ng, s\u1ef1 ho\u00e0n h\u1ea3o \u0111\u00edch th\u1ef1c lu\u00f4n \u1ea9n m\u00ecnh trong t\u1eebng chi ti\u1ebft tinh x\u1ea3o nh\u1ea5t.<\/p>\n<p><\/span><\/p>\n<p><strong><span data-markdown-start-index=\"361\">\u0110\u1ed8 XO\u00c1Y S\u00c1T TH\u1ee6. KI\u1ec2M SO\u00c1T T\u1eea TH\u00c9P R\u00c8N NGUY\u00caN KH\u1ed0I.<\/span><\/strong><\/p>\n<p><span data-markdown-start-index=\"415\">\u0110\u01b0\u1ee3c t\u00f4i luy\u1ec7n t\u1eeb nh\u1eefng ph\u1ea3n h\u1ed3i \u0111\u1eaft gi\u00e1 c\u1ee7a c\u00e1c huy\u1ec1n tho\u1ea1i Tour, ki\u1ec7t t\u00e1c wedge \u201cMG5\u201d \u0111\u00e3 ra \u0111\u1eddi.<\/span><\/p>\n<p><span data-markdown-start-index=\"514\">K\u1ebft c\u1ea5u th\u00e9p carbon r\u00e8n nguy\u00ean kh\u1ed1i mang l\u1ea1i m\u1ed9t c\u1ea3m gi\u00e1c m\u1ec1m m\u1ea1i ch\u01b0a t\u1eebng c\u00f3 v\u00e0 kh\u1ea3 n\u0103ng \u0111i\u1ec1u khi\u1ec3n b\u00f3ng th\u01b0\u1ee3ng th\u1eeba, gi\u00fap m\u1ecdi gi\u00e1c quan c\u1ee7a b\u1ea1n tr\u1edf n\u00ean s\u1eafc b\u00e9n h\u01a1n bao gi\u1edd h\u1ebft.<\/span><\/p>\n<p><span data-markdown-start-index=\"694\">H\u01a1n th\u1ebf n\u1eefa, c\u00f4ng ngh\u1ec7 r\u00e3nh phay \u0111\u01b0\u1ee3c t\u00e1i thi\u1ebft k\u1ebf ho\u00e0n to\u00e0n, v\u1edbi nh\u1eefng \u0111\u01b0\u1eddng c\u1eaft s\u1eafc b\u00e9n h\u01a1n, t\u1ea1o ra m\u1ed9t \u0111\u1ed9 xo\u00e1y \u201ct\u00e0n b\u1ea1o\u201d, gh\u00ecm ch\u1eb7t b\u00f3ng tr\u00ean green ngay t\u1ee9c kh\u1eafc.<\/span><\/p>\n<p><strong><span data-markdown-start-index=\"862\">\u0110\u00e2y l\u00e0 l\u00fac \u0111\u1ec3 t\u00e1i \u0111\u1ecbnh ngh\u0129a gi\u1edbi h\u1ea1n c\u1ee7a cu\u1ed9c ch\u01a1i quanh green.<\/span><\/strong><\/p>\n<p>&nbsp;<\/p>","protected":false},"excerpt":{"rendered":"<p>WEDGE \u2018TM25 TMxORBR MG5\u2019: DNA \u0110\u01af\u1edcNG \u0110UA, KI\u1ec2M SO\u00c1T T\u1ed0I TH\u01af\u1ee2NG Khi m\u1ef9 h\u1ecdc c\u1ee7a t\u1ed1c \u0111\u1ed9 \u0111\u01b0\u1ee3c kh\u1eafc h\u1ecda tr\u00ean ki\u1ec7t t\u00e1c wedge MG5. \u0110\u1ea7u g\u1eady r\u00e8n nguy\u00ean kh\u1ed1i t\u1ecfa s\u00e1ng v\u1edbi s\u1eafc xanh Racing Blue bi\u1ec3u t\u01b0\u1ee3ng, trong khi logo MG5 v\u1edbi hai m\u00e0u \u0111\u1ecf v\u00e0 tr\u1eafng t\u01b0\u01a1ng ph\u1ea3n, ph\u1ea3n chi\u1ebfu ni\u1ec1m \u0111am [&hellip;]<\/p>","protected":false},"featured_media":18647,"comment_status":"open","ping_status":"closed","template":"","meta":{"_acf_changed":false,"site-sidebar-layout":"default","site-content-layout":"","ast-site-content-layout":"default","site-content-style":"default","site-sidebar-style":"default","ast-global-header-display":"","ast-banner-title-visibility":"","ast-main-header-display":"","ast-hfb-above-header-display":"","ast-hfb-below-header-display":"","ast-hfb-mobile-header-display":"","site-post-title":"","ast-breadcrumbs-content":"","ast-featured-img":"","footer-sml-layout":"","theme-transparent-header-meta":"default","adv-header-id-meta":"","stick-header-meta":"default","header-above-stick-meta":"","header-main-stick-meta":"","header-below-stick-meta":"","astra-migrate-meta-layouts":"set","ast-page-background-enabled":"default","ast-page-background-meta":{"desktop":{"background-color":"","background-image":"","background-repeat":"repeat","background-position":"center center","background-size":"auto","background-attachment":"scroll","background-type":"","background-media":"","overlay-type":"","overlay-color":"","overlay-opacity":"","overlay-gradient":""},"tablet":{"background-color":"","background-image":"","background-repeat":"repeat","background-position":"center center","background-size":"auto","background-attachment":"scroll","background-type":"","background-media":"","overlay-type":"","overlay-color":"","overlay-opacity":"","overlay-gradient":""},"mobile":{"background-color":"","background-image":"","background-repeat":"repeat","background-position":"center center","background-size":"auto","background-attachment":"scroll","background-type":"","background-media":"","overlay-type":"","overlay-color":"","overlay-opacity":"","overlay-gradient":""}},"ast-content-background-meta":{"desktop":{"background-color":"var(--ast-global-color-5)","background-image":"","background-repeat":"repeat","background-position":"center center","background-size":"auto","background-attachment":"scroll","background-type":"","background-media":"","overlay-type":"","overlay-color":"","overlay-opacity":"","overlay-gradient":""},"tablet":{"background-color":"var(--ast-global-color-5)","background-image":"","background-repeat":"repeat","background-position":"center center","background-size":"auto","background-attachment":"scroll","background-type":"","background-media":"","overlay-type":"","overlay-color":"","overlay-opacity":"","overlay-gradient":""},"mobile":{"background-color":"var(--ast-global-color-5)","background-image":"","background-repeat":"repeat","background-position":"center center","background-size":"auto","background-attachment":"scroll","background-type":"","background-media":"","overlay-type":"","overlay-color":"","overlay-opacity":"","overlay-gradient":""}}},"product_brand":[],"product_cat":[71,76],"product_tag":[],"class_list":{"0":"post-18645","1":"product","2":"type-product","3":"status-publish","4":"has-post-thumbnail","6":"product_cat-gay-gon","7":"product_cat-wedge","8":"desktop-align-center","9":"tablet-align-center","10":"mobile-align-center","11":"ast-product-gallery-layout-first-image-large","12":"ast-product-single-variable","13":"ast-product-tabs-layout-distributed","15":"first","16":"instock","17":"shipping-taxable","18":"purchasable","19":"product-type-variable"},"acf":[],"_links":{"self":[{"href":"https:\/\/taylormade-golf.vn\/en\/wp-json\/wp\/v2\/product\/18645","targetHints":{"allow":["GET"]}}],"collection":[{"href":"https:\/\/taylormade-golf.vn\/en\/wp-json\/wp\/v2\/product"}],"about":[{"href":"https:\/\/taylormade-golf.vn\/en\/wp-json\/wp\/v2\/types\/product"}],"replies":[{"embeddable":true,"href":"https:\/\/taylormade-golf.vn\/en\/wp-json\/wp\/v2\/comments?post=18645"}],"wp:featuredmedia":[{"embeddable":true,"href":"https:\/\/taylormade-golf.vn\/en\/wp-json\/wp\/v2\/media\/18647"}],"wp:attachment":[{"href":"https:\/\/taylormade-golf.vn\/en\/wp-json\/wp\/v2\/media?parent=18645"}],"wp:term":[{"taxonomy":"product_brand","embeddable":true,"href":"https:\/\/taylormade-golf.vn\/en\/wp-json\/wp\/v2\/product_brand?post=18645"},{"taxonomy":"product_cat","embeddable":true,"href":"https:\/\/taylormade-golf.vn\/en\/wp-json\/wp\/v2\/product_cat?post=18645"},{"taxonomy":"product_tag","embeddable":true,"href":"https:\/\/taylormade-golf.vn\/en\/wp-json\/wp\/v2\/product_tag?post=18645"}],"curies":[{"name":"wp","href":"https:\/\/api.w.org\/{rel}","templated":true}]}}