{"id":18571,"date":"2025-11-13T11:33:26","date_gmt":"2025-11-13T04:33:26","guid":{"rendered":"https:\/\/taylormade-golf.vn\/?post_type=product&#038;p=18571"},"modified":"2025-11-13T11:33:28","modified_gmt":"2025-11-13T04:33:28","slug":"hop-bong-golf-tp5-taylormade-edition-collection","status":"publish","type":"product","link":"https:\/\/taylormade-golf.vn\/en\/product\/hop-bong-golf-tp5-taylormade-edition-collection\/","title":{"rendered":"H\u1ed9p B\u00f3ng Golf TP5 TaylorMade Edition Collection"},"content":{"rendered":"<p>T\u00f4n vinh di s\u1ea3n TaylorMade c\u00f9ng TP5 Collector\u2019s Edition \u2013<br \/>\nB\u1ed9 s\u01b0u t\u1eadp 12 qu\u1ea3 b\u00f3ng gi\u1edbi h\u1ea1n h\u1ed9i t\u1ee5 nh\u1eefng thi\u1ebft k\u1ebf bi\u1ec3u t\u01b0\u1ee3ng nh\u1ea5t trong l\u1ecbch s\u1eed.<br \/>\nKh\u00f4ng ch\u1ec9 l\u00e0 m\u1ed9t tuy\u00ean ng\u00f4n \u0111\u1eb3ng c\u1ea5p, \u0111\u00e2y c\u00f2n l\u00e0 b\u01b0\u1edbc ti\u1ebfn \u0111\u1ec3 n\u00e2ng t\u1ea7m phong \u0111\u1ed9 c\u1ee7a b\u1ea1n tr\u00ean s\u00e2n.<\/p>","protected":false},"excerpt":{"rendered":"<p>T\u00f4n vinh di s\u1ea3n TaylorMade c\u00f9ng TP5 Collector\u2019s Edition \u2013 B\u1ed9 s\u01b0u t\u1eadp 12 qu\u1ea3 b\u00f3ng gi\u1edbi h\u1ea1n h\u1ed9i t\u1ee5 nh\u1eefng thi\u1ebft k\u1ebf bi\u1ec3u t\u01b0\u1ee3ng nh\u1ea5t trong l\u1ecbch s\u1eed. Kh\u00f4ng ch\u1ec9 l\u00e0 m\u1ed9t tuy\u00ean ng\u00f4n \u0111\u1eb3ng c\u1ea5p, \u0111\u00e2y c\u00f2n l\u00e0 b\u01b0\u1edbc ti\u1ebfn \u0111\u1ec3 n\u00e2ng t\u1ea7m phong \u0111\u1ed9 c\u1ee7a b\u1ea1n tr\u00ean s\u00e2n.<\/p>","protected":false},"featured_media":18572,"comment_status":"open","ping_status":"closed","template":"","meta":{"_acf_changed":false,"site-sidebar-layout":"default","site-content-layout":"","ast-site-content-layout":"default","site-content-style":"default","site-sidebar-style":"default","ast-global-header-display":"","ast-banner-title-visibility":"","ast-main-header-display":"","ast-hfb-above-header-display":"","ast-hfb-below-header-display":"","ast-hfb-mobile-header-display":"","site-post-title":"","ast-breadcrumbs-content":"","ast-featured-img":"","footer-sml-layout":"","theme-transparent-header-meta":"default","adv-header-id-meta":"","stick-header-meta":"default","header-above-stick-meta":"","header-main-stick-meta":"","header-below-stick-meta":"","astra-migrate-meta-layouts":"set","ast-page-background-enabled":"default","ast-page-background-meta":{"desktop":{"background-color":"","background-image":"","background-repeat":"repeat","background-position":"center center","background-size":"auto","background-attachment":"scroll","background-type":"","background-media":"","overlay-type":"","overlay-color":"","overlay-opacity":"","overlay-gradient":""},"tablet":{"background-color":"","background-image":"","background-repeat":"repeat","background-position":"center center","background-size":"auto","background-attachment":"scroll","background-type":"","background-media":"","overlay-type":"","overlay-color":"","overlay-opacity":"","overlay-gradient":""},"mobile":{"background-color":"","background-image":"","background-repeat":"repeat","background-position":"center center","background-size":"auto","background-attachment":"scroll","background-type":"","background-media":"","overlay-type":"","overlay-color":"","overlay-opacity":"","overlay-gradient":""}},"ast-content-background-meta":{"desktop":{"background-color":"var(--ast-global-color-5)","background-image":"","background-repeat":"repeat","background-position":"center center","background-size":"auto","background-attachment":"scroll","background-type":"","background-media":"","overlay-type":"","overlay-color":"","overlay-opacity":"","overlay-gradient":""},"tablet":{"background-color":"var(--ast-global-color-5)","background-image":"","background-repeat":"repeat","background-position":"center center","background-size":"auto","background-attachment":"scroll","background-type":"","background-media":"","overlay-type":"","overlay-color":"","overlay-opacity":"","overlay-gradient":""},"mobile":{"background-color":"var(--ast-global-color-5)","background-image":"","background-repeat":"repeat","background-position":"center center","background-size":"auto","background-attachment":"scroll","background-type":"","background-media":"","overlay-type":"","overlay-color":"","overlay-opacity":"","overlay-gradient":""}}},"product_brand":[],"product_cat":[61,319],"product_tag":[],"class_list":{"0":"post-18571","1":"product","2":"type-product","3":"status-publish","4":"has-post-thumbnail","6":"product_cat-bong-gon","7":"product_cat-limited-edition-bong-gon","8":"desktop-align-center","9":"tablet-align-center","10":"mobile-align-center","11":"ast-product-gallery-layout-first-image-large","12":"ast-product-tabs-layout-distributed","14":"first","15":"instock","16":"shipping-taxable","17":"purchasable","18":"product-type-simple"},"acf":[],"_links":{"self":[{"href":"https:\/\/taylormade-golf.vn\/en\/wp-json\/wp\/v2\/product\/18571","targetHints":{"allow":["GET"]}}],"collection":[{"href":"https:\/\/taylormade-golf.vn\/en\/wp-json\/wp\/v2\/product"}],"about":[{"href":"https:\/\/taylormade-golf.vn\/en\/wp-json\/wp\/v2\/types\/product"}],"replies":[{"embeddable":true,"href":"https:\/\/taylormade-golf.vn\/en\/wp-json\/wp\/v2\/comments?post=18571"}],"wp:featuredmedia":[{"embeddable":true,"href":"https:\/\/taylormade-golf.vn\/en\/wp-json\/wp\/v2\/media\/18572"}],"wp:attachment":[{"href":"https:\/\/taylormade-golf.vn\/en\/wp-json\/wp\/v2\/media?parent=18571"}],"wp:term":[{"taxonomy":"product_brand","embeddable":true,"href":"https:\/\/taylormade-golf.vn\/en\/wp-json\/wp\/v2\/product_brand?post=18571"},{"taxonomy":"product_cat","embeddable":true,"href":"https:\/\/taylormade-golf.vn\/en\/wp-json\/wp\/v2\/product_cat?post=18571"},{"taxonomy":"product_tag","embeddable":true,"href":"https:\/\/taylormade-golf.vn\/en\/wp-json\/wp\/v2\/product_tag?post=18571"}],"curies":[{"name":"wp","href":"https:\/\/api.w.org\/{rel}","templated":true}]}}