{"id":18556,"date":"2025-11-10T09:46:35","date_gmt":"2025-11-10T02:46:35","guid":{"rendered":"https:\/\/taylormade-golf.vn\/?post_type=product&#038;p=18556"},"modified":"2025-11-10T09:46:35","modified_gmt":"2025-11-10T02:46:35","slug":"ao-polo-golf-nu-wording-jacquard","status":"publish","type":"product","link":"https:\/\/taylormade-golf.vn\/en\/product\/ao-polo-golf-nu-wording-jacquard\/","title":{"rendered":"\u00c1o Polo Golf N\u1eef Wording Jacquard"},"content":{"rendered":"<p data-start=\"198\" data-end=\"674\">\u00c1o polo golf n\u1eef tay ng\u1eafn v\u1edbi\u00a0<strong data-start=\"248\" data-end=\"308\">h\u1ecda ti\u1ebft ch\u1eef TaylorMade \u0111\u01b0\u1ee3c thi\u1ebft k\u1ebf d\u1ea1ng \u0111\u1ed3 h\u1ecda v\u1ebd tay<\/strong>\u00a0v\u00e0\u00a0<strong data-start=\"312\" data-end=\"342\">d\u1ec7t n\u1ed5i jacquard to\u00e0n th\u00e2n<\/strong>, t\u1ea1o n\u00ean v\u1ebb ngo\u00e0i tinh t\u1ebf v\u00e0 mang \u0111\u1eadm d\u1ea5u \u1ea5n th\u01b0\u01a1ng hi\u1ec7u.<br data-start=\"400\" data-end=\"403\" \/>S\u1ea3n ph\u1ea9m s\u1eed d\u1ee5ng\u00a0<strong data-start=\"420\" data-end=\"459\">ch\u1ea5t li\u1ec7u polyester co gi\u00e3n cao c\u1ea5p<\/strong>, c\u00f3 kh\u1ea3 n\u0103ng\u00a0<strong data-start=\"473\" data-end=\"519\">th\u1ea5m h\u00fat m\u1ed3 h\u00f4i, nhanh kh\u00f4 v\u00e0 ch\u1ed1ng tia UV<\/strong>, mang l\u1ea1i c\u1ea3m gi\u00e1c tho\u00e1ng m\u00e1t, d\u1ec5 ch\u1ecbu su\u1ed1t c\u1ea3 v\u00f2ng \u0111\u1ea5u.<br data-start=\"576\" data-end=\"579\" \/>Phong c\u00e1ch tr\u1ebb trung nh\u01b0ng v\u1eabn thanh l\u1ecbch, ph\u00f9 h\u1ee3p cho c\u1ea3 thi \u0111\u1ea5u l\u1eabn d\u1ea1o ch\u01a1i tr\u00ean s\u00e2n golf.<\/p>\n<p data-start=\"676\" data-end=\"707\"><strong data-start=\"676\" data-end=\"690\">Material:<\/strong>\u00a0100% Polyester<\/p>","protected":false},"excerpt":{"rendered":"<p>\u00c1o polo golf n\u1eef tay ng\u1eafn v\u1edbi\u00a0h\u1ecda ti\u1ebft ch\u1eef TaylorMade \u0111\u01b0\u1ee3c thi\u1ebft k\u1ebf d\u1ea1ng \u0111\u1ed3 h\u1ecda v\u1ebd tay\u00a0v\u00e0\u00a0d\u1ec7t n\u1ed5i jacquard to\u00e0n th\u00e2n, t\u1ea1o n\u00ean v\u1ebb ngo\u00e0i tinh t\u1ebf v\u00e0 mang \u0111\u1eadm d\u1ea5u \u1ea5n th\u01b0\u01a1ng hi\u1ec7u.S\u1ea3n ph\u1ea9m s\u1eed d\u1ee5ng\u00a0ch\u1ea5t li\u1ec7u polyester co gi\u00e3n cao c\u1ea5p, c\u00f3 kh\u1ea3 n\u0103ng\u00a0th\u1ea5m h\u00fat m\u1ed3 h\u00f4i, nhanh kh\u00f4 v\u00e0 ch\u1ed1ng tia [&hellip;]<\/p>","protected":false},"featured_media":18557,"comment_status":"open","ping_status":"closed","template":"","meta":{"_acf_changed":false,"site-sidebar-layout":"default","site-content-layout":"","ast-site-content-layout":"default","site-content-style":"default","site-sidebar-style":"default","ast-global-header-display":"","ast-banner-title-visibility":"","ast-main-header-display":"","ast-hfb-above-header-display":"","ast-hfb-below-header-display":"","ast-hfb-mobile-header-display":"","site-post-title":"","ast-breadcrumbs-content":"","ast-featured-img":"","footer-sml-layout":"","theme-transparent-header-meta":"default","adv-header-id-meta":"","stick-header-meta":"default","header-above-stick-meta":"","header-main-stick-meta":"","header-below-stick-meta":"","astra-migrate-meta-layouts":"set","ast-page-background-enabled":"default","ast-page-background-meta":{"desktop":{"background-color":"","background-image":"","background-repeat":"repeat","background-position":"center center","background-size":"auto","background-attachment":"scroll","background-type":"","background-media":"","overlay-type":"","overlay-color":"","overlay-opacity":"","overlay-gradient":""},"tablet":{"background-color":"","background-image":"","background-repeat":"repeat","background-position":"center center","background-size":"auto","background-attachment":"scroll","background-type":"","background-media":"","overlay-type":"","overlay-color":"","overlay-opacity":"","overlay-gradient":""},"mobile":{"background-color":"","background-image":"","background-repeat":"repeat","background-position":"center center","background-size":"auto","background-attachment":"scroll","background-type":"","background-media":"","overlay-type":"","overlay-color":"","overlay-opacity":"","overlay-gradient":""}},"ast-content-background-meta":{"desktop":{"background-color":"var(--ast-global-color-5)","background-image":"","background-repeat":"repeat","background-position":"center center","background-size":"auto","background-attachment":"scroll","background-type":"","background-media":"","overlay-type":"","overlay-color":"","overlay-opacity":"","overlay-gradient":""},"tablet":{"background-color":"var(--ast-global-color-5)","background-image":"","background-repeat":"repeat","background-position":"center center","background-size":"auto","background-attachment":"scroll","background-type":"","background-media":"","overlay-type":"","overlay-color":"","overlay-opacity":"","overlay-gradient":""},"mobile":{"background-color":"var(--ast-global-color-5)","background-image":"","background-repeat":"repeat","background-position":"center center","background-size":"auto","background-attachment":"scroll","background-type":"","background-media":"","overlay-type":"","overlay-color":"","overlay-opacity":"","overlay-gradient":""}}},"product_brand":[],"product_cat":[263,102,101],"product_tag":[],"class_list":{"0":"post-18556","1":"product","2":"type-product","3":"status-publish","4":"has-post-thumbnail","6":"product_cat-nu","7":"product_cat-ao-coc-tay","8":"product_cat-quan-ao","9":"desktop-align-center","10":"tablet-align-center","11":"mobile-align-center","12":"ast-product-gallery-layout-first-image-large","13":"ast-product-single-variable","14":"ast-product-tabs-layout-distributed","16":"first","17":"instock","18":"shipping-taxable","19":"purchasable","20":"product-type-variable"},"acf":[],"_links":{"self":[{"href":"https:\/\/taylormade-golf.vn\/en\/wp-json\/wp\/v2\/product\/18556","targetHints":{"allow":["GET"]}}],"collection":[{"href":"https:\/\/taylormade-golf.vn\/en\/wp-json\/wp\/v2\/product"}],"about":[{"href":"https:\/\/taylormade-golf.vn\/en\/wp-json\/wp\/v2\/types\/product"}],"replies":[{"embeddable":true,"href":"https:\/\/taylormade-golf.vn\/en\/wp-json\/wp\/v2\/comments?post=18556"}],"wp:featuredmedia":[{"embeddable":true,"href":"https:\/\/taylormade-golf.vn\/en\/wp-json\/wp\/v2\/media\/18557"}],"wp:attachment":[{"href":"https:\/\/taylormade-golf.vn\/en\/wp-json\/wp\/v2\/media?parent=18556"}],"wp:term":[{"taxonomy":"product_brand","embeddable":true,"href":"https:\/\/taylormade-golf.vn\/en\/wp-json\/wp\/v2\/product_brand?post=18556"},{"taxonomy":"product_cat","embeddable":true,"href":"https:\/\/taylormade-golf.vn\/en\/wp-json\/wp\/v2\/product_cat?post=18556"},{"taxonomy":"product_tag","embeddable":true,"href":"https:\/\/taylormade-golf.vn\/en\/wp-json\/wp\/v2\/product_tag?post=18556"}],"curies":[{"name":"wp","href":"https:\/\/api.w.org\/{rel}","templated":true}]}}