{"id":18536,"date":"2025-11-06T14:20:16","date_gmt":"2025-11-06T07:20:16","guid":{"rendered":"https:\/\/taylormade-golf.vn\/?post_type=product&#038;p=18536"},"modified":"2025-11-06T14:20:17","modified_gmt":"2025-11-06T07:20:17","slug":"mu-trum-kin-mat-balaclava","status":"publish","type":"product","link":"https:\/\/taylormade-golf.vn\/en\/product\/mu-trum-kin-mat-balaclava\/","title":{"rendered":"M\u0169 Tr\u00f9m K\u00edn M\u1eb7t Balaclava"},"content":{"rendered":"<p>\u0110\u00e2y l\u00e0 m\u1eabu m\u0169 kh\u0103n gi\u1eef \u1ea5m c\u1ed5 (neck warmer) ki\u1ec3u d\u00e1ng Balaclava, \u0111\u01b0\u1ee3c thi\u1ebft k\u1ebf \u0111\u1ec3 v\u1eeba mang l\u1ea1i s\u1ef1 \u1ea5m \u00e1p t\u1ed1i \u01b0u cho v\u00f9ng c\u1ed5, v\u1eeba l\u00e0 m\u1ed9t ph\u1ee5 ki\u1ec7n th\u1eddi trang t\u1ea1o \u0111i\u1ec3m nh\u1ea5n tinh t\u1ebf cho t\u1ed5ng th\u1ec3 trang ph\u1ee5c c\u1ee7a b\u1ea1n.<\/p>\n<p><b>Size<\/b>\u00a0Free Size<\/p>\n<p><b>Material:<\/b>\u00a0100% Polyester<\/p>","protected":false},"excerpt":{"rendered":"<p>\u0110\u00e2y l\u00e0 m\u1eabu m\u0169 kh\u0103n gi\u1eef \u1ea5m c\u1ed5 (neck warmer) ki\u1ec3u d\u00e1ng Balaclava, \u0111\u01b0\u1ee3c thi\u1ebft k\u1ebf \u0111\u1ec3 v\u1eeba mang l\u1ea1i s\u1ef1 \u1ea5m \u00e1p t\u1ed1i \u01b0u cho v\u00f9ng c\u1ed5, v\u1eeba l\u00e0 m\u1ed9t ph\u1ee5 ki\u1ec7n th\u1eddi trang t\u1ea1o \u0111i\u1ec3m nh\u1ea5n tinh t\u1ebf cho t\u1ed5ng th\u1ec3 trang ph\u1ee5c c\u1ee7a b\u1ea1n. K\u00edch th\u01b0\u1edbc:\u00a0Free Size Ch\u1ea5t li\u1ec7u:\u00a0100% Polyester<\/p>","protected":false},"featured_media":18538,"comment_status":"open","ping_status":"closed","template":"","meta":{"_acf_changed":false,"site-sidebar-layout":"default","site-content-layout":"","ast-site-content-layout":"default","site-content-style":"default","site-sidebar-style":"default","ast-global-header-display":"","ast-banner-title-visibility":"","ast-main-header-display":"","ast-hfb-above-header-display":"","ast-hfb-below-header-display":"","ast-hfb-mobile-header-display":"","site-post-title":"","ast-breadcrumbs-content":"","ast-featured-img":"","footer-sml-layout":"","theme-transparent-header-meta":"default","adv-header-id-meta":"","stick-header-meta":"default","header-above-stick-meta":"","header-main-stick-meta":"","header-below-stick-meta":"","astra-migrate-meta-layouts":"set","ast-page-background-enabled":"default","ast-page-background-meta":{"desktop":{"background-color":"","background-image":"","background-repeat":"repeat","background-position":"center center","background-size":"auto","background-attachment":"scroll","background-type":"","background-media":"","overlay-type":"","overlay-color":"","overlay-opacity":"","overlay-gradient":""},"tablet":{"background-color":"","background-image":"","background-repeat":"repeat","background-position":"center center","background-size":"auto","background-attachment":"scroll","background-type":"","background-media":"","overlay-type":"","overlay-color":"","overlay-opacity":"","overlay-gradient":""},"mobile":{"background-color":"","background-image":"","background-repeat":"repeat","background-position":"center center","background-size":"auto","background-attachment":"scroll","background-type":"","background-media":"","overlay-type":"","overlay-color":"","overlay-opacity":"","overlay-gradient":""}},"ast-content-background-meta":{"desktop":{"background-color":"var(--ast-global-color-5)","background-image":"","background-repeat":"repeat","background-position":"center center","background-size":"auto","background-attachment":"scroll","background-type":"","background-media":"","overlay-type":"","overlay-color":"","overlay-opacity":"","overlay-gradient":""},"tablet":{"background-color":"var(--ast-global-color-5)","background-image":"","background-repeat":"repeat","background-position":"center center","background-size":"auto","background-attachment":"scroll","background-type":"","background-media":"","overlay-type":"","overlay-color":"","overlay-opacity":"","overlay-gradient":""},"mobile":{"background-color":"var(--ast-global-color-5)","background-image":"","background-repeat":"repeat","background-position":"center center","background-size":"auto","background-attachment":"scroll","background-type":"","background-media":"","overlay-type":"","overlay-color":"","overlay-opacity":"","overlay-gradient":""}}},"product_brand":[],"product_cat":[91,94],"product_tag":[],"class_list":{"0":"post-18536","1":"product","2":"type-product","3":"status-publish","4":"has-post-thumbnail","6":"product_cat-phu-kien","7":"product_cat-mu","8":"desktop-align-center","9":"tablet-align-center","10":"mobile-align-center","11":"ast-product-gallery-layout-first-image-large","12":"ast-product-single-variable","13":"ast-product-tabs-layout-distributed","15":"first","16":"instock","17":"shipping-taxable","18":"purchasable","19":"product-type-variable"},"acf":[],"_links":{"self":[{"href":"https:\/\/taylormade-golf.vn\/en\/wp-json\/wp\/v2\/product\/18536","targetHints":{"allow":["GET"]}}],"collection":[{"href":"https:\/\/taylormade-golf.vn\/en\/wp-json\/wp\/v2\/product"}],"about":[{"href":"https:\/\/taylormade-golf.vn\/en\/wp-json\/wp\/v2\/types\/product"}],"replies":[{"embeddable":true,"href":"https:\/\/taylormade-golf.vn\/en\/wp-json\/wp\/v2\/comments?post=18536"}],"wp:featuredmedia":[{"embeddable":true,"href":"https:\/\/taylormade-golf.vn\/en\/wp-json\/wp\/v2\/media\/18538"}],"wp:attachment":[{"href":"https:\/\/taylormade-golf.vn\/en\/wp-json\/wp\/v2\/media?parent=18536"}],"wp:term":[{"taxonomy":"product_brand","embeddable":true,"href":"https:\/\/taylormade-golf.vn\/en\/wp-json\/wp\/v2\/product_brand?post=18536"},{"taxonomy":"product_cat","embeddable":true,"href":"https:\/\/taylormade-golf.vn\/en\/wp-json\/wp\/v2\/product_cat?post=18536"},{"taxonomy":"product_tag","embeddable":true,"href":"https:\/\/taylormade-golf.vn\/en\/wp-json\/wp\/v2\/product_tag?post=18536"}],"curies":[{"name":"wp","href":"https:\/\/api.w.org\/{rel}","templated":true}]}}