{"id":18520,"date":"2025-11-06T14:14:19","date_gmt":"2025-11-06T07:14:19","guid":{"rendered":"https:\/\/taylormade-golf.vn\/?post_type=product&#038;p=18520"},"modified":"2025-11-06T14:14:20","modified_gmt":"2025-11-06T07:14:20","slug":"ao-mock-dai-tay-golf-unisex-t-heat-contrast","status":"publish","type":"product","link":"https:\/\/taylormade-golf.vn\/en\/product\/ao-mock-dai-tay-golf-unisex-t-heat-contrast\/","title":{"rendered":"\u00c1o Mock D\u00e0i Tay Golf Unisex T-HEAT Contrast"},"content":{"rendered":"<p>\u0110\u00e2y l\u00e0 m\u1ed9t s\u1ea3n ph\u1ea9m gi\u1eef \u1ea5m v\u01b0\u1ee3t tr\u1ed9i, \u0111\u01b0\u1ee3c ch\u1ebf t\u00e1c t\u1eeb ch\u1ea5t li\u1ec7u v\u1ea3i d\u1ec7t kim (knit) v\u1edbi m\u1eadt \u0111\u1ed9 cao, gi\u00fap t\u0103ng c\u01b0\u1eddng kh\u1ea3 n\u0103ng c\u1ea3n gi\u00f3 m\u1ed9t c\u00e1ch hi\u1ec7u qu\u1ea3.<\/p>\n<p>S\u1ef1 k\u1ebft h\u1ee3p n\u00e0y, c\u00f9ng v\u1edbi c\u00f4ng ngh\u1ec7 \u0111\u1ed9c quy\u1ec1n [T-HEAT], mang \u0111\u1ebfn kh\u1ea3 n\u0103ng gi\u1eef nhi\u1ec7t tuy\u1ec7t v\u1eddi cho c\u01a1 th\u1ec3. Thi\u1ebft k\u1ebf c\u1ed5 mock (mock neck) l\u00e0 \u0111i\u1ec3m nh\u1ea5n tinh t\u1ebf v\u1ec1 ki\u1ec3u d\u00e1ng, v\u00e0 ph\u00eda sau l\u01b0ng \u0111\u01b0\u1ee3c trang tr\u00ed n\u1ed5i b\u1eadt b\u1eb1ng h\u1ecda ti\u1ebft \u201cMetal T\u201d graphic kh\u1ed5 l\u1edbn.<\/p>\n<p><b>T\u00ednh n\u0103ng n\u1ed5i b\u1eadt:<\/b><\/p>\n<ul>\n<li>Gi\u1eef \u1ea5m (T-HEAT)<\/li>\n<li>Th\u1ea5m h\u00fat m\u1ed3 h\u00f4i v\u00e0 kh\u00f4 nhanh<\/li>\n<li>Ch\u1ed1ng tia UV<\/li>\n<li>C\u1ea3n gi\u00f3 (Windproof)<\/li>\n<li>Co gi\u00e3n linh ho\u1ea1t (Stretch)<\/li>\n<\/ul>\n<p><b>Material:<\/b>\u00a087% Polyester, 13% Polyurethane.<\/p>","protected":false},"excerpt":{"rendered":"<p>\u0110\u00e2y l\u00e0 m\u1ed9t s\u1ea3n ph\u1ea9m gi\u1eef \u1ea5m v\u01b0\u1ee3t tr\u1ed9i, \u0111\u01b0\u1ee3c ch\u1ebf t\u00e1c t\u1eeb ch\u1ea5t li\u1ec7u v\u1ea3i d\u1ec7t kim (knit) v\u1edbi m\u1eadt \u0111\u1ed9 cao, gi\u00fap t\u0103ng c\u01b0\u1eddng kh\u1ea3 n\u0103ng c\u1ea3n gi\u00f3 m\u1ed9t c\u00e1ch hi\u1ec7u qu\u1ea3. S\u1ef1 k\u1ebft h\u1ee3p n\u00e0y, c\u00f9ng v\u1edbi c\u00f4ng ngh\u1ec7 \u0111\u1ed9c quy\u1ec1n [T-HEAT], mang \u0111\u1ebfn kh\u1ea3 n\u0103ng gi\u1eef nhi\u1ec7t tuy\u1ec7t v\u1eddi cho c\u01a1 [&hellip;]<\/p>","protected":false},"featured_media":18521,"comment_status":"open","ping_status":"closed","template":"","meta":{"_acf_changed":false,"site-sidebar-layout":"default","site-content-layout":"","ast-site-content-layout":"default","site-content-style":"default","site-sidebar-style":"default","ast-global-header-display":"","ast-banner-title-visibility":"","ast-main-header-display":"","ast-hfb-above-header-display":"","ast-hfb-below-header-display":"","ast-hfb-mobile-header-display":"","site-post-title":"","ast-breadcrumbs-content":"","ast-featured-img":"","footer-sml-layout":"","theme-transparent-header-meta":"default","adv-header-id-meta":"","stick-header-meta":"default","header-above-stick-meta":"","header-main-stick-meta":"","header-below-stick-meta":"","astra-migrate-meta-layouts":"set","ast-page-background-enabled":"default","ast-page-background-meta":{"desktop":{"background-color":"","background-image":"","background-repeat":"repeat","background-position":"center center","background-size":"auto","background-attachment":"scroll","background-type":"","background-media":"","overlay-type":"","overlay-color":"","overlay-opacity":"","overlay-gradient":""},"tablet":{"background-color":"","background-image":"","background-repeat":"repeat","background-position":"center center","background-size":"auto","background-attachment":"scroll","background-type":"","background-media":"","overlay-type":"","overlay-color":"","overlay-opacity":"","overlay-gradient":""},"mobile":{"background-color":"","background-image":"","background-repeat":"repeat","background-position":"center center","background-size":"auto","background-attachment":"scroll","background-type":"","background-media":"","overlay-type":"","overlay-color":"","overlay-opacity":"","overlay-gradient":""}},"ast-content-background-meta":{"desktop":{"background-color":"var(--ast-global-color-5)","background-image":"","background-repeat":"repeat","background-position":"center center","background-size":"auto","background-attachment":"scroll","background-type":"","background-media":"","overlay-type":"","overlay-color":"","overlay-opacity":"","overlay-gradient":""},"tablet":{"background-color":"var(--ast-global-color-5)","background-image":"","background-repeat":"repeat","background-position":"center center","background-size":"auto","background-attachment":"scroll","background-type":"","background-media":"","overlay-type":"","overlay-color":"","overlay-opacity":"","overlay-gradient":""},"mobile":{"background-color":"var(--ast-global-color-5)","background-image":"","background-repeat":"repeat","background-position":"center center","background-size":"auto","background-attachment":"scroll","background-type":"","background-media":"","overlay-type":"","overlay-color":"","overlay-opacity":"","overlay-gradient":""}}},"product_brand":[],"product_cat":[262,104,101],"product_tag":[],"class_list":{"0":"post-18520","1":"product","2":"type-product","3":"status-publish","4":"has-post-thumbnail","6":"product_cat-nam","7":"product_cat-ao-dai-tay","8":"product_cat-quan-ao","9":"desktop-align-center","10":"tablet-align-center","11":"mobile-align-center","12":"ast-product-gallery-layout-first-image-large","13":"ast-product-single-variable","14":"ast-product-tabs-layout-distributed","16":"first","17":"instock","18":"shipping-taxable","19":"purchasable","20":"product-type-variable"},"acf":[],"_links":{"self":[{"href":"https:\/\/taylormade-golf.vn\/en\/wp-json\/wp\/v2\/product\/18520","targetHints":{"allow":["GET"]}}],"collection":[{"href":"https:\/\/taylormade-golf.vn\/en\/wp-json\/wp\/v2\/product"}],"about":[{"href":"https:\/\/taylormade-golf.vn\/en\/wp-json\/wp\/v2\/types\/product"}],"replies":[{"embeddable":true,"href":"https:\/\/taylormade-golf.vn\/en\/wp-json\/wp\/v2\/comments?post=18520"}],"wp:featuredmedia":[{"embeddable":true,"href":"https:\/\/taylormade-golf.vn\/en\/wp-json\/wp\/v2\/media\/18521"}],"wp:attachment":[{"href":"https:\/\/taylormade-golf.vn\/en\/wp-json\/wp\/v2\/media?parent=18520"}],"wp:term":[{"taxonomy":"product_brand","embeddable":true,"href":"https:\/\/taylormade-golf.vn\/en\/wp-json\/wp\/v2\/product_brand?post=18520"},{"taxonomy":"product_cat","embeddable":true,"href":"https:\/\/taylormade-golf.vn\/en\/wp-json\/wp\/v2\/product_cat?post=18520"},{"taxonomy":"product_tag","embeddable":true,"href":"https:\/\/taylormade-golf.vn\/en\/wp-json\/wp\/v2\/product_tag?post=18520"}],"curies":[{"name":"wp","href":"https:\/\/api.w.org\/{rel}","templated":true}]}}