{"id":18507,"date":"2025-11-06T14:11:18","date_gmt":"2025-11-06T07:11:18","guid":{"rendered":"https:\/\/taylormade-golf.vn\/?post_type=product&#038;p=18507"},"modified":"2025-11-06T14:11:18","modified_gmt":"2025-11-06T07:11:18","slug":"ao-dai-tay-sweater-golf-unisex-wording-graphic","status":"publish","type":"product","link":"https:\/\/taylormade-golf.vn\/en\/product\/ao-dai-tay-sweater-golf-unisex-wording-graphic\/","title":{"rendered":"\u00c1o D\u00e0i Tay Sweater Golf Unisex Wording Graphic"},"content":{"rendered":"<p>\u0110\u00e2y l\u00e0 m\u1eabu \u00e1o sweater c\u1ed5 tr\u00f2n (crewneck) n\u1ed5i b\u1eadt v\u1edbi h\u1ecda ti\u1ebft \u0111\u1ed3 h\u1ecda \u0111\u1ed9c \u0111\u00e1o, ph\u00e1c h\u1ecda c\u00e1c ch\u1eef c\u00e1i \u201cTaylorMade\u201d theo phong c\u00e1ch vi\u1ebft tay \u0111\u1ea7y ngh\u1ec7 thu\u1eadt.<\/p>\n<p>Thi\u1ebft k\u1ebf t\u1ea1o \u0111i\u1ec3m nh\u1ea5n tinh t\u1ebf v\u1edbi c\u00e1c m\u1ea3ng v\u1ea3i tr\u01a1n m\u00e0u \u1edf hai b\u00ean s\u01b0\u1eddn. S\u1ea3n ph\u1ea9m s\u1eed d\u1ee5ng ch\u1ea5t li\u1ec7u cao c\u1ea5p, mang l\u1ea1i kh\u1ea3 n\u0103ng gi\u1eef \u1ea5m v\u01b0\u1ee3t tr\u1ed9i, l\u00fd t\u01b0\u1edfng cho c\u00e1c v\u00f2ng golf trong th\u1eddi ti\u1ebft se l\u1ea1nh.<\/p>\n<p><b>T\u00ednh n\u0103ng n\u1ed5i b\u1eadt:<\/b><\/p>\n<ul>\n<li>Co gi\u00e3n linh ho\u1ea1t (Stretch)<\/li>\n<li>Gi\u1eef \u1ea5m hi\u1ec7u qu\u1ea3 (Warmth)<\/li>\n<\/ul>\n<p><b>Material:<\/b>\u00a045% Polyester, 38% Acrylic, 17% Nylon.<\/p>","protected":false},"excerpt":{"rendered":"<p>\u0110\u00e2y l\u00e0 m\u1eabu \u00e1o sweater c\u1ed5 tr\u00f2n (crewneck) n\u1ed5i b\u1eadt v\u1edbi h\u1ecda ti\u1ebft \u0111\u1ed3 h\u1ecda \u0111\u1ed9c \u0111\u00e1o, ph\u00e1c h\u1ecda c\u00e1c ch\u1eef c\u00e1i \u201cTaylorMade\u201d theo phong c\u00e1ch vi\u1ebft tay \u0111\u1ea7y ngh\u1ec7 thu\u1eadt. Thi\u1ebft k\u1ebf t\u1ea1o \u0111i\u1ec3m nh\u1ea5n tinh t\u1ebf v\u1edbi c\u00e1c m\u1ea3ng v\u1ea3i tr\u01a1n m\u00e0u \u1edf hai b\u00ean s\u01b0\u1eddn. S\u1ea3n ph\u1ea9m s\u1eed d\u1ee5ng ch\u1ea5t li\u1ec7u cao [&hellip;]<\/p>","protected":false},"featured_media":18508,"comment_status":"open","ping_status":"closed","template":"","meta":{"_acf_changed":false,"site-sidebar-layout":"default","site-content-layout":"","ast-site-content-layout":"default","site-content-style":"default","site-sidebar-style":"default","ast-global-header-display":"","ast-banner-title-visibility":"","ast-main-header-display":"","ast-hfb-above-header-display":"","ast-hfb-below-header-display":"","ast-hfb-mobile-header-display":"","site-post-title":"","ast-breadcrumbs-content":"","ast-featured-img":"","footer-sml-layout":"","theme-transparent-header-meta":"default","adv-header-id-meta":"","stick-header-meta":"default","header-above-stick-meta":"","header-main-stick-meta":"","header-below-stick-meta":"","astra-migrate-meta-layouts":"set","ast-page-background-enabled":"default","ast-page-background-meta":{"desktop":{"background-color":"","background-image":"","background-repeat":"repeat","background-position":"center center","background-size":"auto","background-attachment":"scroll","background-type":"","background-media":"","overlay-type":"","overlay-color":"","overlay-opacity":"","overlay-gradient":""},"tablet":{"background-color":"","background-image":"","background-repeat":"repeat","background-position":"center center","background-size":"auto","background-attachment":"scroll","background-type":"","background-media":"","overlay-type":"","overlay-color":"","overlay-opacity":"","overlay-gradient":""},"mobile":{"background-color":"","background-image":"","background-repeat":"repeat","background-position":"center center","background-size":"auto","background-attachment":"scroll","background-type":"","background-media":"","overlay-type":"","overlay-color":"","overlay-opacity":"","overlay-gradient":""}},"ast-content-background-meta":{"desktop":{"background-color":"var(--ast-global-color-5)","background-image":"","background-repeat":"repeat","background-position":"center center","background-size":"auto","background-attachment":"scroll","background-type":"","background-media":"","overlay-type":"","overlay-color":"","overlay-opacity":"","overlay-gradient":""},"tablet":{"background-color":"var(--ast-global-color-5)","background-image":"","background-repeat":"repeat","background-position":"center center","background-size":"auto","background-attachment":"scroll","background-type":"","background-media":"","overlay-type":"","overlay-color":"","overlay-opacity":"","overlay-gradient":""},"mobile":{"background-color":"var(--ast-global-color-5)","background-image":"","background-repeat":"repeat","background-position":"center center","background-size":"auto","background-attachment":"scroll","background-type":"","background-media":"","overlay-type":"","overlay-color":"","overlay-opacity":"","overlay-gradient":""}}},"product_brand":[],"product_cat":[262,104,101],"product_tag":[],"class_list":{"0":"post-18507","1":"product","2":"type-product","3":"status-publish","4":"has-post-thumbnail","6":"product_cat-nam","7":"product_cat-ao-dai-tay","8":"product_cat-quan-ao","9":"desktop-align-center","10":"tablet-align-center","11":"mobile-align-center","12":"ast-product-gallery-layout-first-image-large","13":"ast-product-single-variable","14":"ast-product-tabs-layout-distributed","16":"first","17":"instock","18":"shipping-taxable","19":"purchasable","20":"product-type-variable"},"acf":[],"_links":{"self":[{"href":"https:\/\/taylormade-golf.vn\/en\/wp-json\/wp\/v2\/product\/18507","targetHints":{"allow":["GET"]}}],"collection":[{"href":"https:\/\/taylormade-golf.vn\/en\/wp-json\/wp\/v2\/product"}],"about":[{"href":"https:\/\/taylormade-golf.vn\/en\/wp-json\/wp\/v2\/types\/product"}],"replies":[{"embeddable":true,"href":"https:\/\/taylormade-golf.vn\/en\/wp-json\/wp\/v2\/comments?post=18507"}],"wp:featuredmedia":[{"embeddable":true,"href":"https:\/\/taylormade-golf.vn\/en\/wp-json\/wp\/v2\/media\/18508"}],"wp:attachment":[{"href":"https:\/\/taylormade-golf.vn\/en\/wp-json\/wp\/v2\/media?parent=18507"}],"wp:term":[{"taxonomy":"product_brand","embeddable":true,"href":"https:\/\/taylormade-golf.vn\/en\/wp-json\/wp\/v2\/product_brand?post=18507"},{"taxonomy":"product_cat","embeddable":true,"href":"https:\/\/taylormade-golf.vn\/en\/wp-json\/wp\/v2\/product_cat?post=18507"},{"taxonomy":"product_tag","embeddable":true,"href":"https:\/\/taylormade-golf.vn\/en\/wp-json\/wp\/v2\/product_tag?post=18507"}],"curies":[{"name":"wp","href":"https:\/\/api.w.org\/{rel}","templated":true}]}}