{"id":18500,"date":"2025-10-29T16:06:10","date_gmt":"2025-10-29T09:06:10","guid":{"rendered":"https:\/\/taylormade-golf.vn\/?post_type=product&#038;p=18500"},"modified":"2025-10-29T16:06:11","modified_gmt":"2025-10-29T09:06:11","slug":"ong-tay-golf-nam-chong-nang-uv-taylormade","status":"publish","type":"product","link":"https:\/\/taylormade-golf.vn\/en\/product\/ong-tay-golf-nam-chong-nang-uv-taylormade\/","title":{"rendered":"\u1ed0ng Tay Golf Nam Ch\u1ed1ng N\u1eafng UV TaylorMade"},"content":{"rendered":"<p data-start=\"131\" data-end=\"496\">\u1ed0ng tay golf\u00a0<strong data-start=\"165\" data-end=\"182\">ch\u1ed1ng n\u1eafng UV<\/strong>\u00a0v\u1edbi thi\u1ebft k\u1ebf\u00a0<strong data-start=\"196\" data-end=\"241\">\u0111\u01a1n gi\u1ea3n, logo t\u00f4ng c\u00f9ng m\u00e0u (tonal logo)<\/strong>\u00a0mang l\u1ea1i v\u1ebb tinh t\u1ebf v\u00e0 d\u1ec5 d\u00e0ng ph\u1ed1i h\u1ee3p v\u1edbi m\u1ecdi trang ph\u1ee5c tr\u00ean s\u00e2n golf. Ch\u1ea5t li\u1ec7u\u00a0<strong data-start=\"326\" data-end=\"364\" data-is-only-node=\"\">nylon co gi\u00e3n k\u1ebft h\u1ee3p polyurethane<\/strong>\u00a0gi\u00fap \u00f4m s\u00e1t c\u00e1nh tay, tho\u00e1ng m\u00e1t v\u00e0 linh ho\u1ea1t khi v\u1eadn \u0111\u1ed9ng, mang l\u1ea1i c\u1ea3m gi\u00e1c tho\u1ea3i m\u00e1i t\u1ed1i \u0111a ngay c\u1ea3 trong nh\u1eefng ng\u00e0y n\u1eafng g\u1eaft.<\/p>\n<p data-start=\"498\" data-end=\"563\"><strong data-start=\"498\" data-end=\"513\">Size<\/strong>\u00a0M\u2013O<br data-start=\"517\" data-end=\"520\" \/><strong data-start=\"520\" data-end=\"534\">Material:<\/strong>\u00a091% Nylon, 9% Polyurethane<\/p>","protected":false},"excerpt":{"rendered":"<p>\u1ed0ng tay golf\u00a0ch\u1ed1ng n\u1eafng UV\u00a0v\u1edbi thi\u1ebft k\u1ebf\u00a0\u0111\u01a1n gi\u1ea3n, logo t\u00f4ng c\u00f9ng m\u00e0u (tonal logo)\u00a0mang l\u1ea1i v\u1ebb tinh t\u1ebf v\u00e0 d\u1ec5 d\u00e0ng ph\u1ed1i h\u1ee3p v\u1edbi m\u1ecdi trang ph\u1ee5c tr\u00ean s\u00e2n golf. Ch\u1ea5t li\u1ec7u\u00a0nylon co gi\u00e3n k\u1ebft h\u1ee3p polyurethane\u00a0gi\u00fap \u00f4m s\u00e1t c\u00e1nh tay, tho\u00e1ng m\u00e1t v\u00e0 linh ho\u1ea1t khi v\u1eadn \u0111\u1ed9ng, mang l\u1ea1i c\u1ea3m gi\u00e1c tho\u1ea3i m\u00e1i [&hellip;]<\/p>","protected":false},"featured_media":18501,"comment_status":"open","ping_status":"closed","template":"","meta":{"_acf_changed":false,"site-sidebar-layout":"default","site-content-layout":"","ast-site-content-layout":"default","site-content-style":"default","site-sidebar-style":"default","ast-global-header-display":"","ast-banner-title-visibility":"","ast-main-header-display":"","ast-hfb-above-header-display":"","ast-hfb-below-header-display":"","ast-hfb-mobile-header-display":"","site-post-title":"","ast-breadcrumbs-content":"","ast-featured-img":"","footer-sml-layout":"","theme-transparent-header-meta":"default","adv-header-id-meta":"","stick-header-meta":"default","header-above-stick-meta":"","header-main-stick-meta":"","header-below-stick-meta":"","astra-migrate-meta-layouts":"set","ast-page-background-enabled":"default","ast-page-background-meta":{"desktop":{"background-color":"","background-image":"","background-repeat":"repeat","background-position":"center center","background-size":"auto","background-attachment":"scroll","background-type":"","background-media":"","overlay-type":"","overlay-color":"","overlay-opacity":"","overlay-gradient":""},"tablet":{"background-color":"","background-image":"","background-repeat":"repeat","background-position":"center center","background-size":"auto","background-attachment":"scroll","background-type":"","background-media":"","overlay-type":"","overlay-color":"","overlay-opacity":"","overlay-gradient":""},"mobile":{"background-color":"","background-image":"","background-repeat":"repeat","background-position":"center center","background-size":"auto","background-attachment":"scroll","background-type":"","background-media":"","overlay-type":"","overlay-color":"","overlay-opacity":"","overlay-gradient":""}},"ast-content-background-meta":{"desktop":{"background-color":"var(--ast-global-color-5)","background-image":"","background-repeat":"repeat","background-position":"center center","background-size":"auto","background-attachment":"scroll","background-type":"","background-media":"","overlay-type":"","overlay-color":"","overlay-opacity":"","overlay-gradient":""},"tablet":{"background-color":"var(--ast-global-color-5)","background-image":"","background-repeat":"repeat","background-position":"center center","background-size":"auto","background-attachment":"scroll","background-type":"","background-media":"","overlay-type":"","overlay-color":"","overlay-opacity":"","overlay-gradient":""},"mobile":{"background-color":"var(--ast-global-color-5)","background-image":"","background-repeat":"repeat","background-position":"center center","background-size":"auto","background-attachment":"scroll","background-type":"","background-media":"","overlay-type":"","overlay-color":"","overlay-opacity":"","overlay-gradient":""}}},"product_brand":[],"product_cat":[262,91,274],"product_tag":[],"class_list":{"0":"post-18500","1":"product","2":"type-product","3":"status-publish","4":"has-post-thumbnail","6":"product_cat-nam","7":"product_cat-phu-kien","8":"product_cat-phu-kien-khac","9":"desktop-align-center","10":"tablet-align-center","11":"mobile-align-center","12":"ast-product-gallery-layout-first-image-large","13":"ast-product-tabs-layout-distributed","15":"first","16":"instock","17":"shipping-taxable","18":"purchasable","19":"product-type-simple"},"acf":[],"_links":{"self":[{"href":"https:\/\/taylormade-golf.vn\/en\/wp-json\/wp\/v2\/product\/18500","targetHints":{"allow":["GET"]}}],"collection":[{"href":"https:\/\/taylormade-golf.vn\/en\/wp-json\/wp\/v2\/product"}],"about":[{"href":"https:\/\/taylormade-golf.vn\/en\/wp-json\/wp\/v2\/types\/product"}],"replies":[{"embeddable":true,"href":"https:\/\/taylormade-golf.vn\/en\/wp-json\/wp\/v2\/comments?post=18500"}],"wp:featuredmedia":[{"embeddable":true,"href":"https:\/\/taylormade-golf.vn\/en\/wp-json\/wp\/v2\/media\/18501"}],"wp:attachment":[{"href":"https:\/\/taylormade-golf.vn\/en\/wp-json\/wp\/v2\/media?parent=18500"}],"wp:term":[{"taxonomy":"product_brand","embeddable":true,"href":"https:\/\/taylormade-golf.vn\/en\/wp-json\/wp\/v2\/product_brand?post=18500"},{"taxonomy":"product_cat","embeddable":true,"href":"https:\/\/taylormade-golf.vn\/en\/wp-json\/wp\/v2\/product_cat?post=18500"},{"taxonomy":"product_tag","embeddable":true,"href":"https:\/\/taylormade-golf.vn\/en\/wp-json\/wp\/v2\/product_tag?post=18500"}],"curies":[{"name":"wp","href":"https:\/\/api.w.org\/{rel}","templated":true}]}}