{"id":18464,"date":"2025-10-28T13:37:51","date_gmt":"2025-10-28T06:37:51","guid":{"rendered":"https:\/\/taylormade-golf.vn\/?post_type=product&#038;p=18464"},"modified":"2025-10-28T13:37:52","modified_gmt":"2025-10-28T06:37:52","slug":"quan-short-nam-golf-tm-basic-taylormade","status":"publish","type":"product","link":"https:\/\/taylormade-golf.vn\/en\/product\/quan-short-nam-golf-tm-basic-taylormade\/","title":{"rendered":"Qu\u1ea7n Short Nam Golf TM Basic TAYLORMADE"},"content":{"rendered":"<p class=\"\" data-start=\"201\" data-end=\"251\"><strong data-start=\"201\" data-end=\"251\">Qu\u1ea7n short TM Basic \u2013 \u0110\u01a1n gi\u1ea3n, nh\u1eb9, linh ho\u1ea1t<\/strong><\/p>\n<p class=\"\" data-start=\"253\" data-end=\"506\">\u0110\u00e2y l\u00e0 m\u1eabu qu\u1ea7n short c\u01a1 b\u1ea3n v\u1edbi thi\u1ebft k\u1ebf t\u1ed1i gi\u1ea3n, \u0111\u01b0\u1ee3c l\u00e0m t\u1eeb ch\u1ea5t li\u1ec7u\u00a0<strong data-start=\"327\" data-end=\"345\">100% polyester<\/strong>\u00a0(ho\u1eb7c ph\u1ed1i h\u1ee3p t\u00f9y m\u00e0u s\u1eafc), n\u1ed5i b\u1eadt v\u1edbi kh\u1ea3 n\u0103ng\u00a0<strong data-start=\"396\" data-end=\"432\">nh\u1eb9, co gi\u00e3n v\u00e0 ch\u1ed1ng xuy\u00ean th\u1ea5u<\/strong>. L\u00e0 l\u1ef1a ch\u1ecdn l\u00fd t\u01b0\u1edfng cho nh\u1eefng bu\u1ed5i t\u1eadp luy\u1ec7n ho\u1eb7c ra s\u00e2n trong ng\u00e0y h\u00e8.<\/p>\n<hr class=\"\" data-start=\"508\" data-end=\"511\" \/>\n<h3 class=\"\" data-start=\"513\" data-end=\"538\"><strong data-start=\"517\" data-end=\"538\">T\u00ednh n\u0103ng n\u1ed5i b\u1eadt<\/strong><\/h3>\n<ul data-start=\"540\" data-end=\"798\">\n<li class=\"\" data-start=\"540\" data-end=\"628\">\n<p class=\"\" data-start=\"542\" data-end=\"628\"><strong data-start=\"542\" data-end=\"559\">Ch\u1ed1ng tia UV:<\/strong>\u00a0B\u1ea3o v\u1ec7 l\u00e0n da kh\u1ecfi \u00e1nh n\u1eafng m\u1eb7t tr\u1eddi trong su\u1ed1t th\u1eddi gian ch\u01a1i golf.<\/p>\n<\/li>\n<li class=\"\" data-start=\"629\" data-end=\"730\">\n<p class=\"\" data-start=\"631\" data-end=\"730\"><strong data-start=\"631\" data-end=\"651\">Ch\u1ed1ng th\u1ea5m n\u01b0\u1edbc:<\/strong>\u00a0Ch\u1ea5t li\u1ec7u c\u00f3 kh\u1ea3 n\u0103ng ch\u1ed1ng n\u01b0\u1edbc nh\u1eb9, ph\u00f9 h\u1ee3p v\u1edbi th\u1eddi ti\u1ebft \u1ea9m ho\u1eb7c s\u01b0\u01a1ng s\u1edbm.<\/p>\n<\/li>\n<li class=\"\" data-start=\"731\" data-end=\"798\">\n<p class=\"\" data-start=\"733\" data-end=\"798\"><strong data-start=\"733\" data-end=\"755\">Co gi\u00e3n linh ho\u1ea1t:<\/strong>\u00a0Mang l\u1ea1i s\u1ef1 tho\u1ea3i m\u00e1i t\u1ed1i \u0111a khi v\u1eadn \u0111\u1ed9ng.<\/p>\n<\/li>\n<\/ul>\n<hr class=\"\" data-start=\"800\" data-end=\"803\" \/>\n<h3 class=\"\" data-start=\"805\" data-end=\"822\"><strong data-start=\"809\" data-end=\"822\">Material<\/strong><\/h3>\n<ul data-start=\"824\" data-end=\"955\">\n<li class=\"\" data-start=\"824\" data-end=\"873\">\n<p class=\"\" data-start=\"826\" data-end=\"873\">M\u00e0u tr\u1eafng (C\/#WHT): 100% s\u1ee3i t\u1ed5ng h\u1ee3p polyester<\/p>\n<\/li>\n<li class=\"\" data-start=\"874\" data-end=\"955\">\n<p class=\"\" data-start=\"876\" data-end=\"955\">C\u00e1c m\u00e0u kh\u00e1c (\u0111en, xanh ng\u1ecdc, be\u2026): Polyester 68%, s\u1ee3i t\u1ed5ng h\u1ee3p polyester 32%<\/p>\n<\/li>\n<\/ul>","protected":false},"excerpt":{"rendered":"<p>Qu\u1ea7n short TM Basic \u2013 \u0110\u01a1n gi\u1ea3n, nh\u1eb9, linh ho\u1ea1t \u0110\u00e2y l\u00e0 m\u1eabu qu\u1ea7n short c\u01a1 b\u1ea3n v\u1edbi thi\u1ebft k\u1ebf t\u1ed1i gi\u1ea3n, \u0111\u01b0\u1ee3c l\u00e0m t\u1eeb ch\u1ea5t li\u1ec7u\u00a0100% polyester\u00a0(ho\u1eb7c ph\u1ed1i h\u1ee3p t\u00f9y m\u00e0u s\u1eafc), n\u1ed5i b\u1eadt v\u1edbi kh\u1ea3 n\u0103ng\u00a0nh\u1eb9, co gi\u00e3n v\u00e0 ch\u1ed1ng xuy\u00ean th\u1ea5u. L\u00e0 l\u1ef1a ch\u1ecdn l\u00fd t\u01b0\u1edfng cho nh\u1eefng bu\u1ed5i t\u1eadp luy\u1ec7n ho\u1eb7c [&hellip;]<\/p>","protected":false},"featured_media":18474,"comment_status":"open","ping_status":"closed","template":"","meta":{"_acf_changed":false,"site-sidebar-layout":"default","site-content-layout":"","ast-site-content-layout":"default","site-content-style":"default","site-sidebar-style":"default","ast-global-header-display":"","ast-banner-title-visibility":"","ast-main-header-display":"","ast-hfb-above-header-display":"","ast-hfb-below-header-display":"","ast-hfb-mobile-header-display":"","site-post-title":"","ast-breadcrumbs-content":"","ast-featured-img":"","footer-sml-layout":"","theme-transparent-header-meta":"default","adv-header-id-meta":"","stick-header-meta":"default","header-above-stick-meta":"","header-main-stick-meta":"","header-below-stick-meta":"","astra-migrate-meta-layouts":"set","ast-page-background-enabled":"default","ast-page-background-meta":{"desktop":{"background-color":"","background-image":"","background-repeat":"repeat","background-position":"center center","background-size":"auto","background-attachment":"scroll","background-type":"","background-media":"","overlay-type":"","overlay-color":"","overlay-opacity":"","overlay-gradient":""},"tablet":{"background-color":"","background-image":"","background-repeat":"repeat","background-position":"center center","background-size":"auto","background-attachment":"scroll","background-type":"","background-media":"","overlay-type":"","overlay-color":"","overlay-opacity":"","overlay-gradient":""},"mobile":{"background-color":"","background-image":"","background-repeat":"repeat","background-position":"center center","background-size":"auto","background-attachment":"scroll","background-type":"","background-media":"","overlay-type":"","overlay-color":"","overlay-opacity":"","overlay-gradient":""}},"ast-content-background-meta":{"desktop":{"background-color":"var(--ast-global-color-5)","background-image":"","background-repeat":"repeat","background-position":"center center","background-size":"auto","background-attachment":"scroll","background-type":"","background-media":"","overlay-type":"","overlay-color":"","overlay-opacity":"","overlay-gradient":""},"tablet":{"background-color":"var(--ast-global-color-5)","background-image":"","background-repeat":"repeat","background-position":"center center","background-size":"auto","background-attachment":"scroll","background-type":"","background-media":"","overlay-type":"","overlay-color":"","overlay-opacity":"","overlay-gradient":""},"mobile":{"background-color":"var(--ast-global-color-5)","background-image":"","background-repeat":"repeat","background-position":"center center","background-size":"auto","background-attachment":"scroll","background-type":"","background-media":"","overlay-type":"","overlay-color":"","overlay-opacity":"","overlay-gradient":""}}},"product_brand":[],"product_cat":[262,101,296],"product_tag":[],"class_list":{"0":"post-18464","1":"product","2":"type-product","3":"status-publish","4":"has-post-thumbnail","6":"product_cat-nam","7":"product_cat-quan-ao","8":"product_cat-quan-short","9":"desktop-align-center","10":"tablet-align-center","11":"mobile-align-center","12":"ast-product-gallery-layout-first-image-large","13":"ast-product-single-variable","14":"ast-product-tabs-layout-distributed","16":"first","17":"instock","18":"shipping-taxable","19":"purchasable","20":"product-type-variable"},"acf":[],"_links":{"self":[{"href":"https:\/\/taylormade-golf.vn\/en\/wp-json\/wp\/v2\/product\/18464","targetHints":{"allow":["GET"]}}],"collection":[{"href":"https:\/\/taylormade-golf.vn\/en\/wp-json\/wp\/v2\/product"}],"about":[{"href":"https:\/\/taylormade-golf.vn\/en\/wp-json\/wp\/v2\/types\/product"}],"replies":[{"embeddable":true,"href":"https:\/\/taylormade-golf.vn\/en\/wp-json\/wp\/v2\/comments?post=18464"}],"wp:featuredmedia":[{"embeddable":true,"href":"https:\/\/taylormade-golf.vn\/en\/wp-json\/wp\/v2\/media\/18474"}],"wp:attachment":[{"href":"https:\/\/taylormade-golf.vn\/en\/wp-json\/wp\/v2\/media?parent=18464"}],"wp:term":[{"taxonomy":"product_brand","embeddable":true,"href":"https:\/\/taylormade-golf.vn\/en\/wp-json\/wp\/v2\/product_brand?post=18464"},{"taxonomy":"product_cat","embeddable":true,"href":"https:\/\/taylormade-golf.vn\/en\/wp-json\/wp\/v2\/product_cat?post=18464"},{"taxonomy":"product_tag","embeddable":true,"href":"https:\/\/taylormade-golf.vn\/en\/wp-json\/wp\/v2\/product_tag?post=18464"}],"curies":[{"name":"wp","href":"https:\/\/api.w.org\/{rel}","templated":true}]}}