{"id":18449,"date":"2025-10-28T13:30:14","date_gmt":"2025-10-28T06:30:14","guid":{"rendered":"https:\/\/taylormade-golf.vn\/?post_type=product&#038;p=18449"},"modified":"2025-10-28T13:30:35","modified_gmt":"2025-10-28T06:30:35","slug":"quan-short-nam-golf-t-ice-t-air","status":"publish","type":"product","link":"https:\/\/taylormade-golf.vn\/en\/product\/quan-short-nam-golf-t-ice-t-air\/","title":{"rendered":"Qu\u1ea7n Short Nam Golf T-ICE T-AIR"},"content":{"rendered":"<p class=\"\" data-start=\"215\" data-end=\"281\"><strong data-start=\"215\" data-end=\"281\">Qu\u1ea7n short T-ICE T-AIR \u2013 M\u00e1t l\u1ea1nh v\u01b0\u1ee3t tr\u1ed9i, tho\u00e1ng kh\u00ed t\u1ed1i \u0111a<\/strong><\/p>\n<p class=\"\" data-start=\"283\" data-end=\"672\">S\u1edf h\u1eefu c\u00f4ng ngh\u1ec7 l\u00e0m m\u00e1t li\u00ean t\u1ee5c\u00a0<strong data-start=\"317\" data-end=\"326\">T-ICE<\/strong>, m\u1eabu qu\u1ea7n short n\u00e0y mang \u0111\u1ebfn c\u1ea3m gi\u00e1c m\u00e1t l\u1ea1nh ngay khi m\u1eb7c. Nh\u1edd c\u1ea5u tr\u00fac v\u1ea3i c\u00f3 c\u00e1c l\u1ed7 th\u00f4ng kh\u00ed v\u1eadt l\u00fd \u0111\u01b0\u1ee3c b\u1ed1 tr\u00ed khoa h\u1ecdc, s\u1ea3n ph\u1ea9m \u0111\u1ea1t hi\u1ec7u qu\u1ea3 cao v\u1ec1 kh\u1ea3 n\u0103ng tho\u00e1ng kh\u00ed. Khi k\u1ebft h\u1ee3p v\u1edbi ch\u1ea5t li\u1ec7u co gi\u00e3n v\u00e0 kh\u1ea3 n\u0103ng h\u00fat \u1ea9m \u2013 tho\u00e1t m\u1ed3 h\u00f4i nhanh, \u0111\u00e2y l\u00e0 m\u1ed9t l\u1ef1a ch\u1ecdn l\u00fd t\u01b0\u1edfng cho nh\u1eefng ng\u00e0y n\u1eafng n\u00f3ng tr\u00ean s\u00e2n golf ho\u1eb7c v\u1eadn \u0111\u1ed9ng ngo\u00e0i tr\u1eddi.<\/p>\n<hr class=\"\" data-start=\"674\" data-end=\"677\" \/>\n<h3 class=\"\" data-start=\"679\" data-end=\"704\"><strong data-start=\"683\" data-end=\"704\">T\u00ednh n\u0103ng n\u1ed5i b\u1eadt<\/strong><\/h3>\n<ul data-start=\"706\" data-end=\"1052\">\n<li class=\"\" data-start=\"706\" data-end=\"806\">\n<p class=\"\" data-start=\"708\" data-end=\"806\"><strong data-start=\"708\" data-end=\"741\">Ch\u1ed1ng n\u00f3ng, l\u00e0m m\u00e1t hi\u1ec7u qu\u1ea3:<\/strong>\u00a0C\u00f4ng ngh\u1ec7 T-ICE gi\u00fap duy tr\u00ec c\u1ea3m gi\u00e1c m\u00e1t m\u1ebb su\u1ed1t th\u1eddi gian m\u1eb7c.<\/p>\n<\/li>\n<li class=\"\" data-start=\"807\" data-end=\"894\">\n<p class=\"\" data-start=\"809\" data-end=\"894\"><strong data-start=\"809\" data-end=\"831\">Tho\u00e1ng kh\u00ed t\u1ed1i \u0111a:<\/strong>\u00a0Thi\u1ebft k\u1ebf v\u1ea3i c\u00f3 l\u1ed7 th\u00f4ng kh\u00ed gi\u00fap l\u01b0u th\u00f4ng kh\u00f4ng kh\u00ed t\u1ed1t h\u01a1n.<\/p>\n<\/li>\n<li class=\"\" data-start=\"895\" data-end=\"975\">\n<p class=\"\" data-start=\"897\" data-end=\"975\"><strong data-start=\"897\" data-end=\"920\">H\u00fat \u1ea9m &amp; nhanh kh\u00f4:<\/strong>\u00a0Gi\u1eef c\u01a1 th\u1ec3 lu\u00f4n kh\u00f4 tho\u00e1ng ngay c\u1ea3 khi v\u1eadn \u0111\u1ed9ng nhi\u1ec1u.<\/p>\n<\/li>\n<li class=\"\" data-start=\"976\" data-end=\"1052\">\n<p class=\"\" data-start=\"978\" data-end=\"1052\"><strong data-start=\"978\" data-end=\"1000\">Co gi\u00e3n linh ho\u1ea1t:<\/strong>\u00a0T\u1ed1i \u0111a h\u00f3a s\u1ef1 tho\u1ea3i m\u00e1i v\u00e0 linh ho\u1ea1t khi di chuy\u1ec3n.<\/p>\n<\/li>\n<\/ul>\n<hr class=\"\" data-start=\"1054\" data-end=\"1057\" \/>\n<h3 class=\"\" data-start=\"1059\" data-end=\"1076\"><strong data-start=\"1063\" data-end=\"1076\">Material<\/strong><\/h3>\n<ul data-start=\"1078\" data-end=\"1134\">\n<li class=\"\" data-start=\"1078\" data-end=\"1118\">\n<p class=\"\" data-start=\"1080\" data-end=\"1118\">55% s\u1ee3i t\u1ed5ng h\u1ee3p (polyester composite)<\/p>\n<\/li>\n<li class=\"\" data-start=\"1119\" data-end=\"1134\">\n<p class=\"\" data-start=\"1121\" data-end=\"1134\">45% polyester<\/p>\n<\/li>\n<\/ul>","protected":false},"excerpt":{"rendered":"<p>Qu\u1ea7n short T-ICE T-AIR \u2013 M\u00e1t l\u1ea1nh v\u01b0\u1ee3t tr\u1ed9i, tho\u00e1ng kh\u00ed t\u1ed1i \u0111a S\u1edf h\u1eefu c\u00f4ng ngh\u1ec7 l\u00e0m m\u00e1t li\u00ean t\u1ee5c\u00a0T-ICE, m\u1eabu qu\u1ea7n short n\u00e0y mang \u0111\u1ebfn c\u1ea3m gi\u00e1c m\u00e1t l\u1ea1nh ngay khi m\u1eb7c. Nh\u1edd c\u1ea5u tr\u00fac v\u1ea3i c\u00f3 c\u00e1c l\u1ed7 th\u00f4ng kh\u00ed v\u1eadt l\u00fd \u0111\u01b0\u1ee3c b\u1ed1 tr\u00ed khoa h\u1ecdc, s\u1ea3n ph\u1ea9m \u0111\u1ea1t hi\u1ec7u qu\u1ea3 [&hellip;]<\/p>","protected":false},"featured_media":18458,"comment_status":"open","ping_status":"closed","template":"","meta":{"_acf_changed":false,"site-sidebar-layout":"default","site-content-layout":"","ast-site-content-layout":"default","site-content-style":"default","site-sidebar-style":"default","ast-global-header-display":"","ast-banner-title-visibility":"","ast-main-header-display":"","ast-hfb-above-header-display":"","ast-hfb-below-header-display":"","ast-hfb-mobile-header-display":"","site-post-title":"","ast-breadcrumbs-content":"","ast-featured-img":"","footer-sml-layout":"","theme-transparent-header-meta":"default","adv-header-id-meta":"","stick-header-meta":"default","header-above-stick-meta":"","header-main-stick-meta":"","header-below-stick-meta":"","astra-migrate-meta-layouts":"set","ast-page-background-enabled":"default","ast-page-background-meta":{"desktop":{"background-color":"","background-image":"","background-repeat":"repeat","background-position":"center center","background-size":"auto","background-attachment":"scroll","background-type":"","background-media":"","overlay-type":"","overlay-color":"","overlay-opacity":"","overlay-gradient":""},"tablet":{"background-color":"","background-image":"","background-repeat":"repeat","background-position":"center center","background-size":"auto","background-attachment":"scroll","background-type":"","background-media":"","overlay-type":"","overlay-color":"","overlay-opacity":"","overlay-gradient":""},"mobile":{"background-color":"","background-image":"","background-repeat":"repeat","background-position":"center center","background-size":"auto","background-attachment":"scroll","background-type":"","background-media":"","overlay-type":"","overlay-color":"","overlay-opacity":"","overlay-gradient":""}},"ast-content-background-meta":{"desktop":{"background-color":"var(--ast-global-color-5)","background-image":"","background-repeat":"repeat","background-position":"center center","background-size":"auto","background-attachment":"scroll","background-type":"","background-media":"","overlay-type":"","overlay-color":"","overlay-opacity":"","overlay-gradient":""},"tablet":{"background-color":"var(--ast-global-color-5)","background-image":"","background-repeat":"repeat","background-position":"center center","background-size":"auto","background-attachment":"scroll","background-type":"","background-media":"","overlay-type":"","overlay-color":"","overlay-opacity":"","overlay-gradient":""},"mobile":{"background-color":"var(--ast-global-color-5)","background-image":"","background-repeat":"repeat","background-position":"center center","background-size":"auto","background-attachment":"scroll","background-type":"","background-media":"","overlay-type":"","overlay-color":"","overlay-opacity":"","overlay-gradient":""}}},"product_brand":[],"product_cat":[262,101,296],"product_tag":[],"class_list":{"0":"post-18449","1":"product","2":"type-product","3":"status-publish","4":"has-post-thumbnail","6":"product_cat-nam","7":"product_cat-quan-ao","8":"product_cat-quan-short","9":"desktop-align-center","10":"tablet-align-center","11":"mobile-align-center","12":"ast-product-gallery-layout-first-image-large","13":"ast-product-single-variable","14":"ast-product-tabs-layout-distributed","16":"first","17":"instock","18":"shipping-taxable","19":"purchasable","20":"product-type-variable"},"acf":[],"_links":{"self":[{"href":"https:\/\/taylormade-golf.vn\/en\/wp-json\/wp\/v2\/product\/18449","targetHints":{"allow":["GET"]}}],"collection":[{"href":"https:\/\/taylormade-golf.vn\/en\/wp-json\/wp\/v2\/product"}],"about":[{"href":"https:\/\/taylormade-golf.vn\/en\/wp-json\/wp\/v2\/types\/product"}],"replies":[{"embeddable":true,"href":"https:\/\/taylormade-golf.vn\/en\/wp-json\/wp\/v2\/comments?post=18449"}],"wp:featuredmedia":[{"embeddable":true,"href":"https:\/\/taylormade-golf.vn\/en\/wp-json\/wp\/v2\/media\/18458"}],"wp:attachment":[{"href":"https:\/\/taylormade-golf.vn\/en\/wp-json\/wp\/v2\/media?parent=18449"}],"wp:term":[{"taxonomy":"product_brand","embeddable":true,"href":"https:\/\/taylormade-golf.vn\/en\/wp-json\/wp\/v2\/product_brand?post=18449"},{"taxonomy":"product_cat","embeddable":true,"href":"https:\/\/taylormade-golf.vn\/en\/wp-json\/wp\/v2\/product_cat?post=18449"},{"taxonomy":"product_tag","embeddable":true,"href":"https:\/\/taylormade-golf.vn\/en\/wp-json\/wp\/v2\/product_tag?post=18449"}],"curies":[{"name":"wp","href":"https:\/\/api.w.org\/{rel}","templated":true}]}}