{"id":18387,"date":"2025-10-28T13:10:56","date_gmt":"2025-10-28T06:10:56","guid":{"rendered":"https:\/\/taylormade-golf.vn\/?post_type=product&#038;p=18387"},"modified":"2025-10-28T13:10:58","modified_gmt":"2025-10-28T06:10:58","slug":"ao-golf-nu-tay-ngan-zip-co-mandarin","status":"publish","type":"product","link":"https:\/\/taylormade-golf.vn\/en\/product\/ao-golf-nu-tay-ngan-zip-co-mandarin\/","title":{"rendered":"\u00c1o golf n\u1eef tay ng\u1eafn zip c\u1ed5 Mandarin"},"content":{"rendered":"<p data-start=\"202\" data-end=\"422\">Chi\u1ebfc \u00e1o\u00a0<strong data-start=\"211\" data-end=\"233\">golf n\u1eef ch\u00ednh h\u00e3ng<\/strong>\u00a0\u0111\u01b0\u1ee3c thi\u1ebft k\u1ebf theo d\u00e1ng\u00a0<strong data-start=\"258\" data-end=\"285\">mock neck (c\u1ed5 Mandarin)<\/strong>\u00a0k\u1ebft h\u1ee3p kh\u00f3a zip hi\u1ec7n \u0111\u1ea1i. Ki\u1ec3u d\u00e1ng th\u1ec3 thao nh\u01b0ng v\u1eabn gi\u1eef \u0111\u01b0\u1ee3c n\u00e9t n\u1eef t\u00ednh, mang l\u1ea1i s\u1ef1 t\u1ef1 tin v\u00e0 phong c\u00e1ch cho golfer n\u1eef tr\u00ean s\u00e2n.<\/p>\n<ul data-start=\"424\" data-end=\"651\">\n<li data-start=\"424\" data-end=\"471\">\n<p data-start=\"426\" data-end=\"471\"><strong data-start=\"426\" data-end=\"440\">Material:<\/strong>\u00a0Nylon 78% + Polyurethane 22%<\/p>\n<\/li>\n<li data-start=\"472\" data-end=\"651\">\n<p data-start=\"474\" data-end=\"498\"><strong data-start=\"474\" data-end=\"496\">T\u00ednh n\u0103ng n\u1ed5i b\u1eadt:<\/strong><\/p>\n<ul data-start=\"501\" data-end=\"651\">\n<li data-start=\"501\" data-end=\"541\">\n<p data-start=\"503\" data-end=\"541\">Co gi\u00e3n 4 chi\u1ec1u, tho\u1ea3i m\u00e1i khi swing<\/p>\n<\/li>\n<li data-start=\"544\" data-end=\"574\">\n<p data-start=\"546\" data-end=\"574\">Th\u1ea5m h\u00fat m\u1ed3 h\u00f4i, kh\u00f4 nhanh<\/p>\n<\/li>\n<li data-start=\"577\" data-end=\"609\">\n<p data-start=\"579\" data-end=\"609\">Kh\u1ea3 n\u0103ng l\u00e0m m\u00e1t, tho\u00e1ng kh\u00ed<\/p>\n<\/li>\n<li data-start=\"612\" data-end=\"651\">\n<p data-start=\"614\" data-end=\"651\">B\u1ea3o v\u1ec7 da v\u1edbi c\u00f4ng ngh\u1ec7\u00a0<strong data-start=\"638\" data-end=\"649\">UV Care<\/strong><\/p>\n<\/li>\n<\/ul>\n<\/li>\n<\/ul>","protected":false},"excerpt":{"rendered":"<p>Chi\u1ebfc \u00e1o\u00a0golf n\u1eef ch\u00ednh h\u00e3ng\u00a0\u0111\u01b0\u1ee3c thi\u1ebft k\u1ebf theo d\u00e1ng\u00a0mock neck (c\u1ed5 Mandarin)\u00a0k\u1ebft h\u1ee3p kh\u00f3a zip hi\u1ec7n \u0111\u1ea1i. Ki\u1ec3u d\u00e1ng th\u1ec3 thao nh\u01b0ng v\u1eabn gi\u1eef \u0111\u01b0\u1ee3c n\u00e9t n\u1eef t\u00ednh, mang l\u1ea1i s\u1ef1 t\u1ef1 tin v\u00e0 phong c\u00e1ch cho golfer n\u1eef tr\u00ean s\u00e2n. Ch\u1ea5t li\u1ec7u:\u00a0Nylon 78% + Polyurethane 22% T\u00ednh n\u0103ng n\u1ed5i b\u1eadt: Co gi\u00e3n 4 chi\u1ec1u, [&hellip;]<\/p>","protected":false},"featured_media":18397,"comment_status":"open","ping_status":"closed","template":"","meta":{"_acf_changed":false,"site-sidebar-layout":"default","site-content-layout":"","ast-site-content-layout":"default","site-content-style":"default","site-sidebar-style":"default","ast-global-header-display":"","ast-banner-title-visibility":"","ast-main-header-display":"","ast-hfb-above-header-display":"","ast-hfb-below-header-display":"","ast-hfb-mobile-header-display":"","site-post-title":"","ast-breadcrumbs-content":"","ast-featured-img":"","footer-sml-layout":"","theme-transparent-header-meta":"default","adv-header-id-meta":"","stick-header-meta":"default","header-above-stick-meta":"","header-main-stick-meta":"","header-below-stick-meta":"","astra-migrate-meta-layouts":"set","ast-page-background-enabled":"default","ast-page-background-meta":{"desktop":{"background-color":"","background-image":"","background-repeat":"repeat","background-position":"center center","background-size":"auto","background-attachment":"scroll","background-type":"","background-media":"","overlay-type":"","overlay-color":"","overlay-opacity":"","overlay-gradient":""},"tablet":{"background-color":"","background-image":"","background-repeat":"repeat","background-position":"center center","background-size":"auto","background-attachment":"scroll","background-type":"","background-media":"","overlay-type":"","overlay-color":"","overlay-opacity":"","overlay-gradient":""},"mobile":{"background-color":"","background-image":"","background-repeat":"repeat","background-position":"center center","background-size":"auto","background-attachment":"scroll","background-type":"","background-media":"","overlay-type":"","overlay-color":"","overlay-opacity":"","overlay-gradient":""}},"ast-content-background-meta":{"desktop":{"background-color":"var(--ast-global-color-5)","background-image":"","background-repeat":"repeat","background-position":"center center","background-size":"auto","background-attachment":"scroll","background-type":"","background-media":"","overlay-type":"","overlay-color":"","overlay-opacity":"","overlay-gradient":""},"tablet":{"background-color":"var(--ast-global-color-5)","background-image":"","background-repeat":"repeat","background-position":"center center","background-size":"auto","background-attachment":"scroll","background-type":"","background-media":"","overlay-type":"","overlay-color":"","overlay-opacity":"","overlay-gradient":""},"mobile":{"background-color":"var(--ast-global-color-5)","background-image":"","background-repeat":"repeat","background-position":"center center","background-size":"auto","background-attachment":"scroll","background-type":"","background-media":"","overlay-type":"","overlay-color":"","overlay-opacity":"","overlay-gradient":""}}},"product_brand":[],"product_cat":[263,102,101],"product_tag":[],"class_list":{"0":"post-18387","1":"product","2":"type-product","3":"status-publish","4":"has-post-thumbnail","6":"product_cat-nu","7":"product_cat-ao-coc-tay","8":"product_cat-quan-ao","9":"desktop-align-center","10":"tablet-align-center","11":"mobile-align-center","12":"ast-product-gallery-layout-first-image-large","13":"ast-product-single-variable","14":"ast-product-tabs-layout-distributed","16":"first","17":"instock","18":"shipping-taxable","19":"purchasable","20":"product-type-variable"},"acf":[],"_links":{"self":[{"href":"https:\/\/taylormade-golf.vn\/en\/wp-json\/wp\/v2\/product\/18387","targetHints":{"allow":["GET"]}}],"collection":[{"href":"https:\/\/taylormade-golf.vn\/en\/wp-json\/wp\/v2\/product"}],"about":[{"href":"https:\/\/taylormade-golf.vn\/en\/wp-json\/wp\/v2\/types\/product"}],"replies":[{"embeddable":true,"href":"https:\/\/taylormade-golf.vn\/en\/wp-json\/wp\/v2\/comments?post=18387"}],"wp:featuredmedia":[{"embeddable":true,"href":"https:\/\/taylormade-golf.vn\/en\/wp-json\/wp\/v2\/media\/18397"}],"wp:attachment":[{"href":"https:\/\/taylormade-golf.vn\/en\/wp-json\/wp\/v2\/media?parent=18387"}],"wp:term":[{"taxonomy":"product_brand","embeddable":true,"href":"https:\/\/taylormade-golf.vn\/en\/wp-json\/wp\/v2\/product_brand?post=18387"},{"taxonomy":"product_cat","embeddable":true,"href":"https:\/\/taylormade-golf.vn\/en\/wp-json\/wp\/v2\/product_cat?post=18387"},{"taxonomy":"product_tag","embeddable":true,"href":"https:\/\/taylormade-golf.vn\/en\/wp-json\/wp\/v2\/product_tag?post=18387"}],"curies":[{"name":"wp","href":"https:\/\/api.w.org\/{rel}","templated":true}]}}