{"id":18375,"date":"2025-10-28T13:07:41","date_gmt":"2025-10-28T06:07:41","guid":{"rendered":"https:\/\/taylormade-golf.vn\/?post_type=product&#038;p=18375"},"modified":"2025-10-28T13:07:42","modified_gmt":"2025-10-28T06:07:42","slug":"ao-polo-golf-taylormade-t-ice-gradient","status":"publish","type":"product","link":"https:\/\/taylormade-golf.vn\/en\/product\/ao-polo-golf-taylormade-t-ice-gradient\/","title":{"rendered":"\u00c1o polo golf TaylorMade T-ICE Gradient"},"content":{"rendered":"<p data-start=\"308\" data-end=\"637\">\u00c1o polo golf\u00a0<strong data-start=\"342\" data-end=\"384\">TaylorMade T-ICE Gradient Short Sleeve<\/strong>\u00a0n\u1ed5i b\u1eadt v\u1edbi thi\u1ebft k\u1ebf\u00a0<strong data-start=\"406\" data-end=\"443\">in h\u1ecda ti\u1ebft chuy\u1ec3n m\u00e0u (gradient)<\/strong>\u00a0hi\u1ec7n \u0111\u1ea1i, t\u1ea1o \u0111i\u1ec3m nh\u1ea5n tr\u1ebb trung v\u00e0 n\u0103ng \u0111\u1ed9ng tr\u00ean s\u00e2n golf. S\u1ea3n ph\u1ea9m t\u00edch h\u1ee3p c\u00f4ng ngh\u1ec7\u00a0<strong data-start=\"534\" data-end=\"551\">T-ICE Cooling<\/strong>\u00a0\u2013 mang l\u1ea1i c\u1ea3m gi\u00e1c m\u00e1t l\u1ea1nh b\u1ec1n b\u1ec9, gi\u00fap golfer lu\u00f4n tho\u1ea3i m\u00e1i trong m\u1ecdi tr\u1eadn \u0111\u1ea5u.<\/p>\n<p data-start=\"639\" data-end=\"944\">\u2714\ufe0f\u00a0<strong data-start=\"642\" data-end=\"666\">Cooling &amp; Heat-block<\/strong>: duy tr\u00ec c\u1ea3m gi\u00e1c m\u00e1t, ch\u1ed1ng n\u00f3ng hi\u1ec7u qu\u1ea3.<br data-start=\"710\" data-end=\"713\" \/>\u2714\ufe0f\u00a0<strong data-start=\"716\" data-end=\"748\">Quick Dry &amp; Sweat Absorption<\/strong>: th\u1ea5m h\u00fat m\u1ed3 h\u00f4i, kh\u00f4 nhanh.<br data-start=\"777\" data-end=\"780\" \/>\u2714\ufe0f\u00a0<strong data-start=\"783\" data-end=\"794\">UV Care<\/strong>: b\u1ea3o v\u1ec7 da tr\u01b0\u1edbc \u00e1nh n\u1eafng.<br data-start=\"821\" data-end=\"824\" \/>\u2714\ufe0f\u00a0<strong data-start=\"827\" data-end=\"846\">Stretch 4 chi\u1ec1u<\/strong>: linh ho\u1ea1t trong t\u1eebng c\u00fa swing.<br data-start=\"878\" data-end=\"881\" \/>\u2714\ufe0f Ch\u1ea5t li\u1ec7u: 100% Polyester cao c\u1ea5p.<br data-start=\"918\" data-end=\"921\" \/>\u2714\ufe0f Xu\u1ea5t x\u1ee9: Th\u00e1i Lan.<\/p>\n<p data-start=\"946\" data-end=\"977\"><strong data-start=\"946\" data-end=\"975\">B\u1ea3ng size tham kh\u1ea3o (cm):<\/strong><\/p>\n<ul data-start=\"978\" data-end=\"1196\">\n<li data-start=\"978\" data-end=\"1022\">\n<p data-start=\"980\" data-end=\"1022\">XS: D\u00e0i 58 \/ Vai 35 \/ Ng\u1ef1c 41 \/ Tay 16.3<\/p>\n<\/li>\n<li data-start=\"1023\" data-end=\"1066\">\n<p data-start=\"1025\" data-end=\"1066\">S: D\u00e0i 58 \/ Vai 36 \/ Ng\u1ef1c 43 \/ Tay 16.3<\/p>\n<\/li>\n<li data-start=\"1067\" data-end=\"1108\">\n<p data-start=\"1069\" data-end=\"1108\">M: D\u00e0i 60 \/ Vai 37 \/ Ng\u1ef1c 45 \/ Tay 17<\/p>\n<\/li>\n<li data-start=\"1109\" data-end=\"1152\">\n<p data-start=\"1111\" data-end=\"1152\">L: D\u00e0i 62 \/ Vai 38 \/ Ng\u1ef1c 47 \/ Tay 17.7<\/p>\n<\/li>\n<li data-start=\"1153\" data-end=\"1196\">\n<p data-start=\"1155\" data-end=\"1196\">O: D\u00e0i 64 \/ Vai 39 \/ Ng\u1ef1c 49 \/ Tay 18.4<\/p>\n<\/li>\n<\/ul>","protected":false},"excerpt":{"rendered":"<p>\u00c1o polo golf\u00a0TaylorMade T-ICE Gradient Short Sleeve\u00a0n\u1ed5i b\u1eadt v\u1edbi thi\u1ebft k\u1ebf\u00a0in h\u1ecda ti\u1ebft chuy\u1ec3n m\u00e0u (gradient)\u00a0hi\u1ec7n \u0111\u1ea1i, t\u1ea1o \u0111i\u1ec3m nh\u1ea5n tr\u1ebb trung v\u00e0 n\u0103ng \u0111\u1ed9ng tr\u00ean s\u00e2n golf. S\u1ea3n ph\u1ea9m t\u00edch h\u1ee3p c\u00f4ng ngh\u1ec7\u00a0T-ICE Cooling\u00a0\u2013 mang l\u1ea1i c\u1ea3m gi\u00e1c m\u00e1t l\u1ea1nh b\u1ec1n b\u1ec9, gi\u00fap golfer lu\u00f4n tho\u1ea3i m\u00e1i trong m\u1ecdi tr\u1eadn \u0111\u1ea5u. \u2714\ufe0f\u00a0Cooling &amp; Heat-block: [&hellip;]<\/p>","protected":false},"featured_media":18382,"comment_status":"open","ping_status":"closed","template":"","meta":{"_acf_changed":false,"site-sidebar-layout":"default","site-content-layout":"","ast-site-content-layout":"default","site-content-style":"default","site-sidebar-style":"default","ast-global-header-display":"","ast-banner-title-visibility":"","ast-main-header-display":"","ast-hfb-above-header-display":"","ast-hfb-below-header-display":"","ast-hfb-mobile-header-display":"","site-post-title":"","ast-breadcrumbs-content":"","ast-featured-img":"","footer-sml-layout":"","theme-transparent-header-meta":"default","adv-header-id-meta":"","stick-header-meta":"default","header-above-stick-meta":"","header-main-stick-meta":"","header-below-stick-meta":"","astra-migrate-meta-layouts":"set","ast-page-background-enabled":"default","ast-page-background-meta":{"desktop":{"background-color":"","background-image":"","background-repeat":"repeat","background-position":"center center","background-size":"auto","background-attachment":"scroll","background-type":"","background-media":"","overlay-type":"","overlay-color":"","overlay-opacity":"","overlay-gradient":""},"tablet":{"background-color":"","background-image":"","background-repeat":"repeat","background-position":"center center","background-size":"auto","background-attachment":"scroll","background-type":"","background-media":"","overlay-type":"","overlay-color":"","overlay-opacity":"","overlay-gradient":""},"mobile":{"background-color":"","background-image":"","background-repeat":"repeat","background-position":"center center","background-size":"auto","background-attachment":"scroll","background-type":"","background-media":"","overlay-type":"","overlay-color":"","overlay-opacity":"","overlay-gradient":""}},"ast-content-background-meta":{"desktop":{"background-color":"var(--ast-global-color-5)","background-image":"","background-repeat":"repeat","background-position":"center center","background-size":"auto","background-attachment":"scroll","background-type":"","background-media":"","overlay-type":"","overlay-color":"","overlay-opacity":"","overlay-gradient":""},"tablet":{"background-color":"var(--ast-global-color-5)","background-image":"","background-repeat":"repeat","background-position":"center center","background-size":"auto","background-attachment":"scroll","background-type":"","background-media":"","overlay-type":"","overlay-color":"","overlay-opacity":"","overlay-gradient":""},"mobile":{"background-color":"var(--ast-global-color-5)","background-image":"","background-repeat":"repeat","background-position":"center center","background-size":"auto","background-attachment":"scroll","background-type":"","background-media":"","overlay-type":"","overlay-color":"","overlay-opacity":"","overlay-gradient":""}}},"product_brand":[],"product_cat":[101,102,263],"product_tag":[],"class_list":{"0":"post-18375","1":"product","2":"type-product","3":"status-publish","4":"has-post-thumbnail","6":"product_cat-quan-ao","7":"product_cat-ao-coc-tay","8":"product_cat-nu","9":"desktop-align-center","10":"tablet-align-center","11":"mobile-align-center","12":"ast-product-gallery-layout-first-image-large","13":"ast-product-single-variable","14":"ast-product-tabs-layout-distributed","16":"first","17":"instock","18":"shipping-taxable","19":"purchasable","20":"product-type-variable"},"acf":[],"_links":{"self":[{"href":"https:\/\/taylormade-golf.vn\/en\/wp-json\/wp\/v2\/product\/18375","targetHints":{"allow":["GET"]}}],"collection":[{"href":"https:\/\/taylormade-golf.vn\/en\/wp-json\/wp\/v2\/product"}],"about":[{"href":"https:\/\/taylormade-golf.vn\/en\/wp-json\/wp\/v2\/types\/product"}],"replies":[{"embeddable":true,"href":"https:\/\/taylormade-golf.vn\/en\/wp-json\/wp\/v2\/comments?post=18375"}],"wp:featuredmedia":[{"embeddable":true,"href":"https:\/\/taylormade-golf.vn\/en\/wp-json\/wp\/v2\/media\/18382"}],"wp:attachment":[{"href":"https:\/\/taylormade-golf.vn\/en\/wp-json\/wp\/v2\/media?parent=18375"}],"wp:term":[{"taxonomy":"product_brand","embeddable":true,"href":"https:\/\/taylormade-golf.vn\/en\/wp-json\/wp\/v2\/product_brand?post=18375"},{"taxonomy":"product_cat","embeddable":true,"href":"https:\/\/taylormade-golf.vn\/en\/wp-json\/wp\/v2\/product_cat?post=18375"},{"taxonomy":"product_tag","embeddable":true,"href":"https:\/\/taylormade-golf.vn\/en\/wp-json\/wp\/v2\/product_tag?post=18375"}],"curies":[{"name":"wp","href":"https:\/\/api.w.org\/{rel}","templated":true}]}}