{"id":18358,"date":"2025-10-28T13:02:25","date_gmt":"2025-10-28T06:02:25","guid":{"rendered":"https:\/\/taylormade-golf.vn\/?post_type=product&#038;p=18358"},"modified":"2025-10-28T13:02:42","modified_gmt":"2025-10-28T06:02:42","slug":"ao-polo-len-golf-nu-tmxua","status":"publish","type":"product","link":"https:\/\/taylormade-golf.vn\/en\/product\/ao-polo-len-golf-nu-tmxua\/","title":{"rendered":"\u00c1o Polo Len Golf N\u1eef TM\u00d7UA"},"content":{"rendered":"<p>S\u1ea3n ph\u1ea9m h\u1ee3p t\u00e1c \u0111\u1ed9c quy\u1ec1n gi\u1eefa\u00a0<strong data-start=\"172\" data-end=\"202\">United Arrows \u00d7 TaylorMade<\/strong>\u00a0\u2013 m\u1eabu \u00e1o polo len v\u1edbi thi\u1ebft k\u1ebf d\u1ec7t tinh t\u1ebf, t\u1ea1o hi\u1ec7u \u1ee9ng hoa v\u0103n m\u1edbi m\u1ebb v\u00e0 kh\u00e1c bi\u1ec7t. Ki\u1ec3u d\u00e1ng hi\u1ec7n \u0111\u1ea1i, ch\u1ea5t li\u1ec7u co gi\u00e3n tho\u1ea3i m\u00e1i gi\u00fap ng\u01b0\u1eddi m\u1eb7c t\u1ef1 tin c\u1ea3 tr\u00ean s\u00e2n golf l\u1eabn trong phong c\u00e1ch th\u01b0\u1eddng ng\u00e0y.<br data-start=\"409\" data-end=\"412\" \/>Material\u00a0<strong data-start=\"422\" data-end=\"440\">100% polyester<\/strong>\u00a0nh\u1eb9, tho\u00e1ng v\u00e0 d\u1ec5 d\u00e0ng ph\u1ed1i h\u1ee3p v\u1edbi nhi\u1ec1u trang ph\u1ee5c kh\u00e1c, mang \u0111\u1ebfn s\u1ef1 thanh l\u1ecbch nh\u01b0ng v\u1eabn n\u0103ng \u0111\u1ed9ng cho golfer n\u1eef. \u0110\u00e2y l\u00e0 m\u1ed9t item \u201cmust-have\u201d cho nh\u1eefng ai y\u00eau th\u00edch s\u1ef1 k\u1ebft h\u1ee3p gi\u1eefa th\u1eddi trang v\u00e0 th\u1ec3 thao.<\/p>\n<p data-start=\"652\" data-end=\"683\"><strong data-start=\"652\" data-end=\"666\">Material:<\/strong>\u00a0100% Polyester<\/p>","protected":false},"excerpt":{"rendered":"<p>S\u1ea3n ph\u1ea9m h\u1ee3p t\u00e1c \u0111\u1ed9c quy\u1ec1n gi\u1eefa\u00a0United Arrows \u00d7 TaylorMade\u00a0\u2013 m\u1eabu \u00e1o polo len v\u1edbi thi\u1ebft k\u1ebf d\u1ec7t tinh t\u1ebf, t\u1ea1o hi\u1ec7u \u1ee9ng hoa v\u0103n m\u1edbi m\u1ebb v\u00e0 kh\u00e1c bi\u1ec7t. Ki\u1ec3u d\u00e1ng hi\u1ec7n \u0111\u1ea1i, ch\u1ea5t li\u1ec7u co gi\u00e3n tho\u1ea3i m\u00e1i gi\u00fap ng\u01b0\u1eddi m\u1eb7c t\u1ef1 tin c\u1ea3 tr\u00ean s\u00e2n golf l\u1eabn trong phong c\u00e1ch th\u01b0\u1eddng ng\u00e0y.Ch\u1ea5t [&hellip;]<\/p>","protected":false},"featured_media":18369,"comment_status":"open","ping_status":"closed","template":"","meta":{"_acf_changed":false,"site-sidebar-layout":"default","site-content-layout":"","ast-site-content-layout":"default","site-content-style":"default","site-sidebar-style":"default","ast-global-header-display":"","ast-banner-title-visibility":"","ast-main-header-display":"","ast-hfb-above-header-display":"","ast-hfb-below-header-display":"","ast-hfb-mobile-header-display":"","site-post-title":"","ast-breadcrumbs-content":"","ast-featured-img":"","footer-sml-layout":"","theme-transparent-header-meta":"default","adv-header-id-meta":"","stick-header-meta":"default","header-above-stick-meta":"","header-main-stick-meta":"","header-below-stick-meta":"","astra-migrate-meta-layouts":"set","ast-page-background-enabled":"default","ast-page-background-meta":{"desktop":{"background-color":"","background-image":"","background-repeat":"repeat","background-position":"center center","background-size":"auto","background-attachment":"scroll","background-type":"","background-media":"","overlay-type":"","overlay-color":"","overlay-opacity":"","overlay-gradient":""},"tablet":{"background-color":"","background-image":"","background-repeat":"repeat","background-position":"center center","background-size":"auto","background-attachment":"scroll","background-type":"","background-media":"","overlay-type":"","overlay-color":"","overlay-opacity":"","overlay-gradient":""},"mobile":{"background-color":"","background-image":"","background-repeat":"repeat","background-position":"center center","background-size":"auto","background-attachment":"scroll","background-type":"","background-media":"","overlay-type":"","overlay-color":"","overlay-opacity":"","overlay-gradient":""}},"ast-content-background-meta":{"desktop":{"background-color":"var(--ast-global-color-5)","background-image":"","background-repeat":"repeat","background-position":"center center","background-size":"auto","background-attachment":"scroll","background-type":"","background-media":"","overlay-type":"","overlay-color":"","overlay-opacity":"","overlay-gradient":""},"tablet":{"background-color":"var(--ast-global-color-5)","background-image":"","background-repeat":"repeat","background-position":"center center","background-size":"auto","background-attachment":"scroll","background-type":"","background-media":"","overlay-type":"","overlay-color":"","overlay-opacity":"","overlay-gradient":""},"mobile":{"background-color":"var(--ast-global-color-5)","background-image":"","background-repeat":"repeat","background-position":"center center","background-size":"auto","background-attachment":"scroll","background-type":"","background-media":"","overlay-type":"","overlay-color":"","overlay-opacity":"","overlay-gradient":""}}},"product_brand":[],"product_cat":[263,102,101],"product_tag":[],"class_list":{"0":"post-18358","1":"product","2":"type-product","3":"status-publish","4":"has-post-thumbnail","6":"product_cat-nu","7":"product_cat-ao-coc-tay","8":"product_cat-quan-ao","9":"desktop-align-center","10":"tablet-align-center","11":"mobile-align-center","12":"ast-product-gallery-layout-first-image-large","13":"ast-product-single-variable","14":"ast-product-tabs-layout-distributed","16":"first","17":"instock","18":"shipping-taxable","19":"purchasable","20":"product-type-variable"},"acf":[],"_links":{"self":[{"href":"https:\/\/taylormade-golf.vn\/en\/wp-json\/wp\/v2\/product\/18358","targetHints":{"allow":["GET"]}}],"collection":[{"href":"https:\/\/taylormade-golf.vn\/en\/wp-json\/wp\/v2\/product"}],"about":[{"href":"https:\/\/taylormade-golf.vn\/en\/wp-json\/wp\/v2\/types\/product"}],"replies":[{"embeddable":true,"href":"https:\/\/taylormade-golf.vn\/en\/wp-json\/wp\/v2\/comments?post=18358"}],"wp:featuredmedia":[{"embeddable":true,"href":"https:\/\/taylormade-golf.vn\/en\/wp-json\/wp\/v2\/media\/18369"}],"wp:attachment":[{"href":"https:\/\/taylormade-golf.vn\/en\/wp-json\/wp\/v2\/media?parent=18358"}],"wp:term":[{"taxonomy":"product_brand","embeddable":true,"href":"https:\/\/taylormade-golf.vn\/en\/wp-json\/wp\/v2\/product_brand?post=18358"},{"taxonomy":"product_cat","embeddable":true,"href":"https:\/\/taylormade-golf.vn\/en\/wp-json\/wp\/v2\/product_cat?post=18358"},{"taxonomy":"product_tag","embeddable":true,"href":"https:\/\/taylormade-golf.vn\/en\/wp-json\/wp\/v2\/product_tag?post=18358"}],"curies":[{"name":"wp","href":"https:\/\/api.w.org\/{rel}","templated":true}]}}