{"id":18325,"date":"2025-10-28T10:35:09","date_gmt":"2025-10-28T03:35:09","guid":{"rendered":"https:\/\/taylormade-golf.vn\/?post_type=product&#038;p=18325"},"modified":"2025-10-28T10:35:10","modified_gmt":"2025-10-28T03:35:10","slug":"gang-tay-golf-nu-t-heat","status":"publish","type":"product","link":"https:\/\/taylormade-golf.vn\/en\/product\/gang-tay-golf-nu-t-heat\/","title":{"rendered":"G\u0103ng Tay Golf N\u1eef T-HEAT"},"content":{"rendered":"<p data-start=\"94\" data-end=\"369\">G\u0103ng tay golf n\u1eef m\u00f9a \u0111\u00f4ng\u00a0<strong data-start=\"141\" data-end=\"151\">T-HEAT<\/strong>\u00a0\u0111\u01b0\u1ee3c thi\u1ebft k\u1ebf chuy\u00ean bi\u1ec7t cho ph\u00e1i n\u1eef, k\u1ebft h\u1ee3p ho\u00e0n h\u1ea3o gi\u1eefa\u00a0<strong data-start=\"213\" data-end=\"245\">kh\u1ea3 n\u0103ng gi\u1eef \u1ea5m v\u00e0 ch\u1ed1ng gi\u00f3<\/strong>. S\u1ea3n ph\u1ea9m s\u1eed d\u1ee5ng ch\u1ea5t li\u1ec7u\u00a0<strong data-start=\"274\" data-end=\"287\">Flexmove\u00ae<\/strong>\u00a0co gi\u00e3n v\u01b0\u1ee3t tr\u1ed9i, mang l\u1ea1i \u0111\u1ed9 \u00f4m tay tho\u1ea3i m\u00e1i v\u00e0 linh ho\u1ea1t trong m\u1ecdi c\u00fa \u0111\u00e1nh.<\/p>\n<p data-start=\"371\" data-end=\"748\">Ph\u1ea7n mu b\u00e0n tay v\u1edbi c\u1ea5u tr\u00fac\u00a0<strong data-start=\"400\" data-end=\"411\">hai l\u1edbp<\/strong>\u00a0c\u00f9ng chi ti\u1ebft \u201ccurtain\u201d d\u01b0\u1edbi tab gi\u00fap c\u1ea3n gi\u00f3 hi\u1ec7u qu\u1ea3. Ri\u00eang phi\u00ean b\u1ea3n n\u1eef c\u00f3 thi\u1ebft k\u1ebf\u00a0<strong data-start=\"499\" data-end=\"517\">c\u1ed5 tay d\u00e0i h\u01a1n<\/strong>, t\u0103ng kh\u1ea3 n\u0103ng gi\u1eef nhi\u1ec7t v\u00e0 b\u1ed5 sung t\u00ednh n\u0103ng ch\u1ed1ng tia UV. L\u00f2ng b\u00e0n tay \u0111\u01b0\u1ee3c l\u00e0m b\u1eb1ng v\u1ea3i ma s\u00e1t cao, \u0111\u1ea3m b\u1ea3o \u0111\u1ed9 b\u00e1m ch\u1eafc ch\u1eafn v\u1edbi g\u1eady. Ng\u00f3n tr\u1ecf c\u00f2n \u0111\u01b0\u1ee3c t\u00edch h\u1ee3p v\u1ea3i c\u1ea3m \u1ee9ng, cho ph\u00e9p s\u1eed d\u1ee5ng smartphone m\u00e0 kh\u00f4ng c\u1ea7n th\u00e1o g\u0103ng.<\/p>\n<p data-start=\"750\" data-end=\"893\">\u0110\u00e2y l\u00e0 m\u1eabu g\u0103ng tay m\u00f9a \u0111\u00f4ng kh\u00f4ng ch\u1ec9 gi\u1eef \u1ea5m hi\u1ec7u qu\u1ea3 m\u00e0 c\u00f2n c\u00f3\u00a0<strong data-start=\"815\" data-end=\"836\">t\u00ednh n\u0103ng \u0111a d\u1ee5ng<\/strong>, \u0111\u00e1p \u1ee9ng c\u1ea3 v\u1ec1 hi\u1ec7u su\u1ea5t v\u00e0 s\u1ef1 ti\u1ec7n l\u1ee3i cho golfer n\u1eef.<\/p>\n<p data-start=\"895\" data-end=\"931\"><strong data-start=\"895\" data-end=\"910\">Size<\/strong>\u00a0M<br data-start=\"912\" data-end=\"915\" \/><strong data-start=\"915\" data-end=\"929\">Material:<\/strong><\/p>\n<ul data-start=\"932\" data-end=\"1014\">\n<li data-start=\"932\" data-end=\"984\">\n<p data-start=\"934\" data-end=\"984\">Mu b\u00e0n tay: Polyester, Polyurethane, Da t\u1ed5ng h\u1ee3p<\/p>\n<\/li>\n<li data-start=\"985\" data-end=\"1014\">\n<p data-start=\"987\" data-end=\"1014\">Flat: Synthetic leather<\/p>\n<\/li>\n<\/ul>","protected":false},"excerpt":{"rendered":"<p>G\u0103ng tay golf n\u1eef m\u00f9a \u0111\u00f4ng\u00a0T-HEAT\u00a0\u0111\u01b0\u1ee3c thi\u1ebft k\u1ebf chuy\u00ean bi\u1ec7t cho ph\u00e1i n\u1eef, k\u1ebft h\u1ee3p ho\u00e0n h\u1ea3o gi\u1eefa\u00a0kh\u1ea3 n\u0103ng gi\u1eef \u1ea5m v\u00e0 ch\u1ed1ng gi\u00f3. S\u1ea3n ph\u1ea9m s\u1eed d\u1ee5ng ch\u1ea5t li\u1ec7u\u00a0Flexmove\u00ae\u00a0co gi\u00e3n v\u01b0\u1ee3t tr\u1ed9i, mang l\u1ea1i \u0111\u1ed9 \u00f4m tay tho\u1ea3i m\u00e1i v\u00e0 linh ho\u1ea1t trong m\u1ecdi c\u00fa \u0111\u00e1nh. Ph\u1ea7n mu b\u00e0n tay v\u1edbi c\u1ea5u tr\u00fac\u00a0hai l\u1edbp\u00a0c\u00f9ng [&hellip;]<\/p>","protected":false},"featured_media":18326,"comment_status":"open","ping_status":"closed","template":"","meta":{"_acf_changed":false,"site-sidebar-layout":"default","site-content-layout":"","ast-site-content-layout":"default","site-content-style":"default","site-sidebar-style":"default","ast-global-header-display":"","ast-banner-title-visibility":"","ast-main-header-display":"","ast-hfb-above-header-display":"","ast-hfb-below-header-display":"","ast-hfb-mobile-header-display":"","site-post-title":"","ast-breadcrumbs-content":"","ast-featured-img":"","footer-sml-layout":"","theme-transparent-header-meta":"default","adv-header-id-meta":"","stick-header-meta":"default","header-above-stick-meta":"","header-main-stick-meta":"","header-below-stick-meta":"","astra-migrate-meta-layouts":"set","ast-page-background-enabled":"default","ast-page-background-meta":{"desktop":{"background-color":"","background-image":"","background-repeat":"repeat","background-position":"center center","background-size":"auto","background-attachment":"scroll","background-type":"","background-media":"","overlay-type":"","overlay-color":"","overlay-opacity":"","overlay-gradient":""},"tablet":{"background-color":"","background-image":"","background-repeat":"repeat","background-position":"center center","background-size":"auto","background-attachment":"scroll","background-type":"","background-media":"","overlay-type":"","overlay-color":"","overlay-opacity":"","overlay-gradient":""},"mobile":{"background-color":"","background-image":"","background-repeat":"repeat","background-position":"center center","background-size":"auto","background-attachment":"scroll","background-type":"","background-media":"","overlay-type":"","overlay-color":"","overlay-opacity":"","overlay-gradient":""}},"ast-content-background-meta":{"desktop":{"background-color":"var(--ast-global-color-5)","background-image":"","background-repeat":"repeat","background-position":"center center","background-size":"auto","background-attachment":"scroll","background-type":"","background-media":"","overlay-type":"","overlay-color":"","overlay-opacity":"","overlay-gradient":""},"tablet":{"background-color":"var(--ast-global-color-5)","background-image":"","background-repeat":"repeat","background-position":"center center","background-size":"auto","background-attachment":"scroll","background-type":"","background-media":"","overlay-type":"","overlay-color":"","overlay-opacity":"","overlay-gradient":""},"mobile":{"background-color":"var(--ast-global-color-5)","background-image":"","background-repeat":"repeat","background-position":"center center","background-size":"auto","background-attachment":"scroll","background-type":"","background-media":"","overlay-type":"","overlay-color":"","overlay-opacity":"","overlay-gradient":""}}},"product_brand":[],"product_cat":[91,93],"product_tag":[],"class_list":{"0":"post-18325","1":"product","2":"type-product","3":"status-publish","4":"has-post-thumbnail","6":"product_cat-phu-kien","7":"product_cat-gang-tay","8":"desktop-align-center","9":"tablet-align-center","10":"mobile-align-center","11":"ast-product-gallery-layout-first-image-large","12":"ast-product-single-variable","13":"ast-product-tabs-layout-distributed","15":"first","16":"instock","17":"shipping-taxable","18":"purchasable","19":"product-type-variable"},"acf":[],"_links":{"self":[{"href":"https:\/\/taylormade-golf.vn\/en\/wp-json\/wp\/v2\/product\/18325","targetHints":{"allow":["GET"]}}],"collection":[{"href":"https:\/\/taylormade-golf.vn\/en\/wp-json\/wp\/v2\/product"}],"about":[{"href":"https:\/\/taylormade-golf.vn\/en\/wp-json\/wp\/v2\/types\/product"}],"replies":[{"embeddable":true,"href":"https:\/\/taylormade-golf.vn\/en\/wp-json\/wp\/v2\/comments?post=18325"}],"wp:featuredmedia":[{"embeddable":true,"href":"https:\/\/taylormade-golf.vn\/en\/wp-json\/wp\/v2\/media\/18326"}],"wp:attachment":[{"href":"https:\/\/taylormade-golf.vn\/en\/wp-json\/wp\/v2\/media?parent=18325"}],"wp:term":[{"taxonomy":"product_brand","embeddable":true,"href":"https:\/\/taylormade-golf.vn\/en\/wp-json\/wp\/v2\/product_brand?post=18325"},{"taxonomy":"product_cat","embeddable":true,"href":"https:\/\/taylormade-golf.vn\/en\/wp-json\/wp\/v2\/product_cat?post=18325"},{"taxonomy":"product_tag","embeddable":true,"href":"https:\/\/taylormade-golf.vn\/en\/wp-json\/wp\/v2\/product_tag?post=18325"}],"curies":[{"name":"wp","href":"https:\/\/api.w.org\/{rel}","templated":true}]}}