{"id":18315,"date":"2025-10-28T10:20:05","date_gmt":"2025-10-28T03:20:05","guid":{"rendered":"https:\/\/taylormade-golf.vn\/?post_type=product&#038;p=18315"},"modified":"2025-10-28T10:20:06","modified_gmt":"2025-10-28T03:20:06","slug":"gang-tay-golf-nu-boa-fleece","status":"publish","type":"product","link":"https:\/\/taylormade-golf.vn\/en\/product\/gang-tay-golf-nu-boa-fleece\/","title":{"rendered":"G\u0103ng Tay Golf N\u1eef Boa Fleece"},"content":{"rendered":"<p data-start=\"86\" data-end=\"441\">G\u0103ng tay golf n\u1eef m\u00f9a \u0111\u00f4ng v\u1edbi thi\u1ebft k\u1ebf n\u1ed5i b\u1eadt nh\u1edd l\u1edbp l\u00f4ng\u00a0<strong data-start=\"167\" data-end=\"182\">boa m\u1ec1m m\u1ea1i<\/strong>\u00a0v\u00e0 chi ti\u1ebft tab \u00e1nh nh\u0169 sang tr\u1ecdng. Ph\u1ea7n mu b\u00e0n tay s\u1eed d\u1ee5ng v\u1ea3i\u00a0<strong data-start=\"247\" data-end=\"275\">fleece hai m\u1eb7t gi\u1eef nhi\u1ec7t<\/strong>, k\u1ebft h\u1ee3p v\u1edbi l\u1edbp \u201ccurtain\u201d ch\u1ed1ng gi\u00f3 b\u00ean d\u01b0\u1edbi tab v\u00e0 c\u1ed5 tay \u0111\u01b0\u1ee3c trang b\u1ecb\u00a0<strong data-start=\"350\" data-end=\"375\">boa h\u00fat \u1ea9m sinh nhi\u1ec7t<\/strong>\u00a0k\u00e9o d\u00e0i, gi\u00fap t\u0103ng c\u01b0\u1eddng kh\u1ea3 n\u0103ng gi\u1eef \u1ea5m v\u00e0 b\u1ea3o v\u1ec7 kh\u1ecfi tia UV.<\/p>\n<p data-start=\"443\" data-end=\"673\">L\u00f2ng b\u00e0n tay \u0111\u01b0\u1ee3c gia c\u00f4ng b\u1eb1ng\u00a0<strong data-start=\"475\" data-end=\"520\">da t\u1ed5ng h\u1ee3p d\u1eadp t\u1ed5 ong (honeycomb emboss)<\/strong>, mang l\u1ea1i \u0111\u1ed9 b\u00e1m g\u1eady v\u01b0\u1ee3t tr\u1ed9i. Ngo\u00e0i ra, ng\u00f3n tr\u1ecf c\u00f2n \u0111\u01b0\u1ee3c t\u00edch h\u1ee3p ch\u1ea5t li\u1ec7u c\u1ea3m \u1ee9ng, cho ph\u00e9p s\u1eed d\u1ee5ng \u0111i\u1ec7n tho\u1ea1i th\u00f4ng minh m\u00e0 kh\u00f4ng c\u1ea7n th\u00e1o g\u0103ng.<\/p>\n<p data-start=\"675\" data-end=\"854\">\u0110\u00e2y l\u00e0 m\u1eabu g\u0103ng tay kh\u00f4ng ch\u1ec9 th\u1eddi trang v\u1edbi ch\u1ea5t li\u1ec7u boa m\u1ec1m m\u1ecbn m\u00e0 c\u00f2n mang \u0111\u1ebfn\u00a0<strong data-start=\"758\" data-end=\"800\">kh\u1ea3 n\u0103ng gi\u1eef \u1ea5m v\u00e0 t\u00ednh n\u0103ng v\u01b0\u1ee3t tr\u1ed9i<\/strong>, l\u00e0 l\u1ef1a ch\u1ecdn l\u00fd t\u01b0\u1edfng cho golfer n\u1eef trong m\u00f9a \u0111\u00f4ng.<\/p>\n<p data-start=\"856\" data-end=\"873\"><strong data-start=\"856\" data-end=\"871\">Size<\/strong><\/p>\n<ul data-start=\"874\" data-end=\"905\">\n<li data-start=\"874\" data-end=\"889\">\n<p data-start=\"876\" data-end=\"889\">M: 18\u201319 cm<\/p>\n<\/li>\n<li data-start=\"890\" data-end=\"905\">\n<p data-start=\"892\" data-end=\"905\">L: 20\u201321 cm<\/p>\n<\/li>\n<\/ul>\n<p data-start=\"907\" data-end=\"923\"><strong data-start=\"907\" data-end=\"921\">Material:<\/strong><\/p>\n<ul data-start=\"924\" data-end=\"1008\">\n<li data-start=\"924\" data-end=\"949\">\n<p data-start=\"926\" data-end=\"949\">Mu b\u00e0n tay: Polyester<\/p>\n<\/li>\n<li data-start=\"950\" data-end=\"979\">\n<p data-start=\"952\" data-end=\"979\">Flat: Synthetic leather<\/p>\n<\/li>\n<li data-start=\"980\" data-end=\"1008\">\n<p data-start=\"982\" data-end=\"1008\">C\u1ed5 tay: Polyester, Rayon<\/p>\n<\/li>\n<\/ul>","protected":false},"excerpt":{"rendered":"<p>G\u0103ng tay golf n\u1eef m\u00f9a \u0111\u00f4ng v\u1edbi thi\u1ebft k\u1ebf n\u1ed5i b\u1eadt nh\u1edd l\u1edbp l\u00f4ng\u00a0boa m\u1ec1m m\u1ea1i\u00a0v\u00e0 chi ti\u1ebft tab \u00e1nh nh\u0169 sang tr\u1ecdng. Ph\u1ea7n mu b\u00e0n tay s\u1eed d\u1ee5ng v\u1ea3i\u00a0fleece hai m\u1eb7t gi\u1eef nhi\u1ec7t, k\u1ebft h\u1ee3p v\u1edbi l\u1edbp \u201ccurtain\u201d ch\u1ed1ng gi\u00f3 b\u00ean d\u01b0\u1edbi tab v\u00e0 c\u1ed5 tay \u0111\u01b0\u1ee3c trang b\u1ecb\u00a0boa h\u00fat \u1ea9m sinh nhi\u1ec7t\u00a0k\u00e9o d\u00e0i, [&hellip;]<\/p>","protected":false},"featured_media":18316,"comment_status":"open","ping_status":"closed","template":"","meta":{"_acf_changed":false,"site-sidebar-layout":"default","site-content-layout":"","ast-site-content-layout":"default","site-content-style":"default","site-sidebar-style":"default","ast-global-header-display":"","ast-banner-title-visibility":"","ast-main-header-display":"","ast-hfb-above-header-display":"","ast-hfb-below-header-display":"","ast-hfb-mobile-header-display":"","site-post-title":"","ast-breadcrumbs-content":"","ast-featured-img":"","footer-sml-layout":"","theme-transparent-header-meta":"default","adv-header-id-meta":"","stick-header-meta":"default","header-above-stick-meta":"","header-main-stick-meta":"","header-below-stick-meta":"","astra-migrate-meta-layouts":"set","ast-page-background-enabled":"default","ast-page-background-meta":{"desktop":{"background-color":"","background-image":"","background-repeat":"repeat","background-position":"center center","background-size":"auto","background-attachment":"scroll","background-type":"","background-media":"","overlay-type":"","overlay-color":"","overlay-opacity":"","overlay-gradient":""},"tablet":{"background-color":"","background-image":"","background-repeat":"repeat","background-position":"center center","background-size":"auto","background-attachment":"scroll","background-type":"","background-media":"","overlay-type":"","overlay-color":"","overlay-opacity":"","overlay-gradient":""},"mobile":{"background-color":"","background-image":"","background-repeat":"repeat","background-position":"center center","background-size":"auto","background-attachment":"scroll","background-type":"","background-media":"","overlay-type":"","overlay-color":"","overlay-opacity":"","overlay-gradient":""}},"ast-content-background-meta":{"desktop":{"background-color":"var(--ast-global-color-5)","background-image":"","background-repeat":"repeat","background-position":"center center","background-size":"auto","background-attachment":"scroll","background-type":"","background-media":"","overlay-type":"","overlay-color":"","overlay-opacity":"","overlay-gradient":""},"tablet":{"background-color":"var(--ast-global-color-5)","background-image":"","background-repeat":"repeat","background-position":"center center","background-size":"auto","background-attachment":"scroll","background-type":"","background-media":"","overlay-type":"","overlay-color":"","overlay-opacity":"","overlay-gradient":""},"mobile":{"background-color":"var(--ast-global-color-5)","background-image":"","background-repeat":"repeat","background-position":"center center","background-size":"auto","background-attachment":"scroll","background-type":"","background-media":"","overlay-type":"","overlay-color":"","overlay-opacity":"","overlay-gradient":""}}},"product_brand":[],"product_cat":[91,93,263],"product_tag":[],"class_list":{"0":"post-18315","1":"product","2":"type-product","3":"status-publish","4":"has-post-thumbnail","6":"product_cat-phu-kien","7":"product_cat-gang-tay","8":"product_cat-nu","9":"desktop-align-center","10":"tablet-align-center","11":"mobile-align-center","12":"ast-product-gallery-layout-first-image-large","13":"ast-product-single-variable","14":"ast-product-tabs-layout-distributed","16":"first","17":"instock","18":"shipping-taxable","19":"purchasable","20":"product-type-variable"},"acf":[],"_links":{"self":[{"href":"https:\/\/taylormade-golf.vn\/en\/wp-json\/wp\/v2\/product\/18315","targetHints":{"allow":["GET"]}}],"collection":[{"href":"https:\/\/taylormade-golf.vn\/en\/wp-json\/wp\/v2\/product"}],"about":[{"href":"https:\/\/taylormade-golf.vn\/en\/wp-json\/wp\/v2\/types\/product"}],"replies":[{"embeddable":true,"href":"https:\/\/taylormade-golf.vn\/en\/wp-json\/wp\/v2\/comments?post=18315"}],"wp:featuredmedia":[{"embeddable":true,"href":"https:\/\/taylormade-golf.vn\/en\/wp-json\/wp\/v2\/media\/18316"}],"wp:attachment":[{"href":"https:\/\/taylormade-golf.vn\/en\/wp-json\/wp\/v2\/media?parent=18315"}],"wp:term":[{"taxonomy":"product_brand","embeddable":true,"href":"https:\/\/taylormade-golf.vn\/en\/wp-json\/wp\/v2\/product_brand?post=18315"},{"taxonomy":"product_cat","embeddable":true,"href":"https:\/\/taylormade-golf.vn\/en\/wp-json\/wp\/v2\/product_cat?post=18315"},{"taxonomy":"product_tag","embeddable":true,"href":"https:\/\/taylormade-golf.vn\/en\/wp-json\/wp\/v2\/product_tag?post=18315"}],"curies":[{"name":"wp","href":"https:\/\/api.w.org\/{rel}","templated":true}]}}