{"id":18307,"date":"2025-10-28T10:16:43","date_gmt":"2025-10-28T03:16:43","guid":{"rendered":"https:\/\/taylormade-golf.vn\/?post_type=product&#038;p=18307"},"modified":"2025-10-28T10:16:44","modified_gmt":"2025-10-28T03:16:44","slug":"gang-tay-golf-t-heat","status":"publish","type":"product","link":"https:\/\/taylormade-golf.vn\/en\/product\/gang-tay-golf-t-heat\/","title":{"rendered":"G\u0103ng Tay Golf T-HEAT"},"content":{"rendered":"<p data-start=\"72\" data-end=\"335\">G\u0103ng tay golf m\u00f9a \u0111\u00f4ng\u00a0<strong data-start=\"116\" data-end=\"126\">T-HEAT<\/strong>\u00a0\u0111\u01b0\u1ee3c thi\u1ebft k\u1ebf \u0111\u1eb7c bi\u1ec7t v\u1edbi kh\u1ea3 n\u0103ng\u00a0<strong data-start=\"163\" data-end=\"186\">gi\u1eef \u1ea5m v\u00e0 ch\u1ed1ng gi\u00f3<\/strong>, gi\u00fap golfer tho\u1ea3i m\u00e1i trong nh\u1eefng ng\u00e0y l\u1ea1nh gi\u00e1. Ch\u1ea5t li\u1ec7u\u00a0<strong data-start=\"247\" data-end=\"260\">Flexmove\u00ae<\/strong>\u00a0co gi\u00e3n cao mang l\u1ea1i \u0111\u1ed9 \u00f4m tay ho\u00e0n h\u1ea3o v\u00e0 linh ho\u1ea1t trong t\u1eebng c\u00fa \u0111\u00e1nh.<\/p>\n<p data-start=\"337\" data-end=\"643\">Ph\u1ea7n mu b\u00e0n tay s\u1eed d\u1ee5ng c\u1ea5u tr\u00fac hai l\u1edbp c\u00f9ng chi ti\u1ebft \u201ccurtain\u201d d\u01b0\u1edbi tab, gi\u1eef nhi\u1ec7t hi\u1ec7u qu\u1ea3 ngay c\u1ea3 khi ch\u01a1i l\u00e2u tr\u00ean s\u00e2n. L\u00f2ng b\u00e0n tay \u0111\u01b0\u1ee3c l\u00e0m t\u1eeb ch\u1ea5t li\u1ec7u c\u00f3 \u0111\u1ed9 ma s\u00e1t cao, \u0111\u1ea3m b\u1ea3o \u0111\u1ed9 b\u00e1m ch\u1eafc v\u1edbi g\u1eady. \u0110\u1eb7c bi\u1ec7t, ng\u00f3n tr\u1ecf \u0111\u01b0\u1ee3c t\u00edch h\u1ee3p v\u1ea3i c\u1ea3m \u1ee9ng, cho ph\u00e9p s\u1eed d\u1ee5ng smartphone m\u00e0 kh\u00f4ng c\u1ea7n th\u00e1o g\u0103ng.<\/p>\n<p data-start=\"645\" data-end=\"802\">\u0110\u00e2y l\u00e0 m\u1eabu g\u0103ng tay kh\u00f4ng ch\u1ec9 v\u01b0\u1ee3t tr\u1ed9i v\u1ec1\u00a0<strong data-start=\"688\" data-end=\"707\">kh\u1ea3 n\u0103ng gi\u1eef \u1ea5m<\/strong>, m\u00e0 c\u00f2n t\u1ed1i \u01b0u v\u1ec1\u00a0<strong data-start=\"726\" data-end=\"751\">t\u00ednh n\u0103ng v\u00e0 ti\u1ec7n \u00edch<\/strong>, l\u00e0 l\u1ef1a ch\u1ecdn l\u00fd t\u01b0\u1edfng cho golfer trong m\u00f9a \u0111\u00f4ng.<\/p>\n<p data-start=\"804\" data-end=\"840\"><strong data-start=\"824\" data-end=\"838\">Material:<\/strong><\/p>\n<ul data-start=\"841\" data-end=\"923\">\n<li data-start=\"841\" data-end=\"893\">\n<p data-start=\"843\" data-end=\"893\">Mu b\u00e0n tay: Polyester, Polyurethane, Da t\u1ed5ng h\u1ee3p<\/p>\n<\/li>\n<li data-start=\"894\" data-end=\"923\">\n<p data-start=\"896\" data-end=\"923\">Flat: Synthetic leather<\/p>\n<\/li>\n<\/ul>","protected":false},"excerpt":{"rendered":"<p>G\u0103ng tay golf m\u00f9a \u0111\u00f4ng\u00a0T-HEAT\u00a0\u0111\u01b0\u1ee3c thi\u1ebft k\u1ebf \u0111\u1eb7c bi\u1ec7t v\u1edbi kh\u1ea3 n\u0103ng\u00a0gi\u1eef \u1ea5m v\u00e0 ch\u1ed1ng gi\u00f3, gi\u00fap golfer tho\u1ea3i m\u00e1i trong nh\u1eefng ng\u00e0y l\u1ea1nh gi\u00e1. Ch\u1ea5t li\u1ec7u\u00a0Flexmove\u00ae\u00a0co gi\u00e3n cao mang l\u1ea1i \u0111\u1ed9 \u00f4m tay ho\u00e0n h\u1ea3o v\u00e0 linh ho\u1ea1t trong t\u1eebng c\u00fa \u0111\u00e1nh. Ph\u1ea7n mu b\u00e0n tay s\u1eed d\u1ee5ng c\u1ea5u tr\u00fac hai l\u1edbp c\u00f9ng chi [&hellip;]<\/p>","protected":false},"featured_media":18310,"comment_status":"open","ping_status":"closed","template":"","meta":{"_acf_changed":false,"site-sidebar-layout":"default","site-content-layout":"","ast-site-content-layout":"default","site-content-style":"default","site-sidebar-style":"default","ast-global-header-display":"","ast-banner-title-visibility":"","ast-main-header-display":"","ast-hfb-above-header-display":"","ast-hfb-below-header-display":"","ast-hfb-mobile-header-display":"","site-post-title":"","ast-breadcrumbs-content":"","ast-featured-img":"","footer-sml-layout":"","theme-transparent-header-meta":"default","adv-header-id-meta":"","stick-header-meta":"default","header-above-stick-meta":"","header-main-stick-meta":"","header-below-stick-meta":"","astra-migrate-meta-layouts":"set","ast-page-background-enabled":"default","ast-page-background-meta":{"desktop":{"background-color":"","background-image":"","background-repeat":"repeat","background-position":"center center","background-size":"auto","background-attachment":"scroll","background-type":"","background-media":"","overlay-type":"","overlay-color":"","overlay-opacity":"","overlay-gradient":""},"tablet":{"background-color":"","background-image":"","background-repeat":"repeat","background-position":"center center","background-size":"auto","background-attachment":"scroll","background-type":"","background-media":"","overlay-type":"","overlay-color":"","overlay-opacity":"","overlay-gradient":""},"mobile":{"background-color":"","background-image":"","background-repeat":"repeat","background-position":"center center","background-size":"auto","background-attachment":"scroll","background-type":"","background-media":"","overlay-type":"","overlay-color":"","overlay-opacity":"","overlay-gradient":""}},"ast-content-background-meta":{"desktop":{"background-color":"var(--ast-global-color-5)","background-image":"","background-repeat":"repeat","background-position":"center center","background-size":"auto","background-attachment":"scroll","background-type":"","background-media":"","overlay-type":"","overlay-color":"","overlay-opacity":"","overlay-gradient":""},"tablet":{"background-color":"var(--ast-global-color-5)","background-image":"","background-repeat":"repeat","background-position":"center center","background-size":"auto","background-attachment":"scroll","background-type":"","background-media":"","overlay-type":"","overlay-color":"","overlay-opacity":"","overlay-gradient":""},"mobile":{"background-color":"var(--ast-global-color-5)","background-image":"","background-repeat":"repeat","background-position":"center center","background-size":"auto","background-attachment":"scroll","background-type":"","background-media":"","overlay-type":"","overlay-color":"","overlay-opacity":"","overlay-gradient":""}}},"product_brand":[],"product_cat":[91,93],"product_tag":[],"class_list":{"0":"post-18307","1":"product","2":"type-product","3":"status-publish","4":"has-post-thumbnail","6":"product_cat-phu-kien","7":"product_cat-gang-tay","8":"desktop-align-center","9":"tablet-align-center","10":"mobile-align-center","11":"ast-product-gallery-layout-first-image-large","12":"ast-product-single-variable","13":"ast-product-tabs-layout-distributed","15":"first","16":"instock","17":"shipping-taxable","18":"purchasable","19":"product-type-variable"},"acf":[],"_links":{"self":[{"href":"https:\/\/taylormade-golf.vn\/en\/wp-json\/wp\/v2\/product\/18307","targetHints":{"allow":["GET"]}}],"collection":[{"href":"https:\/\/taylormade-golf.vn\/en\/wp-json\/wp\/v2\/product"}],"about":[{"href":"https:\/\/taylormade-golf.vn\/en\/wp-json\/wp\/v2\/types\/product"}],"replies":[{"embeddable":true,"href":"https:\/\/taylormade-golf.vn\/en\/wp-json\/wp\/v2\/comments?post=18307"}],"wp:featuredmedia":[{"embeddable":true,"href":"https:\/\/taylormade-golf.vn\/en\/wp-json\/wp\/v2\/media\/18310"}],"wp:attachment":[{"href":"https:\/\/taylormade-golf.vn\/en\/wp-json\/wp\/v2\/media?parent=18307"}],"wp:term":[{"taxonomy":"product_brand","embeddable":true,"href":"https:\/\/taylormade-golf.vn\/en\/wp-json\/wp\/v2\/product_brand?post=18307"},{"taxonomy":"product_cat","embeddable":true,"href":"https:\/\/taylormade-golf.vn\/en\/wp-json\/wp\/v2\/product_cat?post=18307"},{"taxonomy":"product_tag","embeddable":true,"href":"https:\/\/taylormade-golf.vn\/en\/wp-json\/wp\/v2\/product_tag?post=18307"}],"curies":[{"name":"wp","href":"https:\/\/api.w.org\/{rel}","templated":true}]}}