{"id":18288,"date":"2025-10-28T10:01:50","date_gmt":"2025-10-28T03:01:50","guid":{"rendered":"https:\/\/taylormade-golf.vn\/?post_type=product&#038;p=18288"},"modified":"2025-10-28T10:01:51","modified_gmt":"2025-10-28T03:01:51","slug":"tui-gay-golf-taylormade-caddy-bag","status":"publish","type":"product","link":"https:\/\/taylormade-golf.vn\/en\/product\/tui-gay-golf-taylormade-caddy-bag\/","title":{"rendered":"T\u00fai G\u1eady golf TaylorMade Caddy Bag"},"content":{"rendered":"<p data-start=\"205\" data-end=\"461\"><strong data-start=\"205\" data-end=\"242\">T\u00fai g\u1eady golf TaylorMade Caddy Bag<\/strong>\u00a0g\u00e2y \u1ea5n t\u01b0\u1ee3ng v\u1edbi\u00a0<strong data-start=\"260\" data-end=\"291\">logo tr\u00f2n phong c\u00e1ch casual<\/strong>\u00a0\u0111\u01b0\u1ee3c \u0111\u1eb7t n\u1ed5i b\u1eadt tr\u00ean th\u00e2n t\u00fai. Th\u00e2n t\u00fai s\u1eed d\u1ee5ng\u00a0<strong data-start=\"341\" data-end=\"364\">da t\u1ed5ng h\u1ee3p cao c\u1ea5p<\/strong>\u00a0v\u1edbi\u00a0<strong data-start=\"369\" data-end=\"388\">logo 3D d\u1eadp n\u1ed5i<\/strong>, t\u1ea1o n\u00ean s\u1ef1 k\u1ebft h\u1ee3p ho\u00e0n h\u1ea3o gi\u1eefa\u00a0<strong data-start=\"423\" data-end=\"458\">sang tr\u1ecdng v\u00e0 th\u1ec3 thao hi\u1ec7n \u0111\u1ea1i<\/strong>.<\/p>\n<ul data-start=\"463\" data-end=\"899\">\n<li data-start=\"463\" data-end=\"551\">\n<p data-start=\"465\" data-end=\"551\"><strong data-start=\"465\" data-end=\"486\">Thi\u1ebft k\u1ebf tinh t\u1ebf:<\/strong>\u00a0th\u00e2n t\u00fai t\u1ed1i gi\u1ea3n nh\u01b0ng v\u1eabn n\u1ed5i b\u1eadt nh\u1edd chi ti\u1ebft logo c\u00e1 t\u00ednh.<\/p>\n<\/li>\n<li data-start=\"552\" data-end=\"790\">\n<p data-start=\"554\" data-end=\"580\"><strong data-start=\"554\" data-end=\"578\">T\u00ednh n\u0103ng v\u01b0\u1ee3t tr\u1ed9i:<\/strong><\/p>\n<ul data-start=\"583\" data-end=\"790\">\n<li data-start=\"583\" data-end=\"646\">\n<p data-start=\"585\" data-end=\"646\">Nhi\u1ec1u ng\u0103n ch\u1ee9a r\u1ed9ng r\u00e3i, d\u1ec5 s\u1eafp x\u1ebfp ph\u1ee5 ki\u1ec7n v\u00e0 \u0111\u1ed3 c\u00e1 nh\u00e2n<\/p>\n<\/li>\n<li data-start=\"649\" data-end=\"731\">\n<p data-start=\"651\" data-end=\"731\">Trang b\u1ecb tay c\u1ea7m \u0111\u00fac nguy\u00ean kh\u1ed1i v\u00e0 mi\u1ec7ng t\u00fai c\u00f3 tay n\u1eafm, thu\u1eadn ti\u1ec7n di chuy\u1ec3n<\/p>\n<\/li>\n<li data-start=\"734\" data-end=\"790\">\n<p data-start=\"736\" data-end=\"790\">Tr\u1ecdng l\u01b0\u1ee3ng h\u1ee3p l\u00fd\u00a0<strong data-start=\"755\" data-end=\"764\">3.2kg<\/strong>, ph\u00f9 h\u1ee3p cho m\u1ecdi golfer<\/p>\n<\/li>\n<\/ul>\n<\/li>\n<li data-start=\"791\" data-end=\"899\">\n<p data-start=\"793\" data-end=\"899\"><strong data-start=\"793\" data-end=\"817\">S\u1ef1 k\u1ebft h\u1ee3p ho\u00e0n h\u1ea3o:<\/strong>\u00a0v\u1eeba\u00a0<strong data-start=\"822\" data-end=\"836\">th\u1eddi trang<\/strong>, v\u1eeba\u00a0<strong data-start=\"842\" data-end=\"862\">t\u1ed1i \u01b0u c\u00f4ng n\u0103ng<\/strong>\u00a0cho nh\u1eefng v\u00f2ng golf tho\u1ea3i m\u00e1i h\u01a1n.<\/p>\n<\/li>\n<\/ul>\n<h2 data-start=\"901\" data-end=\"923\">Th\u00f4ng s\u1ed1 k\u1ef9 thu\u1eadt<\/h2>\n<ul data-start=\"924\" data-end=\"1052\">\n<li data-start=\"924\" data-end=\"942\">\n<p data-start=\"926\" data-end=\"942\">Size: 9.5 inch<\/p>\n<\/li>\n<li data-start=\"943\" data-end=\"966\">\n<p data-start=\"945\" data-end=\"966\">Tr\u1ecdng l\u01b0\u1ee3ng: 3.2 kg<\/p>\n<\/li>\n<li data-start=\"967\" data-end=\"997\">\n<p data-start=\"969\" data-end=\"997\">\u0110\u1ed9 d\u00e0i g\u1eady t\u1ed1i \u0111a: 47 inch<\/p>\n<\/li>\n<li data-start=\"998\" data-end=\"1052\">\n<p data-start=\"1000\" data-end=\"1052\">Ch\u1ea5t li\u1ec7u: Da t\u1ed5ng h\u1ee3p cao c\u1ea5p (Synthetic Leather)<\/p>\n<\/li>\n<\/ul>","protected":false},"excerpt":{"rendered":"<p>T\u00fai g\u1eady golf TaylorMade Caddy Bag\u00a0g\u00e2y \u1ea5n t\u01b0\u1ee3ng v\u1edbi\u00a0logo tr\u00f2n phong c\u00e1ch casual\u00a0\u0111\u01b0\u1ee3c \u0111\u1eb7t n\u1ed5i b\u1eadt tr\u00ean th\u00e2n t\u00fai. Th\u00e2n t\u00fai s\u1eed d\u1ee5ng\u00a0da t\u1ed5ng h\u1ee3p cao c\u1ea5p\u00a0v\u1edbi\u00a0logo 3D d\u1eadp n\u1ed5i, t\u1ea1o n\u00ean s\u1ef1 k\u1ebft h\u1ee3p ho\u00e0n h\u1ea3o gi\u1eefa\u00a0sang tr\u1ecdng v\u00e0 th\u1ec3 thao hi\u1ec7n \u0111\u1ea1i. Thi\u1ebft k\u1ebf tinh t\u1ebf:\u00a0th\u00e2n t\u00fai t\u1ed1i gi\u1ea3n nh\u01b0ng v\u1eabn n\u1ed5i b\u1eadt [&hellip;]<\/p>","protected":false},"featured_media":18290,"comment_status":"open","ping_status":"closed","template":"","meta":{"_acf_changed":false,"site-sidebar-layout":"default","site-content-layout":"","ast-site-content-layout":"default","site-content-style":"default","site-sidebar-style":"default","ast-global-header-display":"","ast-banner-title-visibility":"","ast-main-header-display":"","ast-hfb-above-header-display":"","ast-hfb-below-header-display":"","ast-hfb-mobile-header-display":"","site-post-title":"","ast-breadcrumbs-content":"","ast-featured-img":"","footer-sml-layout":"","theme-transparent-header-meta":"default","adv-header-id-meta":"","stick-header-meta":"default","header-above-stick-meta":"","header-main-stick-meta":"","header-below-stick-meta":"","astra-migrate-meta-layouts":"set","ast-page-background-enabled":"default","ast-page-background-meta":{"desktop":{"background-color":"","background-image":"","background-repeat":"repeat","background-position":"center center","background-size":"auto","background-attachment":"scroll","background-type":"","background-media":"","overlay-type":"","overlay-color":"","overlay-opacity":"","overlay-gradient":""},"tablet":{"background-color":"","background-image":"","background-repeat":"repeat","background-position":"center center","background-size":"auto","background-attachment":"scroll","background-type":"","background-media":"","overlay-type":"","overlay-color":"","overlay-opacity":"","overlay-gradient":""},"mobile":{"background-color":"","background-image":"","background-repeat":"repeat","background-position":"center center","background-size":"auto","background-attachment":"scroll","background-type":"","background-media":"","overlay-type":"","overlay-color":"","overlay-opacity":"","overlay-gradient":""}},"ast-content-background-meta":{"desktop":{"background-color":"var(--ast-global-color-5)","background-image":"","background-repeat":"repeat","background-position":"center center","background-size":"auto","background-attachment":"scroll","background-type":"","background-media":"","overlay-type":"","overlay-color":"","overlay-opacity":"","overlay-gradient":""},"tablet":{"background-color":"var(--ast-global-color-5)","background-image":"","background-repeat":"repeat","background-position":"center center","background-size":"auto","background-attachment":"scroll","background-type":"","background-media":"","overlay-type":"","overlay-color":"","overlay-opacity":"","overlay-gradient":""},"mobile":{"background-color":"var(--ast-global-color-5)","background-image":"","background-repeat":"repeat","background-position":"center center","background-size":"auto","background-attachment":"scroll","background-type":"","background-media":"","overlay-type":"","overlay-color":"","overlay-opacity":"","overlay-gradient":""}}},"product_brand":[],"product_cat":[253,92],"product_tag":[],"class_list":{"0":"post-18288","1":"product","2":"type-product","3":"status-publish","4":"has-post-thumbnail","6":"product_cat-tui-taylormade","7":"product_cat-tui-gay","8":"desktop-align-center","9":"tablet-align-center","10":"mobile-align-center","11":"ast-product-gallery-layout-first-image-large","12":"ast-product-single-variable","13":"ast-product-tabs-layout-distributed","15":"first","16":"instock","17":"shipping-taxable","18":"purchasable","19":"product-type-variable"},"acf":[],"_links":{"self":[{"href":"https:\/\/taylormade-golf.vn\/en\/wp-json\/wp\/v2\/product\/18288","targetHints":{"allow":["GET"]}}],"collection":[{"href":"https:\/\/taylormade-golf.vn\/en\/wp-json\/wp\/v2\/product"}],"about":[{"href":"https:\/\/taylormade-golf.vn\/en\/wp-json\/wp\/v2\/types\/product"}],"replies":[{"embeddable":true,"href":"https:\/\/taylormade-golf.vn\/en\/wp-json\/wp\/v2\/comments?post=18288"}],"wp:featuredmedia":[{"embeddable":true,"href":"https:\/\/taylormade-golf.vn\/en\/wp-json\/wp\/v2\/media\/18290"}],"wp:attachment":[{"href":"https:\/\/taylormade-golf.vn\/en\/wp-json\/wp\/v2\/media?parent=18288"}],"wp:term":[{"taxonomy":"product_brand","embeddable":true,"href":"https:\/\/taylormade-golf.vn\/en\/wp-json\/wp\/v2\/product_brand?post=18288"},{"taxonomy":"product_cat","embeddable":true,"href":"https:\/\/taylormade-golf.vn\/en\/wp-json\/wp\/v2\/product_cat?post=18288"},{"taxonomy":"product_tag","embeddable":true,"href":"https:\/\/taylormade-golf.vn\/en\/wp-json\/wp\/v2\/product_tag?post=18288"}],"curies":[{"name":"wp","href":"https:\/\/api.w.org\/{rel}","templated":true}]}}