{"id":18282,"date":"2025-10-28T09:56:47","date_gmt":"2025-10-28T02:56:47","guid":{"rendered":"https:\/\/taylormade-golf.vn\/?post_type=product&#038;p=18282"},"modified":"2025-10-28T09:56:48","modified_gmt":"2025-10-28T02:56:48","slug":"tui-gay-golf-taylormade-cart-bag","status":"publish","type":"product","link":"https:\/\/taylormade-golf.vn\/en\/product\/tui-gay-golf-taylormade-cart-bag\/","title":{"rendered":"T\u00fai G\u1eady golf TaylorMade Cart Bag"},"content":{"rendered":"<p data-start=\"225\" data-end=\"423\"><strong data-start=\"225\" data-end=\"261\">T\u00fai g\u1eady golf TaylorMade Cart Bag<\/strong>\u00a0thu\u1ed9c d\u00f2ng s\u1ea3n ph\u1ea9m \u0111\u1eb7c bi\u1ec7t v\u1edbi\u00a0<strong data-start=\"295\" data-end=\"358\">thi\u1ebft k\u1ebf graphic n\u1ed5i b\u1eadt t\u1eeb c\u00e1c logo l\u1ecbch s\u1eed c\u1ee7a TaylorMade<\/strong>, mang l\u1ea1i d\u1ea5u \u1ea5n ri\u00eang bi\u1ec7t v\u00e0 phong c\u00e1ch \u0111\u1eb3ng c\u1ea5p cho golfer.<\/p>\n<ul data-start=\"425\" data-end=\"862\">\n<li data-start=\"425\" data-end=\"517\">\n<p data-start=\"427\" data-end=\"517\"><strong data-start=\"427\" data-end=\"450\">Phong c\u00e1ch tinh t\u1ebf:<\/strong>\u00a0ph\u1ed1i m\u00e0u trung t\u00ednh, d\u1ec5 k\u1ebft h\u1ee3p c\u00f9ng trang ph\u1ee5c golf TaylorMade.<\/p>\n<\/li>\n<li data-start=\"518\" data-end=\"713\">\n<p data-start=\"520\" data-end=\"543\"><strong data-start=\"520\" data-end=\"541\">T\u1ed1i \u01b0u t\u00ednh n\u0103ng:<\/strong><\/p>\n<ul data-start=\"546\" data-end=\"713\">\n<li data-start=\"546\" data-end=\"606\">\n<p data-start=\"548\" data-end=\"606\">Ng\u0103n h\u00f4ng l\u1edbn v\u00e0 ng\u0103n tr\u01b0\u1edbc ti\u1ec7n d\u1ee5ng, s\u1ee9c ch\u1ee9a r\u1ed9ng r\u00e3i<\/p>\n<\/li>\n<li data-start=\"609\" data-end=\"656\">\n<p data-start=\"611\" data-end=\"656\">Tr\u1ecdng l\u01b0\u1ee3ng nh\u1eb9 ch\u1ec9\u00a0<strong data-start=\"631\" data-end=\"640\">2.8kg<\/strong>, d\u1ec5 mang theo<\/p>\n<\/li>\n<li data-start=\"659\" data-end=\"713\">\n<p data-start=\"661\" data-end=\"713\">\u0110\u00e1p \u1ee9ng ti\u00eau chu\u1ea9n\u00a0<strong data-start=\"680\" data-end=\"691\">47 inch<\/strong>\u00a0cho b\u1ed9 g\u1eady hi\u1ec7n \u0111\u1ea1i<\/p>\n<\/li>\n<\/ul>\n<\/li>\n<li data-start=\"714\" data-end=\"862\">\n<p data-start=\"716\" data-end=\"862\"><strong data-start=\"716\" data-end=\"740\">S\u1ef1 k\u1ebft h\u1ee3p ho\u00e0n h\u1ea3o:<\/strong>\u00a0gi\u1eefa\u00a0<strong data-start=\"746\" data-end=\"769\">thi\u1ebft k\u1ebf th\u1eddi trang<\/strong>\u00a0v\u00e0\u00a0<strong data-start=\"773\" data-end=\"805\">t\u00ednh n\u0103ng l\u01b0u tr\u1eef th\u00f4ng minh<\/strong>, bi\u1ebfn m\u1ed7i v\u00f2ng golf tr\u1edf n\u00ean ti\u1ec7n l\u1ee3i v\u00e0 h\u1ee9ng kh\u1edfi h\u01a1n.<\/p>\n<\/li>\n<\/ul>\n<h2 data-start=\"864\" data-end=\"886\">Th\u00f4ng s\u1ed1 k\u1ef9 thu\u1eadt<\/h2>\n<ul data-start=\"887\" data-end=\"991\">\n<li data-start=\"887\" data-end=\"903\">\n<p data-start=\"889\" data-end=\"903\">Size: 9 inch<\/p>\n<\/li>\n<li data-start=\"904\" data-end=\"927\">\n<p data-start=\"906\" data-end=\"927\">Tr\u1ecdng l\u01b0\u1ee3ng: 2.8 kg<\/p>\n<\/li>\n<li data-start=\"928\" data-end=\"958\">\n<p data-start=\"930\" data-end=\"958\">\u0110\u1ed9 d\u00e0i g\u1eady t\u1ed1i \u0111a: 47 inch<\/p>\n<\/li>\n<li data-start=\"959\" data-end=\"991\">\n<p data-start=\"961\" data-end=\"991\">Ch\u1ea5t li\u1ec7u: Polyester cao c\u1ea5p<\/p>\n<\/li>\n<\/ul>","protected":false},"excerpt":{"rendered":"<p>T\u00fai g\u1eady golf TaylorMade Cart Bag\u00a0thu\u1ed9c d\u00f2ng s\u1ea3n ph\u1ea9m \u0111\u1eb7c bi\u1ec7t v\u1edbi\u00a0thi\u1ebft k\u1ebf graphic n\u1ed5i b\u1eadt t\u1eeb c\u00e1c logo l\u1ecbch s\u1eed c\u1ee7a TaylorMade, mang l\u1ea1i d\u1ea5u \u1ea5n ri\u00eang bi\u1ec7t v\u00e0 phong c\u00e1ch \u0111\u1eb3ng c\u1ea5p cho golfer. Phong c\u00e1ch tinh t\u1ebf:\u00a0ph\u1ed1i m\u00e0u trung t\u00ednh, d\u1ec5 k\u1ebft h\u1ee3p c\u00f9ng trang ph\u1ee5c golf TaylorMade. T\u1ed1i \u01b0u t\u00ednh n\u0103ng: [&hellip;]<\/p>","protected":false},"featured_media":18284,"comment_status":"open","ping_status":"closed","template":"","meta":{"_acf_changed":false,"site-sidebar-layout":"default","site-content-layout":"","ast-site-content-layout":"default","site-content-style":"default","site-sidebar-style":"default","ast-global-header-display":"","ast-banner-title-visibility":"","ast-main-header-display":"","ast-hfb-above-header-display":"","ast-hfb-below-header-display":"","ast-hfb-mobile-header-display":"","site-post-title":"","ast-breadcrumbs-content":"","ast-featured-img":"","footer-sml-layout":"","theme-transparent-header-meta":"default","adv-header-id-meta":"","stick-header-meta":"default","header-above-stick-meta":"","header-main-stick-meta":"","header-below-stick-meta":"","astra-migrate-meta-layouts":"set","ast-page-background-enabled":"default","ast-page-background-meta":{"desktop":{"background-color":"","background-image":"","background-repeat":"repeat","background-position":"center center","background-size":"auto","background-attachment":"scroll","background-type":"","background-media":"","overlay-type":"","overlay-color":"","overlay-opacity":"","overlay-gradient":""},"tablet":{"background-color":"","background-image":"","background-repeat":"repeat","background-position":"center center","background-size":"auto","background-attachment":"scroll","background-type":"","background-media":"","overlay-type":"","overlay-color":"","overlay-opacity":"","overlay-gradient":""},"mobile":{"background-color":"","background-image":"","background-repeat":"repeat","background-position":"center center","background-size":"auto","background-attachment":"scroll","background-type":"","background-media":"","overlay-type":"","overlay-color":"","overlay-opacity":"","overlay-gradient":""}},"ast-content-background-meta":{"desktop":{"background-color":"var(--ast-global-color-5)","background-image":"","background-repeat":"repeat","background-position":"center center","background-size":"auto","background-attachment":"scroll","background-type":"","background-media":"","overlay-type":"","overlay-color":"","overlay-opacity":"","overlay-gradient":""},"tablet":{"background-color":"var(--ast-global-color-5)","background-image":"","background-repeat":"repeat","background-position":"center center","background-size":"auto","background-attachment":"scroll","background-type":"","background-media":"","overlay-type":"","overlay-color":"","overlay-opacity":"","overlay-gradient":""},"mobile":{"background-color":"var(--ast-global-color-5)","background-image":"","background-repeat":"repeat","background-position":"center center","background-size":"auto","background-attachment":"scroll","background-type":"","background-media":"","overlay-type":"","overlay-color":"","overlay-opacity":"","overlay-gradient":""}}},"product_brand":[],"product_cat":[253,92],"product_tag":[],"class_list":{"0":"post-18282","1":"product","2":"type-product","3":"status-publish","4":"has-post-thumbnail","6":"product_cat-tui-taylormade","7":"product_cat-tui-gay","8":"desktop-align-center","9":"tablet-align-center","10":"mobile-align-center","11":"ast-product-gallery-layout-first-image-large","12":"ast-product-single-variable","13":"ast-product-tabs-layout-distributed","15":"first","16":"instock","17":"shipping-taxable","18":"purchasable","19":"product-type-variable"},"acf":[],"_links":{"self":[{"href":"https:\/\/taylormade-golf.vn\/en\/wp-json\/wp\/v2\/product\/18282","targetHints":{"allow":["GET"]}}],"collection":[{"href":"https:\/\/taylormade-golf.vn\/en\/wp-json\/wp\/v2\/product"}],"about":[{"href":"https:\/\/taylormade-golf.vn\/en\/wp-json\/wp\/v2\/types\/product"}],"replies":[{"embeddable":true,"href":"https:\/\/taylormade-golf.vn\/en\/wp-json\/wp\/v2\/comments?post=18282"}],"wp:featuredmedia":[{"embeddable":true,"href":"https:\/\/taylormade-golf.vn\/en\/wp-json\/wp\/v2\/media\/18284"}],"wp:attachment":[{"href":"https:\/\/taylormade-golf.vn\/en\/wp-json\/wp\/v2\/media?parent=18282"}],"wp:term":[{"taxonomy":"product_brand","embeddable":true,"href":"https:\/\/taylormade-golf.vn\/en\/wp-json\/wp\/v2\/product_brand?post=18282"},{"taxonomy":"product_cat","embeddable":true,"href":"https:\/\/taylormade-golf.vn\/en\/wp-json\/wp\/v2\/product_cat?post=18282"},{"taxonomy":"product_tag","embeddable":true,"href":"https:\/\/taylormade-golf.vn\/en\/wp-json\/wp\/v2\/product_tag?post=18282"}],"curies":[{"name":"wp","href":"https:\/\/api.w.org\/{rel}","templated":true}]}}