{"id":18265,"date":"2025-10-28T09:45:37","date_gmt":"2025-10-28T02:45:37","guid":{"rendered":"https:\/\/taylormade-golf.vn\/?post_type=product&#038;p=18265"},"modified":"2025-10-28T09:45:38","modified_gmt":"2025-10-28T02:45:38","slug":"tui-gay-a-collection-caddy-bag-taylormade","status":"publish","type":"product","link":"https:\/\/taylormade-golf.vn\/en\/product\/tui-gay-a-collection-caddy-bag-taylormade\/","title":{"rendered":"T\u00fai G\u1eady A-Collection Caddy Bag TaylorMade"},"content":{"rendered":"<h1 data-start=\"303\" data-end=\"379\">A-Collection Caddy Bag \u2013 S\u1ef1 l\u1ef1a ch\u1ecdn \u0111\u1eb3ng c\u1ea5p cho golfer hi\u1ec7n \u0111\u1ea1i<\/h1>\n<p data-start=\"381\" data-end=\"611\"><strong data-start=\"381\" data-end=\"398\">T\u00ean s\u1ea3n ph\u1ea9m:<\/strong>\u00a0TaylorMade A-Collection Caddy Bag TL589<br data-start=\"438\" data-end=\"441\" \/><strong data-start=\"441\" data-end=\"453\">M\u00e0u s\u1eafc:<\/strong> \u0110en, Be , X\u00e1m\u00a0<br data-start=\"493\" data-end=\"496\" \/><strong data-start=\"496\" data-end=\"510\">Material:<\/strong>\u00a0Polyester + Da t\u1ed5ng h\u1ee3p cao c\u1ea5p<br data-start=\"542\" data-end=\"545\" \/><strong data-start=\"545\" data-end=\"560\">Size<\/strong>\u00a09 inch | Tr\u1ecdng l\u01b0\u1ee3ng 3.2kg | Ph\u00f9 h\u1ee3p g\u1eady 47 inch<\/p>\n<h2 data-start=\"613\" data-end=\"638\">Thi\u1ebft k\u1ebf &amp; C\u00f4ng n\u0103ng<\/h2>\n<ul data-start=\"639\" data-end=\"1220\">\n<li data-start=\"639\" data-end=\"787\">\n<p data-start=\"641\" data-end=\"787\"><strong data-start=\"641\" data-end=\"668\">Phong c\u00e1ch th\u1eddi th\u01b0\u1ee3ng:<\/strong>\u00a0A-Collection mang tinh th\u1ea7n\u00a0<em data-start=\"697\" data-end=\"712\">sporty \u2013 chic<\/em>, d\u00e0nh cho golfer mu\u1ed1n th\u1ec3 hi\u1ec7n s\u1ef1\u00a0<strong data-start=\"747\" data-end=\"784\">tinh t\u1ebf &amp; kh\u00e1c bi\u1ec7t tr\u00ean s\u00e2n golf<\/strong>.<\/p>\n<\/li>\n<li data-start=\"788\" data-end=\"946\">\n<p data-start=\"790\" data-end=\"946\"><strong data-start=\"790\" data-end=\"812\">Ch\u1ea5t li\u1ec7u cao c\u1ea5p:<\/strong>\u00a0K\u1ebft h\u1ee3p\u00a0<strong data-start=\"821\" data-end=\"841\">da t\u1ed5ng h\u1ee3p nh\u00e1m<\/strong>\u00a0v\u00e0\u00a0<strong data-start=\"845\" data-end=\"868\">polyester ballistic<\/strong>\u00a0b\u1ec1n b\u1ec9, t\u1ea1o n\u00ean v\u1ebb ngo\u00e0i sang tr\u1ecdng nh\u01b0ng v\u1eabn \u0111\u1ea3m b\u1ea3o \u0111\u1ed9 nh\u1eb9 v\u00e0 d\u1ec5 s\u1eed d\u1ee5ng.<\/p>\n<\/li>\n<li data-start=\"947\" data-end=\"1072\">\n<p data-start=\"949\" data-end=\"1072\"><strong data-start=\"949\" data-end=\"973\">Th\u01b0\u01a1ng hi\u1ec7u n\u1ed5i b\u1eadt:<\/strong>\u00a0Logo TaylorMade \u0111\u01b0\u1ee3c b\u1ed1 tr\u00ed tinh t\u1ebf, mang l\u1ea1i s\u1ef1 nh\u1eadn di\u1ec7n m\u1ea1nh m\u1ebd m\u00e0 kh\u00f4ng k\u00e9m ph\u1ea7n th\u1eddi trang.<\/p>\n<\/li>\n<li data-start=\"1073\" data-end=\"1220\">\n<p data-start=\"1075\" data-end=\"1220\"><strong data-start=\"1075\" data-end=\"1098\">T\u00ednh n\u0103ng ti\u1ec7n l\u1ee3i:<\/strong>\u00a0Thi\u1ebft k\u1ebf nhi\u1ec1u ng\u0103n ch\u1ee9a r\u1ed9ng r\u00e3i, ph\u00f9 h\u1ee3p cho golfer mang \u0111\u1ea7y \u0111\u1ee7 ph\u1ee5 ki\u1ec7n, g\u1eady golf v\u00e0 \u0111\u1ed3 c\u00e1 nh\u00e2n trong su\u1ed1t v\u00f2ng \u0111\u1ea5u.<\/p>\n<\/li>\n<\/ul>","protected":false},"excerpt":{"rendered":"<p>A-Collection Caddy Bag \u2013 S\u1ef1 l\u1ef1a ch\u1ecdn \u0111\u1eb3ng c\u1ea5p cho golfer hi\u1ec7n \u0111\u1ea1i T\u00ean s\u1ea3n ph\u1ea9m:\u00a0TaylorMade A-Collection Caddy Bag TL589M\u00e0u s\u1eafc: \u0110en, Be , X\u00e1m\u00a0Ch\u1ea5t li\u1ec7u:\u00a0Polyester + Da t\u1ed5ng h\u1ee3p cao c\u1ea5pK\u00edch th\u01b0\u1edbc:\u00a09 inch | Tr\u1ecdng l\u01b0\u1ee3ng 3.2kg | Ph\u00f9 h\u1ee3p g\u1eady 47 inch Thi\u1ebft k\u1ebf &amp; C\u00f4ng n\u0103ng Phong c\u00e1ch th\u1eddi th\u01b0\u1ee3ng:\u00a0A-Collection mang tinh [&hellip;]<\/p>","protected":false},"featured_media":18269,"comment_status":"open","ping_status":"closed","template":"","meta":{"_acf_changed":false,"site-sidebar-layout":"default","site-content-layout":"","ast-site-content-layout":"default","site-content-style":"default","site-sidebar-style":"default","ast-global-header-display":"","ast-banner-title-visibility":"","ast-main-header-display":"","ast-hfb-above-header-display":"","ast-hfb-below-header-display":"","ast-hfb-mobile-header-display":"","site-post-title":"","ast-breadcrumbs-content":"","ast-featured-img":"","footer-sml-layout":"","theme-transparent-header-meta":"default","adv-header-id-meta":"","stick-header-meta":"default","header-above-stick-meta":"","header-main-stick-meta":"","header-below-stick-meta":"","astra-migrate-meta-layouts":"set","ast-page-background-enabled":"default","ast-page-background-meta":{"desktop":{"background-color":"","background-image":"","background-repeat":"repeat","background-position":"center center","background-size":"auto","background-attachment":"scroll","background-type":"","background-media":"","overlay-type":"","overlay-color":"","overlay-opacity":"","overlay-gradient":""},"tablet":{"background-color":"","background-image":"","background-repeat":"repeat","background-position":"center center","background-size":"auto","background-attachment":"scroll","background-type":"","background-media":"","overlay-type":"","overlay-color":"","overlay-opacity":"","overlay-gradient":""},"mobile":{"background-color":"","background-image":"","background-repeat":"repeat","background-position":"center center","background-size":"auto","background-attachment":"scroll","background-type":"","background-media":"","overlay-type":"","overlay-color":"","overlay-opacity":"","overlay-gradient":""}},"ast-content-background-meta":{"desktop":{"background-color":"var(--ast-global-color-5)","background-image":"","background-repeat":"repeat","background-position":"center center","background-size":"auto","background-attachment":"scroll","background-type":"","background-media":"","overlay-type":"","overlay-color":"","overlay-opacity":"","overlay-gradient":""},"tablet":{"background-color":"var(--ast-global-color-5)","background-image":"","background-repeat":"repeat","background-position":"center center","background-size":"auto","background-attachment":"scroll","background-type":"","background-media":"","overlay-type":"","overlay-color":"","overlay-opacity":"","overlay-gradient":""},"mobile":{"background-color":"var(--ast-global-color-5)","background-image":"","background-repeat":"repeat","background-position":"center center","background-size":"auto","background-attachment":"scroll","background-type":"","background-media":"","overlay-type":"","overlay-color":"","overlay-opacity":"","overlay-gradient":""}}},"product_brand":[],"product_cat":[253,92],"product_tag":[],"class_list":{"0":"post-18265","1":"product","2":"type-product","3":"status-publish","4":"has-post-thumbnail","6":"product_cat-tui-taylormade","7":"product_cat-tui-gay","8":"desktop-align-center","9":"tablet-align-center","10":"mobile-align-center","11":"ast-product-gallery-layout-first-image-large","12":"ast-product-single-variable","13":"ast-product-tabs-layout-distributed","15":"first","16":"instock","17":"shipping-taxable","18":"purchasable","19":"product-type-variable"},"acf":[],"_links":{"self":[{"href":"https:\/\/taylormade-golf.vn\/en\/wp-json\/wp\/v2\/product\/18265","targetHints":{"allow":["GET"]}}],"collection":[{"href":"https:\/\/taylormade-golf.vn\/en\/wp-json\/wp\/v2\/product"}],"about":[{"href":"https:\/\/taylormade-golf.vn\/en\/wp-json\/wp\/v2\/types\/product"}],"replies":[{"embeddable":true,"href":"https:\/\/taylormade-golf.vn\/en\/wp-json\/wp\/v2\/comments?post=18265"}],"wp:featuredmedia":[{"embeddable":true,"href":"https:\/\/taylormade-golf.vn\/en\/wp-json\/wp\/v2\/media\/18269"}],"wp:attachment":[{"href":"https:\/\/taylormade-golf.vn\/en\/wp-json\/wp\/v2\/media?parent=18265"}],"wp:term":[{"taxonomy":"product_brand","embeddable":true,"href":"https:\/\/taylormade-golf.vn\/en\/wp-json\/wp\/v2\/product_brand?post=18265"},{"taxonomy":"product_cat","embeddable":true,"href":"https:\/\/taylormade-golf.vn\/en\/wp-json\/wp\/v2\/product_cat?post=18265"},{"taxonomy":"product_tag","embeddable":true,"href":"https:\/\/taylormade-golf.vn\/en\/wp-json\/wp\/v2\/product_tag?post=18265"}],"curies":[{"name":"wp","href":"https:\/\/api.w.org\/{rel}","templated":true}]}}