{"id":18257,"date":"2025-10-28T09:41:13","date_gmt":"2025-10-28T02:41:13","guid":{"rendered":"https:\/\/taylormade-golf.vn\/?post_type=product&#038;p=18257"},"modified":"2025-10-28T09:41:14","modified_gmt":"2025-10-28T02:41:14","slug":"mu-luoi-trai-golf-nam-summer-mesh","status":"publish","type":"product","link":"https:\/\/taylormade-golf.vn\/en\/product\/mu-luoi-trai-golf-nam-summer-mesh\/","title":{"rendered":"M\u0169 L\u01b0\u1ee1i Trai Golf Nam Summer Mesh"},"content":{"rendered":"<p data-start=\"67\" data-end=\"442\">M\u0169 l\u01b0\u1ee1i trai golf m\u00f9a h\u00e8 v\u1edbi thi\u1ebft k\u1ebf\u00a0<strong data-start=\"126\" data-end=\"145\">l\u01b0\u1edbi tho\u00e1ng kh\u00ed<\/strong>, mang l\u1ea1i c\u1ea3m gi\u00e1c m\u00e1t m\u1ebb v\u00e0 tho\u1ea3i m\u00e1i trong nh\u1eefng ng\u00e0y n\u1eafng n\u00f3ng. \u0110i\u1ec3m nh\u1ea5n n\u1ed5i b\u1eadt l\u00e0 logo\u00a0<strong data-start=\"239\" data-end=\"258\">Metal-T th\u00eau 3D<\/strong>\u00a0tinh x\u1ea3o \u1edf m\u1eb7t tr\u01b0\u1edbc, t\u1ea1o n\u00ean phong c\u00e1ch hi\u1ec7n \u0111\u1ea1i v\u00e0 th\u1ec3 thao.<br data-start=\"321\" data-end=\"324\" \/>Material\u00a0<strong data-start=\"334\" data-end=\"352\">100% polyester<\/strong>\u00a0nh\u1eb9, b\u1ec1n v\u00e0 nhanh kh\u00f4, ph\u00f9 h\u1ee3p \u0111\u1ec3 s\u1eed d\u1ee5ng tr\u00ean s\u00e2n golf ho\u1eb7c trong sinh ho\u1ea1t h\u00e0ng ng\u00e0y.<\/p>\n<p data-start=\"444\" data-end=\"514\"><strong data-start=\"444\" data-end=\"459\">Size<\/strong>\u00a0Free size (57\u201359 cm)<br data-start=\"480\" data-end=\"483\" \/><strong data-start=\"483\" data-end=\"497\">Material:<\/strong>\u00a0100% Polyester<\/p>","protected":false},"excerpt":{"rendered":"<p>M\u0169 l\u01b0\u1ee1i trai golf m\u00f9a h\u00e8 v\u1edbi thi\u1ebft k\u1ebf\u00a0l\u01b0\u1edbi tho\u00e1ng kh\u00ed, mang l\u1ea1i c\u1ea3m gi\u00e1c m\u00e1t m\u1ebb v\u00e0 tho\u1ea3i m\u00e1i trong nh\u1eefng ng\u00e0y n\u1eafng n\u00f3ng. \u0110i\u1ec3m nh\u1ea5n n\u1ed5i b\u1eadt l\u00e0 logo\u00a0Metal-T th\u00eau 3D\u00a0tinh x\u1ea3o \u1edf m\u1eb7t tr\u01b0\u1edbc, t\u1ea1o n\u00ean phong c\u00e1ch hi\u1ec7n \u0111\u1ea1i v\u00e0 th\u1ec3 thao.Ch\u1ea5t li\u1ec7u\u00a0100% polyester\u00a0nh\u1eb9, b\u1ec1n v\u00e0 nhanh kh\u00f4, ph\u00f9 h\u1ee3p \u0111\u1ec3 [&hellip;]<\/p>","protected":false},"featured_media":18261,"comment_status":"open","ping_status":"closed","template":"","meta":{"_acf_changed":false,"site-sidebar-layout":"default","site-content-layout":"","ast-site-content-layout":"default","site-content-style":"default","site-sidebar-style":"default","ast-global-header-display":"","ast-banner-title-visibility":"","ast-main-header-display":"","ast-hfb-above-header-display":"","ast-hfb-below-header-display":"","ast-hfb-mobile-header-display":"","site-post-title":"","ast-breadcrumbs-content":"","ast-featured-img":"","footer-sml-layout":"","theme-transparent-header-meta":"default","adv-header-id-meta":"","stick-header-meta":"default","header-above-stick-meta":"","header-main-stick-meta":"","header-below-stick-meta":"","astra-migrate-meta-layouts":"set","ast-page-background-enabled":"default","ast-page-background-meta":{"desktop":{"background-color":"","background-image":"","background-repeat":"repeat","background-position":"center center","background-size":"auto","background-attachment":"scroll","background-type":"","background-media":"","overlay-type":"","overlay-color":"","overlay-opacity":"","overlay-gradient":""},"tablet":{"background-color":"","background-image":"","background-repeat":"repeat","background-position":"center center","background-size":"auto","background-attachment":"scroll","background-type":"","background-media":"","overlay-type":"","overlay-color":"","overlay-opacity":"","overlay-gradient":""},"mobile":{"background-color":"","background-image":"","background-repeat":"repeat","background-position":"center center","background-size":"auto","background-attachment":"scroll","background-type":"","background-media":"","overlay-type":"","overlay-color":"","overlay-opacity":"","overlay-gradient":""}},"ast-content-background-meta":{"desktop":{"background-color":"var(--ast-global-color-5)","background-image":"","background-repeat":"repeat","background-position":"center center","background-size":"auto","background-attachment":"scroll","background-type":"","background-media":"","overlay-type":"","overlay-color":"","overlay-opacity":"","overlay-gradient":""},"tablet":{"background-color":"var(--ast-global-color-5)","background-image":"","background-repeat":"repeat","background-position":"center center","background-size":"auto","background-attachment":"scroll","background-type":"","background-media":"","overlay-type":"","overlay-color":"","overlay-opacity":"","overlay-gradient":""},"mobile":{"background-color":"var(--ast-global-color-5)","background-image":"","background-repeat":"repeat","background-position":"center center","background-size":"auto","background-attachment":"scroll","background-type":"","background-media":"","overlay-type":"","overlay-color":"","overlay-opacity":"","overlay-gradient":""}}},"product_brand":[],"product_cat":[91,94],"product_tag":[],"class_list":{"0":"post-18257","1":"product","2":"type-product","3":"status-publish","4":"has-post-thumbnail","6":"product_cat-phu-kien","7":"product_cat-mu","8":"desktop-align-center","9":"tablet-align-center","10":"mobile-align-center","11":"ast-product-gallery-layout-first-image-large","12":"ast-product-single-variable","13":"ast-product-tabs-layout-distributed","15":"first","16":"instock","17":"shipping-taxable","18":"purchasable","19":"product-type-variable"},"acf":[],"_links":{"self":[{"href":"https:\/\/taylormade-golf.vn\/en\/wp-json\/wp\/v2\/product\/18257","targetHints":{"allow":["GET"]}}],"collection":[{"href":"https:\/\/taylormade-golf.vn\/en\/wp-json\/wp\/v2\/product"}],"about":[{"href":"https:\/\/taylormade-golf.vn\/en\/wp-json\/wp\/v2\/types\/product"}],"replies":[{"embeddable":true,"href":"https:\/\/taylormade-golf.vn\/en\/wp-json\/wp\/v2\/comments?post=18257"}],"wp:featuredmedia":[{"embeddable":true,"href":"https:\/\/taylormade-golf.vn\/en\/wp-json\/wp\/v2\/media\/18261"}],"wp:attachment":[{"href":"https:\/\/taylormade-golf.vn\/en\/wp-json\/wp\/v2\/media?parent=18257"}],"wp:term":[{"taxonomy":"product_brand","embeddable":true,"href":"https:\/\/taylormade-golf.vn\/en\/wp-json\/wp\/v2\/product_brand?post=18257"},{"taxonomy":"product_cat","embeddable":true,"href":"https:\/\/taylormade-golf.vn\/en\/wp-json\/wp\/v2\/product_cat?post=18257"},{"taxonomy":"product_tag","embeddable":true,"href":"https:\/\/taylormade-golf.vn\/en\/wp-json\/wp\/v2\/product_tag?post=18257"}],"curies":[{"name":"wp","href":"https:\/\/api.w.org\/{rel}","templated":true}]}}