{"id":18247,"date":"2025-10-28T09:37:50","date_gmt":"2025-10-28T02:37:50","guid":{"rendered":"https:\/\/taylormade-golf.vn\/?post_type=product&#038;p=18247"},"modified":"2025-10-28T09:38:24","modified_gmt":"2025-10-28T02:38:24","slug":"mu-luoi-trai-golf-nam-washed","status":"publish","type":"product","link":"https:\/\/taylormade-golf.vn\/en\/product\/mu-luoi-trai-golf-nam-washed\/","title":{"rendered":"M\u0169 L\u01b0\u1ee1i Trai Golf Nam Washed"},"content":{"rendered":"<p data-start=\"111\" data-end=\"456\">M\u0169 l\u01b0\u1ee1i trai golf phong c\u00e1ch\u00a0<strong data-start=\"161\" data-end=\"182\">washed<\/strong>\u00a0mang h\u01a1i h\u01b0\u1edbng casual, t\u1ea1o c\u1ea3m gi\u00e1c tr\u1ebb trung v\u00e0 n\u0103ng \u0111\u1ed9ng. Thi\u1ebft k\u1ebf \u0111\u1ed9i n\u00f4ng mang l\u1ea1i s\u1ef1 tho\u1ea3i m\u00e1i, d\u1ec5 s\u1eed d\u1ee5ng trong sinh ho\u1ea1t h\u1eb1ng ng\u00e0y c\u0169ng nh\u01b0 tr\u00ean s\u00e2n golf. Ch\u1ea5t li\u1ec7u\u00a0<strong data-start=\"355\" data-end=\"370\">100% cotton<\/strong>\u00a0m\u1ec1m m\u1ea1i, tho\u00e1ng kh\u00ed, gi\u00fap b\u1ea1n lu\u00f4n d\u1ec5 ch\u1ecbu khi \u0111\u1ed9i trong nhi\u1ec1u \u0111i\u1ec1u ki\u1ec7n th\u1eddi ti\u1ebft.<\/p>\n<p data-start=\"458\" data-end=\"525\"><strong data-start=\"458\" data-end=\"473\">Size<\/strong>\u00a0Free size (57\u201359 cm)<br data-start=\"494\" data-end=\"497\" \/><strong data-start=\"497\" data-end=\"511\">Material:<\/strong>\u00a0100% Cotton<\/p>","protected":false},"excerpt":{"rendered":"<p>M\u0169 l\u01b0\u1ee1i trai golf phong c\u00e1ch\u00a0washed\u00a0mang h\u01a1i h\u01b0\u1edbng casual, t\u1ea1o c\u1ea3m gi\u00e1c tr\u1ebb trung v\u00e0 n\u0103ng \u0111\u1ed9ng. Thi\u1ebft k\u1ebf \u0111\u1ed9i n\u00f4ng mang l\u1ea1i s\u1ef1 tho\u1ea3i m\u00e1i, d\u1ec5 s\u1eed d\u1ee5ng trong sinh ho\u1ea1t h\u1eb1ng ng\u00e0y c\u0169ng nh\u01b0 tr\u00ean s\u00e2n golf. Ch\u1ea5t li\u1ec7u\u00a0100% cotton\u00a0m\u1ec1m m\u1ea1i, tho\u00e1ng kh\u00ed, gi\u00fap b\u1ea1n lu\u00f4n d\u1ec5 ch\u1ecbu khi \u0111\u1ed9i trong nhi\u1ec1u \u0111i\u1ec1u [&hellip;]<\/p>","protected":false},"featured_media":18252,"comment_status":"open","ping_status":"closed","template":"","meta":{"_acf_changed":false,"site-sidebar-layout":"default","site-content-layout":"","ast-site-content-layout":"default","site-content-style":"default","site-sidebar-style":"default","ast-global-header-display":"","ast-banner-title-visibility":"","ast-main-header-display":"","ast-hfb-above-header-display":"","ast-hfb-below-header-display":"","ast-hfb-mobile-header-display":"","site-post-title":"","ast-breadcrumbs-content":"","ast-featured-img":"","footer-sml-layout":"","theme-transparent-header-meta":"default","adv-header-id-meta":"","stick-header-meta":"default","header-above-stick-meta":"","header-main-stick-meta":"","header-below-stick-meta":"","astra-migrate-meta-layouts":"set","ast-page-background-enabled":"default","ast-page-background-meta":{"desktop":{"background-color":"","background-image":"","background-repeat":"repeat","background-position":"center center","background-size":"auto","background-attachment":"scroll","background-type":"","background-media":"","overlay-type":"","overlay-color":"","overlay-opacity":"","overlay-gradient":""},"tablet":{"background-color":"","background-image":"","background-repeat":"repeat","background-position":"center center","background-size":"auto","background-attachment":"scroll","background-type":"","background-media":"","overlay-type":"","overlay-color":"","overlay-opacity":"","overlay-gradient":""},"mobile":{"background-color":"","background-image":"","background-repeat":"repeat","background-position":"center center","background-size":"auto","background-attachment":"scroll","background-type":"","background-media":"","overlay-type":"","overlay-color":"","overlay-opacity":"","overlay-gradient":""}},"ast-content-background-meta":{"desktop":{"background-color":"var(--ast-global-color-5)","background-image":"","background-repeat":"repeat","background-position":"center center","background-size":"auto","background-attachment":"scroll","background-type":"","background-media":"","overlay-type":"","overlay-color":"","overlay-opacity":"","overlay-gradient":""},"tablet":{"background-color":"var(--ast-global-color-5)","background-image":"","background-repeat":"repeat","background-position":"center center","background-size":"auto","background-attachment":"scroll","background-type":"","background-media":"","overlay-type":"","overlay-color":"","overlay-opacity":"","overlay-gradient":""},"mobile":{"background-color":"var(--ast-global-color-5)","background-image":"","background-repeat":"repeat","background-position":"center center","background-size":"auto","background-attachment":"scroll","background-type":"","background-media":"","overlay-type":"","overlay-color":"","overlay-opacity":"","overlay-gradient":""}}},"product_brand":[],"product_cat":[91,94],"product_tag":[],"class_list":{"0":"post-18247","1":"product","2":"type-product","3":"status-publish","4":"has-post-thumbnail","6":"product_cat-phu-kien","7":"product_cat-mu","8":"desktop-align-center","9":"tablet-align-center","10":"mobile-align-center","11":"ast-product-gallery-layout-first-image-large","12":"ast-product-single-variable","13":"ast-product-tabs-layout-distributed","15":"first","16":"instock","17":"shipping-taxable","18":"purchasable","19":"product-type-variable"},"acf":[],"_links":{"self":[{"href":"https:\/\/taylormade-golf.vn\/en\/wp-json\/wp\/v2\/product\/18247","targetHints":{"allow":["GET"]}}],"collection":[{"href":"https:\/\/taylormade-golf.vn\/en\/wp-json\/wp\/v2\/product"}],"about":[{"href":"https:\/\/taylormade-golf.vn\/en\/wp-json\/wp\/v2\/types\/product"}],"replies":[{"embeddable":true,"href":"https:\/\/taylormade-golf.vn\/en\/wp-json\/wp\/v2\/comments?post=18247"}],"wp:featuredmedia":[{"embeddable":true,"href":"https:\/\/taylormade-golf.vn\/en\/wp-json\/wp\/v2\/media\/18252"}],"wp:attachment":[{"href":"https:\/\/taylormade-golf.vn\/en\/wp-json\/wp\/v2\/media?parent=18247"}],"wp:term":[{"taxonomy":"product_brand","embeddable":true,"href":"https:\/\/taylormade-golf.vn\/en\/wp-json\/wp\/v2\/product_brand?post=18247"},{"taxonomy":"product_cat","embeddable":true,"href":"https:\/\/taylormade-golf.vn\/en\/wp-json\/wp\/v2\/product_cat?post=18247"},{"taxonomy":"product_tag","embeddable":true,"href":"https:\/\/taylormade-golf.vn\/en\/wp-json\/wp\/v2\/product_tag?post=18247"}],"curies":[{"name":"wp","href":"https:\/\/api.w.org\/{rel}","templated":true}]}}