{"id":18237,"date":"2025-10-28T09:35:14","date_gmt":"2025-10-28T02:35:14","guid":{"rendered":"https:\/\/taylormade-golf.vn\/?post_type=product&#038;p=18237"},"modified":"2025-10-28T09:35:15","modified_gmt":"2025-10-28T02:35:15","slug":"mu-len-golf-nam","status":"publish","type":"product","link":"https:\/\/taylormade-golf.vn\/en\/product\/mu-len-golf-nam\/","title":{"rendered":"M\u0169 Len Golf Nam"},"content":{"rendered":"<p data-start=\"69\" data-end=\"464\">M\u0169 len golf m\u00f9a \u0111\u00f4ng v\u1edbi thi\u1ebft k\u1ebf \u1ea5m \u00e1p, \u0111\u01b0\u1ee3c th\u00eau logo TaylorMade tinh t\u1ebf \u1edf c\u1ea3 hai b\u00ean, mang l\u1ea1i phong c\u00e1ch th\u1ec3 thao chuy\u00ean nghi\u1ec7p. Ch\u1ea5t li\u1ec7u\u00a0<strong data-start=\"233\" data-end=\"249\">100% acrylic<\/strong>\u00a0gi\u00fap gi\u1eef nhi\u1ec7t t\u1ed1t, m\u1ec1m m\u1ea1i v\u00e0 tho\u1ea3i m\u00e1i khi \u0111\u1ed9i, ph\u00f9 h\u1ee3p cho nh\u1eefng ng\u00e0y l\u1ea1nh tr\u00ean s\u00e2n golf.<br data-start=\"342\" data-end=\"345\" \/>Form d\u00e1ng g\u1ecdn g\u00e0ng, d\u1ec5 ph\u1ed1i h\u1ee3p v\u1edbi nhi\u1ec1u trang ph\u1ee5c, v\u1eeba l\u00e0 ph\u1ee5 ki\u1ec7n gi\u1eef \u1ea5m v\u1eeba t\u1ea1o \u0111i\u1ec3m nh\u1ea5n th\u1eddi trang cho golfer.<\/p>\n<p data-start=\"466\" data-end=\"534\"><strong data-start=\"466\" data-end=\"481\">Size<\/strong>\u00a0Free size (57\u201359 cm)<br data-start=\"502\" data-end=\"505\" \/><strong data-start=\"505\" data-end=\"519\">Material:<\/strong>\u00a0100% Acrylic<\/p>","protected":false},"excerpt":{"rendered":"<p>M\u0169 len golf m\u00f9a \u0111\u00f4ng v\u1edbi thi\u1ebft k\u1ebf \u1ea5m \u00e1p, \u0111\u01b0\u1ee3c th\u00eau logo TaylorMade tinh t\u1ebf \u1edf c\u1ea3 hai b\u00ean, mang l\u1ea1i phong c\u00e1ch th\u1ec3 thao chuy\u00ean nghi\u1ec7p. Ch\u1ea5t li\u1ec7u\u00a0100% acrylic\u00a0gi\u00fap gi\u1eef nhi\u1ec7t t\u1ed1t, m\u1ec1m m\u1ea1i v\u00e0 tho\u1ea3i m\u00e1i khi \u0111\u1ed9i, ph\u00f9 h\u1ee3p cho nh\u1eefng ng\u00e0y l\u1ea1nh tr\u00ean s\u00e2n golf.Form d\u00e1ng g\u1ecdn g\u00e0ng, d\u1ec5 ph\u1ed1i [&hellip;]<\/p>","protected":false},"featured_media":18242,"comment_status":"open","ping_status":"closed","template":"","meta":{"_acf_changed":false,"site-sidebar-layout":"default","site-content-layout":"","ast-site-content-layout":"default","site-content-style":"default","site-sidebar-style":"default","ast-global-header-display":"","ast-banner-title-visibility":"","ast-main-header-display":"","ast-hfb-above-header-display":"","ast-hfb-below-header-display":"","ast-hfb-mobile-header-display":"","site-post-title":"","ast-breadcrumbs-content":"","ast-featured-img":"","footer-sml-layout":"","theme-transparent-header-meta":"default","adv-header-id-meta":"","stick-header-meta":"default","header-above-stick-meta":"","header-main-stick-meta":"","header-below-stick-meta":"","astra-migrate-meta-layouts":"set","ast-page-background-enabled":"default","ast-page-background-meta":{"desktop":{"background-color":"","background-image":"","background-repeat":"repeat","background-position":"center center","background-size":"auto","background-attachment":"scroll","background-type":"","background-media":"","overlay-type":"","overlay-color":"","overlay-opacity":"","overlay-gradient":""},"tablet":{"background-color":"","background-image":"","background-repeat":"repeat","background-position":"center center","background-size":"auto","background-attachment":"scroll","background-type":"","background-media":"","overlay-type":"","overlay-color":"","overlay-opacity":"","overlay-gradient":""},"mobile":{"background-color":"","background-image":"","background-repeat":"repeat","background-position":"center center","background-size":"auto","background-attachment":"scroll","background-type":"","background-media":"","overlay-type":"","overlay-color":"","overlay-opacity":"","overlay-gradient":""}},"ast-content-background-meta":{"desktop":{"background-color":"var(--ast-global-color-5)","background-image":"","background-repeat":"repeat","background-position":"center center","background-size":"auto","background-attachment":"scroll","background-type":"","background-media":"","overlay-type":"","overlay-color":"","overlay-opacity":"","overlay-gradient":""},"tablet":{"background-color":"var(--ast-global-color-5)","background-image":"","background-repeat":"repeat","background-position":"center center","background-size":"auto","background-attachment":"scroll","background-type":"","background-media":"","overlay-type":"","overlay-color":"","overlay-opacity":"","overlay-gradient":""},"mobile":{"background-color":"var(--ast-global-color-5)","background-image":"","background-repeat":"repeat","background-position":"center center","background-size":"auto","background-attachment":"scroll","background-type":"","background-media":"","overlay-type":"","overlay-color":"","overlay-opacity":"","overlay-gradient":""}}},"product_brand":[],"product_cat":[262,94,91],"product_tag":[],"class_list":{"0":"post-18237","1":"product","2":"type-product","3":"status-publish","4":"has-post-thumbnail","6":"product_cat-nam","7":"product_cat-mu","8":"product_cat-phu-kien","9":"desktop-align-center","10":"tablet-align-center","11":"mobile-align-center","12":"ast-product-gallery-layout-first-image-large","13":"ast-product-single-variable","14":"ast-product-tabs-layout-distributed","16":"first","17":"instock","18":"shipping-taxable","19":"purchasable","20":"product-type-variable"},"acf":[],"_links":{"self":[{"href":"https:\/\/taylormade-golf.vn\/en\/wp-json\/wp\/v2\/product\/18237","targetHints":{"allow":["GET"]}}],"collection":[{"href":"https:\/\/taylormade-golf.vn\/en\/wp-json\/wp\/v2\/product"}],"about":[{"href":"https:\/\/taylormade-golf.vn\/en\/wp-json\/wp\/v2\/types\/product"}],"replies":[{"embeddable":true,"href":"https:\/\/taylormade-golf.vn\/en\/wp-json\/wp\/v2\/comments?post=18237"}],"wp:featuredmedia":[{"embeddable":true,"href":"https:\/\/taylormade-golf.vn\/en\/wp-json\/wp\/v2\/media\/18242"}],"wp:attachment":[{"href":"https:\/\/taylormade-golf.vn\/en\/wp-json\/wp\/v2\/media?parent=18237"}],"wp:term":[{"taxonomy":"product_brand","embeddable":true,"href":"https:\/\/taylormade-golf.vn\/en\/wp-json\/wp\/v2\/product_brand?post=18237"},{"taxonomy":"product_cat","embeddable":true,"href":"https:\/\/taylormade-golf.vn\/en\/wp-json\/wp\/v2\/product_cat?post=18237"},{"taxonomy":"product_tag","embeddable":true,"href":"https:\/\/taylormade-golf.vn\/en\/wp-json\/wp\/v2\/product_tag?post=18237"}],"curies":[{"name":"wp","href":"https:\/\/api.w.org\/{rel}","templated":true}]}}