{"id":18220,"date":"2025-10-28T09:28:34","date_gmt":"2025-10-28T02:28:34","guid":{"rendered":"https:\/\/taylormade-golf.vn\/?post_type=product&#038;p=18220"},"modified":"2025-10-28T09:28:35","modified_gmt":"2025-10-28T02:28:35","slug":"mu-len-golf-word-graphic","status":"publish","type":"product","link":"https:\/\/taylormade-golf.vn\/en\/product\/mu-len-golf-word-graphic\/","title":{"rendered":"M\u0169 Len Golf Word Graphic"},"content":{"rendered":"<p data-start=\"76\" data-end=\"158\">M\u0169 bucket m\u00f9a \u0111\u00f4ng v\u1edbi m\u1eb7t trong \u0111\u01b0\u1ee3c ph\u1ee7 ho\u00e0n to\u00e0n b\u1eb1ng ch\u1ea5t li\u1ec7u l\u00f4ng fleece (boa). C\u00f3 th\u1ec3 s\u1eed d\u1ee5ng nh\u01b0 m\u1ed9t chi\u1ebfc gi\u1eef \u1ea5m tai (ear warmer), \u0111\u1ed3ng th\u1eddi chi ti\u1ebft bu\u1ed9c n\u01a1 t\u1ea1o n\u00ean v\u1ebb ngo\u00e0i n\u1eef t\u00ednh.<\/p>\n<p data-start=\"241\" data-end=\"265\"><strong data-start=\"271\" data-end=\"286\">Size<\/strong>\u00a0Free size (55\u201357 cm)<br data-start=\"307\" data-end=\"310\" \/><strong data-start=\"310\" data-end=\"324\">Material:<\/strong>\u00a0Th\u00e2n m\u0169: Polyester 95%, Polyurethane 5% | Ph\u1ea7n l\u00f4ng: 100% Polyester<\/p>","protected":false},"excerpt":{"rendered":"<p>M\u0169 bucket m\u00f9a \u0111\u00f4ng v\u1edbi m\u1eb7t trong \u0111\u01b0\u1ee3c ph\u1ee7 ho\u00e0n to\u00e0n b\u1eb1ng ch\u1ea5t li\u1ec7u l\u00f4ng fleece (boa). C\u00f3 th\u1ec3 s\u1eed d\u1ee5ng nh\u01b0 m\u1ed9t chi\u1ebfc gi\u1eef \u1ea5m tai (ear warmer), \u0111\u1ed3ng th\u1eddi chi ti\u1ebft bu\u1ed9c n\u01a1 t\u1ea1o n\u00ean v\u1ebb ngo\u00e0i n\u1eef t\u00ednh. K\u00edch th\u01b0\u1edbc:\u00a0Free size (55\u201357 cm)Ch\u1ea5t li\u1ec7u:\u00a0Th\u00e2n m\u0169: Polyester 95%, Polyurethane 5% | Ph\u1ea7n l\u00f4ng: [&hellip;]<\/p>","protected":false},"featured_media":18224,"comment_status":"open","ping_status":"closed","template":"","meta":{"_acf_changed":false,"site-sidebar-layout":"default","site-content-layout":"","ast-site-content-layout":"default","site-content-style":"default","site-sidebar-style":"default","ast-global-header-display":"","ast-banner-title-visibility":"","ast-main-header-display":"","ast-hfb-above-header-display":"","ast-hfb-below-header-display":"","ast-hfb-mobile-header-display":"","site-post-title":"","ast-breadcrumbs-content":"","ast-featured-img":"","footer-sml-layout":"","theme-transparent-header-meta":"default","adv-header-id-meta":"","stick-header-meta":"default","header-above-stick-meta":"","header-main-stick-meta":"","header-below-stick-meta":"","astra-migrate-meta-layouts":"set","ast-page-background-enabled":"default","ast-page-background-meta":{"desktop":{"background-color":"","background-image":"","background-repeat":"repeat","background-position":"center center","background-size":"auto","background-attachment":"scroll","background-type":"","background-media":"","overlay-type":"","overlay-color":"","overlay-opacity":"","overlay-gradient":""},"tablet":{"background-color":"","background-image":"","background-repeat":"repeat","background-position":"center center","background-size":"auto","background-attachment":"scroll","background-type":"","background-media":"","overlay-type":"","overlay-color":"","overlay-opacity":"","overlay-gradient":""},"mobile":{"background-color":"","background-image":"","background-repeat":"repeat","background-position":"center center","background-size":"auto","background-attachment":"scroll","background-type":"","background-media":"","overlay-type":"","overlay-color":"","overlay-opacity":"","overlay-gradient":""}},"ast-content-background-meta":{"desktop":{"background-color":"var(--ast-global-color-5)","background-image":"","background-repeat":"repeat","background-position":"center center","background-size":"auto","background-attachment":"scroll","background-type":"","background-media":"","overlay-type":"","overlay-color":"","overlay-opacity":"","overlay-gradient":""},"tablet":{"background-color":"var(--ast-global-color-5)","background-image":"","background-repeat":"repeat","background-position":"center center","background-size":"auto","background-attachment":"scroll","background-type":"","background-media":"","overlay-type":"","overlay-color":"","overlay-opacity":"","overlay-gradient":""},"mobile":{"background-color":"var(--ast-global-color-5)","background-image":"","background-repeat":"repeat","background-position":"center center","background-size":"auto","background-attachment":"scroll","background-type":"","background-media":"","overlay-type":"","overlay-color":"","overlay-opacity":"","overlay-gradient":""}}},"product_brand":[],"product_cat":[91,94],"product_tag":[],"class_list":{"0":"post-18220","1":"product","2":"type-product","3":"status-publish","4":"has-post-thumbnail","6":"product_cat-phu-kien","7":"product_cat-mu","8":"desktop-align-center","9":"tablet-align-center","10":"mobile-align-center","11":"ast-product-gallery-layout-first-image-large","12":"ast-product-single-variable","13":"ast-product-tabs-layout-distributed","15":"first","16":"instock","17":"shipping-taxable","18":"purchasable","19":"product-type-variable"},"acf":[],"_links":{"self":[{"href":"https:\/\/taylormade-golf.vn\/en\/wp-json\/wp\/v2\/product\/18220","targetHints":{"allow":["GET"]}}],"collection":[{"href":"https:\/\/taylormade-golf.vn\/en\/wp-json\/wp\/v2\/product"}],"about":[{"href":"https:\/\/taylormade-golf.vn\/en\/wp-json\/wp\/v2\/types\/product"}],"replies":[{"embeddable":true,"href":"https:\/\/taylormade-golf.vn\/en\/wp-json\/wp\/v2\/comments?post=18220"}],"wp:featuredmedia":[{"embeddable":true,"href":"https:\/\/taylormade-golf.vn\/en\/wp-json\/wp\/v2\/media\/18224"}],"wp:attachment":[{"href":"https:\/\/taylormade-golf.vn\/en\/wp-json\/wp\/v2\/media?parent=18220"}],"wp:term":[{"taxonomy":"product_brand","embeddable":true,"href":"https:\/\/taylormade-golf.vn\/en\/wp-json\/wp\/v2\/product_brand?post=18220"},{"taxonomy":"product_cat","embeddable":true,"href":"https:\/\/taylormade-golf.vn\/en\/wp-json\/wp\/v2\/product_cat?post=18220"},{"taxonomy":"product_tag","embeddable":true,"href":"https:\/\/taylormade-golf.vn\/en\/wp-json\/wp\/v2\/product_tag?post=18220"}],"curies":[{"name":"wp","href":"https:\/\/api.w.org\/{rel}","templated":true}]}}