{"id":18207,"date":"2025-10-28T09:21:26","date_gmt":"2025-10-28T02:21:26","guid":{"rendered":"https:\/\/taylormade-golf.vn\/?post_type=product&#038;p=18207"},"modified":"2025-10-28T09:21:26","modified_gmt":"2025-10-28T02:21:26","slug":"bong-golf-taylormade-tp5x-summer-commemorative","status":"publish","type":"product","link":"https:\/\/taylormade-golf.vn\/en\/product\/bong-golf-taylormade-tp5x-summer-commemorative\/","title":{"rendered":"B\u00f3ng Golf TaylorMade TP5x Summer Commemorative"},"content":{"rendered":"<h3 data-start=\"0\" data-end=\"288\"><strong data-start=\"63\" data-end=\"99\">TP5x Summer Commemorative<\/strong><\/h3>\n<p data-start=\"0\" data-end=\"288\"><br data-start=\"99\" data-end=\"102\" \/>Ti\u1ebfp n\u1ed1i ch\u1ee7 \u0111\u1ec1\u00a0<strong data-start=\"118\" data-end=\"129\" data-is-only-node=\"\">vintage<\/strong>\u00a0xu\u1ea5t hi\u1ec7n tr\u00ean t\u00fai Staff Bag, b\u00f3ng golf TP5x Summer Commemorative n\u1ed5i b\u1eadt v\u1edbi logo\u00a0<strong data-start=\"220\" data-end=\"266\">TaylorMade phong c\u00e1ch retro m\u00e0u xanh d\u01b0\u01a1ng<\/strong>. Bao b\u00ec c\u1ee7a t\u1eebng \u1ed1ng b\u00f3ng c\u0169ng mang c\u00f9ng ki\u1ec3u ch\u1eef retro v\u00e0 thi\u1ebft k\u1ebf c\u1ed5 \u0111i\u1ec3n. H\u1ed9p dozen (12 b\u00f3ng) \u0111\u01b0\u1ee3c in logo \u0111\u1ed3ng b\u1ed9 v\u00e0 h\u00ecnh b\u1ea3n v\u1ebd k\u1ef9 thu\u1eadt b\u00f3ng golf t\u1eeb nhi\u1ec1u th\u1eadp k\u1ef7 tr\u01b0\u1edbc \u1edf m\u1eb7t sau.<\/p>","protected":false},"excerpt":{"rendered":"<p>TP5x Summer Commemorative Ti\u1ebfp n\u1ed1i ch\u1ee7 \u0111\u1ec1\u00a0vintage\u00a0xu\u1ea5t hi\u1ec7n tr\u00ean t\u00fai Staff Bag, b\u00f3ng golf TP5x Summer Commemorative n\u1ed5i b\u1eadt v\u1edbi logo\u00a0TaylorMade phong c\u00e1ch retro m\u00e0u xanh d\u01b0\u01a1ng. Bao b\u00ec c\u1ee7a t\u1eebng \u1ed1ng b\u00f3ng c\u0169ng mang c\u00f9ng ki\u1ec3u ch\u1eef retro v\u00e0 thi\u1ebft k\u1ebf c\u1ed5 \u0111i\u1ec3n. H\u1ed9p dozen (12 b\u00f3ng) \u0111\u01b0\u1ee3c in logo \u0111\u1ed3ng b\u1ed9 v\u00e0 h\u00ecnh [&hellip;]<\/p>","protected":false},"featured_media":18208,"comment_status":"open","ping_status":"closed","template":"","meta":{"_acf_changed":false,"site-sidebar-layout":"default","site-content-layout":"","ast-site-content-layout":"default","site-content-style":"default","site-sidebar-style":"default","ast-global-header-display":"","ast-banner-title-visibility":"","ast-main-header-display":"","ast-hfb-above-header-display":"","ast-hfb-below-header-display":"","ast-hfb-mobile-header-display":"","site-post-title":"","ast-breadcrumbs-content":"","ast-featured-img":"","footer-sml-layout":"","theme-transparent-header-meta":"default","adv-header-id-meta":"","stick-header-meta":"default","header-above-stick-meta":"","header-main-stick-meta":"","header-below-stick-meta":"","astra-migrate-meta-layouts":"set","ast-page-background-enabled":"default","ast-page-background-meta":{"desktop":{"background-color":"","background-image":"","background-repeat":"repeat","background-position":"center center","background-size":"auto","background-attachment":"scroll","background-type":"","background-media":"","overlay-type":"","overlay-color":"","overlay-opacity":"","overlay-gradient":""},"tablet":{"background-color":"","background-image":"","background-repeat":"repeat","background-position":"center center","background-size":"auto","background-attachment":"scroll","background-type":"","background-media":"","overlay-type":"","overlay-color":"","overlay-opacity":"","overlay-gradient":""},"mobile":{"background-color":"","background-image":"","background-repeat":"repeat","background-position":"center center","background-size":"auto","background-attachment":"scroll","background-type":"","background-media":"","overlay-type":"","overlay-color":"","overlay-opacity":"","overlay-gradient":""}},"ast-content-background-meta":{"desktop":{"background-color":"var(--ast-global-color-5)","background-image":"","background-repeat":"repeat","background-position":"center center","background-size":"auto","background-attachment":"scroll","background-type":"","background-media":"","overlay-type":"","overlay-color":"","overlay-opacity":"","overlay-gradient":""},"tablet":{"background-color":"var(--ast-global-color-5)","background-image":"","background-repeat":"repeat","background-position":"center center","background-size":"auto","background-attachment":"scroll","background-type":"","background-media":"","overlay-type":"","overlay-color":"","overlay-opacity":"","overlay-gradient":""},"mobile":{"background-color":"var(--ast-global-color-5)","background-image":"","background-repeat":"repeat","background-position":"center center","background-size":"auto","background-attachment":"scroll","background-type":"","background-media":"","overlay-type":"","overlay-color":"","overlay-opacity":"","overlay-gradient":""}}},"product_brand":[],"product_cat":[61,319],"product_tag":[],"class_list":{"0":"post-18207","1":"product","2":"type-product","3":"status-publish","4":"has-post-thumbnail","6":"product_cat-bong-gon","7":"product_cat-limited-edition-bong-gon","8":"desktop-align-center","9":"tablet-align-center","10":"mobile-align-center","11":"ast-product-gallery-layout-first-image-large","12":"ast-product-tabs-layout-distributed","14":"first","15":"instock","16":"shipping-taxable","17":"purchasable","18":"product-type-simple"},"acf":[],"_links":{"self":[{"href":"https:\/\/taylormade-golf.vn\/en\/wp-json\/wp\/v2\/product\/18207","targetHints":{"allow":["GET"]}}],"collection":[{"href":"https:\/\/taylormade-golf.vn\/en\/wp-json\/wp\/v2\/product"}],"about":[{"href":"https:\/\/taylormade-golf.vn\/en\/wp-json\/wp\/v2\/types\/product"}],"replies":[{"embeddable":true,"href":"https:\/\/taylormade-golf.vn\/en\/wp-json\/wp\/v2\/comments?post=18207"}],"wp:featuredmedia":[{"embeddable":true,"href":"https:\/\/taylormade-golf.vn\/en\/wp-json\/wp\/v2\/media\/18208"}],"wp:attachment":[{"href":"https:\/\/taylormade-golf.vn\/en\/wp-json\/wp\/v2\/media?parent=18207"}],"wp:term":[{"taxonomy":"product_brand","embeddable":true,"href":"https:\/\/taylormade-golf.vn\/en\/wp-json\/wp\/v2\/product_brand?post=18207"},{"taxonomy":"product_cat","embeddable":true,"href":"https:\/\/taylormade-golf.vn\/en\/wp-json\/wp\/v2\/product_cat?post=18207"},{"taxonomy":"product_tag","embeddable":true,"href":"https:\/\/taylormade-golf.vn\/en\/wp-json\/wp\/v2\/product_tag?post=18207"}],"curies":[{"name":"wp","href":"https:\/\/api.w.org\/{rel}","templated":true}]}}