{"id":18202,"date":"2025-10-28T09:19:59","date_gmt":"2025-10-28T02:19:59","guid":{"rendered":"https:\/\/taylormade-golf.vn\/?post_type=product&#038;p=18202"},"modified":"2025-10-28T09:19:59","modified_gmt":"2025-10-28T02:19:59","slug":"bo-bong-golf-tp5x-pizza-party-taylormade","status":"publish","type":"product","link":"https:\/\/taylormade-golf.vn\/en\/product\/bo-bong-golf-tp5x-pizza-party-taylormade\/","title":{"rendered":"B\u1ed9 B\u00f3ng Golf TP5x Pizza Party TaylorMade"},"content":{"rendered":"<h2 data-start=\"537\" data-end=\"596\">Hi\u1ec7u su\u1ea5t Tour-Level \u2013 V\u1eabn tr\u1ecdn v\u1eb9n trong t\u1eebng c\u00fa \u0111\u00e1nh<\/h2>\n<ul data-start=\"597\" data-end=\"867\">\n<li data-start=\"597\" data-end=\"694\">\n<p data-start=\"599\" data-end=\"694\"><strong data-start=\"599\" data-end=\"618\">C\u00f4ng ngh\u1ec7 5 l\u1edbp<\/strong>\u00a0(5-layer construction) gi\u00fap t\u1ed1i \u01b0u c\u1ea3 kho\u1ea3ng c\u00e1ch, ki\u1ec3m so\u00e1t v\u00e0 c\u1ea3m gi\u00e1c.<\/p>\n<\/li>\n<li data-start=\"695\" data-end=\"795\">\n<p data-start=\"697\" data-end=\"795\">\u0110\u01b0\u1ee3c c\u00e1c golfer chuy\u00ean nghi\u1ec7p tin d\u00f9ng, mang l\u1ea1i t\u1ed1c \u0111\u1ed9 b\u00f3ng cao v\u00e0 \u0111\u1ed9 spin \u1ed5n \u0111\u1ecbnh quanh green.<\/p>\n<\/li>\n<li data-start=\"796\" data-end=\"867\">\n<p data-start=\"798\" data-end=\"867\">D\u00f9 thi\u1ebft k\u1ebf \u201cvui m\u1eaft\u201d, nh\u01b0ng ch\u1ea5t l\u01b0\u1ee3ng thi \u0111\u1ea5u v\u1eabn\u00a0<strong data-start=\"850\" data-end=\"864\">chu\u1ea9n Tour<\/strong>.<\/p>\n<\/li>\n<\/ul>\n<h2 data-start=\"869\" data-end=\"917\">Thi\u1ebft k\u1ebf \u0111\u1ed9c quy\u1ec1n \u2013 Vui nh\u1ed9n m\u00e0 v\u1eabn \u201c\u0111\u1ec9nh\u201d<\/h2>\n<ul data-start=\"918\" data-end=\"1225\">\n<li data-start=\"918\" data-end=\"1012\">\n<p data-start=\"920\" data-end=\"1012\">H\u1ecda ti\u1ebft\u00a0<strong data-start=\"929\" data-end=\"956\">pizza slice &amp; whole pie<\/strong>\u00a0in n\u1ed5i b\u1eadt, gi\u00fap b\u1ea1n d\u1ec5 d\u00e0ng nh\u1eadn di\u1ec7n b\u00f3ng tr\u00ean s\u00e2n.<\/p>\n<\/li>\n<li data-start=\"1013\" data-end=\"1120\">\n<p data-start=\"1015\" data-end=\"1120\">Bao b\u00ec \u201cPizza Party\u201d \u0111\u1eb7c tr\u01b0ng v\u1edbi phong c\u00e1ch\u00a0<strong data-start=\"1061\" data-end=\"1085\">classic pizza parlor<\/strong>, gi\u1ed1ng h\u1ec7t h\u1ed9p pizza quen thu\u1ed9c.<\/p>\n<\/li>\n<li data-start=\"1121\" data-end=\"1225\">\n<p data-start=\"1123\" data-end=\"1225\">H\u1ed9p dozen c\u00f2n in\u00a0<strong data-start=\"1140\" data-end=\"1172\">hotline tr\u1ef1c ti\u1ebfp TaylorMade<\/strong>, s\u1eb5n s\u00e0ng h\u1ed7 tr\u1ee3 golfer cho l\u1ea7n \u201corder\u201d ti\u1ebfp theo.<\/p>\n<\/li>\n<\/ul>\n<h2 data-start=\"1227\" data-end=\"1255\">L\u00fd t\u01b0\u1edfng cho m\u1ecdi golfer<\/h2>\n<ul data-start=\"1256\" data-end=\"1485\">\n<li data-start=\"1256\" data-end=\"1307\">\n<p data-start=\"1258\" data-end=\"1307\">Th\u00eam c\u00e1 t\u00ednh &amp; s\u1ef1 kh\u00e1c bi\u1ec7t trong m\u1ed7i v\u00f2ng \u0111\u1ea5u.<\/p>\n<\/li>\n<li data-start=\"1308\" data-end=\"1393\">\n<p data-start=\"1310\" data-end=\"1393\">Ph\u00f9 h\u1ee3p l\u00e0m qu\u00e0 t\u1eb7ng vui nh\u1ed9n cho b\u1ea1n b\u00e8, \u0111\u1ed3ng \u0111\u1ed9i trong c\u00e1c tr\u1eadn golf cu\u1ed1i tu\u1ea7n.<\/p>\n<\/li>\n<li data-start=\"1394\" data-end=\"1485\">\n<p data-start=\"1396\" data-end=\"1485\">Quantity\u00a0<strong data-start=\"1405\" data-end=\"1417\">gi\u1edbi h\u1ea1n<\/strong>\u00a0\u2013 nhanh tay s\u1edf h\u1eefu \u0111\u1ec3 kh\u00f4ng b\u1ecf l\u1ee1 \u201cb\u1eefa ti\u1ec7c pizza\u201d tr\u00ean s\u00e2n golf.<\/p>\n<\/li>\n<\/ul>","protected":false},"excerpt":{"rendered":"<p>Hi\u1ec7u su\u1ea5t Tour-Level \u2013 V\u1eabn tr\u1ecdn v\u1eb9n trong t\u1eebng c\u00fa \u0111\u00e1nh C\u00f4ng ngh\u1ec7 5 l\u1edbp\u00a0(5-layer construction) gi\u00fap t\u1ed1i \u01b0u c\u1ea3 kho\u1ea3ng c\u00e1ch, ki\u1ec3m so\u00e1t v\u00e0 c\u1ea3m gi\u00e1c. \u0110\u01b0\u1ee3c c\u00e1c golfer chuy\u00ean nghi\u1ec7p tin d\u00f9ng, mang l\u1ea1i t\u1ed1c \u0111\u1ed9 b\u00f3ng cao v\u00e0 \u0111\u1ed9 spin \u1ed5n \u0111\u1ecbnh quanh green. D\u00f9 thi\u1ebft k\u1ebf \u201cvui m\u1eaft\u201d, nh\u01b0ng ch\u1ea5t l\u01b0\u1ee3ng [&hellip;]<\/p>","protected":false},"featured_media":18203,"comment_status":"open","ping_status":"closed","template":"","meta":{"_acf_changed":false,"site-sidebar-layout":"default","site-content-layout":"","ast-site-content-layout":"default","site-content-style":"default","site-sidebar-style":"default","ast-global-header-display":"","ast-banner-title-visibility":"","ast-main-header-display":"","ast-hfb-above-header-display":"","ast-hfb-below-header-display":"","ast-hfb-mobile-header-display":"","site-post-title":"","ast-breadcrumbs-content":"","ast-featured-img":"","footer-sml-layout":"","theme-transparent-header-meta":"default","adv-header-id-meta":"","stick-header-meta":"default","header-above-stick-meta":"","header-main-stick-meta":"","header-below-stick-meta":"","astra-migrate-meta-layouts":"set","ast-page-background-enabled":"default","ast-page-background-meta":{"desktop":{"background-color":"","background-image":"","background-repeat":"repeat","background-position":"center center","background-size":"auto","background-attachment":"scroll","background-type":"","background-media":"","overlay-type":"","overlay-color":"","overlay-opacity":"","overlay-gradient":""},"tablet":{"background-color":"","background-image":"","background-repeat":"repeat","background-position":"center center","background-size":"auto","background-attachment":"scroll","background-type":"","background-media":"","overlay-type":"","overlay-color":"","overlay-opacity":"","overlay-gradient":""},"mobile":{"background-color":"","background-image":"","background-repeat":"repeat","background-position":"center center","background-size":"auto","background-attachment":"scroll","background-type":"","background-media":"","overlay-type":"","overlay-color":"","overlay-opacity":"","overlay-gradient":""}},"ast-content-background-meta":{"desktop":{"background-color":"var(--ast-global-color-5)","background-image":"","background-repeat":"repeat","background-position":"center center","background-size":"auto","background-attachment":"scroll","background-type":"","background-media":"","overlay-type":"","overlay-color":"","overlay-opacity":"","overlay-gradient":""},"tablet":{"background-color":"var(--ast-global-color-5)","background-image":"","background-repeat":"repeat","background-position":"center center","background-size":"auto","background-attachment":"scroll","background-type":"","background-media":"","overlay-type":"","overlay-color":"","overlay-opacity":"","overlay-gradient":""},"mobile":{"background-color":"var(--ast-global-color-5)","background-image":"","background-repeat":"repeat","background-position":"center center","background-size":"auto","background-attachment":"scroll","background-type":"","background-media":"","overlay-type":"","overlay-color":"","overlay-opacity":"","overlay-gradient":""}}},"product_brand":[],"product_cat":[61,319],"product_tag":[],"class_list":{"0":"post-18202","1":"product","2":"type-product","3":"status-publish","4":"has-post-thumbnail","6":"product_cat-bong-gon","7":"product_cat-limited-edition-bong-gon","8":"desktop-align-center","9":"tablet-align-center","10":"mobile-align-center","11":"ast-product-gallery-layout-first-image-large","12":"ast-product-tabs-layout-distributed","14":"first","15":"instock","16":"shipping-taxable","17":"purchasable","18":"product-type-simple"},"acf":[],"_links":{"self":[{"href":"https:\/\/taylormade-golf.vn\/en\/wp-json\/wp\/v2\/product\/18202","targetHints":{"allow":["GET"]}}],"collection":[{"href":"https:\/\/taylormade-golf.vn\/en\/wp-json\/wp\/v2\/product"}],"about":[{"href":"https:\/\/taylormade-golf.vn\/en\/wp-json\/wp\/v2\/types\/product"}],"replies":[{"embeddable":true,"href":"https:\/\/taylormade-golf.vn\/en\/wp-json\/wp\/v2\/comments?post=18202"}],"wp:featuredmedia":[{"embeddable":true,"href":"https:\/\/taylormade-golf.vn\/en\/wp-json\/wp\/v2\/media\/18203"}],"wp:attachment":[{"href":"https:\/\/taylormade-golf.vn\/en\/wp-json\/wp\/v2\/media?parent=18202"}],"wp:term":[{"taxonomy":"product_brand","embeddable":true,"href":"https:\/\/taylormade-golf.vn\/en\/wp-json\/wp\/v2\/product_brand?post=18202"},{"taxonomy":"product_cat","embeddable":true,"href":"https:\/\/taylormade-golf.vn\/en\/wp-json\/wp\/v2\/product_cat?post=18202"},{"taxonomy":"product_tag","embeddable":true,"href":"https:\/\/taylormade-golf.vn\/en\/wp-json\/wp\/v2\/product_tag?post=18202"}],"curies":[{"name":"wp","href":"https:\/\/api.w.org\/{rel}","templated":true}]}}