{"id":18196,"date":"2025-10-28T09:18:09","date_gmt":"2025-10-28T02:18:09","guid":{"rendered":"https:\/\/taylormade-golf.vn\/?post_type=product&#038;p=18196"},"modified":"2025-10-28T09:18:10","modified_gmt":"2025-10-28T02:18:10","slug":"bo-bong-golf-tp5x-shark-taylormade","status":"publish","type":"product","link":"https:\/\/taylormade-golf.vn\/en\/product\/bo-bong-golf-tp5x-shark-taylormade\/","title":{"rendered":"B\u1ed9 B\u00f3ng Golf TP5x Shark TaylorMade"},"content":{"rendered":"<div class=\"woocommerce-tabs wc-tabs-wrapper container tabbed-content\">\n<div class=\"tab-panels\">\n<div id=\"tab-description\" class=\"woocommerce-Tabs-panel woocommerce-Tabs-panel--description panel entry-content active\" role=\"tabpanel\" aria-labelledby=\"tab-title-description\">\n<p>Phi\u00ean b\u1ea3n gi\u1edbi h\u1ea1n \u201cTP5\/TP5x pix\u2122 Sharks\u201d \u0111\u00e3 ch\u00ednh th\u1ee9c ra m\u1eaft \u2013 l\u1ea5y c\u1ea3m h\u1ee9ng t\u1eeb s\u1ef1 s\u1eafc b\u00e9n v\u00e0 b\u00ed \u1ea9n c\u1ee7a lo\u00e0i c\u00e1 m\u1eadp. Gi\u1ed1ng nh\u01b0 m\u1ed9t \u201cs\u00e1t th\u1ee7 th\u1ea7m l\u1eb7ng\u201d tr\u00ean s\u00e2n, qu\u1ea3 b\u00f3ng 5 l\u1edbp c\u1ea5u tr\u00fac n\u00e0y s\u1ebd trao cho c\u00fa \u0111\u00e1nh c\u1ee7a b\u1ea1n nh\u1eefng \u201cchi\u1ebfc r\u0103ng nanh\u201d s\u1eafc b\u00e9n.<\/p>\n<p>Thi\u1ebft k\u1ebf \u0111\u1ed9c \u0111\u00e1o v\u1edbi h\u00ecnh \u1ea3nh \u0111\u00e0n c\u00e1 m\u1eadp bao v\u00e2y con m\u1ed3i, \u0111i k\u00e8m h\u1ed9p b\u00f3ng in h\u00ecnh phao c\u1ee9u sinh gi\u1eefa s\u00f3ng l\u1edbn v\u00e0 nh\u1eefng chi\u1ebfc v\u00e2y c\u00e1 m\u1eadp l\u01b0\u1edbt tr\u00ean m\u1eb7t n\u01b0\u1edbc. Khi x\u1ebfp c\u00e1c \u1ed1ng b\u00f3ng (sleeve) l\u1ea1i v\u1edbi nhau, b\u1ea1n s\u1ebd th\u1ea5y hi\u1ec7n l\u00ean h\u00ecnh \u1ea3nh c\u00e1 m\u1eadp tr\u1eafng l\u1edbn \u0111ang nh\u1eafm th\u1eb3ng m\u1ee5c ti\u00eau \u1edf \u0111\u00e1y \u0111\u1ea1i d\u01b0\u01a1ng.<\/p>\n<p>\u0110\u00e2y kh\u00f4ng ch\u1ec9 l\u00e0 m\u1ed9t qu\u1ea3 b\u00f3ng golf mang thi\u1ebft k\u1ebf \u0111\u1eb9p m\u1eaft \u2013 m\u00e0 c\u00f2n l\u00e0 \u201cv\u0169 kh\u00ed t\u00e2m l\u00fd\u201d gi\u00fap b\u1ea1n t\u1ea1o \u00e1p l\u1ef1c \u00e2m th\u1ea7m l\u00ean \u0111\u1ed1i th\u1ee7 trong su\u1ed1t tr\u1eadn \u0111\u1ea5u.<\/p>\n<\/div>\n<\/div>\n<\/div>","protected":false},"excerpt":{"rendered":"<p>Phi\u00ean b\u1ea3n gi\u1edbi h\u1ea1n \u201cTP5\/TP5x pix\u2122 Sharks\u201d \u0111\u00e3 ch\u00ednh th\u1ee9c ra m\u1eaft \u2013 l\u1ea5y c\u1ea3m h\u1ee9ng t\u1eeb s\u1ef1 s\u1eafc b\u00e9n v\u00e0 b\u00ed \u1ea9n c\u1ee7a lo\u00e0i c\u00e1 m\u1eadp. Gi\u1ed1ng nh\u01b0 m\u1ed9t \u201cs\u00e1t th\u1ee7 th\u1ea7m l\u1eb7ng\u201d tr\u00ean s\u00e2n, qu\u1ea3 b\u00f3ng 5 l\u1edbp c\u1ea5u tr\u00fac n\u00e0y s\u1ebd trao cho c\u00fa \u0111\u00e1nh c\u1ee7a b\u1ea1n nh\u1eefng \u201cchi\u1ebfc r\u0103ng nanh\u201d s\u1eafc [&hellip;]<\/p>","protected":false},"featured_media":18197,"comment_status":"open","ping_status":"closed","template":"","meta":{"_acf_changed":false,"site-sidebar-layout":"default","site-content-layout":"","ast-site-content-layout":"default","site-content-style":"default","site-sidebar-style":"default","ast-global-header-display":"","ast-banner-title-visibility":"","ast-main-header-display":"","ast-hfb-above-header-display":"","ast-hfb-below-header-display":"","ast-hfb-mobile-header-display":"","site-post-title":"","ast-breadcrumbs-content":"","ast-featured-img":"","footer-sml-layout":"","theme-transparent-header-meta":"default","adv-header-id-meta":"","stick-header-meta":"default","header-above-stick-meta":"","header-main-stick-meta":"","header-below-stick-meta":"","astra-migrate-meta-layouts":"set","ast-page-background-enabled":"default","ast-page-background-meta":{"desktop":{"background-color":"","background-image":"","background-repeat":"repeat","background-position":"center center","background-size":"auto","background-attachment":"scroll","background-type":"","background-media":"","overlay-type":"","overlay-color":"","overlay-opacity":"","overlay-gradient":""},"tablet":{"background-color":"","background-image":"","background-repeat":"repeat","background-position":"center center","background-size":"auto","background-attachment":"scroll","background-type":"","background-media":"","overlay-type":"","overlay-color":"","overlay-opacity":"","overlay-gradient":""},"mobile":{"background-color":"","background-image":"","background-repeat":"repeat","background-position":"center center","background-size":"auto","background-attachment":"scroll","background-type":"","background-media":"","overlay-type":"","overlay-color":"","overlay-opacity":"","overlay-gradient":""}},"ast-content-background-meta":{"desktop":{"background-color":"var(--ast-global-color-5)","background-image":"","background-repeat":"repeat","background-position":"center center","background-size":"auto","background-attachment":"scroll","background-type":"","background-media":"","overlay-type":"","overlay-color":"","overlay-opacity":"","overlay-gradient":""},"tablet":{"background-color":"var(--ast-global-color-5)","background-image":"","background-repeat":"repeat","background-position":"center center","background-size":"auto","background-attachment":"scroll","background-type":"","background-media":"","overlay-type":"","overlay-color":"","overlay-opacity":"","overlay-gradient":""},"mobile":{"background-color":"var(--ast-global-color-5)","background-image":"","background-repeat":"repeat","background-position":"center center","background-size":"auto","background-attachment":"scroll","background-type":"","background-media":"","overlay-type":"","overlay-color":"","overlay-opacity":"","overlay-gradient":""}}},"product_brand":[],"product_cat":[61,319],"product_tag":[],"class_list":{"0":"post-18196","1":"product","2":"type-product","3":"status-publish","4":"has-post-thumbnail","6":"product_cat-bong-gon","7":"product_cat-limited-edition-bong-gon","8":"desktop-align-center","9":"tablet-align-center","10":"mobile-align-center","11":"ast-product-gallery-layout-first-image-large","12":"ast-product-tabs-layout-distributed","14":"first","15":"instock","16":"shipping-taxable","17":"purchasable","18":"product-type-simple"},"acf":[],"_links":{"self":[{"href":"https:\/\/taylormade-golf.vn\/en\/wp-json\/wp\/v2\/product\/18196","targetHints":{"allow":["GET"]}}],"collection":[{"href":"https:\/\/taylormade-golf.vn\/en\/wp-json\/wp\/v2\/product"}],"about":[{"href":"https:\/\/taylormade-golf.vn\/en\/wp-json\/wp\/v2\/types\/product"}],"replies":[{"embeddable":true,"href":"https:\/\/taylormade-golf.vn\/en\/wp-json\/wp\/v2\/comments?post=18196"}],"wp:featuredmedia":[{"embeddable":true,"href":"https:\/\/taylormade-golf.vn\/en\/wp-json\/wp\/v2\/media\/18197"}],"wp:attachment":[{"href":"https:\/\/taylormade-golf.vn\/en\/wp-json\/wp\/v2\/media?parent=18196"}],"wp:term":[{"taxonomy":"product_brand","embeddable":true,"href":"https:\/\/taylormade-golf.vn\/en\/wp-json\/wp\/v2\/product_brand?post=18196"},{"taxonomy":"product_cat","embeddable":true,"href":"https:\/\/taylormade-golf.vn\/en\/wp-json\/wp\/v2\/product_cat?post=18196"},{"taxonomy":"product_tag","embeddable":true,"href":"https:\/\/taylormade-golf.vn\/en\/wp-json\/wp\/v2\/product_tag?post=18196"}],"curies":[{"name":"wp","href":"https:\/\/api.w.org\/{rel}","templated":true}]}}