{"id":18154,"date":"2025-10-27T11:27:33","date_gmt":"2025-10-27T04:27:33","guid":{"rendered":"https:\/\/taylormade-golf.vn\/?post_type=product&#038;p=18154"},"modified":"2025-10-27T11:27:34","modified_gmt":"2025-10-27T04:27:34","slug":"ao-len-golf-nu-co-tron-bo-vien","status":"publish","type":"product","link":"https:\/\/taylormade-golf.vn\/en\/product\/ao-len-golf-nu-co-tron-bo-vien\/","title":{"rendered":"\u00c1o Len Golf N\u1eef C\u1ed5 Tr\u00f2n Bo Vi\u1ec1n"},"content":{"rendered":"<p data-start=\"130\" data-end=\"635\">\u00c1o len golf c\u1ed5 tr\u00f2n v\u1edbi thi\u1ebft k\u1ebf \u0111\u01a1n gi\u1ea3n, d\u1ec5 d\u00e0ng k\u1ebft h\u1ee3p v\u1edbi nhi\u1ec1u ki\u1ec3u qu\u1ea7n ho\u1eb7c v\u00e1y, mang \u0111\u1ebfn phong c\u00e1ch thanh l\u1ecbch v\u00e0 linh ho\u1ea1t. \u0110i\u1ec3m nh\u1ea5n tinh t\u1ebf n\u1eb1m \u1edf ph\u1ea7n bo c\u1ed5 v\u00e0 g\u1ea5u \u00e1o \u0111\u01b0\u1ee3c ph\u1ed1i m\u00e0u ch\u1ec9 kh\u00e1c bi\u1ec7t, t\u1ea1o c\u1ea3m gi\u00e1c tr\u1ebb trung v\u00e0 hi\u1ec7n \u0111\u1ea1i.<br data-start=\"394\" data-end=\"397\" \/>Material\u00a0<strong data-start=\"407\" data-end=\"433\">100% polyester co gi\u00e3n<\/strong>\u00a0gi\u00fap \u00e1o tho\u00e1ng nh\u1eb9, tho\u1ea3i m\u00e1i khi v\u1eadn \u0111\u1ed9ng, ph\u00f9 h\u1ee3p c\u1ea3 tr\u00ean s\u00e2n golf v\u00e0 trong c\u00e1c ho\u1ea1t \u0111\u1ed9ng th\u01b0\u1eddng ng\u00e0y. \u0110\u00e2y l\u00e0 item l\u00fd t\u01b0\u1edfng \u0111\u1ec3 layer c\u00f9ng \u00e1o polo ho\u1eb7c s\u01a1 mi, gi\u00fap b\u1ea1n n\u1ed5i b\u1eadt m\u00e0 v\u1eabn gi\u1eef s\u1ef1 tinh t\u1ebf.<\/p>\n<p data-start=\"637\" data-end=\"668\"><strong data-start=\"637\" data-end=\"651\">Material:<\/strong>\u00a0100% Polyester<\/p>","protected":false},"excerpt":{"rendered":"<p>\u00c1o len golf c\u1ed5 tr\u00f2n v\u1edbi thi\u1ebft k\u1ebf \u0111\u01a1n gi\u1ea3n, d\u1ec5 d\u00e0ng k\u1ebft h\u1ee3p v\u1edbi nhi\u1ec1u ki\u1ec3u qu\u1ea7n ho\u1eb7c v\u00e1y, mang \u0111\u1ebfn phong c\u00e1ch thanh l\u1ecbch v\u00e0 linh ho\u1ea1t. \u0110i\u1ec3m nh\u1ea5n tinh t\u1ebf n\u1eb1m \u1edf ph\u1ea7n bo c\u1ed5 v\u00e0 g\u1ea5u \u00e1o \u0111\u01b0\u1ee3c ph\u1ed1i m\u00e0u ch\u1ec9 kh\u00e1c bi\u1ec7t, t\u1ea1o c\u1ea3m gi\u00e1c tr\u1ebb trung v\u00e0 hi\u1ec7n \u0111\u1ea1i.Ch\u1ea5t [&hellip;]<\/p>","protected":false},"featured_media":18161,"comment_status":"open","ping_status":"closed","template":"","meta":{"_acf_changed":false,"site-sidebar-layout":"default","site-content-layout":"","ast-site-content-layout":"default","site-content-style":"default","site-sidebar-style":"default","ast-global-header-display":"","ast-banner-title-visibility":"","ast-main-header-display":"","ast-hfb-above-header-display":"","ast-hfb-below-header-display":"","ast-hfb-mobile-header-display":"","site-post-title":"","ast-breadcrumbs-content":"","ast-featured-img":"","footer-sml-layout":"","theme-transparent-header-meta":"default","adv-header-id-meta":"","stick-header-meta":"default","header-above-stick-meta":"","header-main-stick-meta":"","header-below-stick-meta":"","astra-migrate-meta-layouts":"set","ast-page-background-enabled":"default","ast-page-background-meta":{"desktop":{"background-color":"","background-image":"","background-repeat":"repeat","background-position":"center center","background-size":"auto","background-attachment":"scroll","background-type":"","background-media":"","overlay-type":"","overlay-color":"","overlay-opacity":"","overlay-gradient":""},"tablet":{"background-color":"","background-image":"","background-repeat":"repeat","background-position":"center center","background-size":"auto","background-attachment":"scroll","background-type":"","background-media":"","overlay-type":"","overlay-color":"","overlay-opacity":"","overlay-gradient":""},"mobile":{"background-color":"","background-image":"","background-repeat":"repeat","background-position":"center center","background-size":"auto","background-attachment":"scroll","background-type":"","background-media":"","overlay-type":"","overlay-color":"","overlay-opacity":"","overlay-gradient":""}},"ast-content-background-meta":{"desktop":{"background-color":"var(--ast-global-color-5)","background-image":"","background-repeat":"repeat","background-position":"center center","background-size":"auto","background-attachment":"scroll","background-type":"","background-media":"","overlay-type":"","overlay-color":"","overlay-opacity":"","overlay-gradient":""},"tablet":{"background-color":"var(--ast-global-color-5)","background-image":"","background-repeat":"repeat","background-position":"center center","background-size":"auto","background-attachment":"scroll","background-type":"","background-media":"","overlay-type":"","overlay-color":"","overlay-opacity":"","overlay-gradient":""},"mobile":{"background-color":"var(--ast-global-color-5)","background-image":"","background-repeat":"repeat","background-position":"center center","background-size":"auto","background-attachment":"scroll","background-type":"","background-media":"","overlay-type":"","overlay-color":"","overlay-opacity":"","overlay-gradient":""}}},"product_brand":[],"product_cat":[263,104,101],"product_tag":[],"class_list":{"0":"post-18154","1":"product","2":"type-product","3":"status-publish","4":"has-post-thumbnail","6":"product_cat-nu","7":"product_cat-ao-dai-tay","8":"product_cat-quan-ao","9":"desktop-align-center","10":"tablet-align-center","11":"mobile-align-center","12":"ast-product-gallery-layout-first-image-large","13":"ast-product-single-variable","14":"ast-product-tabs-layout-distributed","16":"first","17":"instock","18":"shipping-taxable","19":"purchasable","20":"product-type-variable"},"acf":[],"_links":{"self":[{"href":"https:\/\/taylormade-golf.vn\/en\/wp-json\/wp\/v2\/product\/18154","targetHints":{"allow":["GET"]}}],"collection":[{"href":"https:\/\/taylormade-golf.vn\/en\/wp-json\/wp\/v2\/product"}],"about":[{"href":"https:\/\/taylormade-golf.vn\/en\/wp-json\/wp\/v2\/types\/product"}],"replies":[{"embeddable":true,"href":"https:\/\/taylormade-golf.vn\/en\/wp-json\/wp\/v2\/comments?post=18154"}],"wp:featuredmedia":[{"embeddable":true,"href":"https:\/\/taylormade-golf.vn\/en\/wp-json\/wp\/v2\/media\/18161"}],"wp:attachment":[{"href":"https:\/\/taylormade-golf.vn\/en\/wp-json\/wp\/v2\/media?parent=18154"}],"wp:term":[{"taxonomy":"product_brand","embeddable":true,"href":"https:\/\/taylormade-golf.vn\/en\/wp-json\/wp\/v2\/product_brand?post=18154"},{"taxonomy":"product_cat","embeddable":true,"href":"https:\/\/taylormade-golf.vn\/en\/wp-json\/wp\/v2\/product_cat?post=18154"},{"taxonomy":"product_tag","embeddable":true,"href":"https:\/\/taylormade-golf.vn\/en\/wp-json\/wp\/v2\/product_tag?post=18154"}],"curies":[{"name":"wp","href":"https:\/\/api.w.org\/{rel}","templated":true}]}}