{"id":18129,"date":"2025-10-27T11:10:17","date_gmt":"2025-10-27T04:10:17","guid":{"rendered":"https:\/\/taylormade-golf.vn\/?post_type=product&#038;p=18129"},"modified":"2025-10-27T11:10:18","modified_gmt":"2025-10-27T04:10:18","slug":"ao-len-golf-nam-co-tron-taylormade","status":"publish","type":"product","link":"https:\/\/taylormade-golf.vn\/en\/product\/ao-len-golf-nam-co-tron-taylormade\/","title":{"rendered":"\u00c1o Len Golf Nam C\u1ed5 Tr\u00f2n TaylorMade"},"content":{"rendered":"<p data-start=\"203\" data-end=\"335\">Chi\u1ebfc\u00a0<strong data-start=\"209\" data-end=\"236\">\u00e1o len golf nam c\u1ed5 tr\u00f2n<\/strong>\u00a0mang \u0111\u1ebfn phong c\u00e1ch\u00a0<strong data-start=\"257\" data-end=\"276\">casual hi\u1ec7n \u0111\u1ea1i<\/strong>\u00a0nh\u01b0ng v\u1eabn thanh l\u1ecbch tr\u00ean s\u00e2n golf hay trong \u0111\u1eddi th\u01b0\u1eddng.<\/p>\n<ul data-start=\"337\" data-end=\"644\">\n<li data-start=\"337\" data-end=\"484\">\n<p data-start=\"339\" data-end=\"484\"><strong data-start=\"339\" data-end=\"360\">Thi\u1ebft k\u1ebf n\u1ed5i b\u1eadt:<\/strong>\u00a0s\u1eed d\u1ee5ng\u00a0<strong data-start=\"369\" data-end=\"425\">ch\u1ea5t li\u1ec7u d\u1ea1ng nhung (mole) b\u1ed1 tr\u00ed m\u1eb7t trong \u2013 ngo\u00e0i<\/strong>\u00a0t\u1ea1o hi\u1ec7u \u1ee9ng b\u1ec1 m\u1eb7t \u0111\u1ed9c \u0111\u00e1o, v\u1eeba m\u1ec1m m\u1ea1i v\u1eeba sang tr\u1ecdng.<\/p>\n<\/li>\n<li data-start=\"485\" data-end=\"644\">\n<p data-start=\"487\" data-end=\"503\"><strong data-start=\"487\" data-end=\"501\">T\u00ednh n\u0103ng:<\/strong><\/p>\n<ul data-start=\"506\" data-end=\"644\">\n<li data-start=\"506\" data-end=\"545\">\n<p data-start=\"508\" data-end=\"545\">Co gi\u00e3n nh\u1eb9, tho\u1ea3i m\u00e1i khi v\u1eadn \u0111\u1ed9ng<\/p>\n<\/li>\n<li data-start=\"548\" data-end=\"596\">\n<p data-start=\"550\" data-end=\"596\">D\u1ec5 ph\u1ed1i c\u00f9ng \u00e1o polo, s\u01a1 mi ho\u1eb7c kho\u00e1c ngo\u00e0i<\/p>\n<\/li>\n<li data-start=\"599\" data-end=\"644\">\n<p data-start=\"601\" data-end=\"644\">Gi\u1eef form t\u1ed1t, ph\u00f9 h\u1ee3p v\u1edbi nhi\u1ec1u ho\u00e0n c\u1ea3nh<\/p>\n<\/li>\n<\/ul>\n<\/li>\n<\/ul>","protected":false},"excerpt":{"rendered":"<p>Chi\u1ebfc\u00a0\u00e1o len golf nam c\u1ed5 tr\u00f2n\u00a0mang \u0111\u1ebfn phong c\u00e1ch\u00a0casual hi\u1ec7n \u0111\u1ea1i\u00a0nh\u01b0ng v\u1eabn thanh l\u1ecbch tr\u00ean s\u00e2n golf hay trong \u0111\u1eddi th\u01b0\u1eddng. Thi\u1ebft k\u1ebf n\u1ed5i b\u1eadt:\u00a0s\u1eed d\u1ee5ng\u00a0ch\u1ea5t li\u1ec7u d\u1ea1ng nhung (mole) b\u1ed1 tr\u00ed m\u1eb7t trong \u2013 ngo\u00e0i\u00a0t\u1ea1o hi\u1ec7u \u1ee9ng b\u1ec1 m\u1eb7t \u0111\u1ed9c \u0111\u00e1o, v\u1eeba m\u1ec1m m\u1ea1i v\u1eeba sang tr\u1ecdng. T\u00ednh n\u0103ng: Co gi\u00e3n nh\u1eb9, tho\u1ea3i m\u00e1i [&hellip;]<\/p>","protected":false},"featured_media":18134,"comment_status":"open","ping_status":"closed","template":"","meta":{"_acf_changed":false,"site-sidebar-layout":"default","site-content-layout":"","ast-site-content-layout":"default","site-content-style":"default","site-sidebar-style":"default","ast-global-header-display":"","ast-banner-title-visibility":"","ast-main-header-display":"","ast-hfb-above-header-display":"","ast-hfb-below-header-display":"","ast-hfb-mobile-header-display":"","site-post-title":"","ast-breadcrumbs-content":"","ast-featured-img":"","footer-sml-layout":"","theme-transparent-header-meta":"default","adv-header-id-meta":"","stick-header-meta":"default","header-above-stick-meta":"","header-main-stick-meta":"","header-below-stick-meta":"","astra-migrate-meta-layouts":"set","ast-page-background-enabled":"default","ast-page-background-meta":{"desktop":{"background-color":"","background-image":"","background-repeat":"repeat","background-position":"center center","background-size":"auto","background-attachment":"scroll","background-type":"","background-media":"","overlay-type":"","overlay-color":"","overlay-opacity":"","overlay-gradient":""},"tablet":{"background-color":"","background-image":"","background-repeat":"repeat","background-position":"center center","background-size":"auto","background-attachment":"scroll","background-type":"","background-media":"","overlay-type":"","overlay-color":"","overlay-opacity":"","overlay-gradient":""},"mobile":{"background-color":"","background-image":"","background-repeat":"repeat","background-position":"center center","background-size":"auto","background-attachment":"scroll","background-type":"","background-media":"","overlay-type":"","overlay-color":"","overlay-opacity":"","overlay-gradient":""}},"ast-content-background-meta":{"desktop":{"background-color":"var(--ast-global-color-5)","background-image":"","background-repeat":"repeat","background-position":"center center","background-size":"auto","background-attachment":"scroll","background-type":"","background-media":"","overlay-type":"","overlay-color":"","overlay-opacity":"","overlay-gradient":""},"tablet":{"background-color":"var(--ast-global-color-5)","background-image":"","background-repeat":"repeat","background-position":"center center","background-size":"auto","background-attachment":"scroll","background-type":"","background-media":"","overlay-type":"","overlay-color":"","overlay-opacity":"","overlay-gradient":""},"mobile":{"background-color":"var(--ast-global-color-5)","background-image":"","background-repeat":"repeat","background-position":"center center","background-size":"auto","background-attachment":"scroll","background-type":"","background-media":"","overlay-type":"","overlay-color":"","overlay-opacity":"","overlay-gradient":""}}},"product_brand":[],"product_cat":[262,104,101],"product_tag":[],"class_list":{"0":"post-18129","1":"product","2":"type-product","3":"status-publish","4":"has-post-thumbnail","6":"product_cat-nam","7":"product_cat-ao-dai-tay","8":"product_cat-quan-ao","9":"desktop-align-center","10":"tablet-align-center","11":"mobile-align-center","12":"ast-product-gallery-layout-first-image-large","13":"ast-product-single-variable","14":"ast-product-tabs-layout-distributed","16":"first","17":"instock","18":"shipping-taxable","19":"purchasable","20":"product-type-variable"},"acf":[],"_links":{"self":[{"href":"https:\/\/taylormade-golf.vn\/en\/wp-json\/wp\/v2\/product\/18129","targetHints":{"allow":["GET"]}}],"collection":[{"href":"https:\/\/taylormade-golf.vn\/en\/wp-json\/wp\/v2\/product"}],"about":[{"href":"https:\/\/taylormade-golf.vn\/en\/wp-json\/wp\/v2\/types\/product"}],"replies":[{"embeddable":true,"href":"https:\/\/taylormade-golf.vn\/en\/wp-json\/wp\/v2\/comments?post=18129"}],"wp:featuredmedia":[{"embeddable":true,"href":"https:\/\/taylormade-golf.vn\/en\/wp-json\/wp\/v2\/media\/18134"}],"wp:attachment":[{"href":"https:\/\/taylormade-golf.vn\/en\/wp-json\/wp\/v2\/media?parent=18129"}],"wp:term":[{"taxonomy":"product_brand","embeddable":true,"href":"https:\/\/taylormade-golf.vn\/en\/wp-json\/wp\/v2\/product_brand?post=18129"},{"taxonomy":"product_cat","embeddable":true,"href":"https:\/\/taylormade-golf.vn\/en\/wp-json\/wp\/v2\/product_cat?post=18129"},{"taxonomy":"product_tag","embeddable":true,"href":"https:\/\/taylormade-golf.vn\/en\/wp-json\/wp\/v2\/product_tag?post=18129"}],"curies":[{"name":"wp","href":"https:\/\/api.w.org\/{rel}","templated":true}]}}