{"id":18041,"date":"2025-10-27T10:41:19","date_gmt":"2025-10-27T03:41:19","guid":{"rendered":"https:\/\/taylormade-golf.vn\/?post_type=product&#038;p=18041"},"modified":"2025-10-27T10:41:19","modified_gmt":"2025-10-27T03:41:19","slug":"ao-polo-nam-dai-tay-taylormade-stretch-quick-dry","status":"publish","type":"product","link":"https:\/\/taylormade-golf.vn\/en\/product\/ao-polo-nam-dai-tay-taylormade-stretch-quick-dry\/","title":{"rendered":"\u00c1o Polo Nam D\u00e0i Tay TaylorMade Stretch Quick Dry"},"content":{"rendered":"<p data-start=\"286\" data-end=\"608\">\u00c1o polo d\u00e0i tay\u00a0<strong data-start=\"323\" data-end=\"355\">TaylorMade Stretch Quick Dry<\/strong>\u00a0\u0111\u01b0\u1ee3c thi\u1ebft k\u1ebf v\u1edbi ch\u1ea5t li\u1ec7u co gi\u00e3n cao c\u1ea5p, v\u1eeba gi\u1eef \u0111\u01b0\u1ee3c\u00a0<strong data-start=\"414\" data-end=\"441\">\u0111\u1ed9 c\u1ee9ng c\u00e1p (form \u0111\u1ee9ng)<\/strong>\u00a0v\u1eeba mang l\u1ea1i\u00a0<strong data-start=\"455\" data-end=\"480\">s\u1ef1 m\u1ec1m m\u1ea1i, tho\u1ea3i m\u00e1i<\/strong>\u00a0cho golfer. Ph\u1ea7n c\u1ed5 \u00e1o\u00a0<strong data-start=\"504\" data-end=\"531\">\u00e9p nhi\u1ec7t (heat-pressed)<\/strong>\u00a0t\u1ea1o c\u1ea3m gi\u00e1c s\u1eafc n\u00e9t v\u00e0 hi\u1ec7n \u0111\u1ea1i, gi\u00fap golfer th\u00eam ph\u1ea7n l\u1ecbch l\u00e3m tr\u00ean s\u00e2n.<\/p>\n<p data-start=\"610\" data-end=\"864\">\u2714\ufe0f\u00a0<strong data-start=\"613\" data-end=\"645\">Quick Dry &amp; Sweat Absorption<\/strong>: th\u1ea5m h\u00fat m\u1ed3 h\u00f4i, kh\u00f4 nhanh.<br data-start=\"674\" data-end=\"677\" \/>\u2714\ufe0f\u00a0<strong data-start=\"680\" data-end=\"691\">UV Care<\/strong>: b\u1ea3o v\u1ec7 da kh\u1ecfi t\u00e1c h\u1ea1i tia c\u1ef1c t\u00edm.<br data-start=\"728\" data-end=\"731\" \/>\u2714\ufe0f\u00a0<strong data-start=\"734\" data-end=\"753\">Stretch 4 chi\u1ec1u<\/strong>: v\u1eadn \u0111\u1ed9ng linh ho\u1ea1t, swing tho\u1ea3i m\u00e1i.<br data-start=\"791\" data-end=\"794\" \/>\u2714\ufe0f Ch\u1ea5t li\u1ec7u: Nylon 78%, Polyurethane 22%.<br data-start=\"836\" data-end=\"839\" \/>\u2714\ufe0f Xu\u1ea5t x\u1ee9: Trung Qu\u1ed1c.<\/p>\n<p data-start=\"866\" data-end=\"897\"><strong data-start=\"866\" data-end=\"895\">B\u1ea3ng size tham kh\u1ea3o (cm):<\/strong><\/p>\n<ul data-start=\"898\" data-end=\"1174\">\n<li data-start=\"898\" data-end=\"943\">\n<p data-start=\"900\" data-end=\"943\">S: D\u00e0i 69 \/ Vai 40.2 \/ Ng\u1ef1c 49 \/ Tay 61.5<\/p>\n<\/li>\n<li data-start=\"944\" data-end=\"989\">\n<p data-start=\"946\" data-end=\"989\">M: D\u00e0i 69 \/ Vai 41.6 \/ Ng\u1ef1c 51 \/ Tay 61.5<\/p>\n<\/li>\n<li data-start=\"990\" data-end=\"1033\">\n<p data-start=\"992\" data-end=\"1033\">L: D\u00e0i 71 \/ Vai 43 \/ Ng\u1ef1c 53 \/ Tay 62.5<\/p>\n<\/li>\n<li data-start=\"1034\" data-end=\"1079\">\n<p data-start=\"1036\" data-end=\"1079\">O: D\u00e0i 73 \/ Vai 44.4 \/ Ng\u1ef1c 55 \/ Tay 63.5<\/p>\n<\/li>\n<li data-start=\"1080\" data-end=\"1126\">\n<p data-start=\"1082\" data-end=\"1126\">XO: D\u00e0i 75 \/ Vai 45.8 \/ Ng\u1ef1c 57 \/ Tay 64.5<\/p>\n<\/li>\n<li data-start=\"1127\" data-end=\"1174\">\n<p data-start=\"1129\" data-end=\"1174\">2XO: D\u00e0i 77 \/ Vai 47.2 \/ Ng\u1ef1c 59 \/ Tay 65.5<\/p>\n<\/li>\n<\/ul>\n<p data-start=\"1176\" data-end=\"1238\"><strong data-start=\"1176\" data-end=\"1186\">Note:<\/strong>\u00a0K\u00edch th\u01b0\u1edbc c\u00f3 th\u1ec3 ch\u00eanh l\u1ec7ch 1\u20132 cm t\u00f9y s\u1ea3n ph\u1ea9m.<\/p>","protected":false},"excerpt":{"rendered":"<p>\u00c1o polo d\u00e0i tay\u00a0TaylorMade Stretch Quick Dry\u00a0\u0111\u01b0\u1ee3c thi\u1ebft k\u1ebf v\u1edbi ch\u1ea5t li\u1ec7u co gi\u00e3n cao c\u1ea5p, v\u1eeba gi\u1eef \u0111\u01b0\u1ee3c\u00a0\u0111\u1ed9 c\u1ee9ng c\u00e1p (form \u0111\u1ee9ng)\u00a0v\u1eeba mang l\u1ea1i\u00a0s\u1ef1 m\u1ec1m m\u1ea1i, tho\u1ea3i m\u00e1i\u00a0cho golfer. Ph\u1ea7n c\u1ed5 \u00e1o\u00a0\u00e9p nhi\u1ec7t (heat-pressed)\u00a0t\u1ea1o c\u1ea3m gi\u00e1c s\u1eafc n\u00e9t v\u00e0 hi\u1ec7n \u0111\u1ea1i, gi\u00fap golfer th\u00eam ph\u1ea7n l\u1ecbch l\u00e3m tr\u00ean s\u00e2n. \u2714\ufe0f\u00a0Quick Dry &amp; Sweat Absorption: [&hellip;]<\/p>","protected":false},"featured_media":18042,"comment_status":"open","ping_status":"closed","template":"","meta":{"_acf_changed":false,"site-sidebar-layout":"default","site-content-layout":"","ast-site-content-layout":"default","site-content-style":"default","site-sidebar-style":"default","ast-global-header-display":"","ast-banner-title-visibility":"","ast-main-header-display":"","ast-hfb-above-header-display":"","ast-hfb-below-header-display":"","ast-hfb-mobile-header-display":"","site-post-title":"","ast-breadcrumbs-content":"","ast-featured-img":"","footer-sml-layout":"","theme-transparent-header-meta":"default","adv-header-id-meta":"","stick-header-meta":"default","header-above-stick-meta":"","header-main-stick-meta":"","header-below-stick-meta":"","astra-migrate-meta-layouts":"set","ast-page-background-enabled":"default","ast-page-background-meta":{"desktop":{"background-color":"","background-image":"","background-repeat":"repeat","background-position":"center center","background-size":"auto","background-attachment":"scroll","background-type":"","background-media":"","overlay-type":"","overlay-color":"","overlay-opacity":"","overlay-gradient":""},"tablet":{"background-color":"","background-image":"","background-repeat":"repeat","background-position":"center center","background-size":"auto","background-attachment":"scroll","background-type":"","background-media":"","overlay-type":"","overlay-color":"","overlay-opacity":"","overlay-gradient":""},"mobile":{"background-color":"","background-image":"","background-repeat":"repeat","background-position":"center center","background-size":"auto","background-attachment":"scroll","background-type":"","background-media":"","overlay-type":"","overlay-color":"","overlay-opacity":"","overlay-gradient":""}},"ast-content-background-meta":{"desktop":{"background-color":"var(--ast-global-color-5)","background-image":"","background-repeat":"repeat","background-position":"center center","background-size":"auto","background-attachment":"scroll","background-type":"","background-media":"","overlay-type":"","overlay-color":"","overlay-opacity":"","overlay-gradient":""},"tablet":{"background-color":"var(--ast-global-color-5)","background-image":"","background-repeat":"repeat","background-position":"center center","background-size":"auto","background-attachment":"scroll","background-type":"","background-media":"","overlay-type":"","overlay-color":"","overlay-opacity":"","overlay-gradient":""},"mobile":{"background-color":"var(--ast-global-color-5)","background-image":"","background-repeat":"repeat","background-position":"center center","background-size":"auto","background-attachment":"scroll","background-type":"","background-media":"","overlay-type":"","overlay-color":"","overlay-opacity":"","overlay-gradient":""}}},"product_brand":[],"product_cat":[262,104,101],"product_tag":[],"class_list":{"0":"post-18041","1":"product","2":"type-product","3":"status-publish","4":"has-post-thumbnail","6":"product_cat-nam","7":"product_cat-ao-dai-tay","8":"product_cat-quan-ao","9":"desktop-align-center","10":"tablet-align-center","11":"mobile-align-center","12":"ast-product-gallery-layout-first-image-large","13":"ast-product-single-variable","14":"ast-product-tabs-layout-distributed","16":"first","17":"instock","18":"shipping-taxable","19":"purchasable","20":"product-type-variable"},"acf":[],"_links":{"self":[{"href":"https:\/\/taylormade-golf.vn\/en\/wp-json\/wp\/v2\/product\/18041","targetHints":{"allow":["GET"]}}],"collection":[{"href":"https:\/\/taylormade-golf.vn\/en\/wp-json\/wp\/v2\/product"}],"about":[{"href":"https:\/\/taylormade-golf.vn\/en\/wp-json\/wp\/v2\/types\/product"}],"replies":[{"embeddable":true,"href":"https:\/\/taylormade-golf.vn\/en\/wp-json\/wp\/v2\/comments?post=18041"}],"wp:featuredmedia":[{"embeddable":true,"href":"https:\/\/taylormade-golf.vn\/en\/wp-json\/wp\/v2\/media\/18042"}],"wp:attachment":[{"href":"https:\/\/taylormade-golf.vn\/en\/wp-json\/wp\/v2\/media?parent=18041"}],"wp:term":[{"taxonomy":"product_brand","embeddable":true,"href":"https:\/\/taylormade-golf.vn\/en\/wp-json\/wp\/v2\/product_brand?post=18041"},{"taxonomy":"product_cat","embeddable":true,"href":"https:\/\/taylormade-golf.vn\/en\/wp-json\/wp\/v2\/product_cat?post=18041"},{"taxonomy":"product_tag","embeddable":true,"href":"https:\/\/taylormade-golf.vn\/en\/wp-json\/wp\/v2\/product_tag?post=18041"}],"curies":[{"name":"wp","href":"https:\/\/api.w.org\/{rel}","templated":true}]}}