{"id":18028,"date":"2025-10-27T10:37:01","date_gmt":"2025-10-27T03:37:01","guid":{"rendered":"https:\/\/taylormade-golf.vn\/?post_type=product&#038;p=18028"},"modified":"2025-10-27T10:37:02","modified_gmt":"2025-10-27T03:37:02","slug":"ao-polo-dai-tay-taylormade-t-control","status":"publish","type":"product","link":"https:\/\/taylormade-golf.vn\/en\/product\/ao-polo-dai-tay-taylormade-t-control\/","title":{"rendered":"\u00c1o Polo D\u00e0i Tay TaylorMade T-CONTROL"},"content":{"rendered":"<p data-start=\"291\" data-end=\"490\">\u00c1o polo d\u00e0i tay\u00a0<strong data-start=\"328\" data-end=\"364\">TaylorMade T-CONTROL Long Sleeve<\/strong>\u00a0mang \u0111\u1ebfn c\u00f4ng ngh\u1ec7\u00a0<strong data-start=\"384\" data-end=\"417\">\u0111i\u1ec1u ch\u1ec9nh nhi\u1ec7t \u0111\u1ed9 ti\u00ean ti\u1ebfn<\/strong>, gi\u00fap golfer duy tr\u00ec c\u1ea3m gi\u00e1c tho\u1ea3i m\u00e1i trong m\u1ecdi \u0111i\u1ec1u ki\u1ec7n th\u1eddi ti\u1ebft:<\/p>\n<ul data-start=\"492\" data-end=\"621\">\n<li data-start=\"492\" data-end=\"562\">\n<p data-start=\"494\" data-end=\"562\"><strong data-start=\"494\" data-end=\"511\">Khi tr\u1eddi n\u00f3ng<\/strong>: h\u1ea5p th\u1ee5 nhi\u1ec7t, h\u1ea1n ch\u1ebf t\u0103ng nhi\u1ec7t b\u00ean trong \u00e1o.<\/p>\n<\/li>\n<li data-start=\"563\" data-end=\"621\">\n<p data-start=\"565\" data-end=\"621\"><strong data-start=\"565\" data-end=\"582\">Khi tr\u1eddi l\u1ea1nh<\/strong>: gi\u1eef nhi\u1ec7t, tr\u00e1nh th\u1ea5t tho\u00e1t h\u01a1i \u1ea5m.<\/p>\n<\/li>\n<\/ul>\n<p data-start=\"623\" data-end=\"742\">Thi\u1ebft k\u1ebf\u00a0<strong data-start=\"632\" data-end=\"644\">half-zip<\/strong>\u00a0hi\u1ec7n \u0111\u1ea1i cho ph\u00e9p golfer d\u1ec5 d\u00e0ng \u0111i\u1ec1u ch\u1ec9nh \u0111\u1ed9 tho\u00e1ng kh\u00ed, ph\u00f9 h\u1ee3p c\u1ea3 khi luy\u1ec7n t\u1eadp v\u00e0 thi \u0111\u1ea5u.<\/p>\n<p data-start=\"744\" data-end=\"1063\">\u2714\ufe0f\u00a0<strong data-start=\"747\" data-end=\"782\">Temperature Control \u2013 T-CONTROL<\/strong>: duy tr\u00ec nhi\u1ec7t \u0111\u1ed9 c\u01a1 th\u1ec3 \u1ed5n \u0111\u1ecbnh.<br data-start=\"816\" data-end=\"819\" \/>\u2714\ufe0f\u00a0<strong data-start=\"822\" data-end=\"854\">Quick Dry &amp; Sweat Absorption<\/strong>: th\u1ea5m h\u00fat m\u1ed3 h\u00f4i, kh\u00f4 nhanh.<br data-start=\"883\" data-end=\"886\" \/>\u2714\ufe0f\u00a0<strong data-start=\"889\" data-end=\"900\">UV Care<\/strong>: b\u1ea3o v\u1ec7 da d\u01b0\u1edbi \u00e1nh n\u1eafng.<br data-start=\"926\" data-end=\"929\" \/>\u2714\ufe0f\u00a0<strong data-start=\"932\" data-end=\"951\">Stretch 4 chi\u1ec1u<\/strong>: tho\u1ea3i m\u00e1i v\u1eadn \u0111\u1ed9ng, swing linh ho\u1ea1t.<br data-start=\"989\" data-end=\"992\" \/>\u2714\ufe0f Ch\u1ea5t li\u1ec7u: Polyester 98%, Polyurethane 2%.<br data-start=\"1037\" data-end=\"1040\" \/>\u2714\ufe0f Xu\u1ea5t x\u1ee9: Th\u00e1i Lan.<\/p>\n<p data-start=\"1065\" data-end=\"1096\"><strong data-start=\"1065\" data-end=\"1094\">B\u1ea3ng size tham kh\u1ea3o (cm):<\/strong><\/p>\n<ul data-start=\"1097\" data-end=\"1361\">\n<li data-start=\"1097\" data-end=\"1140\">\n<p data-start=\"1099\" data-end=\"1140\">S: D\u00e0i 68 \/ Vai 43.2 \/ Ng\u1ef1c 52 \/ Tay 60<\/p>\n<\/li>\n<li data-start=\"1141\" data-end=\"1184\">\n<p data-start=\"1143\" data-end=\"1184\">M: D\u00e0i 68 \/ Vai 44.6 \/ Ng\u1ef1c 54 \/ Tay 60<\/p>\n<\/li>\n<li data-start=\"1185\" data-end=\"1226\">\n<p data-start=\"1187\" data-end=\"1226\">L: D\u00e0i 70 \/ Vai 46 \/ Ng\u1ef1c 56 \/ Tay 61<\/p>\n<\/li>\n<li data-start=\"1227\" data-end=\"1270\">\n<p data-start=\"1229\" data-end=\"1270\">O: D\u00e0i 72 \/ Vai 47.4 \/ Ng\u1ef1c 58 \/ Tay 62<\/p>\n<\/li>\n<li data-start=\"1271\" data-end=\"1315\">\n<p data-start=\"1273\" data-end=\"1315\">XO: D\u00e0i 74 \/ Vai 48.8 \/ Ng\u1ef1c 60 \/ Tay 63<\/p>\n<\/li>\n<li data-start=\"1316\" data-end=\"1361\">\n<p data-start=\"1318\" data-end=\"1361\">2XO: D\u00e0i 76 \/ Vai 50.2 \/ Ng\u1ef1c 62 \/ Tay 64<\/p>\n<\/li>\n<\/ul>\n<p data-start=\"1363\" data-end=\"1425\"><strong data-start=\"1363\" data-end=\"1373\">Note:<\/strong>\u00a0K\u00edch th\u01b0\u1edbc c\u00f3 th\u1ec3 ch\u00eanh l\u1ec7ch 1\u20132 cm t\u00f9y s\u1ea3n ph\u1ea9m.<\/p>","protected":false},"excerpt":{"rendered":"<p>\u00c1o polo d\u00e0i tay\u00a0TaylorMade T-CONTROL Long Sleeve\u00a0mang \u0111\u1ebfn c\u00f4ng ngh\u1ec7\u00a0\u0111i\u1ec1u ch\u1ec9nh nhi\u1ec7t \u0111\u1ed9 ti\u00ean ti\u1ebfn, gi\u00fap golfer duy tr\u00ec c\u1ea3m gi\u00e1c tho\u1ea3i m\u00e1i trong m\u1ecdi \u0111i\u1ec1u ki\u1ec7n th\u1eddi ti\u1ebft: Khi tr\u1eddi n\u00f3ng: h\u1ea5p th\u1ee5 nhi\u1ec7t, h\u1ea1n ch\u1ebf t\u0103ng nhi\u1ec7t b\u00ean trong \u00e1o. Khi tr\u1eddi l\u1ea1nh: gi\u1eef nhi\u1ec7t, tr\u00e1nh th\u1ea5t tho\u00e1t h\u01a1i \u1ea5m. Thi\u1ebft k\u1ebf\u00a0half-zip\u00a0hi\u1ec7n \u0111\u1ea1i [&hellip;]<\/p>","protected":false},"featured_media":18029,"comment_status":"open","ping_status":"closed","template":"","meta":{"_acf_changed":false,"site-sidebar-layout":"default","site-content-layout":"","ast-site-content-layout":"default","site-content-style":"default","site-sidebar-style":"default","ast-global-header-display":"","ast-banner-title-visibility":"","ast-main-header-display":"","ast-hfb-above-header-display":"","ast-hfb-below-header-display":"","ast-hfb-mobile-header-display":"","site-post-title":"","ast-breadcrumbs-content":"","ast-featured-img":"","footer-sml-layout":"","theme-transparent-header-meta":"default","adv-header-id-meta":"","stick-header-meta":"default","header-above-stick-meta":"","header-main-stick-meta":"","header-below-stick-meta":"","astra-migrate-meta-layouts":"set","ast-page-background-enabled":"default","ast-page-background-meta":{"desktop":{"background-color":"","background-image":"","background-repeat":"repeat","background-position":"center center","background-size":"auto","background-attachment":"scroll","background-type":"","background-media":"","overlay-type":"","overlay-color":"","overlay-opacity":"","overlay-gradient":""},"tablet":{"background-color":"","background-image":"","background-repeat":"repeat","background-position":"center center","background-size":"auto","background-attachment":"scroll","background-type":"","background-media":"","overlay-type":"","overlay-color":"","overlay-opacity":"","overlay-gradient":""},"mobile":{"background-color":"","background-image":"","background-repeat":"repeat","background-position":"center center","background-size":"auto","background-attachment":"scroll","background-type":"","background-media":"","overlay-type":"","overlay-color":"","overlay-opacity":"","overlay-gradient":""}},"ast-content-background-meta":{"desktop":{"background-color":"var(--ast-global-color-5)","background-image":"","background-repeat":"repeat","background-position":"center center","background-size":"auto","background-attachment":"scroll","background-type":"","background-media":"","overlay-type":"","overlay-color":"","overlay-opacity":"","overlay-gradient":""},"tablet":{"background-color":"var(--ast-global-color-5)","background-image":"","background-repeat":"repeat","background-position":"center center","background-size":"auto","background-attachment":"scroll","background-type":"","background-media":"","overlay-type":"","overlay-color":"","overlay-opacity":"","overlay-gradient":""},"mobile":{"background-color":"var(--ast-global-color-5)","background-image":"","background-repeat":"repeat","background-position":"center center","background-size":"auto","background-attachment":"scroll","background-type":"","background-media":"","overlay-type":"","overlay-color":"","overlay-opacity":"","overlay-gradient":""}}},"product_brand":[],"product_cat":[262,104,101],"product_tag":[],"class_list":{"0":"post-18028","1":"product","2":"type-product","3":"status-publish","4":"has-post-thumbnail","6":"product_cat-nam","7":"product_cat-ao-dai-tay","8":"product_cat-quan-ao","9":"desktop-align-center","10":"tablet-align-center","11":"mobile-align-center","12":"ast-product-gallery-layout-first-image-large","13":"ast-product-single-variable","14":"ast-product-tabs-layout-distributed","16":"first","17":"instock","18":"shipping-taxable","19":"purchasable","20":"product-type-variable"},"acf":[],"_links":{"self":[{"href":"https:\/\/taylormade-golf.vn\/en\/wp-json\/wp\/v2\/product\/18028","targetHints":{"allow":["GET"]}}],"collection":[{"href":"https:\/\/taylormade-golf.vn\/en\/wp-json\/wp\/v2\/product"}],"about":[{"href":"https:\/\/taylormade-golf.vn\/en\/wp-json\/wp\/v2\/types\/product"}],"replies":[{"embeddable":true,"href":"https:\/\/taylormade-golf.vn\/en\/wp-json\/wp\/v2\/comments?post=18028"}],"wp:featuredmedia":[{"embeddable":true,"href":"https:\/\/taylormade-golf.vn\/en\/wp-json\/wp\/v2\/media\/18029"}],"wp:attachment":[{"href":"https:\/\/taylormade-golf.vn\/en\/wp-json\/wp\/v2\/media?parent=18028"}],"wp:term":[{"taxonomy":"product_brand","embeddable":true,"href":"https:\/\/taylormade-golf.vn\/en\/wp-json\/wp\/v2\/product_brand?post=18028"},{"taxonomy":"product_cat","embeddable":true,"href":"https:\/\/taylormade-golf.vn\/en\/wp-json\/wp\/v2\/product_cat?post=18028"},{"taxonomy":"product_tag","embeddable":true,"href":"https:\/\/taylormade-golf.vn\/en\/wp-json\/wp\/v2\/product_tag?post=18028"}],"curies":[{"name":"wp","href":"https:\/\/api.w.org\/{rel}","templated":true}]}}