{"id":18016,"date":"2025-10-27T10:33:13","date_gmt":"2025-10-27T03:33:13","guid":{"rendered":"https:\/\/taylormade-golf.vn\/?post_type=product&#038;p=18016"},"modified":"2025-10-27T10:33:15","modified_gmt":"2025-10-27T03:33:15","slug":"ao-polo-dai-tay-unisex","status":"publish","type":"product","link":"https:\/\/taylormade-golf.vn\/en\/product\/ao-polo-dai-tay-unisex\/","title":{"rendered":"\u00c1o Polo D\u00e0i Tay Unisex"},"content":{"rendered":"<p><span dir=\"auto\">M\u1ed9t s\u1ea3n ph\u1ea9m h\u1ee3p t\u00e1c gi\u1eefa United Arrows v\u00e0 TaylorMade. Chi\u1ebfc \u00e1o polo n\u1ec9 n\u00e0y c\u00f3 ki\u1ec3u d\u00e1ng tho\u1ea3i m\u00e1i v\u00e0 \u0111\u01b0\u1ee3c l\u00e0m t\u1eeb ch\u1ea5t li\u1ec7u \u1ea5m \u00e1p, c\u00f3 h\u1ecda ti\u1ebft nh\u1eb9.<\/span><\/p>\n<ul class=\"function\">\n<li>\n<div class=\"text\"><span dir=\"auto\">Ch\u0103m s\u00f3c tia UV<\/span><\/div>\n<\/li>\n<li>\n<div class=\"text\"><span dir=\"auto\">k\u00e9o d\u00e0i<\/span><\/div>\n<\/li>\n<\/ul>\n<h2><span dir=\"auto\">Material<\/span><\/h2>\n<p><span dir=\"auto\">Th\u00e2n: 85% polyester,\u00a0<\/span><span dir=\"auto\">12% rayon,\u00a0<\/span><span dir=\"auto\">3% polyurethane<\/span><br \/>\n<span dir=\"auto\">S\u01b0\u1eddn: 100% polyester<\/span><\/p>","protected":false},"excerpt":{"rendered":"<p>M\u1ed9t s\u1ea3n ph\u1ea9m h\u1ee3p t\u00e1c gi\u1eefa United Arrows v\u00e0 TaylorMade. Chi\u1ebfc \u00e1o polo n\u1ec9 n\u00e0y c\u00f3 ki\u1ec3u d\u00e1ng tho\u1ea3i m\u00e1i v\u00e0 \u0111\u01b0\u1ee3c l\u00e0m t\u1eeb ch\u1ea5t li\u1ec7u \u1ea5m \u00e1p, c\u00f3 h\u1ecda ti\u1ebft nh\u1eb9. Ch\u0103m s\u00f3c tia UV k\u00e9o d\u00e0i V\u1eadt li\u1ec7u Th\u00e2n: 85% polyester,\u00a012% rayon,\u00a03% polyurethane S\u01b0\u1eddn: 100% polyester<\/p>","protected":false},"featured_media":18017,"comment_status":"open","ping_status":"closed","template":"","meta":{"_acf_changed":false,"site-sidebar-layout":"default","site-content-layout":"","ast-site-content-layout":"default","site-content-style":"default","site-sidebar-style":"default","ast-global-header-display":"","ast-banner-title-visibility":"","ast-main-header-display":"","ast-hfb-above-header-display":"","ast-hfb-below-header-display":"","ast-hfb-mobile-header-display":"","site-post-title":"","ast-breadcrumbs-content":"","ast-featured-img":"","footer-sml-layout":"","theme-transparent-header-meta":"default","adv-header-id-meta":"","stick-header-meta":"default","header-above-stick-meta":"","header-main-stick-meta":"","header-below-stick-meta":"","astra-migrate-meta-layouts":"set","ast-page-background-enabled":"default","ast-page-background-meta":{"desktop":{"background-color":"","background-image":"","background-repeat":"repeat","background-position":"center center","background-size":"auto","background-attachment":"scroll","background-type":"","background-media":"","overlay-type":"","overlay-color":"","overlay-opacity":"","overlay-gradient":""},"tablet":{"background-color":"","background-image":"","background-repeat":"repeat","background-position":"center center","background-size":"auto","background-attachment":"scroll","background-type":"","background-media":"","overlay-type":"","overlay-color":"","overlay-opacity":"","overlay-gradient":""},"mobile":{"background-color":"","background-image":"","background-repeat":"repeat","background-position":"center center","background-size":"auto","background-attachment":"scroll","background-type":"","background-media":"","overlay-type":"","overlay-color":"","overlay-opacity":"","overlay-gradient":""}},"ast-content-background-meta":{"desktop":{"background-color":"var(--ast-global-color-5)","background-image":"","background-repeat":"repeat","background-position":"center center","background-size":"auto","background-attachment":"scroll","background-type":"","background-media":"","overlay-type":"","overlay-color":"","overlay-opacity":"","overlay-gradient":""},"tablet":{"background-color":"var(--ast-global-color-5)","background-image":"","background-repeat":"repeat","background-position":"center center","background-size":"auto","background-attachment":"scroll","background-type":"","background-media":"","overlay-type":"","overlay-color":"","overlay-opacity":"","overlay-gradient":""},"mobile":{"background-color":"var(--ast-global-color-5)","background-image":"","background-repeat":"repeat","background-position":"center center","background-size":"auto","background-attachment":"scroll","background-type":"","background-media":"","overlay-type":"","overlay-color":"","overlay-opacity":"","overlay-gradient":""}}},"product_brand":[],"product_cat":[262,104,101],"product_tag":[],"class_list":{"0":"post-18016","1":"product","2":"type-product","3":"status-publish","4":"has-post-thumbnail","6":"product_cat-nam","7":"product_cat-ao-dai-tay","8":"product_cat-quan-ao","9":"desktop-align-center","10":"tablet-align-center","11":"mobile-align-center","12":"ast-product-gallery-layout-first-image-large","13":"ast-product-single-variable","14":"ast-product-tabs-layout-distributed","16":"first","17":"instock","18":"shipping-taxable","19":"purchasable","20":"product-type-variable"},"acf":[],"_links":{"self":[{"href":"https:\/\/taylormade-golf.vn\/en\/wp-json\/wp\/v2\/product\/18016","targetHints":{"allow":["GET"]}}],"collection":[{"href":"https:\/\/taylormade-golf.vn\/en\/wp-json\/wp\/v2\/product"}],"about":[{"href":"https:\/\/taylormade-golf.vn\/en\/wp-json\/wp\/v2\/types\/product"}],"replies":[{"embeddable":true,"href":"https:\/\/taylormade-golf.vn\/en\/wp-json\/wp\/v2\/comments?post=18016"}],"wp:featuredmedia":[{"embeddable":true,"href":"https:\/\/taylormade-golf.vn\/en\/wp-json\/wp\/v2\/media\/18017"}],"wp:attachment":[{"href":"https:\/\/taylormade-golf.vn\/en\/wp-json\/wp\/v2\/media?parent=18016"}],"wp:term":[{"taxonomy":"product_brand","embeddable":true,"href":"https:\/\/taylormade-golf.vn\/en\/wp-json\/wp\/v2\/product_brand?post=18016"},{"taxonomy":"product_cat","embeddable":true,"href":"https:\/\/taylormade-golf.vn\/en\/wp-json\/wp\/v2\/product_cat?post=18016"},{"taxonomy":"product_tag","embeddable":true,"href":"https:\/\/taylormade-golf.vn\/en\/wp-json\/wp\/v2\/product_tag?post=18016"}],"curies":[{"name":"wp","href":"https:\/\/api.w.org\/{rel}","templated":true}]}}