{"id":17993,"date":"2025-10-03T09:38:59","date_gmt":"2025-10-03T02:38:59","guid":{"rendered":"https:\/\/taylormade-golf.vn\/?post_type=product&#038;p=17993"},"modified":"2025-10-03T09:39:01","modified_gmt":"2025-10-03T02:39:01","slug":"boc-dau-gay-werewolf","status":"publish","type":"product","link":"https:\/\/taylormade-golf.vn\/en\/product\/boc-dau-gay-werewolf\/","title":{"rendered":"B\u1ecdc \u0110\u1ea7u G\u1eady Werewolf"},"content":{"rendered":"<h3 data-start=\"92\" data-end=\"137\"><strong data-start=\"96\" data-end=\"135\">Midnight Howl Collection Headcovers<\/strong><\/h3>\n<p data-start=\"139\" data-end=\"527\"><strong data-start=\"139\" data-end=\"157\">M\u00f4 t\u1ea3 s\u1ea3n ph\u1ea9m<\/strong><br data-start=\"157\" data-end=\"160\" \/>Midnight Howl Collection mang \u0111\u1ebfn nh\u1eefng chi\u1ebfc headcover \u0111\u1ed9c quy\u1ec1n cho m\u00f9a Halloween, bi\u1ebfn putter c\u1ee7a b\u1ea1n tr\u1edf th\u00e0nh \u201cv\u0169 kh\u00ed\u201d \u0111\u00e1ng s\u1ee3 nh\u1ea5t trong t\u00fai g\u1eady. Thi\u1ebft k\u1ebf <strong data-start=\"321\" data-end=\"340\">Werewolf Mallet<\/strong> v\u00e0 <strong data-start=\"344\" data-end=\"363\">Full Moon Blade<\/strong> t\u00e1i hi\u1ec7n b\u1ea7u tr\u1eddi \u0111\u00eam r\u00f9ng r\u1ee3n v\u1edbi tr\u0103ng tr\u00f2n v\u00e0 h\u00ecnh \u1ea3nh ng\u01b0\u1eddi s\u00f3i \u0111\u1ea7y nanh vu\u1ed1t \u2013 kh\u1eb3ng \u0111\u1ecbnh phong c\u00e1ch c\u00e1 t\u00ednh v\u00e0 t\u00ecnh y\u00eau c\u1ee7a b\u1ea1n d\u00e0nh cho m\u00f9a Spooky Season.<\/p>\n<p data-start=\"529\" data-end=\"553\"><strong data-start=\"529\" data-end=\"551\">\u0110i\u1ec3m nh\u1ea5n \u0111\u1eb7c bi\u1ec7t<\/strong><\/p>\n<ul data-start=\"554\" data-end=\"912\">\n<li data-start=\"554\" data-end=\"634\">\n<p data-start=\"556\" data-end=\"634\"><strong data-start=\"556\" data-end=\"588\">Thi\u1ebft k\u1ebf Halloween gi\u1edbi h\u1ea1n:<\/strong> Ng\u01b0\u1eddi s\u00f3i, tr\u0103ng tr\u00f2n v\u00e0 b\u1ea7u tr\u1eddi \u0111\u00eam u \u00e1m.<\/p>\n<\/li>\n<li data-start=\"635\" data-end=\"726\">\n<p data-start=\"637\" data-end=\"726\"><strong data-start=\"637\" data-end=\"659\">Ch\u1ea5t li\u1ec7u cao c\u1ea5p:<\/strong> L\u1edbp l\u00f3t nhung m\u1ec1m (Velour-Lined Interior) b\u1ea3o v\u1ec7 t\u1ed1i \u0111a cho g\u1eady.<\/p>\n<\/li>\n<li data-start=\"727\" data-end=\"815\">\n<p data-start=\"729\" data-end=\"815\"><strong data-start=\"729\" data-end=\"750\">\u0110\u00f3ng m\u1edf ti\u1ec7n l\u1ee3i:<\/strong> H\u1ec7 th\u1ed1ng kh\u00f3a nam ch\u00e2m (Magnetic Closure) ch\u1eafc ch\u1eafn v\u00e0 b\u1ec1n b\u1ec9.<\/p>\n<\/li>\n<li data-start=\"816\" data-end=\"912\">\n<p data-start=\"818\" data-end=\"912\"><strong data-start=\"818\" data-end=\"849\">Kh\u1ea3 n\u0103ng nh\u1eadn di\u1ec7n m\u1ea1nh m\u1ebd:<\/strong> T\u1ea1o n\u00ean d\u1ea5u \u1ea5n kh\u00e1c bi\u1ec7t ngay t\u1eeb c\u00e1i nh\u00ecn \u0111\u1ea7u ti\u00ean tr\u00ean s\u00e2n.<\/p>\n<\/li>\n<\/ul>\n<p data-start=\"914\" data-end=\"937\"><strong data-start=\"914\" data-end=\"935\">Th\u00f4ng s\u1ed1 k\u1ef9 thu\u1eadt<\/strong><\/p>\n<ul data-start=\"938\" data-end=\"1146\">\n<li data-start=\"938\" data-end=\"985\">\n<p data-start=\"940\" data-end=\"985\"><strong data-start=\"940\" data-end=\"949\">Lo\u1ea1i:<\/strong> Headcover Mallet &amp; Blade (Putter)<\/p>\n<\/li>\n<li data-start=\"986\" data-end=\"1049\">\n<p data-start=\"988\" data-end=\"1049\"><strong data-start=\"988\" data-end=\"1002\">Phi\u00ean b\u1ea3n:<\/strong> Gi\u1edbi h\u1ea1n to\u00e0n c\u1ea7u \u2013 Midnight Howl Collection<\/p>\n<\/li>\n<li data-start=\"1050\" data-end=\"1087\">\n<p data-start=\"1052\" data-end=\"1087\"><strong data-start=\"1052\" data-end=\"1066\">Material:<\/strong> Polyester + Velour<\/p>\n<\/li>\n<li data-start=\"1088\" data-end=\"1146\">\n<p data-start=\"1090\" data-end=\"1146\"><strong data-start=\"1090\" data-end=\"1104\">\u0110\u1eb7c tr\u01b0ng:<\/strong> Magnetic Closure, Velour-Lined Interior<\/p>\n<\/li>\n<\/ul>","protected":false},"excerpt":{"rendered":"<p>Midnight Howl Collection Headcovers M\u00f4 t\u1ea3 s\u1ea3n ph\u1ea9mMidnight Howl Collection mang \u0111\u1ebfn nh\u1eefng chi\u1ebfc headcover \u0111\u1ed9c quy\u1ec1n cho m\u00f9a Halloween, bi\u1ebfn putter c\u1ee7a b\u1ea1n tr\u1edf th\u00e0nh \u201cv\u0169 kh\u00ed\u201d \u0111\u00e1ng s\u1ee3 nh\u1ea5t trong t\u00fai g\u1eady. Thi\u1ebft k\u1ebf Werewolf Mallet v\u00e0 Full Moon Blade t\u00e1i hi\u1ec7n b\u1ea7u tr\u1eddi \u0111\u00eam r\u00f9ng r\u1ee3n v\u1edbi tr\u0103ng tr\u00f2n v\u00e0 h\u00ecnh \u1ea3nh [&hellip;]<\/p>","protected":false},"featured_media":17994,"comment_status":"open","ping_status":"closed","template":"","meta":{"_acf_changed":false,"site-sidebar-layout":"default","site-content-layout":"","ast-site-content-layout":"default","site-content-style":"default","site-sidebar-style":"default","ast-global-header-display":"","ast-banner-title-visibility":"","ast-main-header-display":"","ast-hfb-above-header-display":"","ast-hfb-below-header-display":"","ast-hfb-mobile-header-display":"","site-post-title":"","ast-breadcrumbs-content":"","ast-featured-img":"","footer-sml-layout":"","theme-transparent-header-meta":"default","adv-header-id-meta":"","stick-header-meta":"default","header-above-stick-meta":"","header-main-stick-meta":"","header-below-stick-meta":"","astra-migrate-meta-layouts":"set","ast-page-background-enabled":"default","ast-page-background-meta":{"desktop":{"background-color":"","background-image":"","background-repeat":"repeat","background-position":"center center","background-size":"auto","background-attachment":"scroll","background-type":"","background-media":"","overlay-type":"","overlay-color":"","overlay-opacity":"","overlay-gradient":""},"tablet":{"background-color":"","background-image":"","background-repeat":"repeat","background-position":"center center","background-size":"auto","background-attachment":"scroll","background-type":"","background-media":"","overlay-type":"","overlay-color":"","overlay-opacity":"","overlay-gradient":""},"mobile":{"background-color":"","background-image":"","background-repeat":"repeat","background-position":"center center","background-size":"auto","background-attachment":"scroll","background-type":"","background-media":"","overlay-type":"","overlay-color":"","overlay-opacity":"","overlay-gradient":""}},"ast-content-background-meta":{"desktop":{"background-color":"var(--ast-global-color-5)","background-image":"","background-repeat":"repeat","background-position":"center center","background-size":"auto","background-attachment":"scroll","background-type":"","background-media":"","overlay-type":"","overlay-color":"","overlay-opacity":"","overlay-gradient":""},"tablet":{"background-color":"var(--ast-global-color-5)","background-image":"","background-repeat":"repeat","background-position":"center center","background-size":"auto","background-attachment":"scroll","background-type":"","background-media":"","overlay-type":"","overlay-color":"","overlay-opacity":"","overlay-gradient":""},"mobile":{"background-color":"var(--ast-global-color-5)","background-image":"","background-repeat":"repeat","background-position":"center center","background-size":"auto","background-attachment":"scroll","background-type":"","background-media":"","overlay-type":"","overlay-color":"","overlay-opacity":"","overlay-gradient":""}}},"product_brand":[],"product_cat":[91,97],"product_tag":[],"class_list":{"0":"post-17993","1":"product","2":"type-product","3":"status-publish","4":"has-post-thumbnail","6":"product_cat-phu-kien","7":"product_cat-dau-boc-gay-gon","8":"desktop-align-center","9":"tablet-align-center","10":"mobile-align-center","11":"ast-product-gallery-layout-first-image-large","12":"ast-product-tabs-layout-distributed","14":"first","15":"instock","16":"shipping-taxable","17":"purchasable","18":"product-type-simple"},"acf":[],"_links":{"self":[{"href":"https:\/\/taylormade-golf.vn\/en\/wp-json\/wp\/v2\/product\/17993","targetHints":{"allow":["GET"]}}],"collection":[{"href":"https:\/\/taylormade-golf.vn\/en\/wp-json\/wp\/v2\/product"}],"about":[{"href":"https:\/\/taylormade-golf.vn\/en\/wp-json\/wp\/v2\/types\/product"}],"replies":[{"embeddable":true,"href":"https:\/\/taylormade-golf.vn\/en\/wp-json\/wp\/v2\/comments?post=17993"}],"wp:featuredmedia":[{"embeddable":true,"href":"https:\/\/taylormade-golf.vn\/en\/wp-json\/wp\/v2\/media\/17994"}],"wp:attachment":[{"href":"https:\/\/taylormade-golf.vn\/en\/wp-json\/wp\/v2\/media?parent=17993"}],"wp:term":[{"taxonomy":"product_brand","embeddable":true,"href":"https:\/\/taylormade-golf.vn\/en\/wp-json\/wp\/v2\/product_brand?post=17993"},{"taxonomy":"product_cat","embeddable":true,"href":"https:\/\/taylormade-golf.vn\/en\/wp-json\/wp\/v2\/product_cat?post=17993"},{"taxonomy":"product_tag","embeddable":true,"href":"https:\/\/taylormade-golf.vn\/en\/wp-json\/wp\/v2\/product_tag?post=17993"}],"curies":[{"name":"wp","href":"https:\/\/api.w.org\/{rel}","templated":true}]}}