{"id":17986,"date":"2025-10-03T09:34:51","date_gmt":"2025-10-03T02:34:51","guid":{"rendered":"https:\/\/taylormade-golf.vn\/?post_type=product&#038;p=17986"},"modified":"2025-10-03T10:08:19","modified_gmt":"2025-10-03T03:08:19","slug":"midnight-howl-spider-tour-x","status":"publish","type":"product","link":"https:\/\/taylormade-golf.vn\/en\/product\/midnight-howl-spider-tour-x\/","title":{"rendered":"Midnight Howl Spider Tour X"},"content":{"rendered":"<h3 data-start=\"107\" data-end=\"151\"><strong data-start=\"111\" data-end=\"149\">Midnight Howl Spider Tour X Putter<\/strong><\/h3>\n<p data-start=\"153\" data-end=\"519\"><strong data-start=\"153\" data-end=\"171\">M\u00f4 t\u1ea3 s\u1ea3n ph\u1ea9m<\/strong><br data-start=\"171\" data-end=\"174\" \/>Midnight Howl Spider Tour X l\u00e0 phi\u00ean b\u1ea3n putter gi\u1edbi h\u1ea1n d\u00e0nh ri\u00eang cho m\u00f9a Halloween. Thi\u1ebft k\u1ebf \u0111\u1ea7u g\u1eady \u0111en to\u00e0n ph\u1ea7n k\u1ebft h\u1ee3p vi\u1ec1n xanh neon ma m\u1ecb, c\u00f9ng h\u00ecnh \u1ea3nh ng\u01b0\u1eddi s\u00f3i h\u00fa tr\u0103ng tr\u00ean sole plate mang \u0111\u1ebfn di\u1ec7n m\u1ea1o \u0111\u1ed9c \u0111\u00e1o, kh\u00e1c bi\u1ec7t. M\u1ed7i c\u00fa putt kh\u00f4ng ch\u1ec9 chu\u1ea9n x\u00e1c m\u00e0 c\u00f2n \u0111\u1ec3 l\u1ea1i \u1ea5n t\u01b0\u1ee3ng m\u1ea1nh m\u1ebd, khi\u1ebfn \u0111\u1ed1i th\u1ee7 ph\u1ea3i d\u00e8 ch\u1eebng ngay tr\u00ean green.<\/p>\n<p data-start=\"521\" data-end=\"545\"><strong data-start=\"521\" data-end=\"543\">\u0110i\u1ec3m nh\u1ea5n \u0111\u1eb7c bi\u1ec7t<\/strong><\/p>\n<ul data-start=\"546\" data-end=\"905\">\n<li data-start=\"546\" data-end=\"646\">\n<p data-start=\"548\" data-end=\"646\"><strong data-start=\"548\" data-end=\"581\">Thi\u1ebft k\u1ebf Halloween \u0111\u1ed9c quy\u1ec1n:<\/strong> \u0110\u1ea7u g\u1eady \u0111en tuy\u1ec1n v\u1edbi \u0111i\u1ec3m nh\u1ea5n neon xanh v\u00e0 \u0111\u1ed3 h\u1ecda ng\u01b0\u1eddi s\u00f3i.<\/p>\n<\/li>\n<li data-start=\"647\" data-end=\"764\">\n<p data-start=\"649\" data-end=\"764\"><strong data-start=\"649\" data-end=\"679\">Grip SuperStroke to\u00e0n \u0111en:<\/strong> In h\u00ecnh ng\u01b0\u1eddi s\u00f3i v\u00e0 logo TaylorMade m\u00e0u xanh, t\u1ea1o c\u1ea3m gi\u00e1c ch\u1eafc tay v\u00e0 kh\u00e1c bi\u1ec7t.<\/p>\n<\/li>\n<li data-start=\"765\" data-end=\"905\">\n<p data-start=\"767\" data-end=\"905\"><strong data-start=\"767\" data-end=\"795\">Headcover Midnight Howl:<\/strong> Thi\u1ebft k\u1ebf hung d\u1eef v\u1edbi \u0111\u00f4i m\u1eaft xanh r\u1ef1c, h\u00e0m r\u0103ng s\u1eafc nh\u1ecdn v\u00e0 l\u00f4ng x\u00f9 n\u1ed5i b\u1eadt, mang \u0111\u00fang tinh th\u1ea7n Halloween.<\/p>\n<\/li>\n<\/ul>\n<p data-start=\"907\" data-end=\"930\"><strong data-start=\"907\" data-end=\"928\">Th\u00f4ng s\u1ed1 k\u1ef9 thu\u1eadt<\/strong><\/p>\n<ul data-start=\"931\" data-end=\"1248\">\n<li data-start=\"931\" data-end=\"997\">\n<p data-start=\"933\" data-end=\"997\"><strong data-start=\"933\" data-end=\"946\">Lo\u1ea1i g\u1eady:<\/strong> Spider Tour X Putter (Limited Edition Halloween)<\/p>\n<\/li>\n<li data-start=\"998\" data-end=\"1044\">\n<p data-start=\"1000\" data-end=\"1044\"><strong data-start=\"1000\" data-end=\"1012\">M\u00e0u s\u1eafc:<\/strong> \u0110en to\u00e0n ph\u1ea7n, vi\u1ec1n neon xanh<\/p>\n<\/li>\n<li data-start=\"1045\" data-end=\"1116\">\n<p data-start=\"1047\" data-end=\"1116\"><strong data-start=\"1047\" data-end=\"1056\">Grip:<\/strong> SuperStroke \u0111en, in h\u1ecda ti\u1ebft ng\u01b0\u1eddi s\u00f3i v\u00e0 logo TaylorMade<\/p>\n<\/li>\n<li data-start=\"1117\" data-end=\"1211\">\n<p data-start=\"1119\" data-end=\"1211\"><strong data-start=\"1119\" data-end=\"1133\">Headcover:<\/strong> \u0110i k\u00e8m b\u1ea3n thi\u1ebft k\u1ebf Midnight Howl (Magnetic Closure, Velour-Lined Interior)<\/p>\n<\/li>\n<li data-start=\"1212\" data-end=\"1248\">\n<p data-start=\"1214\" data-end=\"1248\"><strong data-start=\"1214\" data-end=\"1228\">Phi\u00ean b\u1ea3n:<\/strong> Gi\u1edbi h\u1ea1n to\u00e0n c\u1ea7u<\/p>\n<\/li>\n<\/ul>","protected":false},"excerpt":{"rendered":"<p>Midnight Howl Spider Tour X Putter M\u00f4 t\u1ea3 s\u1ea3n ph\u1ea9mMidnight Howl Spider Tour X l\u00e0 phi\u00ean b\u1ea3n putter gi\u1edbi h\u1ea1n d\u00e0nh ri\u00eang cho m\u00f9a Halloween. Thi\u1ebft k\u1ebf \u0111\u1ea7u g\u1eady \u0111en to\u00e0n ph\u1ea7n k\u1ebft h\u1ee3p vi\u1ec1n xanh neon ma m\u1ecb, c\u00f9ng h\u00ecnh \u1ea3nh ng\u01b0\u1eddi s\u00f3i h\u00fa tr\u0103ng tr\u00ean sole plate mang \u0111\u1ebfn di\u1ec7n m\u1ea1o \u0111\u1ed9c \u0111\u00e1o, [&hellip;]<\/p>","protected":false},"featured_media":17988,"comment_status":"open","ping_status":"closed","template":"","meta":{"_acf_changed":false,"site-sidebar-layout":"default","site-content-layout":"","ast-site-content-layout":"default","site-content-style":"default","site-sidebar-style":"default","ast-global-header-display":"","ast-banner-title-visibility":"","ast-main-header-display":"","ast-hfb-above-header-display":"","ast-hfb-below-header-display":"","ast-hfb-mobile-header-display":"","site-post-title":"","ast-breadcrumbs-content":"","ast-featured-img":"","footer-sml-layout":"","theme-transparent-header-meta":"default","adv-header-id-meta":"","stick-header-meta":"default","header-above-stick-meta":"","header-main-stick-meta":"","header-below-stick-meta":"","astra-migrate-meta-layouts":"set","ast-page-background-enabled":"default","ast-page-background-meta":{"desktop":{"background-color":"","background-image":"","background-repeat":"repeat","background-position":"center center","background-size":"auto","background-attachment":"scroll","background-type":"","background-media":"","overlay-type":"","overlay-color":"","overlay-opacity":"","overlay-gradient":""},"tablet":{"background-color":"","background-image":"","background-repeat":"repeat","background-position":"center center","background-size":"auto","background-attachment":"scroll","background-type":"","background-media":"","overlay-type":"","overlay-color":"","overlay-opacity":"","overlay-gradient":""},"mobile":{"background-color":"","background-image":"","background-repeat":"repeat","background-position":"center center","background-size":"auto","background-attachment":"scroll","background-type":"","background-media":"","overlay-type":"","overlay-color":"","overlay-opacity":"","overlay-gradient":""}},"ast-content-background-meta":{"desktop":{"background-color":"var(--ast-global-color-5)","background-image":"","background-repeat":"repeat","background-position":"center center","background-size":"auto","background-attachment":"scroll","background-type":"","background-media":"","overlay-type":"","overlay-color":"","overlay-opacity":"","overlay-gradient":""},"tablet":{"background-color":"var(--ast-global-color-5)","background-image":"","background-repeat":"repeat","background-position":"center center","background-size":"auto","background-attachment":"scroll","background-type":"","background-media":"","overlay-type":"","overlay-color":"","overlay-opacity":"","overlay-gradient":""},"mobile":{"background-color":"var(--ast-global-color-5)","background-image":"","background-repeat":"repeat","background-position":"center center","background-size":"auto","background-attachment":"scroll","background-type":"","background-media":"","overlay-type":"","overlay-color":"","overlay-opacity":"","overlay-gradient":""}}},"product_brand":[],"product_cat":[71,77],"product_tag":[],"class_list":{"0":"post-17986","1":"product","2":"type-product","3":"status-publish","4":"has-post-thumbnail","6":"product_cat-gay-gon","7":"product_cat-putter","8":"desktop-align-center","9":"tablet-align-center","10":"mobile-align-center","11":"ast-product-gallery-layout-first-image-large","12":"ast-product-single-variable","13":"ast-product-tabs-layout-distributed","15":"first","16":"instock","17":"featured","18":"shipping-taxable","19":"purchasable","20":"product-type-variable"},"acf":[],"_links":{"self":[{"href":"https:\/\/taylormade-golf.vn\/en\/wp-json\/wp\/v2\/product\/17986","targetHints":{"allow":["GET"]}}],"collection":[{"href":"https:\/\/taylormade-golf.vn\/en\/wp-json\/wp\/v2\/product"}],"about":[{"href":"https:\/\/taylormade-golf.vn\/en\/wp-json\/wp\/v2\/types\/product"}],"replies":[{"embeddable":true,"href":"https:\/\/taylormade-golf.vn\/en\/wp-json\/wp\/v2\/comments?post=17986"}],"wp:featuredmedia":[{"embeddable":true,"href":"https:\/\/taylormade-golf.vn\/en\/wp-json\/wp\/v2\/media\/17988"}],"wp:attachment":[{"href":"https:\/\/taylormade-golf.vn\/en\/wp-json\/wp\/v2\/media?parent=17986"}],"wp:term":[{"taxonomy":"product_brand","embeddable":true,"href":"https:\/\/taylormade-golf.vn\/en\/wp-json\/wp\/v2\/product_brand?post=17986"},{"taxonomy":"product_cat","embeddable":true,"href":"https:\/\/taylormade-golf.vn\/en\/wp-json\/wp\/v2\/product_cat?post=17986"},{"taxonomy":"product_tag","embeddable":true,"href":"https:\/\/taylormade-golf.vn\/en\/wp-json\/wp\/v2\/product_tag?post=17986"}],"curies":[{"name":"wp","href":"https:\/\/api.w.org\/{rel}","templated":true}]}}