{"id":17966,"date":"2025-10-02T13:32:35","date_gmt":"2025-10-02T06:32:35","guid":{"rendered":"https:\/\/taylormade-golf.vn\/?post_type=product&#038;p=17966"},"modified":"2025-10-02T13:32:36","modified_gmt":"2025-10-02T06:32:36","slug":"tui-dung-giay-truelight","status":"publish","type":"product","link":"https:\/\/taylormade-golf.vn\/en\/product\/tui-dung-giay-truelight\/","title":{"rendered":"T\u00fai \u0110\u1ef1ng Gi\u00e0y TrueLight"},"content":{"rendered":"<p data-start=\"250\" data-end=\"586\">TaylorMade TM24 Truelight Shoe Case l\u00e0 m\u1eabu t\u00fai \u0111\u1ef1ng gi\u00e0y golf ch\u00ednh h\u00e3ng \u0111\u01b0\u1ee3c thi\u1ebft k\u1ebf theo phong c\u00e1ch basic \u2013 hi\u1ec7n \u0111\u1ea1i \u2013 nh\u1eb9 nh\u00e0ng, gi\u00fap golfer d\u1ec5 d\u00e0ng mang theo gi\u00e0y golf trong m\u1ecdi chuy\u1ebfn \u0111i s\u00e2n. S\u1ea3n ph\u1ea9m thu\u1ed9c d\u00f2ng Truelight \u2013 n\u1ed5i b\u1eadt v\u1edbi \u01b0u \u0111i\u1ec3m si\u00eau nh\u1eb9, b\u1ec1n ch\u1eafc, ti\u1ec7n d\u1ee5ng v\u00e0 ph\u00f9 h\u1ee3p cho c\u1ea3 golfer nam &amp; n\u1eef.<\/p>\n<h2 data-start=\"588\" data-end=\"609\">\u0110\u1eb7c \u0111i\u1ec3m n\u1ed5i b\u1eadt<\/h2>\n<ul data-start=\"610\" data-end=\"1066\">\n<li data-start=\"610\" data-end=\"691\">\n<p data-start=\"612\" data-end=\"691\">Ch\u1ea5t li\u1ec7u Polyester cao c\u1ea5p: nh\u1eb9, ch\u1ed1ng m\u00e0i m\u00f2n v\u00e0 b\u1ec1n b\u1ec9 theo th\u1eddi gian.<\/p>\n<\/li>\n<li data-start=\"692\" data-end=\"773\">\n<p data-start=\"694\" data-end=\"773\">Thi\u1ebft k\u1ebf basic, tinh g\u1ecdn: d\u1ec5 ph\u1ed1i h\u1ee3p v\u1edbi m\u1ecdi phong c\u00e1ch th\u1eddi trang golf.<\/p>\n<\/li>\n<li data-start=\"774\" data-end=\"857\">\n<p data-start=\"776\" data-end=\"857\">Kh\u1ea3 n\u0103ng b\u1ea3o v\u1ec7 t\u1ed1i \u01b0u: gi\u1eef gi\u00e0y lu\u00f4n s\u1ea1ch s\u1ebd, tr\u00e1nh va ch\u1ea1m khi di chuy\u1ec3n.<\/p>\n<\/li>\n<li data-start=\"858\" data-end=\"938\">\n<p data-start=\"860\" data-end=\"938\">Tr\u1ecdng l\u01b0\u1ee3ng nh\u1eb9, d\u1ec5 mang theo: ph\u00f9 h\u1ee3p c\u1ea3 khi \u0111i s\u00e2n t\u1eadp hay thi \u0111\u1ea5u xa.<\/p>\n<\/li>\n<li data-start=\"939\" data-end=\"1066\">\n<p data-start=\"941\" data-end=\"1066\">Gi\u00e1 tr\u1ecb s\u1eed d\u1ee5ng cao: s\u1ea3n ph\u1ea9m c\u00f3 cost-performance t\u1ed1t, l\u1ef1a ch\u1ecdn th\u00f4ng minh cho golfer m\u1edbi l\u1eabn golfer chuy\u00ean nghi\u1ec7p.<\/p>\n<\/li>\n<\/ul>\n<h2 data-start=\"1068\" data-end=\"1090\">Th\u00f4ng s\u1ed1 k\u1ef9 thu\u1eadt<\/h2>\n<ul data-start=\"1091\" data-end=\"1293\">\n<li data-start=\"1091\" data-end=\"1148\">\n<p data-start=\"1093\" data-end=\"1148\">T\u00ean s\u1ea3n ph\u1ea9m: TaylorMade TM24 Truelight Shoe Case<\/p>\n<\/li>\n<li data-start=\"1149\" data-end=\"1175\">\n<p data-start=\"1151\" data-end=\"1175\">M\u00e3 s\u1ea3n ph\u1ea9m: UN069<\/p>\n<\/li>\n<li data-start=\"1176\" data-end=\"1214\">\n<p data-start=\"1178\" data-end=\"1214\">K\u00edch th\u01b0\u1edbc: L24 x W34 x H14 cm<\/p>\n<\/li>\n<li data-start=\"1215\" data-end=\"1251\">\n<p data-start=\"1217\" data-end=\"1251\">Ch\u1ea5t li\u1ec7u: Polyester cao c\u1ea5p<\/p>\n<\/li>\n<\/ul>","protected":false},"excerpt":{"rendered":"<p>TaylorMade TM24 Truelight Shoe Case l\u00e0 m\u1eabu t\u00fai \u0111\u1ef1ng gi\u00e0y golf ch\u00ednh h\u00e3ng \u0111\u01b0\u1ee3c thi\u1ebft k\u1ebf theo phong c\u00e1ch basic \u2013 hi\u1ec7n \u0111\u1ea1i \u2013 nh\u1eb9 nh\u00e0ng, gi\u00fap golfer d\u1ec5 d\u00e0ng mang theo gi\u00e0y golf trong m\u1ecdi chuy\u1ebfn \u0111i s\u00e2n. S\u1ea3n ph\u1ea9m thu\u1ed9c d\u00f2ng Truelight \u2013 n\u1ed5i b\u1eadt v\u1edbi \u01b0u \u0111i\u1ec3m si\u00eau nh\u1eb9, b\u1ec1n ch\u1eafc, ti\u1ec7n [&hellip;]<\/p>","protected":false},"featured_media":17967,"comment_status":"open","ping_status":"closed","template":"","meta":{"_acf_changed":false,"site-sidebar-layout":"default","site-content-layout":"","ast-site-content-layout":"default","site-content-style":"default","site-sidebar-style":"default","ast-global-header-display":"","ast-banner-title-visibility":"","ast-main-header-display":"","ast-hfb-above-header-display":"","ast-hfb-below-header-display":"","ast-hfb-mobile-header-display":"","site-post-title":"","ast-breadcrumbs-content":"","ast-featured-img":"","footer-sml-layout":"","theme-transparent-header-meta":"default","adv-header-id-meta":"","stick-header-meta":"default","header-above-stick-meta":"","header-main-stick-meta":"","header-below-stick-meta":"","astra-migrate-meta-layouts":"set","ast-page-background-enabled":"default","ast-page-background-meta":{"desktop":{"background-color":"","background-image":"","background-repeat":"repeat","background-position":"center center","background-size":"auto","background-attachment":"scroll","background-type":"","background-media":"","overlay-type":"","overlay-color":"","overlay-opacity":"","overlay-gradient":""},"tablet":{"background-color":"","background-image":"","background-repeat":"repeat","background-position":"center center","background-size":"auto","background-attachment":"scroll","background-type":"","background-media":"","overlay-type":"","overlay-color":"","overlay-opacity":"","overlay-gradient":""},"mobile":{"background-color":"","background-image":"","background-repeat":"repeat","background-position":"center center","background-size":"auto","background-attachment":"scroll","background-type":"","background-media":"","overlay-type":"","overlay-color":"","overlay-opacity":"","overlay-gradient":""}},"ast-content-background-meta":{"desktop":{"background-color":"var(--ast-global-color-5)","background-image":"","background-repeat":"repeat","background-position":"center center","background-size":"auto","background-attachment":"scroll","background-type":"","background-media":"","overlay-type":"","overlay-color":"","overlay-opacity":"","overlay-gradient":""},"tablet":{"background-color":"var(--ast-global-color-5)","background-image":"","background-repeat":"repeat","background-position":"center center","background-size":"auto","background-attachment":"scroll","background-type":"","background-media":"","overlay-type":"","overlay-color":"","overlay-opacity":"","overlay-gradient":""},"mobile":{"background-color":"var(--ast-global-color-5)","background-image":"","background-repeat":"repeat","background-position":"center center","background-size":"auto","background-attachment":"scroll","background-type":"","background-media":"","overlay-type":"","overlay-color":"","overlay-opacity":"","overlay-gradient":""}}},"product_brand":[],"product_cat":[91,274],"product_tag":[],"class_list":{"0":"post-17966","1":"product","2":"type-product","3":"status-publish","4":"has-post-thumbnail","6":"product_cat-phu-kien","7":"product_cat-phu-kien-khac","8":"desktop-align-center","9":"tablet-align-center","10":"mobile-align-center","11":"ast-product-gallery-layout-first-image-large","12":"ast-product-single-variable","13":"ast-product-tabs-layout-distributed","15":"first","16":"instock","17":"shipping-taxable","18":"purchasable","19":"product-type-variable"},"acf":[],"_links":{"self":[{"href":"https:\/\/taylormade-golf.vn\/en\/wp-json\/wp\/v2\/product\/17966","targetHints":{"allow":["GET"]}}],"collection":[{"href":"https:\/\/taylormade-golf.vn\/en\/wp-json\/wp\/v2\/product"}],"about":[{"href":"https:\/\/taylormade-golf.vn\/en\/wp-json\/wp\/v2\/types\/product"}],"replies":[{"embeddable":true,"href":"https:\/\/taylormade-golf.vn\/en\/wp-json\/wp\/v2\/comments?post=17966"}],"wp:featuredmedia":[{"embeddable":true,"href":"https:\/\/taylormade-golf.vn\/en\/wp-json\/wp\/v2\/media\/17967"}],"wp:attachment":[{"href":"https:\/\/taylormade-golf.vn\/en\/wp-json\/wp\/v2\/media?parent=17966"}],"wp:term":[{"taxonomy":"product_brand","embeddable":true,"href":"https:\/\/taylormade-golf.vn\/en\/wp-json\/wp\/v2\/product_brand?post=17966"},{"taxonomy":"product_cat","embeddable":true,"href":"https:\/\/taylormade-golf.vn\/en\/wp-json\/wp\/v2\/product_cat?post=17966"},{"taxonomy":"product_tag","embeddable":true,"href":"https:\/\/taylormade-golf.vn\/en\/wp-json\/wp\/v2\/product_tag?post=17966"}],"curies":[{"name":"wp","href":"https:\/\/api.w.org\/{rel}","templated":true}]}}