{"id":17953,"date":"2025-10-02T13:20:43","date_gmt":"2025-10-02T06:20:43","guid":{"rendered":"https:\/\/taylormade-golf.vn\/?post_type=product&#038;p=17953"},"modified":"2025-10-02T13:22:37","modified_gmt":"2025-10-02T06:22:37","slug":"tui-du-lich-true-light","status":"publish","type":"product","link":"https:\/\/taylormade-golf.vn\/en\/product\/tui-du-lich-true-light\/","title":{"rendered":"T\u00fai B\u1ecdc G\u1eady Golf Travel Cover True Light"},"content":{"rendered":"<p data-start=\"0\" data-end=\"242\">D\u00f2ng basic authentic n\u00e0y \u0111\u01b0\u1ee3c thi\u1ebft k\u1ebf nh\u1eb9 v\u00e0 d\u1ec5 d\u00e0ng mang theo. S\u1ea3n ph\u1ea9m c\u00f3 nhi\u1ec1u logo TaylorMade kh\u00e1c nhau v\u00e0 l\u00e0 l\u1ef1a ch\u1ecdn bao du l\u1ecbch ti\u1ebft ki\u1ec7m, t\u00edch h\u1ee3p \u0111\u1ea7y \u0111\u1ee7 c\u00e1c t\u00ednh n\u0103ng c\u1ea7n thi\u1ebft nh\u01b0 d\u00e2y \u0111ai c\u1ed1 \u0111\u1ecbnh v\u00e0 c\u1eeda s\u1ed5 \u0111\u1ec3 g\u1eafn nh\u00e3n v\u1eadn chuy\u1ec3n.<\/p>\n<p data-start=\"244\" data-end=\"301\" data-is-last-node=\"\" data-is-only-node=\"\">K\u00edch th\u01b0\u1edbc: R\u1ed9ng 71 \u00d7 Cao 136 cm<br data-start=\"276\" data-end=\"279\" \/>Material: Polyester<\/p>","protected":false},"excerpt":{"rendered":"<p>D\u00f2ng basic authentic n\u00e0y \u0111\u01b0\u1ee3c thi\u1ebft k\u1ebf nh\u1eb9 v\u00e0 d\u1ec5 d\u00e0ng mang theo. S\u1ea3n ph\u1ea9m c\u00f3 nhi\u1ec1u logo TaylorMade kh\u00e1c nhau v\u00e0 l\u00e0 l\u1ef1a ch\u1ecdn bao du l\u1ecbch ti\u1ebft ki\u1ec7m, t\u00edch h\u1ee3p \u0111\u1ea7y \u0111\u1ee7 c\u00e1c t\u00ednh n\u0103ng c\u1ea7n thi\u1ebft nh\u01b0 d\u00e2y \u0111ai c\u1ed1 \u0111\u1ecbnh v\u00e0 c\u1eeda s\u1ed5 \u0111\u1ec3 g\u1eafn nh\u00e3n v\u1eadn chuy\u1ec3n. K\u00edch th\u01b0\u1edbc: R\u1ed9ng [&hellip;]<\/p>","protected":false},"featured_media":17954,"comment_status":"open","ping_status":"closed","template":"","meta":{"_acf_changed":false,"site-sidebar-layout":"default","site-content-layout":"","ast-site-content-layout":"default","site-content-style":"default","site-sidebar-style":"default","ast-global-header-display":"","ast-banner-title-visibility":"","ast-main-header-display":"","ast-hfb-above-header-display":"","ast-hfb-below-header-display":"","ast-hfb-mobile-header-display":"","site-post-title":"","ast-breadcrumbs-content":"","ast-featured-img":"","footer-sml-layout":"","theme-transparent-header-meta":"default","adv-header-id-meta":"","stick-header-meta":"default","header-above-stick-meta":"","header-main-stick-meta":"","header-below-stick-meta":"","astra-migrate-meta-layouts":"set","ast-page-background-enabled":"default","ast-page-background-meta":{"desktop":{"background-color":"","background-image":"","background-repeat":"repeat","background-position":"center center","background-size":"auto","background-attachment":"scroll","background-type":"","background-media":"","overlay-type":"","overlay-color":"","overlay-opacity":"","overlay-gradient":""},"tablet":{"background-color":"","background-image":"","background-repeat":"repeat","background-position":"center center","background-size":"auto","background-attachment":"scroll","background-type":"","background-media":"","overlay-type":"","overlay-color":"","overlay-opacity":"","overlay-gradient":""},"mobile":{"background-color":"","background-image":"","background-repeat":"repeat","background-position":"center center","background-size":"auto","background-attachment":"scroll","background-type":"","background-media":"","overlay-type":"","overlay-color":"","overlay-opacity":"","overlay-gradient":""}},"ast-content-background-meta":{"desktop":{"background-color":"var(--ast-global-color-5)","background-image":"","background-repeat":"repeat","background-position":"center center","background-size":"auto","background-attachment":"scroll","background-type":"","background-media":"","overlay-type":"","overlay-color":"","overlay-opacity":"","overlay-gradient":""},"tablet":{"background-color":"var(--ast-global-color-5)","background-image":"","background-repeat":"repeat","background-position":"center center","background-size":"auto","background-attachment":"scroll","background-type":"","background-media":"","overlay-type":"","overlay-color":"","overlay-opacity":"","overlay-gradient":""},"mobile":{"background-color":"var(--ast-global-color-5)","background-image":"","background-repeat":"repeat","background-position":"center center","background-size":"auto","background-attachment":"scroll","background-type":"","background-media":"","overlay-type":"","overlay-color":"","overlay-opacity":"","overlay-gradient":""}}},"product_brand":[],"product_cat":[91,274],"product_tag":[],"class_list":{"0":"post-17953","1":"product","2":"type-product","3":"status-publish","4":"has-post-thumbnail","6":"product_cat-phu-kien","7":"product_cat-phu-kien-khac","8":"desktop-align-center","9":"tablet-align-center","10":"mobile-align-center","11":"ast-product-gallery-layout-first-image-large","12":"ast-product-single-variable","13":"ast-product-tabs-layout-distributed","15":"first","16":"instock","17":"shipping-taxable","18":"purchasable","19":"product-type-variable"},"acf":[],"_links":{"self":[{"href":"https:\/\/taylormade-golf.vn\/en\/wp-json\/wp\/v2\/product\/17953","targetHints":{"allow":["GET"]}}],"collection":[{"href":"https:\/\/taylormade-golf.vn\/en\/wp-json\/wp\/v2\/product"}],"about":[{"href":"https:\/\/taylormade-golf.vn\/en\/wp-json\/wp\/v2\/types\/product"}],"replies":[{"embeddable":true,"href":"https:\/\/taylormade-golf.vn\/en\/wp-json\/wp\/v2\/comments?post=17953"}],"wp:featuredmedia":[{"embeddable":true,"href":"https:\/\/taylormade-golf.vn\/en\/wp-json\/wp\/v2\/media\/17954"}],"wp:attachment":[{"href":"https:\/\/taylormade-golf.vn\/en\/wp-json\/wp\/v2\/media?parent=17953"}],"wp:term":[{"taxonomy":"product_brand","embeddable":true,"href":"https:\/\/taylormade-golf.vn\/en\/wp-json\/wp\/v2\/product_brand?post=17953"},{"taxonomy":"product_cat","embeddable":true,"href":"https:\/\/taylormade-golf.vn\/en\/wp-json\/wp\/v2\/product_cat?post=17953"},{"taxonomy":"product_tag","embeddable":true,"href":"https:\/\/taylormade-golf.vn\/en\/wp-json\/wp\/v2\/product_tag?post=17953"}],"curies":[{"name":"wp","href":"https:\/\/api.w.org\/{rel}","templated":true}]}}