{"id":17836,"date":"2025-09-16T09:28:58","date_gmt":"2025-09-16T02:28:58","guid":{"rendered":"https:\/\/taylormade-golf.vn\/?post_type=product&#038;p=17836"},"modified":"2025-09-16T09:30:22","modified_gmt":"2025-09-16T02:30:22","slug":"gay-golf-rescue-gloire-lady","status":"publish","type":"product","link":"https:\/\/taylormade-golf.vn\/en\/product\/gay-golf-rescue-gloire-lady\/","title":{"rendered":"G\u1eady Golf Rescue GLOIRE Lady"},"content":{"rendered":"<p data-start=\"125\" data-end=\"185\"><strong data-start=\"125\" data-end=\"183\">2025 ALL NEW Gloire Rescue \u2013 D\u00e0nh ri\u00eang cho n\u1eef golfer<\/strong><\/p>\n<p data-start=\"187\" data-end=\"370\">Ra m\u1eaft d\u00e0nh cho n\u1eef golfer, <strong data-start=\"214\" data-end=\"237\">2025 ALL NEW Gloire<\/strong> mang \u0111\u1ebfn s\u1ef1 k\u1ebft h\u1ee3p tinh t\u1ebf gi\u1eefa s\u1eafc xanh mint v\u00e0 b\u1ea1c sang tr\u1ecdng, c\u00f9ng hi\u1ec7u su\u1ea5t v\u01b0\u1ee3t tr\u1ed9i nh\u1edd c\u00f4ng ngh\u1ec7 \u0111\u1ed9c quy\u1ec1n c\u1ee7a TaylorMade.<\/p>\n<ul data-start=\"372\" data-end=\"871\">\n<li data-start=\"372\" data-end=\"500\">\n<p data-start=\"374\" data-end=\"500\"><strong data-start=\"374\" data-end=\"395\">Thi\u1ebft k\u1ebf si\u00eau nh\u1eb9<\/strong>: \u0111\u1ea7u g\u1eady carbon cao c\u1ea5p, d\u1ec5 swing, \u1ed5n \u0111\u1ecbnh h\u01a1n khi v\u00e0o b\u00f3ng, t\u1ed1i \u0111a h\u00f3a t\u1ed1c \u0111\u1ed9 \u0111\u1ea7u g\u1eady v\u00e0 kho\u1ea3ng c\u00e1ch.<\/p>\n<\/li>\n<li data-start=\"501\" data-end=\"607\">\n<p data-start=\"503\" data-end=\"607\"><strong data-start=\"503\" data-end=\"527\">L\u1ef1a ch\u1ecdn loft t\u1ed1i \u01b0u<\/strong>: #4 (22\u00b0) v\u00e0 #5 (26\u00b0) , bay cao v\u00e0 xa h\u01a1n.<\/p>\n<\/li>\n<li data-start=\"725\" data-end=\"871\">\n<p data-start=\"727\" data-end=\"871\"><strong data-start=\"727\" data-end=\"752\">C\u00f4ng ngh\u1ec7 Tour-proven<\/strong>: Infinite Crown, Twist Face, Speed Pocket \u2013 mang \u0111\u1ebfn t\u1ed1c \u0111\u1ed9 b\u00f3ng cao, kho\u1ea3ng c\u00e1ch ch\u00ednh x\u00e1c v\u00e0 \u0111\u1ed9 \u1ed5n \u0111\u1ecbnh v\u01b0\u1ee3t tr\u1ed9i.<\/p>\n<\/li>\n<\/ul>\n<p data-start=\"873\" data-end=\"972\">\u2728 <strong data-start=\"875\" data-end=\"970\">ALL NEW Gloire 2025 Rescue \u2013 phong c\u00e1ch tinh t\u1ebf, hi\u1ec7u su\u1ea5t m\u1ea1nh m\u1ebd cho n\u1eef golfer hi\u1ec7n \u0111\u1ea1i.<\/strong><\/p>","protected":false},"excerpt":{"rendered":"<p>2025 ALL NEW Gloire Rescue \u2013 D\u00e0nh ri\u00eang cho n\u1eef golfer Ra m\u1eaft d\u00e0nh cho n\u1eef golfer, 2025 ALL NEW Gloire mang \u0111\u1ebfn s\u1ef1 k\u1ebft h\u1ee3p tinh t\u1ebf gi\u1eefa s\u1eafc xanh mint v\u00e0 b\u1ea1c sang tr\u1ecdng, c\u00f9ng hi\u1ec7u su\u1ea5t v\u01b0\u1ee3t tr\u1ed9i nh\u1edd c\u00f4ng ngh\u1ec7 \u0111\u1ed9c quy\u1ec1n c\u1ee7a TaylorMade. Thi\u1ebft k\u1ebf si\u00eau nh\u1eb9: \u0111\u1ea7u g\u1eady carbon [&hellip;]<\/p>","protected":false},"featured_media":17837,"comment_status":"open","ping_status":"closed","template":"","meta":{"_acf_changed":false,"site-sidebar-layout":"default","site-content-layout":"","ast-site-content-layout":"default","site-content-style":"default","site-sidebar-style":"default","ast-global-header-display":"","ast-banner-title-visibility":"","ast-main-header-display":"","ast-hfb-above-header-display":"","ast-hfb-below-header-display":"","ast-hfb-mobile-header-display":"","site-post-title":"","ast-breadcrumbs-content":"","ast-featured-img":"","footer-sml-layout":"","theme-transparent-header-meta":"default","adv-header-id-meta":"","stick-header-meta":"default","header-above-stick-meta":"","header-main-stick-meta":"","header-below-stick-meta":"","astra-migrate-meta-layouts":"set","ast-page-background-enabled":"default","ast-page-background-meta":{"desktop":{"background-color":"","background-image":"","background-repeat":"repeat","background-position":"center center","background-size":"auto","background-attachment":"scroll","background-type":"","background-media":"","overlay-type":"","overlay-color":"","overlay-opacity":"","overlay-gradient":""},"tablet":{"background-color":"","background-image":"","background-repeat":"repeat","background-position":"center center","background-size":"auto","background-attachment":"scroll","background-type":"","background-media":"","overlay-type":"","overlay-color":"","overlay-opacity":"","overlay-gradient":""},"mobile":{"background-color":"","background-image":"","background-repeat":"repeat","background-position":"center center","background-size":"auto","background-attachment":"scroll","background-type":"","background-media":"","overlay-type":"","overlay-color":"","overlay-opacity":"","overlay-gradient":""}},"ast-content-background-meta":{"desktop":{"background-color":"var(--ast-global-color-5)","background-image":"","background-repeat":"repeat","background-position":"center center","background-size":"auto","background-attachment":"scroll","background-type":"","background-media":"","overlay-type":"","overlay-color":"","overlay-opacity":"","overlay-gradient":""},"tablet":{"background-color":"var(--ast-global-color-5)","background-image":"","background-repeat":"repeat","background-position":"center center","background-size":"auto","background-attachment":"scroll","background-type":"","background-media":"","overlay-type":"","overlay-color":"","overlay-opacity":"","overlay-gradient":""},"mobile":{"background-color":"var(--ast-global-color-5)","background-image":"","background-repeat":"repeat","background-position":"center center","background-size":"auto","background-attachment":"scroll","background-type":"","background-media":"","overlay-type":"","overlay-color":"","overlay-opacity":"","overlay-gradient":""}}},"product_brand":[],"product_cat":[71,74],"product_tag":[],"class_list":{"0":"post-17836","1":"product","2":"type-product","3":"status-publish","4":"has-post-thumbnail","6":"product_cat-gay-gon","7":"product_cat-hybrid","8":"desktop-align-center","9":"tablet-align-center","10":"mobile-align-center","11":"ast-product-gallery-layout-first-image-large","12":"ast-product-single-variable","13":"ast-product-tabs-layout-distributed","15":"first","16":"instock","17":"shipping-taxable","18":"purchasable","19":"product-type-variable"},"acf":[],"_links":{"self":[{"href":"https:\/\/taylormade-golf.vn\/en\/wp-json\/wp\/v2\/product\/17836","targetHints":{"allow":["GET"]}}],"collection":[{"href":"https:\/\/taylormade-golf.vn\/en\/wp-json\/wp\/v2\/product"}],"about":[{"href":"https:\/\/taylormade-golf.vn\/en\/wp-json\/wp\/v2\/types\/product"}],"replies":[{"embeddable":true,"href":"https:\/\/taylormade-golf.vn\/en\/wp-json\/wp\/v2\/comments?post=17836"}],"wp:featuredmedia":[{"embeddable":true,"href":"https:\/\/taylormade-golf.vn\/en\/wp-json\/wp\/v2\/media\/17837"}],"wp:attachment":[{"href":"https:\/\/taylormade-golf.vn\/en\/wp-json\/wp\/v2\/media?parent=17836"}],"wp:term":[{"taxonomy":"product_brand","embeddable":true,"href":"https:\/\/taylormade-golf.vn\/en\/wp-json\/wp\/v2\/product_brand?post=17836"},{"taxonomy":"product_cat","embeddable":true,"href":"https:\/\/taylormade-golf.vn\/en\/wp-json\/wp\/v2\/product_cat?post=17836"},{"taxonomy":"product_tag","embeddable":true,"href":"https:\/\/taylormade-golf.vn\/en\/wp-json\/wp\/v2\/product_tag?post=17836"}],"curies":[{"name":"wp","href":"https:\/\/api.w.org\/{rel}","templated":true}]}}