{"id":17805,"date":"2025-09-15T10:29:11","date_gmt":"2025-09-15T03:29:11","guid":{"rendered":"https:\/\/taylormade-golf.vn\/?post_type=product&#038;p=17805"},"modified":"2025-09-15T13:44:50","modified_gmt":"2025-09-15T06:44:50","slug":"bo-gay-sat-gloire-irons","status":"publish","type":"product","link":"https:\/\/taylormade-golf.vn\/en\/product\/bo-gay-sat-gloire-irons\/","title":{"rendered":"B\u1ed9 G\u1eady S\u1eaft GLOIRE Irons"},"content":{"rendered":"<p data-start=\"104\" data-end=\"179\"><strong data-start=\"104\" data-end=\"177\">2025 ALL NEW Gloire \u2013 Phong c\u00e1ch &amp; Hi\u1ec7u su\u1ea5t d\u00e0nh ri\u00eang cho n\u1eef golfer<\/strong><\/p>\n<p data-start=\"181\" data-end=\"398\">B\u1ed9 g\u1eady s\u1eaft Gloire 2025 \u0111\u01b0\u1ee3c thi\u1ebft k\u1ebf d\u00e0nh ri\u00eang cho n\u1eef golfer, k\u1ebft h\u1ee3p m\u00e0u <strong data-start=\"256\" data-end=\"269\">Mint Blue<\/strong> v\u00e0 <strong data-start=\"273\" data-end=\"283\">Silver<\/strong> sang tr\u1ecdng v\u1edbi c\u00f4ng ngh\u1ec7 \u0111\u1ed9c quy\u1ec1n c\u1ee7a TaylorMade, mang l\u1ea1i c\u1ea3m gi\u00e1c \u0111\u00e1nh m\u1ec1m m\u1ea1i, \u1ed5n \u0111\u1ecbnh v\u00e0 hi\u1ec7u su\u1ea5t m\u1ea1nh m\u1ebd.<\/p>\n<ul data-start=\"400\" data-end=\"859\">\n<li data-start=\"400\" data-end=\"490\">\n<p data-start=\"402\" data-end=\"490\"><strong data-start=\"402\" data-end=\"424\">Si\u00eau nh\u1eb9, d\u1ec5 swing<\/strong>: c\u1ea5u tr\u00fac \u0111a l\u1edbp cao c\u1ea5p, t\u1ed1i \u01b0u t\u1ed1c \u0111\u1ed9 \u0111\u1ea7u g\u1eady v\u00e0 kho\u1ea3ng c\u00e1ch.<\/p>\n<\/li>\n<li data-start=\"491\" data-end=\"634\">\n<p data-start=\"493\" data-end=\"634\"><strong data-start=\"493\" data-end=\"517\">Phong c\u00e1ch &amp; \u1ed5n \u0111\u1ecbnh<\/strong>: thi\u1ebft k\u1ebf Cap Back Mint Blue &amp; Silver gi\u1ea3m rung, k\u1ebft h\u1ee3p m\u1eb7t g\u1eady r\u00e8n 4140 cho c\u1ea3m gi\u00e1c m\u1ec1m m\u1ea1i, b\u00f3ng \u0111i nhanh h\u01a1n.<\/p>\n<\/li>\n<li data-start=\"635\" data-end=\"736\">\n<p data-start=\"637\" data-end=\"736\"><strong data-start=\"637\" data-end=\"649\">FLTD CG\u2122<\/strong>: tr\u1ecdng t\u00e2m h\u1ea1 th\u1ea5p d\u1ea7n \u2013 g\u1eady d\u00e0i d\u1ec5 launch cao, g\u1eady ng\u1eafn ki\u1ec3m so\u00e1t spin &amp; ch\u00ednh x\u00e1c.<\/p>\n<\/li>\n<li data-start=\"737\" data-end=\"859\">\n<p data-start=\"739\" data-end=\"859\"><strong data-start=\"739\" data-end=\"760\">Hi\u1ec7u su\u1ea5t \u1ed5n \u0111\u1ecbnh<\/strong>: m\u1eb7t g\u1eady Inverted Cone v\u00e0 Speed Pocket xuy\u00ean su\u1ed1t duy tr\u00ec kho\u1ea3ng c\u00e1ch ngay c\u1ea3 khi \u0111\u00e1nh l\u1ec7ch t\u00e2m.<\/p>\n<\/li>\n<\/ul>\n<p data-start=\"861\" data-end=\"954\">\u2728 <strong data-start=\"863\" data-end=\"952\">ALL NEW Gloire 2025 \u2013 t\u00f4n vinh phong c\u00e1ch, n\u00e2ng t\u1ea7m hi\u1ec7u su\u1ea5t cho n\u1eef golfer hi\u1ec7n \u0111\u1ea1i.<\/strong><\/p>","protected":false},"excerpt":{"rendered":"<p>2025 ALL NEW Gloire \u2013 Phong c\u00e1ch &amp; Hi\u1ec7u su\u1ea5t d\u00e0nh ri\u00eang cho n\u1eef golfer B\u1ed9 g\u1eady s\u1eaft Gloire 2025 \u0111\u01b0\u1ee3c thi\u1ebft k\u1ebf d\u00e0nh ri\u00eang cho n\u1eef golfer, k\u1ebft h\u1ee3p m\u00e0u Mint Blue v\u00e0 Silver sang tr\u1ecdng v\u1edbi c\u00f4ng ngh\u1ec7 \u0111\u1ed9c quy\u1ec1n c\u1ee7a TaylorMade, mang l\u1ea1i c\u1ea3m gi\u00e1c \u0111\u00e1nh m\u1ec1m m\u1ea1i, \u1ed5n \u0111\u1ecbnh v\u00e0 hi\u1ec7u [&hellip;]<\/p>","protected":false},"featured_media":17806,"comment_status":"open","ping_status":"closed","template":"","meta":{"_acf_changed":false,"site-sidebar-layout":"default","site-content-layout":"","ast-site-content-layout":"default","site-content-style":"default","site-sidebar-style":"default","ast-global-header-display":"","ast-banner-title-visibility":"","ast-main-header-display":"","ast-hfb-above-header-display":"","ast-hfb-below-header-display":"","ast-hfb-mobile-header-display":"","site-post-title":"","ast-breadcrumbs-content":"","ast-featured-img":"","footer-sml-layout":"","theme-transparent-header-meta":"default","adv-header-id-meta":"","stick-header-meta":"default","header-above-stick-meta":"","header-main-stick-meta":"","header-below-stick-meta":"","astra-migrate-meta-layouts":"set","ast-page-background-enabled":"default","ast-page-background-meta":{"desktop":{"background-color":"","background-image":"","background-repeat":"repeat","background-position":"center center","background-size":"auto","background-attachment":"scroll","background-type":"","background-media":"","overlay-type":"","overlay-color":"","overlay-opacity":"","overlay-gradient":""},"tablet":{"background-color":"","background-image":"","background-repeat":"repeat","background-position":"center center","background-size":"auto","background-attachment":"scroll","background-type":"","background-media":"","overlay-type":"","overlay-color":"","overlay-opacity":"","overlay-gradient":""},"mobile":{"background-color":"","background-image":"","background-repeat":"repeat","background-position":"center center","background-size":"auto","background-attachment":"scroll","background-type":"","background-media":"","overlay-type":"","overlay-color":"","overlay-opacity":"","overlay-gradient":""}},"ast-content-background-meta":{"desktop":{"background-color":"var(--ast-global-color-5)","background-image":"","background-repeat":"repeat","background-position":"center center","background-size":"auto","background-attachment":"scroll","background-type":"","background-media":"","overlay-type":"","overlay-color":"","overlay-opacity":"","overlay-gradient":""},"tablet":{"background-color":"var(--ast-global-color-5)","background-image":"","background-repeat":"repeat","background-position":"center center","background-size":"auto","background-attachment":"scroll","background-type":"","background-media":"","overlay-type":"","overlay-color":"","overlay-opacity":"","overlay-gradient":""},"mobile":{"background-color":"var(--ast-global-color-5)","background-image":"","background-repeat":"repeat","background-position":"center center","background-size":"auto","background-attachment":"scroll","background-type":"","background-media":"","overlay-type":"","overlay-color":"","overlay-opacity":"","overlay-gradient":""}}},"product_brand":[],"product_cat":[71,75],"product_tag":[],"class_list":{"0":"post-17805","1":"product","2":"type-product","3":"status-publish","4":"has-post-thumbnail","6":"product_cat-gay-gon","7":"product_cat-iron","8":"desktop-align-center","9":"tablet-align-center","10":"mobile-align-center","11":"ast-product-gallery-layout-first-image-large","12":"ast-product-single-variable","13":"ast-product-tabs-layout-distributed","15":"first","16":"instock","17":"shipping-taxable","18":"purchasable","19":"product-type-variable"},"acf":[],"_links":{"self":[{"href":"https:\/\/taylormade-golf.vn\/en\/wp-json\/wp\/v2\/product\/17805","targetHints":{"allow":["GET"]}}],"collection":[{"href":"https:\/\/taylormade-golf.vn\/en\/wp-json\/wp\/v2\/product"}],"about":[{"href":"https:\/\/taylormade-golf.vn\/en\/wp-json\/wp\/v2\/types\/product"}],"replies":[{"embeddable":true,"href":"https:\/\/taylormade-golf.vn\/en\/wp-json\/wp\/v2\/comments?post=17805"}],"wp:featuredmedia":[{"embeddable":true,"href":"https:\/\/taylormade-golf.vn\/en\/wp-json\/wp\/v2\/media\/17806"}],"wp:attachment":[{"href":"https:\/\/taylormade-golf.vn\/en\/wp-json\/wp\/v2\/media?parent=17805"}],"wp:term":[{"taxonomy":"product_brand","embeddable":true,"href":"https:\/\/taylormade-golf.vn\/en\/wp-json\/wp\/v2\/product_brand?post=17805"},{"taxonomy":"product_cat","embeddable":true,"href":"https:\/\/taylormade-golf.vn\/en\/wp-json\/wp\/v2\/product_cat?post=17805"},{"taxonomy":"product_tag","embeddable":true,"href":"https:\/\/taylormade-golf.vn\/en\/wp-json\/wp\/v2\/product_tag?post=17805"}],"curies":[{"name":"wp","href":"https:\/\/api.w.org\/{rel}","templated":true}]}}