{"id":17801,"date":"2025-09-15T10:18:26","date_gmt":"2025-09-15T03:18:26","guid":{"rendered":"https:\/\/taylormade-golf.vn\/?post_type=product&#038;p=17801"},"modified":"2025-09-15T10:18:27","modified_gmt":"2025-09-15T03:18:27","slug":"bo-gay-sat-p%c2%b7790-designer-series","status":"publish","type":"product","link":"https:\/\/taylormade-golf.vn\/en\/product\/bo-gay-sat-p%c2%b7790-designer-series\/","title":{"rendered":"B\u1ed9 G\u1eady S\u1eaft P\u00b7790 Designer Series"},"content":{"rendered":"<p data-start=\"116\" data-end=\"189\"><strong data-start=\"116\" data-end=\"187\">P\u00b7790 Battle Worn 2025 \u2013 Tinh ch\u1ec9nh trong ngo\u00e0i, n\u00e2ng t\u1ea7m hi\u1ec7u su\u1ea5t<\/strong><\/p>\n<p data-start=\"191\" data-end=\"397\">Th\u1ebf h\u1ec7 P\u00b7790 2025 kh\u1eb3ng \u0111\u1ecbnh v\u1ecb th\u1ebf trong ph\u00e2n kh\u00fac <strong data-start=\"243\" data-end=\"269\">Players Distance Irons<\/strong>, v\u1edbi thi\u1ebft k\u1ebf c\u1ea3i ti\u1ebfn v\u00e0 c\u00f4ng ngh\u1ec7 m\u1edbi gi\u00fap t\u0103ng t\u1ed1c \u0111\u1ed9 b\u00f3ng, m\u1edf r\u1ed9ng Sweet Spot v\u00e0 duy tr\u00ec c\u1ea3m gi\u00e1c \u0111\u00e1nh m\u01b0\u1ee3t m\u00e0 \u0111\u1eb7c tr\u01b0ng.<\/p>\n<ul data-start=\"399\" data-end=\"1072\">\n<li data-start=\"399\" data-end=\"530\">\n<p data-start=\"401\" data-end=\"530\"><strong data-start=\"401\" data-end=\"423\">Battle Worn Finish<\/strong>: ho\u00e0n thi\u1ec7n sang tr\u1ecdng, m\u1ed7i c\u00e2y g\u1eady \u0111\u01b0\u1ee3c x\u1eed l\u00fd ri\u00eang bi\u1ec7t, mang \u0111\u1ebfn phong c\u00e1ch \u0111\u1ed9c nh\u1ea5t cho t\u1eebng golfer.<\/p>\n<\/li>\n<li data-start=\"531\" data-end=\"678\">\n<p data-start=\"533\" data-end=\"678\"><strong data-start=\"533\" data-end=\"564\">T\u1ed1c \u0111\u1ed9 &amp; Sweet Spot m\u1edf r\u1ed9ng<\/strong>: m\u1eb7t g\u1eady 4340M Forged Face c\u1ee9ng h\u01a1n 20% v\u00e0 m\u1ecfng h\u01a1n, Sweet Spot l\u1edbn h\u01a1n 24% cho t\u1ed1c \u0111\u1ed9 v\u00e0 \u0111\u1ed9 \u1ed5n \u0111\u1ecbnh v\u01b0\u1ee3t tr\u1ed9i.<\/p>\n<\/li>\n<li data-start=\"679\" data-end=\"826\">\n<p data-start=\"681\" data-end=\"826\"><strong data-start=\"681\" data-end=\"718\">C\u1ea3m gi\u00e1c m\u1ec1m m\u1ea1i \u2013 SpeedFoam\u2122 Air<\/strong>: l\u00f5i SpeedFoam\u2122 Air k\u1ebft h\u1ee3p thi\u1ebft k\u1ebf forged cho ph\u1ea3n h\u1ed3i r\u00f5 r\u00e0ng v\u00e0 c\u1ea3m gi\u00e1c ki\u1ec3m so\u00e1t trong m\u1ecdi c\u00fa \u0111\u00e1nh.<\/p>\n<\/li>\n<li data-start=\"827\" data-end=\"953\">\n<p data-start=\"829\" data-end=\"953\"><strong data-start=\"829\" data-end=\"841\">FLTD CG\u2122<\/strong>: t\u1ed1i \u01b0u tr\u1ecdng t\u00e2m theo t\u1eebng s\u1ed1 g\u1eady \u2013 long irons d\u1ec5 launch cao, short irons nhi\u1ec1u spin, d\u1eebng nhanh tr\u00ean green.<\/p>\n<\/li>\n<li data-start=\"954\" data-end=\"1072\">\n<p data-start=\"956\" data-end=\"1072\"><strong data-start=\"956\" data-end=\"979\">Thi\u1ebft k\u1ebf chu\u1ea9n Tour<\/strong>: topline m\u1ecfng h\u01a1n, leading edge tinh ch\u1ec9nh, sang tr\u1ecdng v\u00e0 hi\u1ec7u su\u1ea5t cao tr\u00ean m\u1ecdi \u0111\u1ecba h\u00ecnh.<\/p>\n<\/li>\n<\/ul>\n<p data-start=\"1074\" data-end=\"1177\">\u2728 <strong data-start=\"1076\" data-end=\"1175\">P\u00b7790 Battle Worn \u2013 k\u1ebft h\u1ee3p gi\u1eefa hi\u1ec7u su\u1ea5t v\u01b0\u1ee3t tr\u1ed9i, c\u1ea3m gi\u00e1c m\u01b0\u1ee3t m\u00e0 v\u00e0 phong c\u00e1ch kh\u00e1c bi\u1ec7t.<\/strong><\/p>","protected":false},"excerpt":{"rendered":"<p>P\u00b7790 Battle Worn 2025 \u2013 Tinh ch\u1ec9nh trong ngo\u00e0i, n\u00e2ng t\u1ea7m hi\u1ec7u su\u1ea5t Th\u1ebf h\u1ec7 P\u00b7790 2025 kh\u1eb3ng \u0111\u1ecbnh v\u1ecb th\u1ebf trong ph\u00e2n kh\u00fac Players Distance Irons, v\u1edbi thi\u1ebft k\u1ebf c\u1ea3i ti\u1ebfn v\u00e0 c\u00f4ng ngh\u1ec7 m\u1edbi gi\u00fap t\u0103ng t\u1ed1c \u0111\u1ed9 b\u00f3ng, m\u1edf r\u1ed9ng Sweet Spot v\u00e0 duy tr\u00ec c\u1ea3m gi\u00e1c \u0111\u00e1nh m\u01b0\u1ee3t m\u00e0 \u0111\u1eb7c tr\u01b0ng. [&hellip;]<\/p>","protected":false},"featured_media":17796,"comment_status":"open","ping_status":"closed","template":"","meta":{"_acf_changed":false,"site-sidebar-layout":"default","site-content-layout":"","ast-site-content-layout":"default","site-content-style":"default","site-sidebar-style":"default","ast-global-header-display":"","ast-banner-title-visibility":"","ast-main-header-display":"","ast-hfb-above-header-display":"","ast-hfb-below-header-display":"","ast-hfb-mobile-header-display":"","site-post-title":"","ast-breadcrumbs-content":"","ast-featured-img":"","footer-sml-layout":"","theme-transparent-header-meta":"default","adv-header-id-meta":"","stick-header-meta":"default","header-above-stick-meta":"","header-main-stick-meta":"","header-below-stick-meta":"","astra-migrate-meta-layouts":"set","ast-page-background-enabled":"default","ast-page-background-meta":{"desktop":{"background-color":"","background-image":"","background-repeat":"repeat","background-position":"center center","background-size":"auto","background-attachment":"scroll","background-type":"","background-media":"","overlay-type":"","overlay-color":"","overlay-opacity":"","overlay-gradient":""},"tablet":{"background-color":"","background-image":"","background-repeat":"repeat","background-position":"center center","background-size":"auto","background-attachment":"scroll","background-type":"","background-media":"","overlay-type":"","overlay-color":"","overlay-opacity":"","overlay-gradient":""},"mobile":{"background-color":"","background-image":"","background-repeat":"repeat","background-position":"center center","background-size":"auto","background-attachment":"scroll","background-type":"","background-media":"","overlay-type":"","overlay-color":"","overlay-opacity":"","overlay-gradient":""}},"ast-content-background-meta":{"desktop":{"background-color":"var(--ast-global-color-5)","background-image":"","background-repeat":"repeat","background-position":"center center","background-size":"auto","background-attachment":"scroll","background-type":"","background-media":"","overlay-type":"","overlay-color":"","overlay-opacity":"","overlay-gradient":""},"tablet":{"background-color":"var(--ast-global-color-5)","background-image":"","background-repeat":"repeat","background-position":"center center","background-size":"auto","background-attachment":"scroll","background-type":"","background-media":"","overlay-type":"","overlay-color":"","overlay-opacity":"","overlay-gradient":""},"mobile":{"background-color":"var(--ast-global-color-5)","background-image":"","background-repeat":"repeat","background-position":"center center","background-size":"auto","background-attachment":"scroll","background-type":"","background-media":"","overlay-type":"","overlay-color":"","overlay-opacity":"","overlay-gradient":""}}},"product_brand":[],"product_cat":[71,75],"product_tag":[],"class_list":{"0":"post-17801","1":"product","2":"type-product","3":"status-publish","4":"has-post-thumbnail","6":"product_cat-gay-gon","7":"product_cat-iron","8":"desktop-align-center","9":"tablet-align-center","10":"mobile-align-center","11":"ast-product-gallery-layout-first-image-large","12":"ast-product-single-variable","13":"ast-product-tabs-layout-distributed","15":"first","16":"instock","17":"shipping-taxable","18":"purchasable","19":"product-type-variable"},"acf":[],"_links":{"self":[{"href":"https:\/\/taylormade-golf.vn\/en\/wp-json\/wp\/v2\/product\/17801","targetHints":{"allow":["GET"]}}],"collection":[{"href":"https:\/\/taylormade-golf.vn\/en\/wp-json\/wp\/v2\/product"}],"about":[{"href":"https:\/\/taylormade-golf.vn\/en\/wp-json\/wp\/v2\/types\/product"}],"replies":[{"embeddable":true,"href":"https:\/\/taylormade-golf.vn\/en\/wp-json\/wp\/v2\/comments?post=17801"}],"wp:featuredmedia":[{"embeddable":true,"href":"https:\/\/taylormade-golf.vn\/en\/wp-json\/wp\/v2\/media\/17796"}],"wp:attachment":[{"href":"https:\/\/taylormade-golf.vn\/en\/wp-json\/wp\/v2\/media?parent=17801"}],"wp:term":[{"taxonomy":"product_brand","embeddable":true,"href":"https:\/\/taylormade-golf.vn\/en\/wp-json\/wp\/v2\/product_brand?post=17801"},{"taxonomy":"product_cat","embeddable":true,"href":"https:\/\/taylormade-golf.vn\/en\/wp-json\/wp\/v2\/product_cat?post=17801"},{"taxonomy":"product_tag","embeddable":true,"href":"https:\/\/taylormade-golf.vn\/en\/wp-json\/wp\/v2\/product_tag?post=17801"}],"curies":[{"name":"wp","href":"https:\/\/api.w.org\/{rel}","templated":true}]}}