{"id":17788,"date":"2025-09-15T10:04:33","date_gmt":"2025-09-15T03:04:33","guid":{"rendered":"https:\/\/taylormade-golf.vn\/?post_type=product&#038;p=17788"},"modified":"2025-09-15T10:04:33","modified_gmt":"2025-09-15T03:04:33","slug":"bo-gay-sat-p%c2%b7770-designer-series","status":"publish","type":"product","link":"https:\/\/taylormade-golf.vn\/en\/product\/bo-gay-sat-p%c2%b7770-designer-series\/","title":{"rendered":"B\u1ed9 G\u1eady S\u1eaft P\u00b7770 Designer Series"},"content":{"rendered":"<p data-start=\"107\" data-end=\"176\"><strong data-start=\"107\" data-end=\"174\">P\u00b7770\u2122 Battle Worn Irons \u2013 Proven Consistency, Bold Performance<\/strong><\/p>\n<p data-start=\"178\" data-end=\"297\">B\u1ed9 g\u1eady s\u1eaft forged cao c\u1ea5p mang \u0111\u1ebfn c\u1ea3m gi\u00e1c m\u1ec1m m\u1ea1i, ph\u1ea3n h\u1ed3i ch\u00ednh x\u00e1c v\u00e0 hi\u1ec7u su\u1ea5t \u1ed5n \u0111\u1ecbnh t\u1eeb g\u1eady d\u00e0i \u0111\u1ebfn g\u1eady ng\u1eafn.<\/p>\n<ul data-start=\"299\" data-end=\"803\">\n<li data-start=\"299\" data-end=\"450\">\n<p data-start=\"301\" data-end=\"450\"><strong data-start=\"301\" data-end=\"323\">Battle Worn Finish<\/strong>: l\u1edbp ho\u00e0n thi\u1ec7n \u0111\u1ed9c \u0111\u00e1o, m\u1ed7i c\u00e2y g\u1eady \u0111\u01b0\u1ee3c x\u1eed l\u00fd ri\u00eang bi\u1ec7t \u2013 kh\u00f4ng c\u00f3 g\u1eady n\u00e0o gi\u1ed1ng nhau, t\u1ea1o n\u00ean v\u1ebb \u0111\u1eb9p m\u1ea1nh m\u1ebd v\u00e0 c\u00e1 t\u00ednh.<\/p>\n<\/li>\n<li data-start=\"451\" data-end=\"581\">\n<p data-start=\"453\" data-end=\"581\"><strong data-start=\"453\" data-end=\"474\">Solid Forged Feel<\/strong>: th\u00e2n g\u1eady forged nguy\u00ean kh\u1ed1i, k\u1ebft h\u1ee3p tungsten weight tinh ch\u1ec9nh gi\u00fap forgiving h\u01a1n so v\u1edbi th\u1ebf h\u1ec7 tr\u01b0\u1edbc.<\/p>\n<\/li>\n<li data-start=\"582\" data-end=\"687\">\n<p data-start=\"584\" data-end=\"687\"><strong data-start=\"584\" data-end=\"604\">Optimized Flight<\/strong>: g\u1eady d\u00e0i d\u1ec5 launch cao; g\u1eady ng\u1eafn ki\u1ec3m so\u00e1t spin t\u1ed1t, b\u00f3ng d\u1eebng nhanh tr\u00ean green.<\/p>\n<\/li>\n<li data-start=\"688\" data-end=\"803\">\n<p data-start=\"690\" data-end=\"803\"><strong data-start=\"690\" data-end=\"709\">Refined Shaping<\/strong>: topline m\u1ecfng, head nh\u1ecf g\u1ecdn chu\u1ea9n Tour, mang l\u1ea1i s\u1ef1 t\u1ef1 tin tuy\u1ec7t \u0111\u1ed1i khi t\u1ea5n c\u00f4ng th\u1eb3ng c\u1edd.<\/p>\n<\/li>\n<\/ul>\n<p data-start=\"805\" data-end=\"891\">\u2728 <strong data-start=\"807\" data-end=\"889\">P\u00b7770 Battle Worn \u2013 s\u1ef1 k\u1ebft h\u1ee3p gi\u1eefa hi\u1ec7u su\u1ea5t \u1ed5n \u0111\u1ecbnh v\u00e0 phong c\u00e1ch kh\u00e1c bi\u1ec7t.<\/strong><\/p>","protected":false},"excerpt":{"rendered":"<p>P\u00b7770\u2122 Battle Worn Irons \u2013 Proven Consistency, Bold Performance B\u1ed9 g\u1eady s\u1eaft forged cao c\u1ea5p mang \u0111\u1ebfn c\u1ea3m gi\u00e1c m\u1ec1m m\u1ea1i, ph\u1ea3n h\u1ed3i ch\u00ednh x\u00e1c v\u00e0 hi\u1ec7u su\u1ea5t \u1ed5n \u0111\u1ecbnh t\u1eeb g\u1eady d\u00e0i \u0111\u1ebfn g\u1eady ng\u1eafn. Battle Worn Finish: l\u1edbp ho\u00e0n thi\u1ec7n \u0111\u1ed9c \u0111\u00e1o, m\u1ed7i c\u00e2y g\u1eady \u0111\u01b0\u1ee3c x\u1eed l\u00fd ri\u00eang bi\u1ec7t \u2013 kh\u00f4ng c\u00f3 [&hellip;]<\/p>","protected":false},"featured_media":17790,"comment_status":"open","ping_status":"closed","template":"","meta":{"_acf_changed":false,"site-sidebar-layout":"default","site-content-layout":"","ast-site-content-layout":"default","site-content-style":"default","site-sidebar-style":"default","ast-global-header-display":"","ast-banner-title-visibility":"","ast-main-header-display":"","ast-hfb-above-header-display":"","ast-hfb-below-header-display":"","ast-hfb-mobile-header-display":"","site-post-title":"","ast-breadcrumbs-content":"","ast-featured-img":"","footer-sml-layout":"","theme-transparent-header-meta":"default","adv-header-id-meta":"","stick-header-meta":"default","header-above-stick-meta":"","header-main-stick-meta":"","header-below-stick-meta":"","astra-migrate-meta-layouts":"set","ast-page-background-enabled":"default","ast-page-background-meta":{"desktop":{"background-color":"","background-image":"","background-repeat":"repeat","background-position":"center center","background-size":"auto","background-attachment":"scroll","background-type":"","background-media":"","overlay-type":"","overlay-color":"","overlay-opacity":"","overlay-gradient":""},"tablet":{"background-color":"","background-image":"","background-repeat":"repeat","background-position":"center center","background-size":"auto","background-attachment":"scroll","background-type":"","background-media":"","overlay-type":"","overlay-color":"","overlay-opacity":"","overlay-gradient":""},"mobile":{"background-color":"","background-image":"","background-repeat":"repeat","background-position":"center center","background-size":"auto","background-attachment":"scroll","background-type":"","background-media":"","overlay-type":"","overlay-color":"","overlay-opacity":"","overlay-gradient":""}},"ast-content-background-meta":{"desktop":{"background-color":"var(--ast-global-color-5)","background-image":"","background-repeat":"repeat","background-position":"center center","background-size":"auto","background-attachment":"scroll","background-type":"","background-media":"","overlay-type":"","overlay-color":"","overlay-opacity":"","overlay-gradient":""},"tablet":{"background-color":"var(--ast-global-color-5)","background-image":"","background-repeat":"repeat","background-position":"center center","background-size":"auto","background-attachment":"scroll","background-type":"","background-media":"","overlay-type":"","overlay-color":"","overlay-opacity":"","overlay-gradient":""},"mobile":{"background-color":"var(--ast-global-color-5)","background-image":"","background-repeat":"repeat","background-position":"center center","background-size":"auto","background-attachment":"scroll","background-type":"","background-media":"","overlay-type":"","overlay-color":"","overlay-opacity":"","overlay-gradient":""}}},"product_brand":[],"product_cat":[71,75],"product_tag":[],"class_list":{"0":"post-17788","1":"product","2":"type-product","3":"status-publish","4":"has-post-thumbnail","6":"product_cat-gay-gon","7":"product_cat-iron","8":"desktop-align-center","9":"tablet-align-center","10":"mobile-align-center","11":"ast-product-gallery-layout-first-image-large","12":"ast-product-single-variable","13":"ast-product-tabs-layout-distributed","15":"first","16":"instock","17":"shipping-taxable","18":"purchasable","19":"product-type-variable"},"acf":[],"_links":{"self":[{"href":"https:\/\/taylormade-golf.vn\/en\/wp-json\/wp\/v2\/product\/17788","targetHints":{"allow":["GET"]}}],"collection":[{"href":"https:\/\/taylormade-golf.vn\/en\/wp-json\/wp\/v2\/product"}],"about":[{"href":"https:\/\/taylormade-golf.vn\/en\/wp-json\/wp\/v2\/types\/product"}],"replies":[{"embeddable":true,"href":"https:\/\/taylormade-golf.vn\/en\/wp-json\/wp\/v2\/comments?post=17788"}],"wp:featuredmedia":[{"embeddable":true,"href":"https:\/\/taylormade-golf.vn\/en\/wp-json\/wp\/v2\/media\/17790"}],"wp:attachment":[{"href":"https:\/\/taylormade-golf.vn\/en\/wp-json\/wp\/v2\/media?parent=17788"}],"wp:term":[{"taxonomy":"product_brand","embeddable":true,"href":"https:\/\/taylormade-golf.vn\/en\/wp-json\/wp\/v2\/product_brand?post=17788"},{"taxonomy":"product_cat","embeddable":true,"href":"https:\/\/taylormade-golf.vn\/en\/wp-json\/wp\/v2\/product_cat?post=17788"},{"taxonomy":"product_tag","embeddable":true,"href":"https:\/\/taylormade-golf.vn\/en\/wp-json\/wp\/v2\/product_tag?post=17788"}],"curies":[{"name":"wp","href":"https:\/\/api.w.org\/{rel}","templated":true}]}}