{"id":17779,"date":"2025-09-15T09:52:56","date_gmt":"2025-09-15T02:52:56","guid":{"rendered":"https:\/\/taylormade-golf.vn\/?post_type=product&#038;p=17779"},"modified":"2025-09-15T09:52:57","modified_gmt":"2025-09-15T02:52:57","slug":"gay-driver-gloire-2025-nu","status":"publish","type":"product","link":"https:\/\/taylormade-golf.vn\/en\/product\/gay-driver-gloire-2025-nu\/","title":{"rendered":"G\u1eady Driver Gloire 2025 N\u1eef"},"content":{"rendered":"<p data-start=\"109\" data-end=\"325\"><strong data-start=\"109\" data-end=\"159\">2025 ALL NEW Gloire \u2013 Hi\u1ec7u su\u1ea5t \u0111\u1ea7y phong c\u00e1ch<\/strong><br data-start=\"159\" data-end=\"162\" \/>D\u00e0nh ri\u00eang cho n\u1eef golfer, b\u1ed9 s\u01b0u t\u1eadp Gloire 2025 k\u1ebft h\u1ee3p tinh t\u1ebf s\u1eafc <strong data-start=\"231\" data-end=\"245\">Minty Blue<\/strong> c\u00f9ng b\u1ea1c sang tr\u1ecdng, mang \u0111\u1ebfn s\u1ef1 t\u1ef1 tin v\u00e0 hi\u1ec7u su\u1ea5t v\u01b0\u1ee3t tr\u1ed9i tr\u00ean s\u00e2n golf.<\/p>\n<ul data-start=\"327\" data-end=\"778\">\n<li data-start=\"327\" data-end=\"418\">\n<p data-start=\"329\" data-end=\"418\"><strong data-start=\"329\" data-end=\"350\">Thi\u1ebft k\u1ebf si\u00eau nh\u1eb9<\/strong>: \u0111\u1ea7u g\u1eady carbon cao c\u1ea5p, d\u1ec5 swing, \u1ed5n \u0111\u1ecbnh v\u00e0 t\u1ed1i \u01b0u kho\u1ea3ng c\u00e1ch.<\/p>\n<\/li>\n<li data-start=\"419\" data-end=\"541\">\n<p data-start=\"421\" data-end=\"541\"><strong data-start=\"421\" data-end=\"451\">Carbon Twist Face th\u1ebf h\u1ec7 3<\/strong>: m\u1eb7t g\u1eady 60 l\u1edbp carbon nh\u1eb9 h\u01a1n titanium, duy tr\u00ec t\u1ed1c \u0111\u1ed9 b\u00f3ng ngay c\u1ea3 khi \u0111\u00e1nh l\u1ec7ch t\u00e2m.<\/p>\n<\/li>\n<li data-start=\"542\" data-end=\"675\">\n<p data-start=\"544\" data-end=\"675\"><strong data-start=\"544\" data-end=\"567\">Th\u1ea9m m\u1ef9 &amp; c\u00f4ng ngh\u1ec7<\/strong>: m\u1eb7t g\u1eady Minty Blue n\u1ed5i b\u1eadt, t\u00edch h\u1ee3p Infinity Carbon Crown, Carbon Sole, Asymmetric Sole v\u00e0 Carbon Ring.<\/p>\n<\/li>\n<li data-start=\"676\" data-end=\"778\">\n<p data-start=\"678\" data-end=\"778\"><strong data-start=\"678\" data-end=\"700\">Thi\u1ebft k\u1ebf High Draw<\/strong>: tr\u1ecdng t\u00e2m t\u1ed1i \u01b0u gi\u00fap t\u1ea1o c\u00fa draw d\u1ec5 d\u00e0ng, t\u0103ng kho\u1ea3ng c\u00e1ch v\u00e0 \u0111\u1ed9 \u1ed5n \u0111\u1ecbnh.<\/p>\n<\/li>\n<\/ul>\n<p data-start=\"780\" data-end=\"879\">\u2728 <strong data-start=\"782\" data-end=\"877\">Gloire 2025 \u2013 S\u1ef1 k\u1ebft h\u1ee3p ho\u00e0n h\u1ea3o gi\u1eefa hi\u1ec7u su\u1ea5t v\u00e0 phong c\u00e1ch d\u00e0nh cho n\u1eef golfer hi\u1ec7n \u0111\u1ea1i.<\/strong><\/p>\n<p data-start=\"109\" data-end=\"325\"><strong data-start=\"109\" data-end=\"159\">2025 ALL NEW Gloire \u2013 Hi\u1ec7u su\u1ea5t \u0111\u1ea7y phong c\u00e1ch<\/strong><br data-start=\"159\" data-end=\"162\" \/>D\u00e0nh ri\u00eang cho n\u1eef golfer, b\u1ed9 s\u01b0u t\u1eadp Gloire 2025 k\u1ebft h\u1ee3p tinh t\u1ebf s\u1eafc <strong data-start=\"231\" data-end=\"245\">Minty Blue<\/strong> c\u00f9ng b\u1ea1c sang tr\u1ecdng, mang \u0111\u1ebfn s\u1ef1 t\u1ef1 tin v\u00e0 hi\u1ec7u su\u1ea5t v\u01b0\u1ee3t tr\u1ed9i tr\u00ean s\u00e2n golf.<\/p>\n<ul data-start=\"327\" data-end=\"778\">\n<li data-start=\"327\" data-end=\"418\">\n<p data-start=\"329\" data-end=\"418\"><strong data-start=\"329\" data-end=\"350\">Thi\u1ebft k\u1ebf si\u00eau nh\u1eb9<\/strong>: \u0111\u1ea7u g\u1eady carbon cao c\u1ea5p, d\u1ec5 swing, \u1ed5n \u0111\u1ecbnh v\u00e0 t\u1ed1i \u01b0u kho\u1ea3ng c\u00e1ch.<\/p>\n<\/li>\n<li data-start=\"419\" data-end=\"541\">\n<p data-start=\"421\" data-end=\"541\"><strong data-start=\"421\" data-end=\"451\">Carbon Twist Face th\u1ebf h\u1ec7 3<\/strong>: m\u1eb7t g\u1eady 60 l\u1edbp carbon nh\u1eb9 h\u01a1n titanium, duy tr\u00ec t\u1ed1c \u0111\u1ed9 b\u00f3ng ngay c\u1ea3 khi \u0111\u00e1nh l\u1ec7ch t\u00e2m.<\/p>\n<\/li>\n<li data-start=\"542\" data-end=\"675\">\n<p data-start=\"544\" data-end=\"675\"><strong data-start=\"544\" data-end=\"567\">Th\u1ea9m m\u1ef9 &amp; c\u00f4ng ngh\u1ec7<\/strong>: m\u1eb7t g\u1eady Minty Blue n\u1ed5i b\u1eadt, t\u00edch h\u1ee3p Infinity Carbon Crown, Carbon Sole, Asymmetric Sole v\u00e0 Carbon Ring.<\/p>\n<\/li>\n<li data-start=\"676\" data-end=\"778\">\n<p data-start=\"678\" data-end=\"778\"><strong data-start=\"678\" data-end=\"700\">Thi\u1ebft k\u1ebf High Draw<\/strong>: tr\u1ecdng t\u00e2m t\u1ed1i \u01b0u gi\u00fap t\u1ea1o c\u00fa draw d\u1ec5 d\u00e0ng, t\u0103ng kho\u1ea3ng c\u00e1ch v\u00e0 \u0111\u1ed9 \u1ed5n \u0111\u1ecbnh.<\/p>\n<\/li>\n<\/ul>\n<p data-start=\"780\" data-end=\"879\">\u2728 <strong data-start=\"782\" data-end=\"877\">Gloire 2025 \u2013 S\u1ef1 k\u1ebft h\u1ee3p ho\u00e0n h\u1ea3o gi\u1eefa hi\u1ec7u su\u1ea5t v\u00e0 phong c\u00e1ch d\u00e0nh cho n\u1eef golfer hi\u1ec7n \u0111\u1ea1i.<\/strong><\/p>","protected":false},"excerpt":{"rendered":"<p>2025 ALL NEW Gloire \u2013 Hi\u1ec7u su\u1ea5t \u0111\u1ea7y phong c\u00e1chD\u00e0nh ri\u00eang cho n\u1eef golfer, b\u1ed9 s\u01b0u t\u1eadp Gloire 2025 k\u1ebft h\u1ee3p tinh t\u1ebf s\u1eafc Minty Blue c\u00f9ng b\u1ea1c sang tr\u1ecdng, mang \u0111\u1ebfn s\u1ef1 t\u1ef1 tin v\u00e0 hi\u1ec7u su\u1ea5t v\u01b0\u1ee3t tr\u1ed9i tr\u00ean s\u00e2n golf. Thi\u1ebft k\u1ebf si\u00eau nh\u1eb9: \u0111\u1ea7u g\u1eady carbon cao c\u1ea5p, d\u1ec5 swing, \u1ed5n [&hellip;]<\/p>","protected":false},"featured_media":17780,"comment_status":"open","ping_status":"closed","template":"","meta":{"_acf_changed":false,"site-sidebar-layout":"default","site-content-layout":"","ast-site-content-layout":"default","site-content-style":"default","site-sidebar-style":"default","ast-global-header-display":"","ast-banner-title-visibility":"","ast-main-header-display":"","ast-hfb-above-header-display":"","ast-hfb-below-header-display":"","ast-hfb-mobile-header-display":"","site-post-title":"","ast-breadcrumbs-content":"","ast-featured-img":"","footer-sml-layout":"","theme-transparent-header-meta":"default","adv-header-id-meta":"","stick-header-meta":"default","header-above-stick-meta":"","header-main-stick-meta":"","header-below-stick-meta":"","astra-migrate-meta-layouts":"set","ast-page-background-enabled":"default","ast-page-background-meta":{"desktop":{"background-color":"","background-image":"","background-repeat":"repeat","background-position":"center center","background-size":"auto","background-attachment":"scroll","background-type":"","background-media":"","overlay-type":"","overlay-color":"","overlay-opacity":"","overlay-gradient":""},"tablet":{"background-color":"","background-image":"","background-repeat":"repeat","background-position":"center center","background-size":"auto","background-attachment":"scroll","background-type":"","background-media":"","overlay-type":"","overlay-color":"","overlay-opacity":"","overlay-gradient":""},"mobile":{"background-color":"","background-image":"","background-repeat":"repeat","background-position":"center center","background-size":"auto","background-attachment":"scroll","background-type":"","background-media":"","overlay-type":"","overlay-color":"","overlay-opacity":"","overlay-gradient":""}},"ast-content-background-meta":{"desktop":{"background-color":"var(--ast-global-color-5)","background-image":"","background-repeat":"repeat","background-position":"center center","background-size":"auto","background-attachment":"scroll","background-type":"","background-media":"","overlay-type":"","overlay-color":"","overlay-opacity":"","overlay-gradient":""},"tablet":{"background-color":"var(--ast-global-color-5)","background-image":"","background-repeat":"repeat","background-position":"center center","background-size":"auto","background-attachment":"scroll","background-type":"","background-media":"","overlay-type":"","overlay-color":"","overlay-opacity":"","overlay-gradient":""},"mobile":{"background-color":"var(--ast-global-color-5)","background-image":"","background-repeat":"repeat","background-position":"center center","background-size":"auto","background-attachment":"scroll","background-type":"","background-media":"","overlay-type":"","overlay-color":"","overlay-opacity":"","overlay-gradient":""}}},"product_brand":[],"product_cat":[71,72],"product_tag":[],"class_list":{"0":"post-17779","1":"product","2":"type-product","3":"status-publish","4":"has-post-thumbnail","6":"product_cat-gay-gon","7":"product_cat-driver","8":"desktop-align-center","9":"tablet-align-center","10":"mobile-align-center","11":"ast-product-gallery-layout-first-image-large","12":"ast-product-single-variable","13":"ast-product-tabs-layout-distributed","15":"first","16":"instock","17":"shipping-taxable","18":"purchasable","19":"product-type-variable"},"acf":[],"_links":{"self":[{"href":"https:\/\/taylormade-golf.vn\/en\/wp-json\/wp\/v2\/product\/17779","targetHints":{"allow":["GET"]}}],"collection":[{"href":"https:\/\/taylormade-golf.vn\/en\/wp-json\/wp\/v2\/product"}],"about":[{"href":"https:\/\/taylormade-golf.vn\/en\/wp-json\/wp\/v2\/types\/product"}],"replies":[{"embeddable":true,"href":"https:\/\/taylormade-golf.vn\/en\/wp-json\/wp\/v2\/comments?post=17779"}],"wp:featuredmedia":[{"embeddable":true,"href":"https:\/\/taylormade-golf.vn\/en\/wp-json\/wp\/v2\/media\/17780"}],"wp:attachment":[{"href":"https:\/\/taylormade-golf.vn\/en\/wp-json\/wp\/v2\/media?parent=17779"}],"wp:term":[{"taxonomy":"product_brand","embeddable":true,"href":"https:\/\/taylormade-golf.vn\/en\/wp-json\/wp\/v2\/product_brand?post=17779"},{"taxonomy":"product_cat","embeddable":true,"href":"https:\/\/taylormade-golf.vn\/en\/wp-json\/wp\/v2\/product_cat?post=17779"},{"taxonomy":"product_tag","embeddable":true,"href":"https:\/\/taylormade-golf.vn\/en\/wp-json\/wp\/v2\/product_tag?post=17779"}],"curies":[{"name":"wp","href":"https:\/\/api.w.org\/{rel}","templated":true}]}}