{"id":17748,"date":"2025-09-15T09:10:38","date_gmt":"2025-09-15T02:10:38","guid":{"rendered":"https:\/\/taylormade-golf.vn\/?post_type=product&#038;p=17748"},"modified":"2025-09-15T09:12:27","modified_gmt":"2025-09-15T02:12:27","slug":"gay-driver-qi35-designer-series-silver","status":"publish","type":"product","link":"https:\/\/taylormade-golf.vn\/en\/product\/gay-driver-qi35-designer-series-silver\/","title":{"rendered":"G\u1eady Driver Qi35 Designer Series (Silver)"},"content":{"rendered":"<h2 data-start=\"168\" data-end=\"252\"><strong data-start=\"171\" data-end=\"250\">Qi35 Designer Series \u2013 Driver Phi\u00ean B\u1ea3n Gi\u1edbi H\u1ea1n, \u0110\u00e1ng Tin C\u1eady Nh\u1ea5t C\u1ee7a B\u1ea1n<\/strong><\/h2>\n<p data-start=\"254\" data-end=\"592\">TaylorMade \u2013 th\u01b0\u01a1ng hi\u1ec7u d\u1eabn \u0111\u1ea7u k\u1ef7 nguy\u00ean \u201c10K\u201d v\u1edbi c\u00f4ng ngh\u1ec7 carbon wood \u2013 ti\u1ebfp t\u1ee5c kh\u1eb3ng \u0111\u1ecbnh v\u1ecb th\u1ebf ti\u00ean phong b\u1eb1ng vi\u1ec7c gi\u1edbi thi\u1ec7u <strong data-start=\"390\" data-end=\"414\">Qi35 Designer Series<\/strong>. \u0110\u00e2y l\u00e0 m\u1eabu driver \u0111\u01b0\u1ee3c \u0111\u1ecbnh v\u1ecb l\u00e0 c\u00e2y g\u1eady <strong data-start=\"458\" data-end=\"517\">\u0111\u00e1ng tin c\u1eady nh\u1ea5t trong l\u1ecbch s\u1eed ch\u01a1i golf c\u1ee7a ch\u00ednh b\u1ea1n<\/strong>, k\u1ebft h\u1ee3p gi\u1eefa n\u0103ng l\u1ef1c k\u1ef9 thu\u1eadt v\u01b0\u1ee3t tr\u1ed9i v\u00e0 tinh th\u1ea7n th\u1ea9m m\u1ef9 s\u00e1ng t\u1ea1o.<\/p>\n<h3 data-start=\"594\" data-end=\"638\"><strong data-start=\"598\" data-end=\"636\">B\u1ed1n y\u1ebfu t\u1ed1 hi\u1ec7u su\u1ea5t ph\u00e1t b\u00f3ng m\u1edbi<\/strong><\/h3>\n<p data-start=\"639\" data-end=\"746\">TaylorMade t\u1eadp trung t\u1ed1i \u01b0u b\u1ed1n tr\u1ee5 c\u1ed9t quan tr\u1ecdng \u0111\u1ec3 n\u00e2ng cao hi\u1ec7u su\u1ea5t cho m\u1ecdi golfer, b\u1ea5t k\u1ec3 tr\u00ecnh \u0111\u1ed9:<\/p>\n<ul data-start=\"747\" data-end=\"842\">\n<li data-start=\"747\" data-end=\"766\">\n<p data-start=\"749\" data-end=\"766\"><strong data-start=\"749\" data-end=\"764\">T\u1ed1c \u0111\u1ed9 b\u00f3ng<\/strong><\/p>\n<\/li>\n<li data-start=\"767\" data-end=\"784\">\n<p data-start=\"769\" data-end=\"784\"><strong data-start=\"769\" data-end=\"782\">G\u00f3c ph\u00f3ng<\/strong><\/p>\n<\/li>\n<li data-start=\"785\" data-end=\"801\">\n<p data-start=\"787\" data-end=\"801\"><strong data-start=\"787\" data-end=\"799\">Backspin<\/strong><\/p>\n<\/li>\n<li data-start=\"802\" data-end=\"842\">\n<p data-start=\"804\" data-end=\"842\"><strong data-start=\"804\" data-end=\"840\">\u0110\u1ed9 \u1ed5n \u0111\u1ecbnh cao h\u01a1n (forgiveness)<\/strong><\/p>\n<\/li>\n<\/ul>\n<h3 data-start=\"844\" data-end=\"890\"><strong data-start=\"848\" data-end=\"888\">Phi\u00ean b\u1ea3n gi\u1edbi h\u1ea1n \u2013 Designer Series<\/strong><\/h3>\n<p data-start=\"891\" data-end=\"1141\">Qi35 Designer Series kh\u00f4ng ch\u1ec9 l\u00e0 m\u1ed9t c\u00e2y driver, m\u00e0 c\u00f2n l\u00e0 m\u1ed9t <strong data-start=\"955\" data-end=\"978\">t\u00e1c ph\u1ea9m ngh\u1ec7 thu\u1eadt<\/strong>. \u0110\u1ea7u g\u1eady s\u1edf h\u1eefu l\u1edbp ph\u1ee7 nh\u00e1m tinh t\u1ebf v\u1edbi hai l\u1ef1a ch\u1ecdn: <strong data-start=\"1034\" data-end=\"1057\">s\u1eafc v\u00e0ng sang tr\u1ecdng<\/strong> ho\u1eb7c <strong data-start=\"1063\" data-end=\"1088\">\u00e1nh b\u1ea1ch kim \u0111\u1eb3ng c\u1ea5p<\/strong>, t\u1ea1o n\u00ean v\u1ebb \u0111\u1eb9p n\u1ed5i b\u1eadt v\u00e0 hi\u1ec7n \u0111\u1ea1i tr\u00ean s\u00e2n golf.<\/p>\n<h3 data-start=\"1143\" data-end=\"1183\"><strong data-start=\"1147\" data-end=\"1181\">G\u00f3c ph\u00f3ng t\u1ed1i \u01b0u \u2013 MOI c\u1ef1c cao<\/strong><\/h3>\n<p data-start=\"1184\" data-end=\"1525\">C\u1ea5u tr\u00fac \u0111a v\u1eadt li\u1ec7u (carbon, titanium, nh\u00f4m, tungsten) \u0111\u01b0\u1ee3c b\u1ed1 tr\u00ed khoa h\u1ecdc, h\u1ea1 th\u1ea5p CG projection \u0111\u1ec3 m\u1edf r\u1ed9ng v\u00f9ng ti\u1ebfp x\u00fac hi\u1ec7u qu\u1ea3. Nh\u1edd v\u1eady, t\u1ed1c \u0111\u1ed9 \u0111\u1ea7u b\u00f3ng v\u1eabn duy tr\u00ec ngay c\u1ea3 khi \u0111\u00e1nh l\u1ec7ch t\u00e2m, mang l\u1ea1i kho\u1ea3ng c\u00e1ch \u1ea5n t\u01b0\u1ee3ng. \u0110\u1eb7c t\u00ednh nh\u1eb9 v\u00e0 b\u1ec1n c\u1ee7a carbon wood cho ph\u00e9p \u0111\u1ea1t <strong data-start=\"1463\" data-end=\"1497\">m\u00f4 men qu\u00e1n t\u00ednh (MOI) c\u1ef1c cao<\/strong> m\u00e0 kh\u00f4ng \u0111\u00e1nh \u0111\u1ed5i t\u1ed1c \u0111\u1ed9.<\/p>\n<h3 data-start=\"1527\" data-end=\"1565\"><strong data-start=\"1531\" data-end=\"1563\">\u0110i\u1ec1u ch\u1ec9nh qu\u1ef9 \u0111\u1ea1o linh ho\u1ea1t<\/strong><\/h3>\n<p data-start=\"1566\" data-end=\"1640\">H\u1ec7 th\u1ed1ng tr\u1ecdng l\u01b0\u1ee3ng TAS (13g v\u00e0 3g) cho ph\u00e9p golfer d\u1ec5 d\u00e0ng tinh ch\u1ec9nh:<\/p>\n<ul data-start=\"1641\" data-end=\"1752\">\n<li data-start=\"1641\" data-end=\"1693\">\n<p data-start=\"1643\" data-end=\"1693\"><strong data-start=\"1643\" data-end=\"1664\">13g tr\u01b0\u1edbc, 3g sau<\/strong> \u2192 qu\u1ef9 \u0111\u1ea1o m\u1ea1nh, spin th\u1ea5p.<\/p>\n<\/li>\n<li data-start=\"1694\" data-end=\"1752\">\n<p data-start=\"1696\" data-end=\"1752\"><strong data-start=\"1696\" data-end=\"1717\">3g tr\u01b0\u1edbc, 13g sau<\/strong> \u2192 qu\u1ef9 \u0111\u1ea1o cao, t\u0103ng forgiveness.<\/p>\n<\/li>\n<\/ul>\n<h3 data-start=\"1754\" data-end=\"1803\"><strong data-start=\"1758\" data-end=\"1801\">Thi\u1ebft k\u1ebf m\u1eb7t g\u1eady carbon 60 l\u1edbp si\u00eau nh\u1eb9<\/strong><\/h3>\n<p data-start=\"1804\" data-end=\"2079\">M\u1eb7t g\u1eady carbon xo\u1eafn 60 l\u1edbp gi\u00fap t\u1ed1i \u01b0u hi\u1ec7u su\u1ea5t truy\u1ec1n n\u0103ng l\u01b0\u1ee3ng tr\u00ean di\u1ec7n r\u1ed9ng, \u0111\u1ed3ng th\u1eddi c\u1ea3i thi\u1ec7n t\u1ed1c \u0111\u1ed9 \u0111\u1ea7u b\u00f3ng. Ho\u00e0n thi\u1ec7n carbon crom m\u1edd cao c\u1ea5p khi\u1ebfn Qi35 Designer Series tuy c\u00f9ng k\u00edch th\u01b0\u1edbc v\u1edbi Qi35 MAX Driver nh\u01b0ng mang l\u1ea1i c\u1ea3m gi\u00e1c nh\u1ecf g\u1ecdn v\u00e0 d\u1ec5 c\u0103n ch\u1ec9nh h\u01a1n.<\/p>\n<h3 data-start=\"2081\" data-end=\"2122\"><strong data-start=\"2085\" data-end=\"2120\">C\u00f4ng ngh\u1ec7 k\u1ebf th\u1eeba t\u1eeb TaylorMade<\/strong><\/h3>\n<ul data-start=\"2123\" data-end=\"2355\">\n<li data-start=\"2123\" data-end=\"2181\">\n<p data-start=\"2125\" data-end=\"2181\"><strong data-start=\"2125\" data-end=\"2147\">Carbon Twist Face\u2122<\/strong>: gi\u1ea3m sai s\u1ed1 khi \u0111\u00e1nh l\u1ec7ch t\u00e2m.<\/p>\n<\/li>\n<li data-start=\"2182\" data-end=\"2266\">\n<p data-start=\"2184\" data-end=\"2266\"><strong data-start=\"2184\" data-end=\"2201\">Speed Pocket\u2122<\/strong>: h\u1ea1n ch\u1ebf suy gi\u1ea3m t\u1ed1c \u0111\u1ed9 b\u00f3ng \u1edf c\u00e1c c\u00fa \u0111\u00e1nh th\u1ea5p tr\u00ean m\u1eb7t g\u1eady.<\/p>\n<\/li>\n<li data-start=\"2267\" data-end=\"2355\">\n<p data-start=\"2269\" data-end=\"2355\"><strong data-start=\"2269\" data-end=\"2308\">Infinity Carbon Crown &amp; Carbon Sole<\/strong>: h\u1ed7 tr\u1ee3 \u0111i\u1ec1u ch\u1ec9nh loft \u00b12\u00b0 v\u00e0 n\u00e2ng cao MOI.<\/p>\n<\/li>\n<\/ul>\n<p data-start=\"2357\" data-end=\"2541\"><strong data-start=\"2357\" data-end=\"2381\">Qi35 Designer Series<\/strong> l\u00e0 s\u1ef1 k\u1ebft h\u1ee3p ho\u00e0n h\u1ea3o gi\u1eefa <strong data-start=\"2410\" data-end=\"2459\">kho\u1ea3ng c\u00e1ch \u2013 \u0111\u1ed9 \u1ed5n \u0111\u1ecbnh \u2013 kh\u1ea3 n\u0103ng t\u00f9y ch\u1ec9nh<\/strong>, mang \u0111\u1ebfn cho golfer hi\u1ec7n \u0111\u1ea1i m\u1ed9t c\u00e2y driver \u0111\u1eb3ng c\u1ea5p, v\u1eeba m\u1ea1nh m\u1ebd v\u1eeba tinh t\u1ebf.<\/p>","protected":false},"excerpt":{"rendered":"<p>Qi35 Designer Series \u2013 Driver Phi\u00ean B\u1ea3n Gi\u1edbi H\u1ea1n, \u0110\u00e1ng Tin C\u1eady Nh\u1ea5t C\u1ee7a B\u1ea1n TaylorMade \u2013 th\u01b0\u01a1ng hi\u1ec7u d\u1eabn \u0111\u1ea7u k\u1ef7 nguy\u00ean \u201c10K\u201d v\u1edbi c\u00f4ng ngh\u1ec7 carbon wood \u2013 ti\u1ebfp t\u1ee5c kh\u1eb3ng \u0111\u1ecbnh v\u1ecb th\u1ebf ti\u00ean phong b\u1eb1ng vi\u1ec7c gi\u1edbi thi\u1ec7u Qi35 Designer Series. \u0110\u00e2y l\u00e0 m\u1eabu driver \u0111\u01b0\u1ee3c \u0111\u1ecbnh v\u1ecb l\u00e0 c\u00e2y g\u1eady [&hellip;]<\/p>","protected":false},"featured_media":17724,"comment_status":"open","ping_status":"closed","template":"","meta":{"_acf_changed":false,"site-sidebar-layout":"default","site-content-layout":"","ast-site-content-layout":"default","site-content-style":"default","site-sidebar-style":"default","ast-global-header-display":"","ast-banner-title-visibility":"","ast-main-header-display":"","ast-hfb-above-header-display":"","ast-hfb-below-header-display":"","ast-hfb-mobile-header-display":"","site-post-title":"","ast-breadcrumbs-content":"","ast-featured-img":"","footer-sml-layout":"","theme-transparent-header-meta":"default","adv-header-id-meta":"","stick-header-meta":"default","header-above-stick-meta":"","header-main-stick-meta":"","header-below-stick-meta":"","astra-migrate-meta-layouts":"set","ast-page-background-enabled":"default","ast-page-background-meta":{"desktop":{"background-color":"","background-image":"","background-repeat":"repeat","background-position":"center center","background-size":"auto","background-attachment":"scroll","background-type":"","background-media":"","overlay-type":"","overlay-color":"","overlay-opacity":"","overlay-gradient":""},"tablet":{"background-color":"","background-image":"","background-repeat":"repeat","background-position":"center center","background-size":"auto","background-attachment":"scroll","background-type":"","background-media":"","overlay-type":"","overlay-color":"","overlay-opacity":"","overlay-gradient":""},"mobile":{"background-color":"","background-image":"","background-repeat":"repeat","background-position":"center center","background-size":"auto","background-attachment":"scroll","background-type":"","background-media":"","overlay-type":"","overlay-color":"","overlay-opacity":"","overlay-gradient":""}},"ast-content-background-meta":{"desktop":{"background-color":"var(--ast-global-color-5)","background-image":"","background-repeat":"repeat","background-position":"center center","background-size":"auto","background-attachment":"scroll","background-type":"","background-media":"","overlay-type":"","overlay-color":"","overlay-opacity":"","overlay-gradient":""},"tablet":{"background-color":"var(--ast-global-color-5)","background-image":"","background-repeat":"repeat","background-position":"center center","background-size":"auto","background-attachment":"scroll","background-type":"","background-media":"","overlay-type":"","overlay-color":"","overlay-opacity":"","overlay-gradient":""},"mobile":{"background-color":"var(--ast-global-color-5)","background-image":"","background-repeat":"repeat","background-position":"center center","background-size":"auto","background-attachment":"scroll","background-type":"","background-media":"","overlay-type":"","overlay-color":"","overlay-opacity":"","overlay-gradient":""}}},"product_brand":[],"product_cat":[71,72],"product_tag":[],"class_list":{"0":"post-17748","1":"product","2":"type-product","3":"status-publish","4":"has-post-thumbnail","6":"product_cat-gay-gon","7":"product_cat-driver","8":"desktop-align-center","9":"tablet-align-center","10":"mobile-align-center","11":"ast-product-gallery-layout-first-image-large","12":"ast-product-single-variable","13":"ast-product-tabs-layout-distributed","15":"first","16":"instock","17":"shipping-taxable","18":"purchasable","19":"product-type-variable"},"acf":[],"_links":{"self":[{"href":"https:\/\/taylormade-golf.vn\/en\/wp-json\/wp\/v2\/product\/17748","targetHints":{"allow":["GET"]}}],"collection":[{"href":"https:\/\/taylormade-golf.vn\/en\/wp-json\/wp\/v2\/product"}],"about":[{"href":"https:\/\/taylormade-golf.vn\/en\/wp-json\/wp\/v2\/types\/product"}],"replies":[{"embeddable":true,"href":"https:\/\/taylormade-golf.vn\/en\/wp-json\/wp\/v2\/comments?post=17748"}],"wp:featuredmedia":[{"embeddable":true,"href":"https:\/\/taylormade-golf.vn\/en\/wp-json\/wp\/v2\/media\/17724"}],"wp:attachment":[{"href":"https:\/\/taylormade-golf.vn\/en\/wp-json\/wp\/v2\/media?parent=17748"}],"wp:term":[{"taxonomy":"product_brand","embeddable":true,"href":"https:\/\/taylormade-golf.vn\/en\/wp-json\/wp\/v2\/product_brand?post=17748"},{"taxonomy":"product_cat","embeddable":true,"href":"https:\/\/taylormade-golf.vn\/en\/wp-json\/wp\/v2\/product_cat?post=17748"},{"taxonomy":"product_tag","embeddable":true,"href":"https:\/\/taylormade-golf.vn\/en\/wp-json\/wp\/v2\/product_tag?post=17748"}],"curies":[{"name":"wp","href":"https:\/\/api.w.org\/{rel}","templated":true}]}}