{"id":17710,"date":"2025-09-12T13:41:05","date_gmt":"2025-09-12T06:41:05","guid":{"rendered":"https:\/\/taylormade-golf.vn\/?post_type=product&#038;p=17710"},"modified":"2025-09-12T13:56:55","modified_gmt":"2025-09-12T06:56:55","slug":"gay-driver-qi35-max-designer-series-silver","status":"publish","type":"product","link":"https:\/\/taylormade-golf.vn\/en\/product\/gay-driver-qi35-max-designer-series-silver\/","title":{"rendered":"G\u1eady Driver Qi35 Max Designer Series (Silver)"},"content":{"rendered":"<h2 data-start=\"163\" data-end=\"230\"><strong data-start=\"166\" data-end=\"228\">Qi35 MAX \u2013 Driver \u0110\u00e1ng Tin C\u1eady Nh\u1ea5t<\/strong><\/h2>\n<p data-start=\"232\" data-end=\"531\">TaylorMade \u2013 th\u01b0\u01a1ng hi\u1ec7u \u0111\u00e3 d\u1eabn \u0111\u1ea7u k\u1ef7 nguy\u00ean \u201c10K\u201d v\u1edbi c\u00f4ng ngh\u1ec7 <strong data-start=\"298\" data-end=\"313\">Carbon Wood<\/strong> \u2013 ti\u1ebfp t\u1ee5c th\u00e1ch th\u1ee9c gi\u1edbi h\u1ea1n v\u1ec1 kho\u1ea3ng c\u00e1ch v\u00e0 \u0111\u1ed9 d\u1ec5 \u0111\u00e1nh b\u1eb1ng n\u0103ng l\u1ef1c k\u1ef9 thu\u1eadt v\u00e0 tinh th\u1ea7n \u0111\u1ed5i m\u1edbi kh\u00f4ng ng\u1eebng. K\u1ebft qu\u1ea3 l\u00e0 s\u1ef1 ra \u0111\u1eddi c\u1ee7a <strong data-start=\"456\" data-end=\"528\">c\u00e2y driver \u0111\u00e1ng tin c\u1eady nh\u1ea5t trong l\u1ecbch s\u1eed ch\u01a1i golf c\u00e1 nh\u00e2n c\u1ee7a b\u1ea1n<\/strong>.<\/p>\n<h3 data-start=\"533\" data-end=\"577\"><strong data-start=\"537\" data-end=\"575\">B\u1ed1n y\u1ebfu t\u1ed1 hi\u1ec7u su\u1ea5t ph\u00e1t b\u00f3ng m\u1edbi<\/strong><\/h3>\n<p data-start=\"578\" data-end=\"631\">TaylorMade t\u1eadp trung t\u1ed1i \u01b0u b\u1ed1n tr\u1ee5 c\u1ed9t quan tr\u1ecdng:<\/p>\n<ul data-start=\"632\" data-end=\"727\">\n<li data-start=\"632\" data-end=\"651\">\n<p data-start=\"634\" data-end=\"651\"><strong data-start=\"634\" data-end=\"649\">T\u1ed1c \u0111\u1ed9 b\u00f3ng<\/strong><\/p>\n<\/li>\n<li data-start=\"652\" data-end=\"669\">\n<p data-start=\"654\" data-end=\"669\"><strong data-start=\"654\" data-end=\"667\">G\u00f3c ph\u00f3ng<\/strong><\/p>\n<\/li>\n<li data-start=\"670\" data-end=\"686\">\n<p data-start=\"672\" data-end=\"686\"><strong data-start=\"672\" data-end=\"684\">Backspin<\/strong><\/p>\n<\/li>\n<li data-start=\"687\" data-end=\"727\">\n<p data-start=\"689\" data-end=\"727\"><strong data-start=\"689\" data-end=\"725\">\u0110\u1ed9 \u1ed5n \u0111\u1ecbnh cao h\u01a1n (forgiveness)<\/strong><\/p>\n<\/li>\n<\/ul>\n<p data-start=\"729\" data-end=\"814\">Nh\u1eefng y\u1ebfu t\u1ed1 n\u00e0y gi\u00fap gi\u1ea3i ph\u00f3ng to\u00e0n b\u1ed9 ti\u1ec1m n\u0103ng c\u1ee7a m\u1ecdi golfer, b\u1ea5t k\u1ec3 tr\u00ecnh \u0111\u1ed9.<\/p>\n<h3 data-start=\"816\" data-end=\"859\"><strong data-start=\"820\" data-end=\"857\">Qi35 MAX \u2013 \u201cD\u1ec5 \u0111\u00e1nh\u201d c\u00f9ng MOI 10K<\/strong><\/h3>\n<p data-start=\"860\" data-end=\"1083\">Phi\u00ean b\u1ea3n <strong data-start=\"870\" data-end=\"882\">Qi35 MAX<\/strong> mang \u0111\u1ebfn kh\u1ea3 n\u0103ng h\u1ea1n ch\u1ebf l\u1ed7i \u0111\u00e1nh l\u1ec7ch v\u00e0 cho \u0111\u01b0\u1eddng b\u00f3ng th\u1eb3ng h\u01a1n, \u0111\u1ed3ng th\u1eddi duy tr\u00ec <strong data-start=\"970\" data-end=\"1004\">m\u00f4 men qu\u00e1n t\u00ednh (MOI) \u0111\u1ea1t 10K<\/strong> \u2013 m\u1ee9c cao nh\u1ea5t trong l\u1ecbch s\u1eed driver TaylorMade (<em data-start=\"1053\" data-end=\"1079\">ch\u1ec9 \u00e1p d\u1ee5ng cho Qi35 MAX<\/em>).<\/p>\n<ul data-start=\"1084\" data-end=\"1451\">\n<li data-start=\"1084\" data-end=\"1227\">\n<p data-start=\"1086\" data-end=\"1227\"><strong data-start=\"1086\" data-end=\"1126\">Kh\u1ed1i t\u1ea1o qu\u00e1n t\u00ednh 34g b\u1eb1ng tungsten<\/strong> \u0111\u1eb7t ph\u00eda sau \u0111\u1ea7u g\u1eady gi\u00fap t\u0103ng g\u00f3c ph\u00f3ng v\u00e0 gi\u1ea3m l\u1ef1c c\u1ea3n khi downswing, c\u1ea3i thi\u1ec7n t\u1ed1c \u0111\u1ed9 \u0111\u1ea7u b\u00f3ng.<\/p>\n<\/li>\n<li data-start=\"1228\" data-end=\"1331\">\n<p data-start=\"1230\" data-end=\"1331\"><strong data-start=\"1230\" data-end=\"1260\">M\u1eb7t g\u1eady carbon xo\u1eafn 60 l\u1edbp<\/strong> si\u00eau nh\u1eb9 m\u1edf r\u1ed9ng v\u00f9ng truy\u1ec1n n\u0103ng l\u01b0\u1ee3ng, gia t\u0103ng t\u1ed1c \u0111\u1ed9 v\u00e0 \u1ed5n \u0111\u1ecbnh.<\/p>\n<\/li>\n<li data-start=\"1332\" data-end=\"1451\">\n<p data-start=\"1334\" data-end=\"1451\">Ho\u00e0n thi\u1ec7n <strong data-start=\"1345\" data-end=\"1378\">carbon crom m\u1edd (matte finish)<\/strong> t\u1eeb m\u1eb7t \u0111\u1ebfn th\u00e2n g\u1eady, t\u1ea1o c\u1ea3m gi\u00e1c g\u1ecdn g\u00e0ng, d\u1ec5 c\u0103n ch\u1ec9nh khi v\u00e0o b\u00f3ng.<\/p>\n<\/li>\n<\/ul>\n<h3 data-start=\"1453\" data-end=\"1504\"><\/h3>","protected":false},"excerpt":{"rendered":"<p>Qi35 MAX \u2013 Driver \u0110\u00e1ng Tin C\u1eady Nh\u1ea5t TaylorMade \u2013 th\u01b0\u01a1ng hi\u1ec7u \u0111\u00e3 d\u1eabn \u0111\u1ea7u k\u1ef7 nguy\u00ean \u201c10K\u201d v\u1edbi c\u00f4ng ngh\u1ec7 Carbon Wood \u2013 ti\u1ebfp t\u1ee5c th\u00e1ch th\u1ee9c gi\u1edbi h\u1ea1n v\u1ec1 kho\u1ea3ng c\u00e1ch v\u00e0 \u0111\u1ed9 d\u1ec5 \u0111\u00e1nh b\u1eb1ng n\u0103ng l\u1ef1c k\u1ef9 thu\u1eadt v\u00e0 tinh th\u1ea7n \u0111\u1ed5i m\u1edbi kh\u00f4ng ng\u1eebng. K\u1ebft qu\u1ea3 l\u00e0 s\u1ef1 ra \u0111\u1eddi [&hellip;]<\/p>","protected":false},"featured_media":17731,"comment_status":"open","ping_status":"closed","template":"","meta":{"_acf_changed":false,"site-sidebar-layout":"default","site-content-layout":"","ast-site-content-layout":"default","site-content-style":"default","site-sidebar-style":"default","ast-global-header-display":"","ast-banner-title-visibility":"","ast-main-header-display":"","ast-hfb-above-header-display":"","ast-hfb-below-header-display":"","ast-hfb-mobile-header-display":"","site-post-title":"","ast-breadcrumbs-content":"","ast-featured-img":"","footer-sml-layout":"","theme-transparent-header-meta":"default","adv-header-id-meta":"","stick-header-meta":"default","header-above-stick-meta":"","header-main-stick-meta":"","header-below-stick-meta":"","astra-migrate-meta-layouts":"set","ast-page-background-enabled":"default","ast-page-background-meta":{"desktop":{"background-color":"","background-image":"","background-repeat":"repeat","background-position":"center center","background-size":"auto","background-attachment":"scroll","background-type":"","background-media":"","overlay-type":"","overlay-color":"","overlay-opacity":"","overlay-gradient":""},"tablet":{"background-color":"","background-image":"","background-repeat":"repeat","background-position":"center center","background-size":"auto","background-attachment":"scroll","background-type":"","background-media":"","overlay-type":"","overlay-color":"","overlay-opacity":"","overlay-gradient":""},"mobile":{"background-color":"","background-image":"","background-repeat":"repeat","background-position":"center center","background-size":"auto","background-attachment":"scroll","background-type":"","background-media":"","overlay-type":"","overlay-color":"","overlay-opacity":"","overlay-gradient":""}},"ast-content-background-meta":{"desktop":{"background-color":"var(--ast-global-color-5)","background-image":"","background-repeat":"repeat","background-position":"center center","background-size":"auto","background-attachment":"scroll","background-type":"","background-media":"","overlay-type":"","overlay-color":"","overlay-opacity":"","overlay-gradient":""},"tablet":{"background-color":"var(--ast-global-color-5)","background-image":"","background-repeat":"repeat","background-position":"center center","background-size":"auto","background-attachment":"scroll","background-type":"","background-media":"","overlay-type":"","overlay-color":"","overlay-opacity":"","overlay-gradient":""},"mobile":{"background-color":"var(--ast-global-color-5)","background-image":"","background-repeat":"repeat","background-position":"center center","background-size":"auto","background-attachment":"scroll","background-type":"","background-media":"","overlay-type":"","overlay-color":"","overlay-opacity":"","overlay-gradient":""}}},"product_brand":[],"product_cat":[71,72],"product_tag":[],"class_list":{"0":"post-17710","1":"product","2":"type-product","3":"status-publish","4":"has-post-thumbnail","6":"product_cat-gay-gon","7":"product_cat-driver","8":"desktop-align-center","9":"tablet-align-center","10":"mobile-align-center","11":"ast-product-gallery-layout-first-image-large","12":"ast-product-single-variable","13":"ast-product-tabs-layout-distributed","15":"first","16":"instock","17":"shipping-taxable","18":"purchasable","19":"product-type-variable"},"acf":[],"_links":{"self":[{"href":"https:\/\/taylormade-golf.vn\/en\/wp-json\/wp\/v2\/product\/17710","targetHints":{"allow":["GET"]}}],"collection":[{"href":"https:\/\/taylormade-golf.vn\/en\/wp-json\/wp\/v2\/product"}],"about":[{"href":"https:\/\/taylormade-golf.vn\/en\/wp-json\/wp\/v2\/types\/product"}],"replies":[{"embeddable":true,"href":"https:\/\/taylormade-golf.vn\/en\/wp-json\/wp\/v2\/comments?post=17710"}],"wp:featuredmedia":[{"embeddable":true,"href":"https:\/\/taylormade-golf.vn\/en\/wp-json\/wp\/v2\/media\/17731"}],"wp:attachment":[{"href":"https:\/\/taylormade-golf.vn\/en\/wp-json\/wp\/v2\/media?parent=17710"}],"wp:term":[{"taxonomy":"product_brand","embeddable":true,"href":"https:\/\/taylormade-golf.vn\/en\/wp-json\/wp\/v2\/product_brand?post=17710"},{"taxonomy":"product_cat","embeddable":true,"href":"https:\/\/taylormade-golf.vn\/en\/wp-json\/wp\/v2\/product_cat?post=17710"},{"taxonomy":"product_tag","embeddable":true,"href":"https:\/\/taylormade-golf.vn\/en\/wp-json\/wp\/v2\/product_tag?post=17710"}],"curies":[{"name":"wp","href":"https:\/\/api.w.org\/{rel}","templated":true}]}}