{"id":17696,"date":"2025-09-12T13:32:56","date_gmt":"2025-09-12T06:32:56","guid":{"rendered":"https:\/\/taylormade-golf.vn\/?post_type=product&#038;p=17696"},"modified":"2025-09-12T13:32:58","modified_gmt":"2025-09-12T06:32:58","slug":"gay-driver-mini-driver-r7","status":"publish","type":"product","link":"https:\/\/taylormade-golf.vn\/en\/product\/gay-driver-mini-driver-r7\/","title":{"rendered":"G\u1eady Driver Mini Driver R7"},"content":{"rendered":"<h2 data-start=\"172\" data-end=\"228\"><strong data-start=\"175\" data-end=\"226\">R7 Quad Mini Driver \u2013 Huy\u1ec1n Tho\u1ea1i \u0110\u01b0\u1ee3c T\u00e1i Sinh<\/strong><\/h2>\n<p data-start=\"229\" data-end=\"594\">L\u1ea5y c\u1ea3m h\u1ee9ng t\u1eeb m\u1ed9t trong nh\u1eefng m\u1eabu g\u1eady mang t\u00ednh bi\u1ec3u t\u01b0\u1ee3ng nh\u1ea5t trong l\u1ecbch s\u1eed TaylorMade, <strong data-start=\"321\" data-end=\"344\">R7 Quad Mini Driver<\/strong> l\u00e0 s\u1ef1 tri \u00e2n qu\u00e1 kh\u1ee9 \u0111\u1ed3ng th\u1eddi kh\u1eb3ng \u0111\u1ecbnh b\u1ea3n l\u0129nh c\u00f4ng ngh\u1ec7 hi\u1ec7n \u0111\u1ea1i. Gi\u1eef nguy\u00ean tinh th\u1ea7n c\u1ee7a m\u1eabu R7 huy\u1ec1n tho\u1ea1i, g\u1eady mang \u0111\u1ebfn m\u1ed9t di\u1ec7n m\u1ea1o m\u1edbi m\u1ebb, \u0111\u00e1p \u1ee9ng nhu c\u1ea7u c\u1ee7a th\u1ebf h\u1ec7 golfer y\u00eau th\u00edch gi\u00e1 tr\u1ecb truy\u1ec1n th\u1ed1ng nh\u01b0ng v\u1eabn mu\u1ed1n hi\u1ec7u su\u1ea5t t\u1ed1i \u01b0u.<\/p>\n<h3 data-start=\"596\" data-end=\"634\"><strong data-start=\"600\" data-end=\"632\">H\u1ec7 Th\u1ed1ng T\u1ea1 T\u00f9y Ch\u1ec9nh T\u1ed1i \u0110a<\/strong><\/h3>\n<p data-start=\"635\" data-end=\"966\">R7 Quad Mini Driver s\u1edf h\u1eefu <strong data-start=\"662\" data-end=\"685\">4 t\u1ea1 di chuy\u1ec3n \u0111\u01b0\u1ee3c<\/strong> (2 vi\u00ean 13g v\u00e0 2 vi\u00ean 4g), cho ph\u00e9p t\u00f9y ch\u1ec9nh linh ho\u1ea1t theo phong c\u00e1ch ch\u01a1i v\u00e0 \u00fd \u0111\u1ed3 chi\u1ebfn thu\u1eadt. T\u1eeb qu\u1ef9 \u0111\u1ea1o bay cao \u2013 th\u1ea5p, draw \u2013 fade, cho \u0111\u1ebfn \u0111\u1ed9 xo\u00e1y mong mu\u1ed1n, h\u1ec7 th\u1ed1ng <strong data-start=\"860\" data-end=\"878\">Quad Weighting<\/strong> mang l\u1ea1i kh\u1ea3 n\u0103ng \u0111i\u1ec1u ch\u1ec9nh ch\u00ednh x\u00e1c, gi\u00fap golfer ki\u1ec3m so\u00e1t \u0111\u01b0\u1eddng b\u00f3ng theo \u00fd mu\u1ed1n.<\/p>\n<h3 data-start=\"968\" data-end=\"995\"><strong data-start=\"972\" data-end=\"993\">Di\u1ec7n M\u1ea1o Xu\u1ea5t S\u1eafc<\/strong><\/h3>\n<p data-start=\"996\" data-end=\"1281\">\u0110\u1ea7u g\u1eady \u0111\u01b0\u1ee3c ph\u1ee7 <strong data-start=\"1013\" data-end=\"1038\">Infinity Carbon Crown<\/strong> m\u1edd, t\u1ea1o n\u00ean v\u1ebb ngo\u00e0i sang tr\u1ecdng, g\u1ecdn g\u00e0ng, gi\u00fap golfer t\u1ef1 tin tuy\u1ec7t \u0111\u1ed1i khi setup. Kh\u00f4ng ch\u1ec9 \u0111\u1eb9p, crown carbon c\u00f2n t\u1ed1i \u01b0u h\u00f3a tr\u1ecdng l\u01b0\u1ee3ng, ph\u00e2n b\u1ed5 mass \u0111\u1ebfn nh\u1eefng v\u1ecb tr\u00ed chi\u1ebfn l\u01b0\u1ee3c, qua \u0111\u00f3 gia t\u0103ng hi\u1ec7u su\u1ea5t v\u00e0 \u0111\u1ed9 \u1ed5n \u0111\u1ecbnh trong t\u1eebng c\u00fa \u0111\u00e1nh.<\/p>\n<h3 data-start=\"1283\" data-end=\"1311\"><strong data-start=\"1287\" data-end=\"1309\">C\u00f4ng Ngh\u1ec7 Hi\u1ec7n \u0110\u1ea1i<\/strong><\/h3>\n<p data-start=\"1312\" data-end=\"1613\">\u0110\u01b0\u1ee3c t\u00edch h\u1ee3p c\u00e1c c\u00f4ng ngh\u1ec7 \u0111\u1eb7c tr\u01b0ng c\u1ee7a TaylorMade nh\u01b0 <strong data-start=\"1369\" data-end=\"1384\">Twist Face\u2122<\/strong> v\u00e0 <strong data-start=\"1388\" data-end=\"1405\">Speed Pocket\u2122<\/strong>, R7 Quad Mini Driver mang \u0111\u1ebfn t\u1ed1c \u0111\u1ed9 b\u00f3ng \u1ed5n \u0111\u1ecbnh v\u00e0 kh\u1ea3 n\u0103ng forgiving cao, k\u1ec3 c\u1ea3 khi \u0111\u00e1nh l\u1ec7ch t\u00e2m. D\u00f9 ph\u00e1t b\u00f3ng t\u1eeb tee hay \u0111\u00e1nh b\u00f3ng t\u1eeb fairway, golfer \u0111\u1ec1u nh\u1eadn \u0111\u01b0\u1ee3c s\u1ef1 linh ho\u1ea1t v\u00e0 hi\u1ec7u su\u1ea5t v\u01b0\u1ee3t tr\u1ed9i.<\/p>\n<h3 data-start=\"1615\" data-end=\"1675\"><strong data-start=\"1619\" data-end=\"1673\">Shaft &amp; Grip \u0110\u1ed3ng B\u1ed9 \u2013 Tinh T\u1ebf Trong T\u1eebng Chi Ti\u1ebft<\/strong><\/h3>\n<p data-start=\"1676\" data-end=\"2037\">Phi\u00ean b\u1ea3n shaft \u0111\u1ed9c quy\u1ec1n c\u1ee7a R7 Quad Mini Driver l\u1ea5y c\u1ea3m h\u1ee9ng t\u1eeb m\u1eabu <strong data-start=\"1746\" data-end=\"1769\">Diamana Silver TM55<\/strong> huy\u1ec1n tho\u1ea1i, gi\u1eef \u0111\u01b0\u1ee3c tinh th\u1ea7n nguy\u00ean b\u1ea3n nh\u01b0ng \u0111\u01b0\u1ee3c c\u1ea3i ti\u1ebfn \u0111\u1ec3 ph\u00f9 h\u1ee3p v\u1edbi golfer hi\u1ec7n \u0111\u1ea1i. K\u1ebft h\u1ee3p c\u00f9ng <strong data-start=\"1878\" data-end=\"1933\">grip TM 2025 TV360 BK\/BK 60R (47.5g, \u0111\u01b0\u1eddng k\u00ednh 60)<\/strong>, c\u00e2y g\u1eady mang \u0111\u1ebfn s\u1ef1 \u0111\u1ed3ng nh\u1ea5t t\u1eeb thi\u1ebft k\u1ebf \u0111\u1ebfn c\u1ea3m gi\u00e1c c\u1ea7m n\u1eafm, t\u1ea1o n\u00ean t\u1ed5ng th\u1ec3 cao c\u1ea5p v\u00e0 tinh t\u1ebf.<\/p>","protected":false},"excerpt":{"rendered":"<p>R7 Quad Mini Driver \u2013 Huy\u1ec1n Tho\u1ea1i \u0110\u01b0\u1ee3c T\u00e1i Sinh L\u1ea5y c\u1ea3m h\u1ee9ng t\u1eeb m\u1ed9t trong nh\u1eefng m\u1eabu g\u1eady mang t\u00ednh bi\u1ec3u t\u01b0\u1ee3ng nh\u1ea5t trong l\u1ecbch s\u1eed TaylorMade, R7 Quad Mini Driver l\u00e0 s\u1ef1 tri \u00e2n qu\u00e1 kh\u1ee9 \u0111\u1ed3ng th\u1eddi kh\u1eb3ng \u0111\u1ecbnh b\u1ea3n l\u0129nh c\u00f4ng ngh\u1ec7 hi\u1ec7n \u0111\u1ea1i. Gi\u1eef nguy\u00ean tinh th\u1ea7n c\u1ee7a m\u1eabu R7 [&hellip;]<\/p>","protected":false},"featured_media":17697,"comment_status":"open","ping_status":"closed","template":"","meta":{"_acf_changed":false,"site-sidebar-layout":"default","site-content-layout":"","ast-site-content-layout":"default","site-content-style":"default","site-sidebar-style":"default","ast-global-header-display":"","ast-banner-title-visibility":"","ast-main-header-display":"","ast-hfb-above-header-display":"","ast-hfb-below-header-display":"","ast-hfb-mobile-header-display":"","site-post-title":"","ast-breadcrumbs-content":"","ast-featured-img":"","footer-sml-layout":"","theme-transparent-header-meta":"default","adv-header-id-meta":"","stick-header-meta":"default","header-above-stick-meta":"","header-main-stick-meta":"","header-below-stick-meta":"","astra-migrate-meta-layouts":"set","ast-page-background-enabled":"default","ast-page-background-meta":{"desktop":{"background-color":"","background-image":"","background-repeat":"repeat","background-position":"center center","background-size":"auto","background-attachment":"scroll","background-type":"","background-media":"","overlay-type":"","overlay-color":"","overlay-opacity":"","overlay-gradient":""},"tablet":{"background-color":"","background-image":"","background-repeat":"repeat","background-position":"center center","background-size":"auto","background-attachment":"scroll","background-type":"","background-media":"","overlay-type":"","overlay-color":"","overlay-opacity":"","overlay-gradient":""},"mobile":{"background-color":"","background-image":"","background-repeat":"repeat","background-position":"center center","background-size":"auto","background-attachment":"scroll","background-type":"","background-media":"","overlay-type":"","overlay-color":"","overlay-opacity":"","overlay-gradient":""}},"ast-content-background-meta":{"desktop":{"background-color":"var(--ast-global-color-5)","background-image":"","background-repeat":"repeat","background-position":"center center","background-size":"auto","background-attachment":"scroll","background-type":"","background-media":"","overlay-type":"","overlay-color":"","overlay-opacity":"","overlay-gradient":""},"tablet":{"background-color":"var(--ast-global-color-5)","background-image":"","background-repeat":"repeat","background-position":"center center","background-size":"auto","background-attachment":"scroll","background-type":"","background-media":"","overlay-type":"","overlay-color":"","overlay-opacity":"","overlay-gradient":""},"mobile":{"background-color":"var(--ast-global-color-5)","background-image":"","background-repeat":"repeat","background-position":"center center","background-size":"auto","background-attachment":"scroll","background-type":"","background-media":"","overlay-type":"","overlay-color":"","overlay-opacity":"","overlay-gradient":""}}},"product_brand":[],"product_cat":[71,72],"product_tag":[],"class_list":{"0":"post-17696","1":"product","2":"type-product","3":"status-publish","4":"has-post-thumbnail","6":"product_cat-gay-gon","7":"product_cat-driver","8":"desktop-align-center","9":"tablet-align-center","10":"mobile-align-center","11":"ast-product-gallery-layout-first-image-large","12":"ast-product-single-variable","13":"ast-product-tabs-layout-distributed","15":"first","16":"instock","17":"shipping-taxable","18":"purchasable","19":"product-type-variable"},"acf":[],"_links":{"self":[{"href":"https:\/\/taylormade-golf.vn\/en\/wp-json\/wp\/v2\/product\/17696","targetHints":{"allow":["GET"]}}],"collection":[{"href":"https:\/\/taylormade-golf.vn\/en\/wp-json\/wp\/v2\/product"}],"about":[{"href":"https:\/\/taylormade-golf.vn\/en\/wp-json\/wp\/v2\/types\/product"}],"replies":[{"embeddable":true,"href":"https:\/\/taylormade-golf.vn\/en\/wp-json\/wp\/v2\/comments?post=17696"}],"wp:featuredmedia":[{"embeddable":true,"href":"https:\/\/taylormade-golf.vn\/en\/wp-json\/wp\/v2\/media\/17697"}],"wp:attachment":[{"href":"https:\/\/taylormade-golf.vn\/en\/wp-json\/wp\/v2\/media?parent=17696"}],"wp:term":[{"taxonomy":"product_brand","embeddable":true,"href":"https:\/\/taylormade-golf.vn\/en\/wp-json\/wp\/v2\/product_brand?post=17696"},{"taxonomy":"product_cat","embeddable":true,"href":"https:\/\/taylormade-golf.vn\/en\/wp-json\/wp\/v2\/product_cat?post=17696"},{"taxonomy":"product_tag","embeddable":true,"href":"https:\/\/taylormade-golf.vn\/en\/wp-json\/wp\/v2\/product_tag?post=17696"}],"curies":[{"name":"wp","href":"https:\/\/api.w.org\/{rel}","templated":true}]}}